{"id":169,"date":"2020-08-14T10:11:38","date_gmt":"2020-08-14T08:11:38","guid":{"rendered":"https:\/\/semmelweis.hu\/hta\/?page_id=169"},"modified":"2026-04-24T09:34:22","modified_gmt":"2026-04-24T07:34:22","slug":"gradualis-kepzes","status":"publish","type":"page","link":"https:\/\/semmelweis.hu\/hta\/oktatas\/gradualis-kepzes\/","title":{"rendered":"Gradu\u00e1lis k\u00e9pz\u00e9s"},"content":{"rendered":"<div class=\"keretes w-100\">\n<p><b><span style=\"font-size: 18.0pt\">Farmako\u00f6kon\u00f3mia \/ Pharmacoeconomics<\/span><\/b><\/p>\n<\/div>\n<p><i><\/i>A K\u00f6zpont 2021 tavaszi f\u00e9l\u00e9v\u00e9ben ind\u00edtotta el a Farmako\u00f6kon\u00f3mia kurzus oktat\u00e1s\u00e1t <strong>negyed\u00e9ves gy\u00f3gyszer\u00e9szhallgat\u00f3k<\/strong> sz\u00e1m\u00e1ra, amely 2022 \u0151szi f\u00e9l\u00e9v\u00e9t\u0151l <strong>szabadon v\u00e1laszthat\u00f3<\/strong> t\u00e1rgyk\u00e9nt az <strong>orvostanhallgat\u00f3k<\/strong> sz\u00e1m\u00e1ra is felvehet\u0151.<\/p>\n<p>Az el\u0151ad\u00e1sok <strong>magyar<\/strong> \u00e9s <strong>angol<\/strong> nyelven is zajlanak.<\/p>\n<p><strong>OKTAT\u00c1S C\u00c9LJA:<\/strong><\/p>\n<p style=\"text-align: justify\">A tant\u00e1rgy c\u00e9lja a l\u00e1t\u00f3k\u00f6r sz\u00e9les\u00edt\u00e9se; \u00f6sszhangban a nemzetk\u00f6zi oktat\u00e1si gyakorlattal, alapvet\u0151 eg\u00e9szs\u00e9g- \u00e9s gy\u00f3gyszergazdas\u00e1gtani ismeretek gyakorlatorient\u00e1lt \u00e1tad\u00e1sa a hallgat\u00f3k sz\u00e1m\u00e1ra, annak \u00e9rdek\u00e9ben, hogy k\u00e9pesek legyenek az eg\u00e9szs\u00e9g\u00fcgyi technol\u00f3gi\u00e1k \u00e1r-\u00e9rt\u00e9k ar\u00e1ny\u00e1nak meghat\u00e1roz\u00e1s\u00e1ra, \u00e9rtelmez\u00e9s\u00e9re \u00e9s a gy\u00f3gyszer\u00e1rk\u00e9pz\u00e9s illetve \u00e1rt\u00e1mogat\u00e1s alapvet\u0151 \u00f6sszef\u00fcgg\u00e9seinek meg\u00e9rt\u00e9s\u00e9re.<\/p>\n<p><strong>\u00c1LTAL\u00c1NOS ADMINISZTRAT\u00cdV INFORM\u00c1CI\u00d3K:<\/strong><\/p>\n<p><a href=\"https:\/\/itc.semmelweis.hu\/moodle\/pluginfile.php\/565375\/mod_resource\/content\/5\/0_Adminisztr\u00e1ci\u00f3_25_08_26.pdf\">https:\/\/itc.semmelweis.hu\/moodle\/pluginfile.php\/565375\/mod_resource\/content\/5\/0_Adminisztr\u00e1ci\u00f3_25_08_26.pdf<\/a><\/p>\n<p><strong>TANT\u00c1RGY TARTALMA:<\/strong><\/p>\n<p>Az eg\u00e9szs\u00e9g\u00fcgyi technol\u00f3gia\u00e9rt\u00e9kel\u00e9s (HTA) az eg\u00e9szs\u00e9g\u00fcgyi technol\u00f3gi\u00e1k, \u00edgy egyebek mellett a gy\u00f3gyszerek k\u00fcl\u00f6nb\u00f6z\u0151 (klinikai, gazdas\u00e1gi, szervezeti, etikai) aspektusokb\u00f3l t\u00f6rt\u00e9n\u0151 \u00e9rt\u00e9kel\u00e9se az eg\u00e9szs\u00e9gpolitikai d\u00f6nt\u00e9shozatal t\u00e1mogat\u00e1s\u00e1ra, orsz\u00e1gos k\u00f6zfinansz\u00edroz\u00e1si vagy int\u00e9zm\u00e9nyi szinteken egyar\u00e1nt.<\/p>\n<p><strong>A t\u00e1rgy sikeres elv\u00e9gz\u00e9se milyen kompetenci\u00e1k megszerz\u00e9s\u00e9t eredm\u00e9nyezi: <\/strong>eg\u00e9szs\u00e9ggazdas\u00e1gtani alapfogalmak, eg\u00e9szs\u00e9g\u00fcgyi technol\u00f3gia-\u00e9rt\u00e9kel\u00e9s alapjainak, eg\u00e9szs\u00e9g-gazdas\u00e1gtani elemz\u00e9sek alapelemeinek, eg\u00e9szs\u00e9gnyeres\u00e9g- \u00e9s k\u00f6lts\u00e9gek m\u00e9r\u00e9s\u00e9nek, gy\u00f3gyszer\u00e1rk\u00e9pz\u00e9s alapjainak, gy\u00f3gyszerpolitika alapjainak ismerete.<\/p>\n<table style=\"width: 92.581%\" width=\"644\">\n<tbody>\n<tr>\n<td style=\"width: 17.8019%\" width=\"99\">\n<p><strong>\u00d3ra\/Class<\/strong><\/p>\n<\/td>\n<td style=\"width: 29.257%\" width=\"194\">\n<p><strong>T\u00e9mak\u00f6r<\/strong><\/p>\n<\/td>\n<td style=\"width: 35.4489%\" width=\"236\">\n<p><strong>Topic<\/strong><\/p>\n<\/td>\n<td style=\"width: 54.9479%\" width=\"115\">\n<p><strong>Oktat\u00f3 \/ Lecturer<\/strong><\/p>\n<\/td>\n<\/tr>\n<tr>\n<td style=\"width: 17.8019%\" width=\"99\">\n<p>1. h\u00e9t\/<\/p>\n<p>Week 1<\/p>\n<p>45 min<\/p>\n<\/td>\n<td style=\"width: 29.257%\" width=\"194\">\n<p>Bevezet\u00e9s, k\u00f6vetelm\u00e9nyek<\/p>\n<p>Eg\u00e9szs\u00e9g\u00fcgyi piac, piaci kudarcok, eg\u00e9szs\u00e9g\u00fcgyi rendszer \u00f6sszevet\u0151i, eg\u00e9szs\u00e9g\u00fcgy finansz\u00edroz\u00e1sa<\/p>\n<\/td>\n<td style=\"width: 35.4489%\" width=\"236\">\n<p>Introduction, requirements<\/p>\n<p>Health care market and market failures, Elements of health care system, Financing health care<\/p>\n<\/td>\n<td style=\"width: 54.9479%\" width=\"115\">\n<p>Andr\u00e1s Inotai<\/p>\n<p>Bal\u00e1zs Babarczy<\/p>\n<\/td>\n<\/tr>\n<tr>\n<td style=\"width: 17.8019%\" width=\"99\">\n<p>3. h\u00e9t\/<\/p>\n<p>Week 3<\/p>\n<p>45 min<\/p>\n<\/td>\n<td style=\"width: 29.257%\" width=\"194\">\n<p>Farmako\u00f6kon\u00f3mia &#8211; Eg\u00e9szs\u00e9g\u00fcgyi Technol\u00f3gia \u00e9rt\u00e9kel\u00e9s, Eg\u00e9szs\u00e9g-gazdas\u00e1gtani elemz\u00e9sek klasszifik\u00e1ci\u00f3ja<\/p>\n<\/td>\n<td style=\"width: 35.4489%\" width=\"236\">\n<p>Pharmacoeconomics, Health Technology Assessment, Classification of economic evaluations<\/p>\n<\/td>\n<td style=\"width: 54.9479%\" width=\"115\">\n<p>Zolt\u00e1n Kal\u00f3<\/p>\n<\/td>\n<\/tr>\n<tr>\n<td style=\"width: 17.8019%\" width=\"99\">\n<p>5. h\u00e9t\/<\/p>\n<p>Week 5<\/p>\n<p>45 min<\/p>\n<\/td>\n<td style=\"width: 29.257%\" width=\"194\">\n<p>Eg\u00e9szs\u00e9g-gazdas\u00e1gtani elemz\u00e9s l\u00e9p\u00e9sei I &#8211; Tudom\u00e1nyos bizony\u00edt\u00e9kok szint\u00e9zise \u2013 m\u00f3dszerek \u00e9s eszk\u00f6z\u00f6k a szakdolgozatok irodalmi r\u00e9sz\u00e9hez<\/p>\n<p>Eg\u00e9szs\u00e9gnyeres\u00e9g m\u00e9r\u00e9se (\u00e9letmin\u0151s\u00e9g, hasznoss\u00e1g, \u00e9letmin\u0151s\u00e9ggel korrig\u00e1lt \u00e9let\u00e9v)<\/p>\n<\/td>\n<td style=\"width: 35.4489%\" width=\"236\">\n<p>Steps of health economic evaluation I &#8211; Evidence synthesis \u2013 methods&amp;tools for review-based thesis<\/p>\n<p>&nbsp;<\/p>\n<p>Health outcome measurement (quality of life, utility, quality adjusted life years)<\/p>\n<\/td>\n<td style=\"width: 54.9479%\" width=\"115\">\n<p>Krist\u00f3f Gy\u00f6ngy\u00f6si \u00a0<\/p>\n<p>&nbsp;<\/p>\n<p>&nbsp;<\/p>\n<p>Andr\u00e1s Inotai<\/p>\n<\/td>\n<\/tr>\n<tr>\n<td style=\"width: 17.8019%\" width=\"99\">\n<p>7. h\u00e9t\/<\/p>\n<p>Week 7<\/p>\n<p>45 min<\/p>\n<\/td>\n<td style=\"width: 29.257%\" width=\"194\">\n<p>Eg\u00e9szs\u00e9g-gazdas\u00e1gtani elemz\u00e9s l\u00e9p\u00e9sei II \u2013 K\u00f6lts\u00e9gek m\u00e9r\u00e9se, d\u00f6nt\u00e9si szab\u00e1ly (k\u00fcsz\u00f6b\u00e9rt\u00e9k, t\u00f6bbkrit\u00e9rium\u00fa d\u00f6nt\u00e9shozatal)<\/p>\n<\/td>\n<td style=\"width: 35.4489%\" width=\"236\">\n<p>Steps of health economic evaluation II \u2013 Measuring costs, decision rule (threshold, multicriteria decision analysis)<\/p>\n<\/td>\n<td style=\"width: 54.9479%\" width=\"115\">\n<p>Bal\u00e1zs Nagy<\/p>\n<\/td>\n<\/tr>\n<tr>\n<td style=\"width: 17.8019%\" width=\"99\">\n<p>9. h\u00e9t\/<\/p>\n<p>Week 9<\/p>\n<p>45 min<\/p>\n<\/td>\n<td style=\"width: 29.257%\" width=\"194\">\n<p>Eg\u00e9szs\u00e9g-gazdas\u00e1gtani modellez\u00e9s (klasszifik\u00e1ci\u00f3, felhaszn\u00e1lhat\u00f3s\u00e1g) \u2019blended learning\u2019 alkalom<\/p>\n<\/td>\n<td style=\"width: 35.4489%\" width=\"236\">\n<p>Health economic modelling (classification, applicability) blended learning class<\/p>\n<\/td>\n<td style=\"width: 54.9479%\" width=\"115\">\n<p>Bal\u00e1zs Nagy<\/p>\n<\/td>\n<\/tr>\n<tr>\n<td style=\"width: 17.8019%\" width=\"99\">\n<p>11. h\u00e9t\/<\/p>\n<p>Week 11<\/p>\n<p>45 min<\/p>\n<\/td>\n<td style=\"width: 29.257%\" width=\"194\">\n<p>Origin\u00e1lis \u00e9s generikus gy\u00f3gyszerek \u00e1rk\u00e9pz\u00e9se<\/p>\n<\/td>\n<td style=\"width: 35.4489%\" width=\"236\">\n<p>Pricing of original and generic medicines<\/p>\n<\/td>\n<td style=\"width: 54.9479%\" width=\"115\">\n<p>Andr\u00e1s Inotai<\/p>\n<\/td>\n<\/tr>\n<tr>\n<td style=\"width: 17.8019%\" width=\"99\">\n<p>13. h\u00e9t\/<\/p>\n<p>Week 13<\/p>\n<p>45 min<\/p>\n<\/td>\n<td style=\"width: 29.257%\" width=\"194\">\n<p>Gy\u00f3gyszer \u00e1rt\u00e1mogat\u00e1si rendszer, k\u00f6lts\u00e9gkontroll technik\u00e1k<\/p>\n<\/td>\n<td style=\"width: 35.4489%\" width=\"236\">\n<p>Pharmaceutical reimbursement system, cost control techniques<\/p>\n<\/td>\n<td style=\"width: 54.9479%\" width=\"115\">\n<p>Andr\u00e1s Inotai, Krist\u00f3f Gy\u00f6ngy\u00f6si<\/p>\n<\/td>\n<\/tr>\n<tr>\n<td style=\"width: 17.8019%\" width=\"99\">\n<p>Sz\u00e1monk\u00e9r\u00e9s\/ Evaluation<\/p>\n<p>14. h\u00e9t\/<\/p>\n<p>Week 14<\/p>\n<\/td>\n<td style=\"width: 29.257%\" width=\"194\">\n<p>Z\u00e1rthelyi tesztvizsga gyakorlati jegyhez<\/p>\n<\/td>\n<td style=\"width: 35.4489%\" width=\"236\">\n<p>Test type exam<\/p>\n<\/td>\n<td style=\"width: 54.9479%\" width=\"115\">\u00a0<\/td>\n<\/tr>\n<\/tbody>\n<\/table>\n<p>&nbsp;<\/p>\n<p><strong>SZ\u00c1MONK\u00c9R\u00c9SI \u00c9S \u00c9RT\u00c9KEL\u00c9SI RENDSZERE:<\/strong><\/p>\n<p><strong>\u00c9vk\u00f6zi ellen\u0151rz\u00e9s: \u2013<\/strong><\/p>\n<p><strong>Al\u00e1\u00edr\u00e1s felt\u00e9tele: <\/strong><\/p>\n<p>Az \u00f3r\u00e1kon val\u00f3 r\u00e9szv\u00e9tel aj\u00e1nlott, de nem k\u00f6telez\u0151. P\u00f3tl\u00e1s lehet\u0151s\u00e9ge: Az \u00f3ra sor\u00e1n elhangzott anyagr\u00f3l \u00e9s a vet\u00edtett diasorr\u00f3l felv\u00e9tel k\u00e9sz\u00fcl, amely a f\u00e9l\u00e9v sor\u00e1n el\u00e9rhet\u0151 a hallgat\u00f3k sz\u00e1m\u00e1ra a Moodle rendszeren kereszt\u00fcl. Az \u00f3r\u00e1kon nincs jelen\u00e9ti \u00edv. A t\u00e1voll\u00e9t igazol\u00e1sa nem sz\u00fcks\u00e9ges.<\/p>\n<p>A hallgat\u00f3k az \u00f3r\u00e1k v\u00e9g\u00e9n az adott \u00f3ra anyaga alapj\u00e1n megv\u00e1laszolhat\u00f3 teszk\u00e9rd\u00e9sek (\u00f3r\u00e1nk\u00e9nt 2-3 k\u00e9rd\u00e9s, blended learning alkalom eset\u00e9n 6) helyes megold\u00e1s\u00e1val kedvezm\u00e9nyben r\u00e9szes\u00fclnek. A kedvezm\u00e9ny m\u00e9rt\u00e9ke a f\u00e9l\u00e9v sor\u00e1n szerezhet\u0151 pontok 30%-a, amely az \u00e9vk\u00f6zi tesztk\u00e9rd\u00e9sek minimum 70%-\u00e1nak helyes megv\u00e1laszol\u00e1s\u00e1val automatikusan hozz\u00e1ad\u00f3dik az \u00e9vv\u00e9gi z\u00e1rthelyi eredm\u00e9ny\u00e9hez. A kedvezm\u00e9ny az \u00f3rai r\u00e9szv\u00e9telhez k\u00f6t\u00f6tt.<\/p>\n<p><strong>A f\u00e9l\u00e9v v\u00e9gi sz\u00e1monk\u00e9r\u00e9s m\u00f3dja:<\/strong><\/p>\n<p>gyakorlati jegy<\/p>\n<p><strong>A f\u00e9l\u00e9v v\u00e9gi sz\u00e1monk\u00e9r\u00e9s form\u00e1ja<em>:<\/em><\/strong><\/p>\n<p>Gyakorlati jegy, a f\u00e9l\u00e9v v\u00e9g\u00e9n meg\u00edrt teszt t\u00edpus\u00fa (Moodle platformon, max. 45 perc alatt kit\u00f6lthet\u0151, nagys\u00e1grendileg 40 igaz\/hamis, egyszer\u0171 v\u00e1laszt\u00e1s ill. t\u00f6bb helyes v\u00e1laszt\u00e1s t\u00edpus\u00fa tesztfeladatb\u00f3l \u00e1ll\u00f3) \u00edr\u00e1sbeli z\u00e1rthelyi dolgozat eredm\u00e9nye +\u00f3r\u00e1kon val\u00f3 r\u00e9szv\u00e9tel sor\u00e1n megszerezhet\u0151 kedvezm\u00e9ny alapj\u00e1n.<\/p>\n<p>Az el\u00e9gs\u00e9ges oszt\u00e1lyzathoz minimum 50% el\u00e9r\u00e9se sz\u00fcks\u00e9ges. A z\u00e1rthelyivel azonos feladatt\u00edpusokat tartalmaz\u00f3, de r\u00f6videbb gyakorl\u00f3 feladatsort a hallgat\u00f3kkal a f\u00e9l\u00e9v sor\u00e1n megosztjuk.<\/p>\n<p>A sz\u00e1monk\u00e9r\u00e9sek sor\u00e1n a mesters\u00e9ges intelligencia haszn\u00e1lata nem megengedett.<\/p>\n<p><strong>IRODALOM<\/strong><\/p>\n<p><strong>A tananyag elsaj\u00e1t\u00edt\u00e1s\u00e1hoz felhaszn\u00e1lhat\u00f3 jegyzetek, tank\u00f6nyvek, seg\u00e9dletek \u00e9s szakirodalom list\u00e1ja:<\/strong><\/p>\n<p>Diasorok, az \u00f3r\u00e1n k\u00e9sz\u00fclt, f\u00e9l\u00e9v sor\u00e1n visszan\u00e9zhet\u0151 felv\u00e9telek, k\u00f6telez\u0151 \u00e9s aj\u00e1nlott irodalmak list\u00e1ja, gyakorl\u00f3 vizsgafeladatsor, amelyek a teljes kurrikulumot lefedik. Valamennyi anyag a Moodle rendszeren kereszt\u00fcl el\u00e9rhet\u0151 a t\u00e1rgyat felvett hallgat\u00f3k sz\u00e1m\u00e1ra, k\u00e9theti bont\u00e1sban.<\/p>\n<p><strong>Alapvet\u0151 farmako\u00f6kon\u00f3miai \u00e9s gy\u00f3gyszerpolitikai fogalmak \u00e9vv\u00e9gi z\u00e1rthelyihez<\/strong><\/p>\n<ol>\n<li><strong> Eg\u00e9szs\u00e9g\u00fcgyi piac, eg\u00e9szs\u00e9g\u00fcgyi finansz\u00edroz\u00e1s<\/strong><\/li>\n<\/ol>\n<ul>\n<li>T\u00f6k\u00e9letes verseny<\/li>\n<li>Piaci kudarc<\/li>\n<li>Monopolhelyzet<\/li>\n<li>Inform\u00e1ci\u00f3s aszimmetria<\/li>\n<li>Tapasztalati d\u00edjszab\u00e1s<\/li>\n<li>Erk\u00f6lcsi kock\u00e1zat<\/li>\n<li>Szolg\u00e1ltat\u00f3 induk\u00e1lta kereslet<\/li>\n<li>Extern\u00e1lis hat\u00e1sok<\/li>\n<li>Forr\u00e1sfelhalmoz\u00e1s<\/li>\n<li>Forr\u00e1steremt\u00e9s<\/li>\n<li>Szolg\u00e1ltat\u00e1sok v\u00e1s\u00e1rl\u00e1sa<\/li>\n<li>Biztos\u00edt\u00e1si d\u00edj<\/li>\n<li>Eg\u00e9szs\u00e9g\u00fcgyi megtakar\u00edt\u00e1si sz\u00e1mla<\/li>\n<li>Saj\u00e1t zsebb\u0151l t\u00f6rt\u00e9n\u0151 fizet\u00e9s<\/li>\n<li>Ad\u00f3<\/li>\n<li>Szolg\u00e1ltat\u00e1sonk\u00e9nti d\u00edjt\u00e9tel\/Fee-for-service<\/li>\n<li>Fix b\u00e9rez\u00e9s<\/li>\n<li>Fejkv\u00f3ta alap\u00fa finansz\u00edroz\u00e1s<\/li>\n<\/ul>\n<ol start=\"2\">\n<li><strong> Eg\u00e9szs\u00e9g\u00fcgyi technol\u00f3gia\u00e9rt\u00e9kel\u00e9s (HTA), eg\u00e9szs\u00e9g-gazdas\u00e1gtani elemz\u00e9s<\/strong><\/li>\n<\/ol>\n<ul>\n<li>Eg\u00e9szs\u00e9g\u00fcgyi technol\u00f3gia\u00e9rt\u00e9kel\u00e9s (HTA)<\/li>\n<li>Egycsatorn\u00e1s technol\u00f3gia\u00e9rt\u00e9kel\u00e9s<\/li>\n<li>T\u00f6bbcsatorn\u00e1s technol\u00f3gia\u00e9rt\u00e9kel\u00e9s<\/li>\n<li>HTA beadv\u00e1ny<\/li>\n<li>Kritikai \u00e9rt\u00e9kel\u00e9s<\/li>\n<li>HTA iroda<\/li>\n<li>Haszon\u00e1ldozat k\u00f6lts\u00e9g<\/li>\n<li>K\u00f6lts\u00e9ghat\u00e9konys\u00e1g<\/li>\n<li>Megfizethet\u0151s\u00e9g<\/li>\n<li>Bizony\u00edt\u00e9kokon alapul\u00f3 d\u00f6nt\u00e9shozatal<\/li>\n<li>\u00c1tl\u00e1that\u00f3s\u00e1g<\/li>\n<li>Elsz\u00e1moltathat\u00f3s\u00e1g<\/li>\n<\/ul>\n<ol start=\"3\">\n<li><strong> Bizony\u00edt\u00e9kszint\u00e9zis, \u00e9letmin\u0151s\u00e9g<\/strong><\/li>\n<\/ol>\n<ul>\n<li>Beteg besz\u00e1mol\u00f3j\u00e1n alapul\u00f3 eg\u00e9szs\u00e9gkimenet<\/li>\n<li>\u00c9letmin\u0151s\u00e9g<\/li>\n<li>\u00c1ltal\u00e1nos \u00e9letmin\u0151s\u00e9g m\u00e9rce<\/li>\n<li>Specifikus \u00e9letmin\u0151s\u00e9g m\u00e9rce<\/li>\n<li>Hasznoss\u00e1g<\/li>\n<li>Direkt hasznoss\u00e1gm\u00e9r\u00e9s<\/li>\n<li>Indirekt hasznoss\u00e1gm\u00e9r\u00e9s<\/li>\n<li>Ar\u00e1nysk\u00e1la (RS)<\/li>\n<li>Id\u0151alku (TTO)<\/li>\n<li>Standard j\u00e1tszma (SG)<\/li>\n<li>EuroQoL EQ-5D<\/li>\n<li>EQ-5D index<\/li>\n<li>EQ-VAS<\/li>\n<li>Mapping<\/li>\n<li>\u00c9letmin\u0151s\u00e9ggel korrig\u00e1lt \u00e9let\u00e9v (QALY)<\/li>\n<li>Tudom\u00e1nyos bizony\u00edt\u00e9k<\/li>\n<li>Bizony\u00edt\u00e9k el\u0151\u00e1ll\u00edt\u00e1s<\/li>\n<li>Val\u00f3s \u00e9letbeli adat<\/li>\n<li>Val\u00f3s \u00e9letbeli bizony\u00edt\u00e9k<\/li>\n<li>In vivo<\/li>\n<li>In vitro<\/li>\n<li>In silico<\/li>\n<li>Randomiz\u00e1l\u00e1s<\/li>\n<li>Vak vizsg\u00e1lat<\/li>\n<li>Klinikai vizsg\u00e1lat<\/li>\n<li>Placebo<\/li>\n<li>Szisztematikus irodalmi \u00e1ttekint\u00e9s<\/li>\n<li>Meta-anal\u00edzis<\/li>\n<li>Bizony\u00edt\u00e9k szint\u00e9zis<\/li>\n<li>Kvantitat\u00edv szint\u00e9zis<\/li>\n<\/ul>\n<ol start=\"4\">\n<li><strong> K\u00f6lts\u00e9gek, d\u00f6nt\u00e9si szab\u00e1lyok<\/strong><\/li>\n<\/ol>\n<ul>\n<li>Egys\u00e9gk\u00f6lts\u00e9g<\/li>\n<li>K\u00f6lts\u00e9g-hat\u00e9konys\u00e1g elemz\u00e9s<\/li>\n<li>K\u00f6lts\u00e9g-haszon elemz\u00e9s<\/li>\n<li>K\u00f6lts\u00e9g-hasznoss\u00e1g elemz\u00e9s<\/li>\n<li>K\u00f6lts\u00e9gelemz\u00e9s<\/li>\n<li>Diszkont\u00e1l\u00e1s<\/li>\n<li>Id\u0151preferencia<\/li>\n<li>Inkrement\u00e1lis k\u00f6lts\u00e9ghat\u00e9konys\u00e1gi r\u00e1ta (ICER)<\/li>\n<li>Dominancia<\/li>\n<li>Domin\u00e1lt elj\u00e1r\u00e1s<\/li>\n<li>Fizet\u00e9si hajland\u00f3s\u00e1gi k\u00fcsz\u00f6b\u00e9rt\u00e9k<\/li>\n<li>T\u00f6bbkrit\u00e9riumos d\u00f6nt\u00e9selemz\u00e9s (MCDA)<\/li>\n<li>Finansz\u00edroz\u00f3i n\u00e9z\u0151pont<\/li>\n<li>Hat\u00e1rk\u00f6lts\u00e9g<\/li>\n<li>Fix k\u00f6lts\u00e9g<\/li>\n<li>Eg\u00e9szs\u00e9g\u00fcgyi k\u00f6lts\u00e9gek<\/li>\n<li>Mikrok\u00f6lts\u00e9gel\u00e9s<\/li>\n<\/ul>\n<ol start=\"5\">\n<li><strong> Eg\u00e9szs\u00e9g-gazdas\u00e1gtani modellez\u00e9s<\/strong><\/li>\n<\/ol>\n<ul>\n<li>D\u00f6nt\u00e9si fa modell<\/li>\n<li>Markov-modell<\/li>\n<li>Markov ciklus<\/li>\n<li>Eg\u00e9szs\u00e9g-gazdas\u00e1gtani modell<\/li>\n<li>Klinikai vizsg\u00e1latok ment\u00e9n v\u00e9gzett (Piggy-back) gazdas\u00e1gi \u00e9rt\u00e9kel\u00e9s<\/li>\n<li>Naturalisztikus gazdas\u00e1gi \u00e9rt\u00e9kel\u00e9s<\/li>\n<li>Id\u0151t\u00e1v<\/li>\n<li>\u00c1tmeneti val\u00f3sz\u00edn\u0171s\u00e9gek<\/li>\n<\/ul>\n<ol start=\"6\">\n<li><strong> Gy\u00f3gyszer\u00e1rk\u00e9pz\u00e9s<\/strong><\/li>\n<\/ol>\n<ul>\n<li>Gy\u00f3gyszerk\u00f6zkiad\u00e1sok<\/li>\n<li>Termel\u0151i \u00e1r (ex-factory)<\/li>\n<li>Nagykereskedelmi \u00e1r<\/li>\n<li>Fogyaszt\u00f3i \u00e1r<\/li>\n<li>Transzfer \u00e1r<\/li>\n<li>\u00c1FA<\/li>\n<li>Gy\u00f3gyszerfogyaszt\u00e1s volumene<\/li>\n<li>Generikus gy\u00f3gyszer<\/li>\n<li>Origin\u00e1lis gy\u00f3gyszer<\/li>\n<li>Szabadalmi v\u00e9delem<\/li>\n<li>Strat\u00e9giai \u00e1rk\u00e9pz\u00e9s<\/li>\n<li>\u00c9rt\u00e9kalap\u00fa \u00e1r<\/li>\n<li>Nemzetk\u00f6zi \u00e1rreferencia<\/li>\n<li>Hozz\u00e1adott \u00e9rt\u00e9k<\/li>\n<li>Nett\u00f3 jelen\u00e9rt\u00e9k (NPV)<\/li>\n<li>Kutat\u00e1s-fejleszt\u00e9s (K+F)<\/li>\n<li>Gy\u00f3gyszerbiztons\u00e1goss\u00e1g (farmakovigilancia)<\/li>\n<li>Kompar\u00e1tor<\/li>\n<li>P\u00e1rhuzamos kereskedelem<\/li>\n<\/ul>\n<ol start=\"7\">\n<li><strong> K\u00f6lts\u00e9gmegoszt\u00e1s, \u00e1rt\u00e1mogat\u00e1s<\/strong><\/li>\n<\/ol>\n<ul>\n<li>T\u00e1mogat\u00e1spolitika<\/li>\n<li>Gy\u00f3gyszert\u00e1mogat\u00e1s<\/li>\n<li>K\u00f6lts\u00e9gmegoszt\u00e1s<\/li>\n<li>T\u00e9r\u00edt\u00e9si d\u00edj (co-payment)<\/li>\n<li>Finansz\u00edroz\u00f3i \u00e1rt\u00e1mogat\u00e1s<\/li>\n<li>Transzparencia-direkt\u00edva<\/li>\n<li>Bioekvivalencia<\/li>\n<li>Bels\u0151 (generikus) referencia\u00e1raz\u00e1s<\/li>\n<li>Referencia-csoport<\/li>\n<li>Biohasonl\u00f3 gy\u00f3gyszer<\/li>\n<li>ATC csoport<\/li>\n<li>Helyettes\u00edthet\u0151s\u00e9g<\/li>\n<li>Sz\u0171k ter\u00e1pi\u00e1s ablak<\/li>\n<li>Farmakokinetikai param\u00e9terek<\/li>\n<li>Hat\u00f3anyag alap\u00fa gy\u00f3gyszerfel\u00edr\u00e1s<\/li>\n<li>Nemzetk\u00f6zi (k\u00fcls\u0151) referencia\u00e1raz\u00e1s<\/li>\n<\/ul>\n<p>&nbsp;<\/p>\n<p>K\u00f6telez\u0151 \u00e9s aj\u00e1nlott irodalmak list\u00e1ja:<\/p>\n<p>1 Kal\u00f3 Z, Inotai A, Nagyj\u00e1nosi L.(szerk.) (2009) Eg\u00e9szs\u00e9g-gazdas\u00e1gtani fogalomt\u00e1r I. Eg\u00e9szs\u00e9g\u00fcgyi technol\u00f3gi\u00e1k gazdas\u00e1gi elemz\u00e9se. Professional Publishing Hungary Kft, Medical Tribune Div\u00edzi\u00f3. ISBN: 978-963-87660-8-3 (meghat\u00e1rozott fogalmak)<\/p>\n<p>2 Kal\u00f3 Z, Inotai A, Lukovics M.(szerk.) (2010) Eg\u00e9szs\u00e9g-gazdas\u00e1gtani fogalomt\u00e1r II. Az eg\u00e9szs\u00e9g\u00fcgy piac\u00e1nak, finansz\u00edroz\u00e1s\u00e1nak \u00e9s beruh\u00e1z\u00e1sainak gazdas\u00e1gi elemz\u00e9se. Professional Publishing Hungary Kft, Medical Tribune Div\u00edzi\u00f3. ISBN: 978-963-87660-7-6 (meghat\u00e1rozott fogalmak)<\/p>\n<ol>\n<li>alk: T\u00f6k\u00e9letes piac, piaci kudarcok; Erk\u00f6lcsi kock\u00e1zat; \u00c1llami beavatkoz\u00e1s, Korm\u00e1nyzati kudarc; Inform\u00e1ci\u00f3s aszimmetria; Szolg\u00e1ltat\u00f3 induk\u00e1lta kereslet<\/li>\n<li>alk: K\u00f6lts\u00e9g-minimaliz\u00e1ci\u00f3; Kompar\u00e1tor; K\u00f6lts\u00e9g-hasznoss\u00e1g elemz\u00e9s<\/li>\n<li>alk: QALY; \u00c9letmin\u0151s\u00e9g; Egeszs\u00e9gnyeres\u00e9g, hat\u00e1soss\u00e1g, eredm\u00e9nyess\u00e9g; Hasznoss\u00e1g m\u00e9r\u00e9se,<\/li>\n<li>alk: K\u00f6lts\u00e9gek m\u00e9r\u00e9se,<\/li>\n<li>alk: \u2013<\/li>\n<li>alk: Kock\u00e1zatmegoszt\u00e1s; Gy\u00f3gyszerek \u00e1rk\u00e1pz\u00e9se; Ter\u00e1pia \u00e9rt\u00e9ke,<\/li>\n<li>alk: Ter\u00e1piah\u0171s\u00e9g m\u00e9r\u00e9se; Referencia\u00e1r<\/li>\n<\/ol>\n<p>3 Kal\u00f3 Z, P\u00e9ntek M: \u00c9letmin\u0151s\u00e9g m\u00e9r\u00e9se. In: Gul\u00e1csi L (szerk), Eg\u00e9szs\u00e9g-gazdas\u00e1gtan. Medicina, Budapest, 2005 (3. alk)<\/p>\n<p><strong>Tov\u00e1bbi aj\u00e1nlott irodalom:<\/strong><\/p>\n<ul>\n<li>Drummond: Methods for the Economic evaluation of the health care programmes. Oxford University Press 2005<\/li>\n<li>Gul\u00e1csi L\u00e1szl\u00f3: Eg\u00e9szs\u00e9g gazdas\u00e1gtan Medicina Kiad\u00f3 2005<\/li>\n<li>Vincze Zolt\u00e1n \u2013 Kal\u00f3 Zolt\u00e1n \u2013 Bodrogi J\u00f3zsef: Bevezet\u00e9s a farmako\u00f6kon\u00f3mi\u00e1ba, Medicina, Budapest 2001<\/li>\n<\/ul>\n<p>&nbsp;<\/p>\n<p>A teljes tant\u00e1rgyi le\u00edr\u00e1s let\u00f6lthet\u0151:<\/p>\n<p><a href=\"https:\/\/semmelweis.hu\/hta\/files\/2024\/08\/Farmakookonomia_IA_08_03.docx\">Farmako\u00f6kon\u00f3mia_T\u00e1rgyle\u00edr\u00e1s_GYTK_2024_25<\/a><\/p>\n<p><a href=\"https:\/\/semmelweis.hu\/hta\/files\/2024\/08\/296_AOK_Bev_Farmakook_HUN.pdf\">https:\/\/semmelweis.hu\/hta\/files\/2024\/08\/296_AOK_Bev_Farmakook_HUN.pdf<\/a><\/p>\n<p>&nbsp;<\/p>\n<p>&nbsp;<\/p>\n<p><strong>OKTAT\u00d3I MUNKA HALLGAT\u00d3I V\u00c9LEM\u00c9NYEZ\u00c9SE (OMHV):<\/strong><\/p>\n<div class=\"fontos_div\">\n<p><strong>2020\/21\/II:<\/strong><\/p>\n<\/div>\n<p>Az oktat\u00f3i munka hallgat\u00f3i v\u00e9lem\u00e9nyez\u00e9se let\u00f6lthet\u0151:\u00a0<br \/><a href=\"https:\/\/semmelweis.hu\/hta\/files\/2022\/01\/Bevezetes_a_farmakookonomiaba-GYETEBFOG1M.pdf\">Bevezet\u00e9s_a_farmako\u00f6kon\u00f3mi\u00e1ba-GYETEBFOG1M<\/a><\/p>\n<p>Az int\u00e9zked\u00e9si terv let\u00f6lthet\u0151:\u00a0<a href=\"https:\/\/semmelweis.hu\/hta\/files\/2021\/09\/Int%C3%A9zked%C3%A9si-terv_2021.docx\">Int\u00e9zked\u00e9si terv_2021<\/a><\/p>\n<p>&nbsp;<\/p>\n<div class=\"fontos_div lead\">\n<p><strong>2021\/22\/I:<\/strong><\/p>\n<\/div>\n<p>Az oktat\u00f3i munka hallgat\u00f3i v\u00e9lem\u00e9nyez\u00e9se let\u00f6lthet\u0151: <a href=\"https:\/\/semmelweis.hu\/hta\/files\/2022\/04\/Farmakookonomia_alapjai-GYETEFOAG1M.pdf\">\u00a0<br \/>Bevezet\u00e9s_a_farmako\u00f6kon\u00f3mi\u00e1ba-GYETEFOAG1M<\/a><\/p>\n<p>Az int\u00e9zked\u00e9si terv let\u00f6lthet\u0151: <a href=\"https:\/\/semmelweis.hu\/hta\/files\/2022\/04\/Intezkedesi-terv_2022_03_22.docx\">Int\u00e9zked\u00e9si terv_2022<\/a><\/p>\n<p>&nbsp;<\/p>\n<div class=\"fontos_div\">\n<p><strong>2022\/23\/I:<\/strong><\/p>\n<\/div>\n<p>Az oktat\u00f3i munka hallgat\u00f3i v\u00e9lem\u00e9nyez\u00e9se let\u00f6lthet\u0151:<br \/><a href=\"https:\/\/semmelweis.hu\/hta\/files\/2023\/03\/Bevezetes-a-farmakookonomiaba-GYKETE089G1M.pdf\">Bevezet\u00e9s a farmako\u00f6kon\u00f3mi\u00e1ba-GYKETE089G1M<\/a><\/p>\n<p>Az int\u00e9zked\u00e9si terv let\u00f6lthet\u0151: <a href=\"https:\/\/semmelweis.hu\/hta\/files\/2023\/03\/Intezkedesi-terv_2023.pdf\">Int\u00e9zked\u00e9si terv_2023<\/a><\/p>\n<p>&nbsp;<\/p>\n<div class=\"fontos_div\">\n<p><strong>2023\/24\/I:<\/strong><\/p>\n<\/div>\n<p>Az oktat\u00f3i munka hallgat\u00f3i v\u00e9lem\u00e9nyez\u00e9se let\u00f6lthet\u0151:<br \/><a href=\"https:\/\/semmelweis.hu\/hta\/files\/2024\/03\/Bevezetes-a-farmakookonomiaba-AOSETE985_1M.pdf\">https:\/\/semmelweis.hu\/hta\/files\/2024\/03\/Bevezetes-a-farmakookonomiaba-AOSETE985_1M.pdf<\/a><\/p>\n<p>Az int\u00e9zked\u00e9si terv let\u00f6lthet\u0151:<\/p>\n<p><a href=\"https:\/\/semmelweis.hu\/hta\/files\/2024\/03\/Intezkedesi-terv_2024_03_25.pdf\">https:\/\/semmelweis.hu\/hta\/files\/2024\/03\/Intezkedesi-terv_2024_03_25.pdf<\/a><\/p>\n<p class=\"elementtoproof\"><span style=\"color: black\">Az oktat\u00f3i munka hallgat\u00f3i v\u00e9lem\u00e9nyez\u00e9se let\u00f6lthet\u0151: <br \/><\/span><\/p>\n<p class=\"elementtoproof\"><span style=\"color: black;background: white\">A <strong>GYKETE131G1<\/strong><\/span><span style=\"color: black\"><strong>M<\/strong> OMHV felv\u00e9tele K\u00f6zpontunkon k\u00edv\u00fcl \u00e1ll\u00f3 okokb\u00f3l nem val\u00f3sult meg.<\/span><\/p>\n<p>&nbsp;<\/p>\n<div class=\"fontos_div\">\n<p><strong>2024\/25\/I:\u00a0<\/strong><\/p>\n<\/div>\n<p>Az oktat\u00f3i munka hallgat\u00f3i v\u00e9lem\u00e9nyez\u00e9se let\u00f6lthet\u0151:<\/p>\n<p><a href=\"https:\/\/semmelweis.hu\/hta\/files\/2025\/04\/Farmakookonomia_GYKETE131G1M.pdf\">https:\/\/semmelweis.hu\/hta\/files\/2025\/04\/Farmakookonomia_GYKETE131G1M.pdf<\/a><\/p>\n<p>Az int\u00e9zked\u00e9si terv let\u00f6lthet\u0151:<\/p>\n<p><a href=\"https:\/\/semmelweis.hu\/hta\/files\/2025\/04\/Intezkedesi_terv_2025_03_03.pdf\">https:\/\/semmelweis.hu\/hta\/files\/2025\/04\/Intezkedesi_terv_2025_03_03.pdf<\/a><\/p>\n<p>&nbsp;<\/p>\n<p>&nbsp;<\/p>\n<p>&nbsp;<\/p>\n<p>&nbsp;<\/p>\n<p>&nbsp;<\/p>\n","protected":false},"excerpt":{"rendered":"<p>Farmako\u00f6kon\u00f3mia \/ Pharmacoeconomics A K\u00f6zpont 2021 tavaszi f\u00e9l\u00e9v\u00e9ben ind\u00edtotta el a Farmako\u00f6kon\u00f3mia kurzus oktat\u00e1s\u00e1t negyed\u00e9ves gy\u00f3gyszer\u00e9szhallgat\u00f3k sz\u00e1m\u00e1ra, amely 2022 \u0151szi f\u00e9l\u00e9v\u00e9t\u0151l szabadon v\u00e1laszthat\u00f3 t\u00e1rgyk\u00e9nt az orvostanhallgat\u00f3k sz\u00e1m\u00e1ra is felvehet\u0151. Az el\u0151ad\u00e1sok magyar \u00e9s angol nyelven is zajlanak. OKTAT\u00c1S C\u00c9LJA: A tant\u00e1rgy c\u00e9lja a l\u00e1t\u00f3k\u00f6r sz\u00e9les\u00edt\u00e9se; \u00f6sszhangban a nemzetk\u00f6zi oktat\u00e1si gyakorlattal, alapvet\u0151 eg\u00e9szs\u00e9g- \u00e9s gy\u00f3gyszergazdas\u00e1gtani ismeretek &hellip;<\/p>\n","protected":false},"author":101743,"featured_media":0,"parent":88,"menu_order":1,"comment_status":"closed","ping_status":"closed","template":"","meta":{"_acf_changed":false,"footnotes":""},"categories":[],"tags":[],"class_list":["post-169","page","type-page","status-publish","hentry"],"acf":[],"_links":{"self":[{"href":"https:\/\/semmelweis.hu\/hta\/wp-json\/wp\/v2\/pages\/169","targetHints":{"allow":["GET"]}}],"collection":[{"href":"https:\/\/semmelweis.hu\/hta\/wp-json\/wp\/v2\/pages"}],"about":[{"href":"https:\/\/semmelweis.hu\/hta\/wp-json\/wp\/v2\/types\/page"}],"author":[{"embeddable":true,"href":"https:\/\/semmelweis.hu\/hta\/wp-json\/wp\/v2\/users\/101743"}],"replies":[{"embeddable":true,"href":"https:\/\/semmelweis.hu\/hta\/wp-json\/wp\/v2\/comments?post=169"}],"version-history":[{"count":12,"href":"https:\/\/semmelweis.hu\/hta\/wp-json\/wp\/v2\/pages\/169\/revisions"}],"predecessor-version":[{"id":1683,"href":"https:\/\/semmelweis.hu\/hta\/wp-json\/wp\/v2\/pages\/169\/revisions\/1683"}],"up":[{"embeddable":true,"href":"https:\/\/semmelweis.hu\/hta\/wp-json\/wp\/v2\/pages\/88"}],"wp:attachment":[{"href":"https:\/\/semmelweis.hu\/hta\/wp-json\/wp\/v2\/media?parent=169"}],"wp:term":[{"taxonomy":"category","embeddable":true,"href":"https:\/\/semmelweis.hu\/hta\/wp-json\/wp\/v2\/categories?post=169"},{"taxonomy":"post_tag","embeddable":true,"href":"https:\/\/semmelweis.hu\/hta\/wp-json\/wp\/v2\/tags?post=169"}],"curies":[{"name":"wp","href":"https:\/\/api.w.org\/{rel}","templated":true}]}}