{"id":158,"date":"2020-08-13T16:27:33","date_gmt":"2020-08-13T14:27:33","guid":{"rendered":"https:\/\/semmelweis.hu\/hta\/?page_id=158"},"modified":"2025-11-14T12:27:44","modified_gmt":"2025-11-14T11:27:44","slug":"publikacios-listak","status":"publish","type":"page","link":"https:\/\/semmelweis.hu\/hta\/kutatas\/publikacios-listak\/","title":{"rendered":"Publik\u00e1ci\u00f3s list\u00e1k"},"content":{"rendered":"<table style=\"border-collapse: collapse;width: 100.696%;height: 445px\">\n<tbody>\n<tr style=\"height: 29px\">\n<td style=\"width: 50%;height: 29px\">Prof. Dr. Vok\u00f3 Zolt\u00e1n<\/td>\n<td style=\"width: 50%;height: 29px\"><a href=\"https:\/\/m2.mtmt.hu\/api\/publication?cond=authors;in;10000181&amp;cond=category.mtid;eq;1&amp;labelLang=hun\">publik\u00e1ci\u00f3s lista<\/a><\/td>\n<\/tr>\n<tr style=\"height: 29px\">\n<td style=\"width: 50%;height: 29px\">Prof. Dr. Kal\u00f3 Zolt\u00e1n<\/td>\n<td style=\"width: 50%;height: 29px\"><a href=\"https:\/\/m2.mtmt.hu\/api\/publication?cond=authors;in;10020938&amp;cond=category.mtid;eq;1&amp;labelLang=hun\">publik\u00e1ci\u00f3s lista<\/a><\/td>\n<\/tr>\n<tr style=\"height: 29px\">\n<td style=\"width: 50%;height: 29px\">Dr. Nagy Bal\u00e1zs<\/td>\n<td style=\"width: 50%;height: 29px\"><a href=\"https:\/\/m2.mtmt.hu\/api\/publication?cond=authors;in;10020933&amp;cond=category.mtid;eq;1&amp;labelLang=hun\">publik\u00e1ci\u00f3s lista<\/a><\/td>\n<\/tr>\n<tr style=\"height: 29px\">\n<td style=\"width: 50%;height: 29px\">Dr. Inotai Andr\u00e1s<\/td>\n<td style=\"width: 50%;height: 29px\"><a href=\"https:\/\/m2.mtmt.hu\/api\/publication?cond=authors;in;10026556&amp;cond=category.mtid;eq;1&amp;labelLang=hun\">publik\u00e1ci\u00f3s lista<\/a><\/td>\n<\/tr>\n<tr style=\"height: 33px\">\n<td style=\"width: 50%;height: 33px\">Dr. Babarczy Bal\u00e1zs<\/td>\n<td style=\"width: 50%;height: 33px\"><a href=\"https:\/\/m2.mtmt.hu\/api\/publication?cond=authors;eq;10071073&amp;cond=core;eq;true&amp;sort=publishedYear,desc&amp;sort=firstAuthor\">publik\u00e1ci\u00f3s lista<\/a><\/td>\n<\/tr>\n<tr style=\"height: 30px\">\n<td style=\"width: 50%;height: 30px\">Erd\u0151si Dalma<\/td>\n<td style=\"width: 50%;height: 30px\"><a href=\"https:\/\/m2.mtmt.hu\/api\/publication?cond=authors;eq;10075268&amp;cond=core;eq;true&amp;sort=publishedYear,desc&amp;sort=firstAuthor\">publik\u00e1ci\u00f3s lista<\/a><\/td>\n<\/tr>\n<tr style=\"height: 30px\">\n<td style=\"width: 50%;height: 30px\">T\u00f3th Manna Odette<\/td>\n<td style=\"width: 50%;height: 30px\"><a href=\"https:\/\/m2.mtmt.hu\/api\/publication?cond=authors;eq;10075200&amp;cond=core;eq;true&amp;sort=publishedYear,desc&amp;sort=firstAuthor\">publik\u00e1ci\u00f3s lista<\/a><\/td>\n<\/tr>\n<tr style=\"height: 29px\">\n<td style=\"width: 50%;height: 29px\">Dr. M\u00e9sz\u00e1ros \u00c1gota<\/td>\n<td style=\"width: 50%;height: 29px\"><a href=\"https:\/\/m2.mtmt.hu\/api\/publication?cond=authors;eq;10074356&amp;cond=core;eq;true&amp;sort=publishedYear,desc&amp;sort=firstAuthor\">publik\u00e1ci\u00f3s lista<\/a><\/td>\n<\/tr>\n<tr style=\"height: 29px\">\n<td style=\"width: 50%;height: 29px\">Dr. Tittmann Judit<\/td>\n<td style=\"width: 50%;height: 29px\"><a href=\"https:\/\/m2.mtmt.hu\/api\/publication?cond=authors;eq;10084089&amp;cond=core;eq;true&amp;sort=publishedYear,desc&amp;sort=firstAuthor\">publik\u00e1ci\u00f3s lista<\/a><\/td>\n<\/tr>\n<tr style=\"height: 29px\">\n<td style=\"width: 50%;height: 29px\">Dr. Gy\u00f6ngy\u00f6si Krist\u00f3f<\/td>\n<td style=\"width: 50%;height: 29px\"><a href=\"https:\/\/m2.mtmt.hu\/api\/publication?cond=authors;eq;10090214&amp;cond=core;eq;true&amp;sort=publishedYear,desc&amp;sort=firstAuthor\">publik\u00e1ci\u00f3s lista<\/a><\/td>\n<\/tr>\n<tr style=\"height: 29px\">\n<td style=\"width: 50%;height: 29px\">Dr. Imre Attila<\/td>\n<td style=\"width: 50%;height: 29px\"><a href=\"https:\/\/m2.mtmt.hu\/api\/publication?cond=authors;eq;10090367&amp;cond=core;eq;true&amp;sort=publishedYear,desc&amp;sort=firstAuthor\">publik\u00e1ci\u00f3s lista<\/a><\/td>\n<\/tr>\n<tr style=\"height: 32px\">\n<td style=\"width: 50%;height: 32px\">Al Rashdi Said Wani Said<\/td>\n<td style=\"width: 50%;height: 32px\"><a href=\"https:\/\/m2.mtmt.hu\/api\/publication?cond=authors;eq;10094211&amp;cond=core;eq;true&amp;sort=publishedYear,desc&amp;sort=firstAuthor\">publik\u00e1ci\u00f3s lista<\/a><\/td>\n<\/tr>\n<tr style=\"height: 29px\">\n<td style=\"width: 50%;height: 29px\">Pozs\u00e1r Zsuzsa R\u00e9ka<\/td>\n<td style=\"width: 50%;height: 29px\"><a href=\"https:\/\/m2.mtmt.hu\/api\/publication?cond=authors;eq;10093486&amp;cond=core;eq;true&amp;sort=publishedYear,desc&amp;sort=firstAuthor\">publik\u00e1ci\u00f3s lista<\/a><\/td>\n<\/tr>\n<tr style=\"height: 26px\">\n<td style=\"width: 50%;height: 26px\">Nguyen Thanh Tu<\/td>\n<td style=\"width: 50%;height: 26px\"><a href=\"https:\/\/m2.mtmt.hu\/api\/publication?cond=authors;eq;10094495&amp;cond=core;eq;true&amp;sort=publishedYear,desc&amp;sort=firstAuthor\">publik\u00e1ci\u00f3s lista<\/a><\/td>\n<\/tr>\n<tr style=\"height: 33px\">\n<td style=\"width: 50%;height: 33px\">Nguyen Thi Phuong Thao<\/td>\n<td style=\"width: 50%;height: 33px\"><a href=\"https:\/\/m2.mtmt.hu\/api\/publication?cond=authors;eq;10100472&amp;cond=core;eq;true&amp;sort=publishedYear,desc&amp;sort=firstAuthor\">publik\u00e1ci\u00f3s lista<\/a><\/td>\n<\/tr>\n<\/tbody>\n<\/table>\n","protected":false},"excerpt":{"rendered":"<p>Prof. Dr. Vok\u00f3 Zolt\u00e1n <a href=\"https:\/\/m2.mtmt.hu\/api\/publication?cond=authors;in;10000181&amp;cond=category.mtid;eq;1&amp;labelLang=hun\">publik\u00e1ci\u00f3s lista<\/a> Prof. Dr. Kal\u00f3 Zolt\u00e1n <a href=\"https:\/\/m2.mtmt.hu\/api\/publication?cond=authors;in;10020938&amp;cond=category.mtid;eq;1&amp;labelLang=hun\">publik\u00e1ci\u00f3s lista<\/a> Dr. Nagy Bal\u00e1zs <a href=\"https:\/\/m2.mtmt.hu\/api\/publication?cond=authors;in;10020933&amp;cond=category.mtid;eq;1&amp;labelLang=hun\">publik\u00e1ci\u00f3s lista<\/a> Dr. Inotai Andr\u00e1s <a href=\"https:\/\/m2.mtmt.hu\/api\/publication?cond=authors;in;10026556&amp;cond=category.mtid;eq;1&amp;labelLang=hun\">publik\u00e1ci\u00f3s lista<\/a> Dr. Babarczy Bal\u00e1zs <a href=\"https:\/\/m2.mtmt.hu\/api\/publication?cond=authors;eq;10071073&amp;cond=core;eq;true&amp;sort=publishedYear,desc&amp;sort=firstAuthor\">publik\u00e1ci\u00f3s lista<\/a> Erd\u0151si Dalma <a href=\"https:\/\/m2.mtmt.hu\/api\/publication?cond=authors;eq;10075268&amp;cond=core;eq;true&amp;sort=publishedYear,desc&amp;sort=firstAuthor\">publik\u00e1ci\u00f3s lista<\/a> T\u00f3th Manna Odette <a href=\"https:\/\/m2.mtmt.hu\/api\/publication?cond=authors;eq;10075200&amp;cond=core;eq;true&amp;sort=publishedYear,desc&amp;sort=firstAuthor\">publik\u00e1ci\u00f3s lista<\/a> Dr. M\u00e9sz\u00e1ros \u00c1gota <a href=\"https:\/\/m2.mtmt.hu\/api\/publication?cond=authors;eq;10074356&amp;cond=core;eq;true&amp;sort=publishedYear,desc&amp;sort=firstAuthor\">publik\u00e1ci\u00f3s lista<\/a> Dr. Tittmann Judit <a href=\"https:\/\/m2.mtmt.hu\/api\/publication?cond=authors;eq;10084089&amp;cond=core;eq;true&amp;sort=publishedYear,desc&amp;sort=firstAuthor\">publik\u00e1ci\u00f3s lista<\/a> Dr. Gy\u00f6ngy\u00f6si Krist\u00f3f <a href=\"https:\/\/m2.mtmt.hu\/api\/publication?cond=authors;eq;10090214&amp;cond=core;eq;true&amp;sort=publishedYear,desc&amp;sort=firstAuthor\">publik\u00e1ci\u00f3s lista<\/a> Dr. Imre Attila <a href=\"https:\/\/m2.mtmt.hu\/api\/publication?cond=authors;eq;10090367&amp;cond=core;eq;true&amp;sort=publishedYear,desc&amp;sort=firstAuthor\">publik\u00e1ci\u00f3s lista<\/a> Al Rashdi Said Wani Said <a href=\"https:\/\/m2.mtmt.hu\/api\/publication?cond=authors;eq;10094211&amp;cond=core;eq;true&amp;sort=publishedYear,desc&amp;sort=firstAuthor\">publik\u00e1ci\u00f3s lista<\/a> Pozs\u00e1r Zsuzsa R\u00e9ka <a href=\"https:\/\/m2.mtmt.hu\/api\/publication?cond=authors;eq;10093486&amp;cond=core;eq;true&amp;sort=publishedYear,desc&amp;sort=firstAuthor\">publik\u00e1ci\u00f3s lista<\/a> Nguyen Thanh Tu <a href=\"https:\/\/m2.mtmt.hu\/api\/publication?cond=authors;eq;10094495&amp;cond=core;eq;true&amp;sort=publishedYear,desc&amp;sort=firstAuthor\">publik\u00e1ci\u00f3s lista<\/a> Nguyen Thi Phuong Thao &hellip;<\/p>\n","protected":false},"author":101743,"featured_media":0,"parent":101,"menu_order":2,"comment_status":"closed","ping_status":"closed","template":"","meta":{"_acf_changed":false,"footnotes":""},"categories":[],"tags":[],"class_list":["post-158","page","type-page","status-publish","hentry"],"acf":[],"_links":{"self":[{"href":"https:\/\/semmelweis.hu\/hta\/wp-json\/wp\/v2\/pages\/158","targetHints":{"allow":["GET"]}}],"collection":[{"href":"https:\/\/semmelweis.hu\/hta\/wp-json\/wp\/v2\/pages"}],"about":[{"href":"https:\/\/semmelweis.hu\/hta\/wp-json\/wp\/v2\/types\/page"}],"author":[{"embeddable":true,"href":"https:\/\/semmelweis.hu\/hta\/wp-json\/wp\/v2\/users\/101743"}],"replies":[{"embeddable":true,"href":"https:\/\/semmelweis.hu\/hta\/wp-json\/wp\/v2\/comments?post=158"}],"version-history":[{"count":10,"href":"https:\/\/semmelweis.hu\/hta\/wp-json\/wp\/v2\/pages\/158\/revisions"}],"predecessor-version":[{"id":1775,"href":"https:\/\/semmelweis.hu\/hta\/wp-json\/wp\/v2\/pages\/158\/revisions\/1775"}],"up":[{"embeddable":true,"href":"https:\/\/semmelweis.hu\/hta\/wp-json\/wp\/v2\/pages\/101"}],"wp:attachment":[{"href":"https:\/\/semmelweis.hu\/hta\/wp-json\/wp\/v2\/media?parent=158"}],"wp:term":[{"taxonomy":"category","embeddable":true,"href":"https:\/\/semmelweis.hu\/hta\/wp-json\/wp\/v2\/categories?post=158"},{"taxonomy":"post_tag","embeddable":true,"href":"https:\/\/semmelweis.hu\/hta\/wp-json\/wp\/v2\/tags?post=158"}],"curies":[{"name":"wp","href":"https:\/\/api.w.org\/{rel}","templated":true}]}}