{"id":155,"date":"2020-08-13T16:14:50","date_gmt":"2020-08-13T14:14:50","guid":{"rendered":"https:\/\/semmelweis.hu\/hta\/?page_id=155"},"modified":"2022-02-09T09:14:09","modified_gmt":"2022-02-09T08:14:09","slug":"kutatasi-szakteruletek","status":"publish","type":"page","link":"https:\/\/semmelweis.hu\/hta\/kutatas\/kutatasi-szakteruletek\/","title":{"rendered":"Kutat\u00e1si szakter\u00fcletek"},"content":{"rendered":"<p><strong>N\u00e9peg\u00e9szs\u00e9g\u00fcgyi beavatkoz\u00e1sok eg\u00e9szs\u00e9g-gazdas\u00e1gtani vizsg\u00e1lata<\/strong><\/p>\n<p>A n\u00e9peg\u00e9szs\u00e9g\u00fcgyi intervenci\u00f3k potenci\u00e1lis javul\u00e1st eredm\u00e9nyezhetnek a lakoss\u00e1g eg\u00e9szs\u00e9g\u00fcgyi \u00e1llapot\u00e1ban a betegs\u00e9gek megel\u0151z\u00e9se, kor\u00e1bbi diagn\u00f3zisa, illetve a k\u00e9s\u0151bbi kezel\u00e9s megk\u00f6nny\u00edt\u00e9s\u00e9vel. Kutat\u00f3ink ilyen t\u00edpus\u00fa int\u00e9zked\u00e9sek k\u00f6lts\u00e9ghat\u00e9konys\u00e1gi \u00e9s k\u00f6lts\u00e9gvet\u00e9si hat\u00e9konys\u00e1g\u00e1nak elemz\u00e9sben is r\u00e9szt vesznek. Sz\u00e9lesk\u00f6r\u0171 tapasztalattal rendelkez\u00fcnk a m\u00e1r implement\u00e1lt int\u00e9zked\u00e9sek monitoroz\u00e1s\u00e1ban \u00e9s \u00e9rt\u00e9kel\u00e9s\u00e9ben is.<\/p>\n<p>Kutat\u00e1si ter\u00fcleteink k\u00f6z\u00e9 tartozik a n\u00e9peg\u00e9szs\u00e9\u00fcgyi programok \u00e9rt\u00e9kel\u00e9s\u00e9nek alapj\u00e1ul szolg\u00e1l\u00f3 epidemiol\u00f3giai \u00e9s betes\u00e9gteher vizsg\u00e1lata is, illetve a megfigyel\u00e9ses vizsg\u00e1latok biostatisztikai elemz\u00e9se. Mint a t\u00f6bbi ter\u00fclet eset\u00e9n, \u00edgy a n\u00e9peg\u00e9szs\u00e9g\u00fcgyi kutat\u00e1sn\u00e1l is szerepet kapnak a rendszerezett irodalmi \u00e1ttekint\u00e9sek \u00e9s metaanal\u00edzisek.<\/p>\n<p><strong>Eg\u00e9szs\u00e9gpolitikai kutat\u00e1s<\/strong><\/p>\n<p>Munkat\u00e1rsaink kiemelked\u0151 kutat\u00e1si tapasztalattal rendelkeznek c\u00e9lzott hazai \u00e9s nemzetk\u00f6zi eg\u00e9szs\u00e9gpolitikai inform\u00e1ci\u00f3k begy\u0171jt\u00e9se, elemz\u00e9se \u00e9s szint\u00e9zise ter\u00e9n.<\/p>\n<p>Az eg\u00e9szs\u00e9gpolitikai d\u00f6nt\u00e9shozatal t\u00e1mogat\u00e1s\u00e1ra k\u00e9sz\u00edtett, orsz\u00e1gos k\u00f6zfinansz\u00edroz\u00e1si vagy k\u00f3rh\u00e1zi beruh\u00e1z\u00e1si szinteken t\u00f6rt\u00e9n\u0151, eg\u00e9szs\u00e9g-gazdas\u00e1gtani elemz\u00e9seken t\u00fal, k\u00f6zpontunk tev\u00e9keny\u00e9ge m\u00f3dszertani fejleszt\u00e9sekre \u00e9s szakmapolitikai kutat\u00e1sokra is kiterjed.<\/p>\n<p>Eg\u00e9szs\u00e9g\u00fcgyi technol\u00f3gia\u00e9rt\u00e9kel\u00e9s sor\u00e1n seg\u00edts\u00e9get ny\u00fajtunk az \u00faj technol\u00f3gia, adott orsz\u00e1g elj\u00e1r\u00e1srendj\u00e9t ismerve \u00e9s k\u00f6vetve, finansz\u00edroz\u00e1sba t\u00f6rt\u00e9n\u0151 befogad\u00e1s\u00e1nak el\u0151k\u00e9sz\u00edt\u00e9s\u00e9hez.<\/p>\n<p>Szakpolitikai aj\u00e1nl\u00e1s kidolgoz\u00e1sa sor\u00e1n figyelembe vessz\u00fck az adott orsz\u00e1g gazdas\u00e1gi helyzet\u00e9t, a betegek ig\u00e9nyeit \u00e9s a d\u00f6nt\u00e9shozatalhoz sz\u00fcks\u00e9ges egy\u00e9b krit\u00e9riumokat.<\/p>\n<p><strong>Tudom\u00e1nyos bizony\u00edt\u00e9kok szint\u00e9zise<\/strong><\/p>\n<p>A t\u00f6bb forr\u00e1sb\u00f3l sz\u00e1rmaz\u00f3 adatgy\u0171jt\u00e9s \u00e9s a tudom\u00e1nyos irodalomb\u00f3l sz\u00e1rmaz\u00f3 bizony\u00edt\u00e9kok szint\u00e9zise elengedhetetlen a r\u00e9szletes elemz\u00e9sekhez \u00e9s d\u00f6nt\u00e9st\u00e1mogat\u00e1sra alkalmas eredm\u00e9nyek l\u00e9trehoz\u00e1s\u00e1hoz. A betegutakkal, epidemiol\u00f3gi\u00e1val \u00e9s a betegs\u00e9gteherrel kapcsolatos kutat\u00e1sok az eg\u00e9szs\u00e9g\u00fcgyi technol\u00f3gi\u00e1k fejleszt\u00e9s\u00e9nek m\u00e1r korai szakasz\u00e1ban megalapozz\u00e1k egy \u00faj term\u00e9k \u00e9rt\u00e9kaj\u00e1nlat\u00e1t, \u00e9s inputot adnak a gazdas\u00e1gi \u00e9rt\u00e9kel\u00e9sekhez. Az azonos (vagy hasonl\u00f3) kutat\u00e1si k\u00e9rd\u00e9sre vonatkoz\u00f3 f\u00fcggetlen tudom\u00e1nyos adatok szintetiz\u00e1l\u00e1s\u00e1nak m\u00f3dszer\u00e9vel a szisztematikus irodalmi \u00e1ttekint\u00e9sek \u00e9s meta-anal\u00edzisek tekinthet\u0151k a legmagasabb szint\u0171 tudom\u00e1nyos bizony\u00edt\u00e9knak (amennyiben azok megfelel\u0151 \u00e9s reproduk\u00e1lhat\u00f3 m\u00f3dszertannal k\u00e9sz\u00fclnek). A direkt \u00f6sszehasonl\u00edt\u00e1sok \u00e9s a h\u00e1l\u00f3zati meta-anal\u00edzisek megb\u00edzhat\u00f3 bizony\u00edt\u00e9kokat gener\u00e1lnak k\u00f6lts\u00e9ges \u00e9s id\u0151ig\u00e9nyes klinikai vizsg\u00e1latok elv\u00e9gz\u00e9se n\u00e9lk\u00fcl. Az Eg\u00e9szs\u00e9g\u00fcgyi Technol\u00f3gia\u00e9rt\u00e9kel\u0151 \u00e9s Elemz\u00e9si K\u00f6zpont kutat\u00f3i csoportja kiterjedt tud\u00e1ssal \u00e9s tapasztalattal rendelkezik a tudom\u00e1nyos bizony\u00edt\u00e9kok szint\u00e9zis\u00e9ben, az egyszer\u0171, c\u00e9lzott irodalmi \u00e1ttekint\u00e9sekt\u0151l a legmodernebb h\u00e1l\u00f3zati meta-anal\u00edzisekig. Kutat\u00e1sainkat rendszeresen publik\u00e1ljuk \u00e9s nemzetk\u00f6zi konferenci\u00e1kon vesz\u00fcnk r\u00e9szt.<\/p>\n<p><strong>Eg\u00e9szs\u00e9gnyeres\u00e9g m\u00e9r\u00e9se<\/strong><\/p>\n<p>Kutat\u00f3k\u00f6zpontunk sz\u00e9lesk\u00f6r\u0171 tapasztalattal b\u00edr az eg\u00e9szs\u00e9g\u00fcgyi technol\u00f3gi\u00e1k, \u00edgy gy\u00f3gyszerek, orvostechnikai eszk\u00f6z\u00f6k \u00e9s n\u00e9peg\u00e9szs\u00e9g\u00fcgyi programok \u00e1ltal el\u0151id\u00e9zett eg\u00e9szs\u00e9gi \u00e1llapot-v\u00e1ltoz\u00e1s dimenzi\u00f3inak \u00e9s nagys\u00e1g\u00e1nak meghat\u00e1roz\u00e1s\u00e1ban. Az egyes technol\u00f3gi\u00e1k \u00e1ltal biztos\u00edtott eg\u00e9szs\u00e9gnyeres\u00e9g \u00e9s az alkalmaz\u00e1s sor\u00e1n felmer\u00fcl\u0151 k\u00f6lts\u00e9gek \u00f6sszevet\u00e9se lehet\u0151v\u00e9 teszi a (megfelel\u0151 kompar\u00e1torhoz viszony\u00edtott) \u00e1r-\u00e9rt\u00e9k ar\u00e1nyuk (k\u00f6lts\u00e9ghat\u00e9konys\u00e1guk) vizsg\u00e1lat\u00e1t. Tapasztalattal rendelkez\u00fcnk a betegek \u00e1ltal fontosnak tartott eg\u00e9szs\u00e9gkimenetek meghat\u00e1roz\u00e1s\u00e1ban, m\u00e9r\u00e9s\u00e9ben \u00e9s ki\u00e9rt\u00e9kel\u00e9s\u00e9ben, ide\u00e9rtve nemcsak az \u00e9letmin\u0151s\u00e9g, hasznoss\u00e1g \u00e9s te\u00e1rpiah\u0171s\u00e9g m\u00e9r\u00e9s\u00e9t, de a ter\u00fcleten v\u00e9gzett irodalmi \u00e1ttekint\u00e9sek v\u00e9gz\u00e9s\u00e9t \u00e9s az oktat\u00e1st is.<\/p>\n<p>Jelenleg folyamatban l\u00e9v\u0151 kutat\u00e1si projekt\u00fcnk c\u00e9lja a Semmelweis Egyetemen rutinszer\u0171en kezelt long\/post COVID betegek \u00e9letmin\u0151s\u00e9g\u00e9nek \u00f6sszehasonl\u00edt\u00e1sa a lakoss\u00e1g \u00e9letmin\u0151s\u00e9g\u00e9vel.\u00a0 \u00a0\u00a0\u00a0\u00a0<\/p>\n<p>&nbsp;<\/p>\n<p>Val\u00f3s \u00e9letbeli adatok elemz\u00e9se<\/p>\n<p><strong>Eg\u00e9szs\u00e9g-gazdas\u00e1gtani modellez\u00e9s<\/strong><\/p>\n<p>Kutat\u00f3k\u00f6zpontunk egyik tev\u00e9kenys\u00e9gi k\u00f6re a k\u00f6lts\u00e9geket \u00e9s eg\u00e9szs\u00e9gnyeres\u00e9get kombin\u00e1l\u00f3 eg\u00e9szs\u00e9g-gazdas\u00e1gtani modellek fejleszt\u00e9se. A klinikai vizsg\u00e1latok sor\u00e1n begy\u0171jt\u00f6tt adatok ritk\u00e1n alkalmazhat\u00f3ak k\u00f6zvetlen\u00fcl gazdas\u00e1gi (p\u00e9ld\u00e1ul egy \u00faj eg\u00e9szs\u00e9g\u00fcgyi intervenci\u00f3 finansz\u00edroz\u00e1s\u00e1r\u00f3l sz\u00f3l\u00f3) d\u00f6nt\u00e9sek meghozatalakor. Az ilyen esetekben haszn\u00e1latos modellek az adatok vizsg\u00e1lati id\u0151szakon t\u00fali extrapol\u00e1l\u00e1s\u00e1ra, a vizsg\u00e1lati eredm\u00e9nyek k\u00fcl\u00f6nb\u00f6z\u0151 kontextusokba t\u00f6rt\u00e9n\u0151 adapt\u00e1l\u00e1s\u00e1ra, \u00e9s a bizonytalans\u00e1g sz\u00e1mszer\u0171s\u00edt\u00e9s\u00e9re szolg\u00e1lnak.<\/p>\n<p>Kutat\u00f3ink sz\u00e1mos ter\u00e1pi\u00e1s ter\u00fcleten \u00e1t\u00edvel\u0151 tapasztalattal rendelkeznek k\u00fcl\u00f6nb\u00f6z\u0151 t\u00edpus\u00fa modellek (Markov-modellek, betegszint\u0171 szimul\u00e1ci\u00f3k, stb.) kifejleszt\u00e9s\u00e9ben, valid\u00e1l\u00e1s\u00e1ban, \u00e9s a k\u00f6lts\u00e9ghat\u00e9konys\u00e1gi illetve k\u00f6lts\u00e9gvet\u00e9si hat\u00e1st r\u00e9szletez\u0151 mutat\u00f3k jelent\u00e9s\u00e9ben. Tev\u00e9kenys\u00e9g\u00fcnk mag\u00e1ban foglalja a modellek popul\u00e1l\u00e1s\u00e1hoz sz\u00fcks\u00e9ges adatok gy\u0171jt\u00e9s\u00e9t, irodalmi \u00e1ttekint\u00e9seket is. Kutat\u00e1saink kiterjednek tov\u00e1bb\u00e1 m\u00f3dszertani k\u00e9rd\u00e9sekre, ezzel seg\u00edtve a modellez\u00e9s ir\u00e1nyelveinek \u00e9s bev\u00e1lt gyakorlatainak fejl\u0151d\u00e9s\u00e9t.<\/p>\n<p><strong>\u00c1rk\u00e9pz\u00e9s \u00e9s piacra l\u00e9p\u00e9s<\/strong><\/p>\n<p>A r\u00f6videbb term\u00e9kfejleszt\u00e9si ciklusok \u00e9s az intenz\u00edv verseny \u00e1lland\u00f3 fenyeget\u00e9st jelentenek az \u00faj gy\u00f3gyszer\u00e9szeti term\u00e9kekre vagy orvosi eszk\u00f6z\u00f6kre. A piaci \u00e9s a betegek ig\u00e9nyeinek, az \u00e1raz\u00e1si lehet\u0151s\u00e9geknek \u00e9s a ter\u00e1pi\u00e1s el\u0151ny\u00f6knek, valamint a j\u00f3v\u00e1hagy\u00e1si \u00e9s fizet\u00e9si lehet\u0151s\u00e9geknek \u00e1tfog\u00f3 ismerete elengedhetetlen ezen akad\u00e1lyok lek\u00fczd\u00e9s\u00e9hez. A gy\u00f3gyszeripari ter\u00fcleten szerzett sz\u00e9lesk\u00f6r\u0171 tapasztalattal rendelkez\u0151 kutat\u00f3k\u00f6zpontunk azon dolgozik, hogy az eg\u00e9szs\u00e9g\u00fcgyi technol\u00f3gi\u00e1k optim\u00e1lis \u00e1rat biztos\u00edtva piacra l\u00e9pjenek \u00e9s szorosan igazodjanak a betegek, a szolg\u00e1ltat\u00f3k \u00e9s a fizet\u0151k ig\u00e9nyeihez. Tapasztalattal rendelkez\u00fcnk a strat\u00e9giai tan\u00e1csad\u00e1s, az \u00e9rt\u00e9kel\u00e9si keretrendszerek kidolgoz\u00e1sa, valamint az \u00e1rk\u00e9pz\u00e9ssel \u00e9s a piacra jut\u00e1ssal kapcsolatos k\u00e9pz\u00e9sek lebonyol\u00edt\u00e1s\u00e1ban.<\/p>\n<p><strong>Tudom\u00e1nyos Audit<\/strong><\/p>\n<p>Az Eg\u00e9szs\u00e9g\u00fcgyi \u00e9s Technol\u00f3gia\u00e9rt\u00e9kel\u0151 \u00e9s Elemz\u00e9si K\u00f6zpont nagy tapasztalattal rendelkez\u0151 szakemberei multidiszciplin\u00e1ris, f\u00fcggetlen tudom\u00e1nyos v\u00e9lem\u00e9nyez\u0151 \u00e9s elemz\u0151 tev\u00e9kenys\u00e9g\u00fckkel t\u00e1mogatj\u00e1k az egyetem m\u00e1s egys\u00e9geit, tov\u00e1bb\u00e1 hazai \u00e9s nemzetk\u00f6zi kutat\u00f3 int\u00e9zetek \u00e9s kutat\u00f3k munk\u00e1j\u00e1t a k\u00f6vetkez\u0151 ter\u00fcleteken: epidemiol\u00f3gia, klinikai vizsg\u00e1latok, biostatisztika, eg\u00e9szs\u00e9g\u00fcgyi szab\u00e1lyoz\u00e1si k\u00e9rd\u00e9sek, eg\u00e9szs\u00e9g-gazdas\u00e1gtani modellez\u00e9s \u00e9s eg\u00e9szs\u00e9g\u00fcgyi technol\u00f3gia\u00e9rt\u00e9kel\u00e9s.<\/p>\n","protected":false},"excerpt":{"rendered":"<p>N\u00e9peg\u00e9szs\u00e9g\u00fcgyi beavatkoz\u00e1sok eg\u00e9szs\u00e9g-gazdas\u00e1gtani vizsg\u00e1lata A n\u00e9peg\u00e9szs\u00e9g\u00fcgyi intervenci\u00f3k potenci\u00e1lis javul\u00e1st eredm\u00e9nyezhetnek a lakoss\u00e1g eg\u00e9szs\u00e9g\u00fcgyi \u00e1llapot\u00e1ban a betegs\u00e9gek megel\u0151z\u00e9se, kor\u00e1bbi diagn\u00f3zisa, illetve a k\u00e9s\u0151bbi kezel\u00e9s megk\u00f6nny\u00edt\u00e9s\u00e9vel. Kutat\u00f3ink ilyen t\u00edpus\u00fa int\u00e9zked\u00e9sek k\u00f6lts\u00e9ghat\u00e9konys\u00e1gi \u00e9s k\u00f6lts\u00e9gvet\u00e9si hat\u00e9konys\u00e1g\u00e1nak elemz\u00e9sben is r\u00e9szt vesznek. Sz\u00e9lesk\u00f6r\u0171 tapasztalattal rendelkez\u00fcnk a m\u00e1r implement\u00e1lt int\u00e9zked\u00e9sek monitoroz\u00e1s\u00e1ban \u00e9s \u00e9rt\u00e9kel\u00e9s\u00e9ben is. Kutat\u00e1si ter\u00fcleteink k\u00f6z\u00e9 tartozik a n\u00e9peg\u00e9szs\u00e9\u00fcgyi programok \u00e9rt\u00e9kel\u00e9s\u00e9nek &hellip;<\/p>\n","protected":false},"author":101743,"featured_media":0,"parent":101,"menu_order":0,"comment_status":"closed","ping_status":"closed","template":"","meta":{"_acf_changed":false,"footnotes":""},"categories":[],"tags":[],"class_list":["post-155","page","type-page","status-publish","hentry"],"acf":[],"_links":{"self":[{"href":"https:\/\/semmelweis.hu\/hta\/wp-json\/wp\/v2\/pages\/155","targetHints":{"allow":["GET"]}}],"collection":[{"href":"https:\/\/semmelweis.hu\/hta\/wp-json\/wp\/v2\/pages"}],"about":[{"href":"https:\/\/semmelweis.hu\/hta\/wp-json\/wp\/v2\/types\/page"}],"author":[{"embeddable":true,"href":"https:\/\/semmelweis.hu\/hta\/wp-json\/wp\/v2\/users\/101743"}],"replies":[{"embeddable":true,"href":"https:\/\/semmelweis.hu\/hta\/wp-json\/wp\/v2\/comments?post=155"}],"version-history":[{"count":10,"href":"https:\/\/semmelweis.hu\/hta\/wp-json\/wp\/v2\/pages\/155\/revisions"}],"predecessor-version":[{"id":849,"href":"https:\/\/semmelweis.hu\/hta\/wp-json\/wp\/v2\/pages\/155\/revisions\/849"}],"up":[{"embeddable":true,"href":"https:\/\/semmelweis.hu\/hta\/wp-json\/wp\/v2\/pages\/101"}],"wp:attachment":[{"href":"https:\/\/semmelweis.hu\/hta\/wp-json\/wp\/v2\/media?parent=155"}],"wp:term":[{"taxonomy":"category","embeddable":true,"href":"https:\/\/semmelweis.hu\/hta\/wp-json\/wp\/v2\/categories?post=155"},{"taxonomy":"post_tag","embeddable":true,"href":"https:\/\/semmelweis.hu\/hta\/wp-json\/wp\/v2\/tags?post=155"}],"curies":[{"name":"wp","href":"https:\/\/api.w.org\/{rel}","templated":true}]}}