{"id":1524,"date":"2025-05-13T11:35:30","date_gmt":"2025-05-13T09:35:30","guid":{"rendered":"https:\/\/semmelweis.hu\/hta\/?page_id=1524"},"modified":"2025-11-19T10:56:25","modified_gmt":"2025-11-19T09:56:25","slug":"faq","status":"publish","type":"page","link":"https:\/\/semmelweis.hu\/hta\/en\/education\/postgraduate\/faq\/","title":{"rendered":"FAQ"},"content":{"rendered":"<div>\n<div class=\"keretes w-100\">\n<p><strong>Doctoral Office Contacts: <\/strong><\/p>\n<p><a href=\"https:\/\/semmelweis.hu\/phd\/en\/doctoral-office-hours\/\">https:\/\/semmelweis.hu\/phd\/en\/doctoral-office-hours\/<\/a><\/p>\n<\/div>\n<\/div>\n<div class=\"w-100\">\n<hr \/>\n<\/div>\n<div class=\"keretes w-100\">\n<p><strong>Pharmaceutical Sciences and Health Technologies Division:<\/strong><\/p>\n<p><a href=\"https:\/\/semmelweis.hu\/phd\/en\/doctoral-divisions\/pharmaceutical-sciences-and-health-technologies-division\/\">https:\/\/semmelweis.hu\/phd\/en\/doctoral-divisions\/pharmaceutical-sciences-and-health-technologies-division\/<\/a><\/p>\n<\/div>\n<hr \/>\n<div class=\"keretes w-100\">\n<p><strong>Complex Exam:<\/strong><\/p>\n<p><a href=\"https:\/\/semmelweis.hu\/phd\/en\/for-students\/english-complex-exam\/\">https:\/\/semmelweis.hu\/phd\/en\/for-students\/english-complex-exam\/<\/a><\/p>\n<\/div>\n<hr \/>\n<div class=\"keretes w-100\">\n<p><strong>Core Subjects of the Complex Exam<\/strong><\/p>\n<p><a href=\"https:\/\/semmelweis.hu\/hta\/files\/2025\/10\/Health_Technology_Assessment_Core_subjects_of_the_complex_examination-.pdf\">Core_subjects_of_the_complex_examination.pdf<\/a><\/p>\n<\/div>\n<hr \/>\n<div class=\"keretes w-100\">\n<p><strong>The Home Defense &#8211; Workplace debate<\/strong><\/p>\n<p><a href=\"https:\/\/semmelweis.hu\/phd\/en\/for-students\/home-defence\/\">https:\/\/semmelweis.hu\/phd\/en\/for-students\/home-defence\/<\/a><\/p>\n<\/div>\n<hr \/>\n<div class=\"keretes w-100\">\n<p><strong>Information about Conference Room booking for Home Defence or PhD Thesis Defence<\/strong><strong>:<\/strong><\/p>\n<p><em>Depending on availability and capacity, three meeting rooms can be booked through the University webpage: Ground floor Meeting Room, 26 \u00dcll\u0151i \u00fat, the Rector\u2019s Building, located on the ground floor and accomodating 22+6 participants; 52. Baross utca, B52 Office Building, the Administrative and Digital Skill Labor with maximum 19 participants and finally the Semmelweis Salon at 26 \u00dcll\u0151i \u00fat, the Rector&#8217;s Building, located on the first floor accomodating up to 80 people.<\/em><\/p>\n<p>Please check the conference rooms availability and free capacity using the below links:<\/p>\n<p><a href=\"https:\/\/semmelweis.hu\/jogigfoig\/igazgatas\/teremfoglalas\/foldszinti-targyalo-foglalasa\/\">https:\/\/semmelweis.hu\/jogigfoig\/igazgatas\/teremfoglalas\/foldszinti-targyalo-foglalasa\/<\/a><\/p>\n<p><a href=\"https:\/\/semmelweis.hu\/jogigfoig\/igazgatas\/teremfoglalas\/b52-foldszinti-teremfoglalas\/\">https:\/\/semmelweis.hu\/jogigfoig\/igazgatas\/teremfoglalas\/b52-foldszinti-teremfoglalas\/<\/a><\/p>\n<p><a href=\"https:\/\/semmelweis.hu\/rendezveny\/semmelweis-szalon\/szalonfoglalas\/\">https:\/\/semmelweis.hu\/rendezveny\/semmelweis-szalon\/szalonfoglalas\/<\/a><\/p>\n<p><em>Due to the limited availability of the University conference room booking system, we kindly ask the PhD students to send us the exact date and time of their PhD thesis defence and their conference room booking request to <\/em><strong><em><a href=\"https:\/\/semmelweis.hu\/hta\/oktatas\/phd-kepzes\/gy-i-k\/hta@semmelweis.hu\">hta@semmelweis.hu<\/a><\/em><\/strong><em> as soon as the Defence date and time has been finalised.<\/em><\/p>\n<p><span style=\"color: #ff0000\"><em>The PhD students are requested to contact the relevant Faculty, Department in person if different locations are preferred to book as the above mentioned 3 ones.<\/em><\/span><\/p>\n<\/div>\n<hr \/>\n<div class=\"keretes w-100\">\n<p><strong>International Scholarships:<\/strong><\/p>\n<p><a href=\"https:\/\/semmelweis.hu\/admission\/scholarships\/\">https:\/\/semmelweis.hu\/admission\/scholarships\/<\/a><\/p>\n<\/div>\n<hr \/>\n<div class=\"keretes w-100\">\n<p><strong>University Researchers&#8217; Scholarship Program (EK\u00d6P):\u00a0<\/strong><\/p>\n<p><a href=\"https:\/\/semmelweis.hu\/phd\/en\/for-students\/schools-of-phd-studies-calendar\/ekop\/\">https:\/\/semmelweis.hu\/phd\/en\/for-students\/schools-of-phd-studies-calendar\/ekop\/<\/a><\/p>\n<\/div>\n<hr \/>\n<div class=\"keretes w-100\">\n<p><strong>Doctoral Regulations:<\/strong><\/p>\n<p><a href=\"https:\/\/semmelweis.hu\/hta\/files\/2025\/11\/Doctoral-Regulations-2025.pdf\">Doctoral Regulations 2025<\/a><\/p>\n<\/div>\n<p>&nbsp;<\/p>\n","protected":false},"excerpt":{"rendered":"<p>Doctoral Office Contacts: <a href=\"https:\/\/semmelweis.hu\/phd\/en\/doctoral-office-hours\/\">https:\/\/semmelweis.hu\/phd\/en\/doctoral-office-hours\/<\/a> Pharmaceutical Sciences and Health Technologies Division: <a href=\"https:\/\/semmelweis.hu\/phd\/en\/doctoral-divisions\/pharmaceutical-sciences-and-health-technologies-division\/\">https:\/\/semmelweis.hu\/phd\/en\/doctoral-divisions\/pharmaceutical-sciences-and-health-technologies-division\/<\/a> Complex Exam: <a href=\"https:\/\/semmelweis.hu\/phd\/en\/for-students\/english-complex-exam\/\">https:\/\/semmelweis.hu\/phd\/en\/for-students\/english-complex-exam\/<\/a> Core Subjects of the Complex Exam <a href=\"https:\/\/semmelweis.hu\/hta\/files\/2025\/10\/Health_Technology_Assessment_Core_subjects_of_the_complex_examination-.pdf\">Core_subjects_of_the_complex_examination.pdf<\/a> The Home Defense &#8211; Workplace debate <a href=\"https:\/\/semmelweis.hu\/phd\/en\/for-students\/home-defence\/\">https:\/\/semmelweis.hu\/phd\/en\/for-students\/home-defence\/<\/a> Information about Conference Room booking for Home Defence or PhD Thesis Defence: Depending on availability and capacity, three meeting rooms can be booked through the University webpage: Ground floor Meeting Room, 26 &hellip;<\/p>\n","protected":false},"author":102171,"featured_media":0,"parent":601,"menu_order":9,"comment_status":"closed","ping_status":"closed","template":"","meta":{"_acf_changed":false,"footnotes":""},"categories":[],"tags":[],"class_list":["post-1524","page","type-page","status-publish","hentry"],"acf":[],"_links":{"self":[{"href":"https:\/\/semmelweis.hu\/hta\/wp-json\/wp\/v2\/pages\/1524","targetHints":{"allow":["GET"]}}],"collection":[{"href":"https:\/\/semmelweis.hu\/hta\/wp-json\/wp\/v2\/pages"}],"about":[{"href":"https:\/\/semmelweis.hu\/hta\/wp-json\/wp\/v2\/types\/page"}],"author":[{"embeddable":true,"href":"https:\/\/semmelweis.hu\/hta\/wp-json\/wp\/v2\/users\/102171"}],"replies":[{"embeddable":true,"href":"https:\/\/semmelweis.hu\/hta\/wp-json\/wp\/v2\/comments?post=1524"}],"version-history":[{"count":12,"href":"https:\/\/semmelweis.hu\/hta\/wp-json\/wp\/v2\/pages\/1524\/revisions"}],"predecessor-version":[{"id":1848,"href":"https:\/\/semmelweis.hu\/hta\/wp-json\/wp\/v2\/pages\/1524\/revisions\/1848"}],"up":[{"embeddable":true,"href":"https:\/\/semmelweis.hu\/hta\/wp-json\/wp\/v2\/pages\/601"}],"wp:attachment":[{"href":"https:\/\/semmelweis.hu\/hta\/wp-json\/wp\/v2\/media?parent=1524"}],"wp:term":[{"taxonomy":"category","embeddable":true,"href":"https:\/\/semmelweis.hu\/hta\/wp-json\/wp\/v2\/categories?post=1524"},{"taxonomy":"post_tag","embeddable":true,"href":"https:\/\/semmelweis.hu\/hta\/wp-json\/wp\/v2\/tags?post=1524"}],"curies":[{"name":"wp","href":"https:\/\/api.w.org\/{rel}","templated":true}]}}