{"id":1522,"date":"2025-05-13T11:33:51","date_gmt":"2025-05-13T09:33:51","guid":{"rendered":"https:\/\/semmelweis.hu\/hta\/?page_id=1522"},"modified":"2025-11-18T14:57:59","modified_gmt":"2025-11-18T13:57:59","slug":"gy-i-k","status":"publish","type":"page","link":"https:\/\/semmelweis.hu\/hta\/oktatas\/phd-kepzes\/gy-i-k\/","title":{"rendered":"GY.I.K."},"content":{"rendered":"<div class=\"keretes w-100\">\n<p><strong>Doktori Iskola el\u00e9rhet\u0151s\u00e9ge:\u00a0<\/strong><\/p>\n<p><a href=\"https:\/\/semmelweis.hu\/phd\/rolunk\/doktori-hivatal-es-gazdasagi-hivatal\/\">https:\/\/semmelweis.hu\/phd\/rolunk\/doktori-hivatal-es-gazdasagi-hivatal\/<\/a><\/p>\n<\/div>\n<hr \/>\n<div class=\"keretes w-100\">\n<p><strong>Gy\u00f3gyszertudom\u00e1nyok \u00e9s Eg\u00e9szs\u00e9g\u00fcgyi Technol\u00f3gi\u00e1k Doktori Tagozat:\u00a0<\/strong><\/p>\n<p><a href=\"https:\/\/semmelweis.hu\/phd\/doktori-tagozatok\/gyogyszertudomanyok-es-egeszsegugyi-technologiak-tagozat\/\">https:\/\/semmelweis.hu\/phd\/doktori-tagozatok\/gyogyszertudomanyok-es-egeszsegugyi-technologiak-tagozat\/<\/a><\/p>\n<\/div>\n<hr \/>\n<div class=\"keretes w-100\">\n<p><strong>Komplex vizsga:<\/strong>\u00a0<\/p>\n<p><a href=\"https:\/\/semmelweis.hu\/phd\/hallgatoknak\/komplex-vizsga\/\">https:\/\/semmelweis.hu\/phd\/hallgatoknak\/komplex-vizsga\/<\/a><\/p>\n<\/div>\n<hr \/>\n<div class=\"keretes w-100\">\n<p><strong>Komplex vizsga f\u0151t\u00e1rgyak t\u00e9telsora<\/strong> (Gy\u00f3gyszertudom\u00e1nyok Doktori Iskola,<br \/>3\/4. Doktori program: Eg\u00e9szs\u00e9g\u00fcgyi technol\u00f3gia\u00e9rt\u00e9kel\u00e9s)<\/p>\n<p><a href=\"https:\/\/semmelweis.hu\/hta\/files\/2025\/05\/komplex_vizsga_tetel_GYDI_3.4program-1.pdf\">komplex_vizsga_tetel_GYDI_3.4program-1<\/a><\/p>\n<\/div>\n<hr \/>\n<div class=\"keretes w-100\">\n<p><strong>H\u00e1zi v\u00e9d\u00e9s &#8211; munkahelyi vita:<\/strong><\/p>\n<p><a href=\"https:\/\/semmelweis.hu\/phd\/hallgatoknak\/hazi-vedes\/\">https:\/\/semmelweis.hu\/phd\/hallgatoknak\/hazi-vedes\/<\/a><\/p>\n<\/div>\n<hr \/>\n<div class=\"keretes w-100\">\n<p><strong>Tudnival\u00f3k a h\u00e1zi v\u00e9d\u00e9s vagy PhD disszert\u00e1ci\u00f3 v\u00e9d\u00e9s\u00e9vel \u00f6sszef\u00fcgg\u0151 teremfoglal\u00e1sr\u00f3l:<\/strong><\/p>\n<p style=\"text-align: justify\"><em>Rendelkez\u00e9sre \u00e1ll\u00e1st\u00f3l \u00e9s szabad kapacit\u00e1st\u00f3l f\u00fcgg\u0151en az \u00dcll\u0151i \u00fat 26. Rektori \u00e9p\u00fcletben a f\u00f6ldszinti t\u00e1rgyal\u00f3t 22+6 f\u0151 befogad\u00f3k\u00e9pess\u00e9ggel, valamint a Baross u. 52. alatti B52 irodah\u00e1z f\u00f6ldszinti, \u00dcgyviteli \u00e9s Digit\u00e1lis Skill Laborj\u00e1t 19 f\u0151 befogad\u00f3k\u00e9pess\u00e9ggel, v\u00e9g\u00fcl az \u00dcll\u0151i \u00fat 26. Rektori \u00e9p\u00fcletben az els\u0151 emeleten tal\u00e1lhat\u00f3 Semmelweis Szalont 80 f\u0151 befogad\u00f3k\u00e9pess\u00e9ggel tudjuk a hallgat\u00f3knak a v\u00e9d\u00e9s alkalm\u00e1ra az egyetemi weboldalon kereszt\u00fcl foglalni.<\/em><\/p>\n<p style=\"text-align: justify\">A h\u00e1rom helysz\u00edn k\u00edv\u00e1nt id\u0151pontra rendelkez\u00e9sre \u00e1ll\u00f3 szabad kapacit\u00e1sait az al\u00e1bbi linkekre kattintva lehet ellen\u0151rizni:<\/p>\n<p><a href=\"https:\/\/semmelweis.hu\/jogigfoig\/igazgatas\/teremfoglalas\/foldszinti-targyalo-foglalasa\/\">https:\/\/semmelweis.hu\/jogigfoig\/igazgatas\/teremfoglalas\/foldszinti-targyalo-foglalasa\/<\/a><\/p>\n<p style=\"text-align: justify\"><a href=\"https:\/\/semmelweis.hu\/jogigfoig\/igazgatas\/teremfoglalas\/b52-foldszinti-teremfoglalas\/\">https:\/\/semmelweis.hu\/jogigfoig\/igazgatas\/teremfoglalas\/b52-foldszinti-teremfoglalas\/<\/a><\/p>\n<p style=\"text-align: justify\"><a href=\"https:\/\/semmelweis.hu\/rendezveny\/semmelweis-szalon\/szalonfoglalas\/\">https:\/\/semmelweis.hu\/rendezveny\/semmelweis-szalon\/szalonfoglalas\/<\/a><\/p>\n<p style=\"text-align: justify\"><em>A korl\u00e1tozottan el\u00e9rhet\u0151 egyetemi teremfoglal\u00e1si lehet\u0151s\u00e9gek miatt k\u00e9rj\u00fck a PhD hallgat\u00f3kat, hogy amint megt\u00f6rt\u00e9nt a v\u00e9d\u00e9s id\u0151pontj\u00e1nak v\u00e9gleges\u00edt\u00e9se, a v\u00e9d\u00e9s pontos hely\u00e9t, id\u0151pontj\u00e1t, annak id\u0151tartam\u00e1t \u00e9s teremfoglal\u00e1si ig\u00e9ny\u00fcket k\u00fcldj\u00e9k meg a <strong><a href=\"hta@semmelweis.hu\">hta@semmelweis.hu<\/a><\/strong><\/em><em> e-mail c\u00edmre. <\/em><\/p>\n<p style=\"text-align: justify\"><span style=\"color: #ff0000\"><em>A fenti h\u00e1rom helysz\u00ednt\u0151l elt\u00e9r\u0151 teremfoglal\u00e1si ig\u00e9nyt a hallgat\u00f3knak az \u00e9rintett tansz\u00e9kekkel, klinik\u00e1kkal szem\u00e9lyesen kell egyeztetni\u00fck.<\/em><\/span><\/p>\n<\/div>\n<hr \/>\n<div class=\"keretes w-100\">\n<p><strong>Nemzetk\u00f6zi \u00f6szt\u00f6nd\u00edjak:<\/strong>\u00a0<\/p>\n<p><a href=\"https:\/\/semmelweis.hu\/admission\/scholarships\/\">https:\/\/semmelweis.hu\/admission\/scholarships\/<\/a><\/p>\n<\/div>\n<hr \/>\n<p>&nbsp;<\/p>\n<div class=\"keretes w-100\">\n<p><strong>Egyetemi Kutat\u00f3i \u00d6szt\u00f6nd\u00edj Program:<\/strong><\/p>\n<p><a href=\"https:\/\/semmelweis.hu\/phd\/hallgatoknak\/palyazatok-osztondijak\/ekop\/\">https:\/\/semmelweis.hu\/phd\/hallgatoknak\/palyazatok-osztondijak\/ekop\/<\/a><\/p>\n<\/div>\n<hr \/>\n<div class=\"keretes w-100\">\n<p><strong>Doktori Szab\u00e1lyzat:<\/strong><\/p>\n<p><a href=\"https:\/\/semmelweis.hu\/phd\/files\/2025\/06\/SZMSZ_HKR_III_KONYV_III_3_RESZ_Doktori-Szabalyzat_clean_0831-1.pdf\">Doktori Szab\u00e1lyzat<\/a><\/p>\n<\/div>\n<p>&nbsp;<\/p>\n","protected":false},"excerpt":{"rendered":"<p>Doktori Iskola el\u00e9rhet\u0151s\u00e9ge:\u00a0 <a href=\"https:\/\/semmelweis.hu\/phd\/rolunk\/doktori-hivatal-es-gazdasagi-hivatal\/\">https:\/\/semmelweis.hu\/phd\/rolunk\/doktori-hivatal-es-gazdasagi-hivatal\/<\/a> Gy\u00f3gyszertudom\u00e1nyok \u00e9s Eg\u00e9szs\u00e9g\u00fcgyi Technol\u00f3gi\u00e1k Doktori Tagozat:\u00a0 <a href=\"https:\/\/semmelweis.hu\/phd\/doktori-tagozatok\/gyogyszertudomanyok-es-egeszsegugyi-technologiak-tagozat\/\">https:\/\/semmelweis.hu\/phd\/doktori-tagozatok\/gyogyszertudomanyok-es-egeszsegugyi-technologiak-tagozat\/<\/a> Komplex vizsga:\u00a0 <a href=\"https:\/\/semmelweis.hu\/phd\/hallgatoknak\/komplex-vizsga\/\">https:\/\/semmelweis.hu\/phd\/hallgatoknak\/komplex-vizsga\/<\/a> Komplex vizsga f\u0151t\u00e1rgyak t\u00e9telsora (Gy\u00f3gyszertudom\u00e1nyok Doktori Iskola,3\/4. Doktori program: Eg\u00e9szs\u00e9g\u00fcgyi technol\u00f3gia\u00e9rt\u00e9kel\u00e9s) <a href=\"https:\/\/semmelweis.hu\/hta\/files\/2025\/05\/komplex_vizsga_tetel_GYDI_3.4program-1.pdf\">komplex_vizsga_tetel_GYDI_3.4program-1<\/a> H\u00e1zi v\u00e9d\u00e9s &#8211; munkahelyi vita: <a href=\"https:\/\/semmelweis.hu\/phd\/hallgatoknak\/hazi-vedes\/\">https:\/\/semmelweis.hu\/phd\/hallgatoknak\/hazi-vedes\/<\/a> Tudnival\u00f3k a h\u00e1zi v\u00e9d\u00e9s vagy PhD disszert\u00e1ci\u00f3 v\u00e9d\u00e9s\u00e9vel \u00f6sszef\u00fcgg\u0151 teremfoglal\u00e1sr\u00f3l: Rendelkez\u00e9sre \u00e1ll\u00e1st\u00f3l \u00e9s szabad kapacit\u00e1st\u00f3l f\u00fcgg\u0151en az \u00dcll\u0151i \u00fat 26. Rektori \u00e9p\u00fcletben a f\u00f6ldszinti t\u00e1rgyal\u00f3t 22+6 f\u0151 befogad\u00f3k\u00e9pess\u00e9ggel, &hellip;<\/p>\n","protected":false},"author":102171,"featured_media":0,"parent":133,"menu_order":9,"comment_status":"closed","ping_status":"closed","template":"","meta":{"_acf_changed":false,"footnotes":""},"categories":[],"tags":[],"class_list":["post-1522","page","type-page","status-publish","hentry"],"acf":[],"_links":{"self":[{"href":"https:\/\/semmelweis.hu\/hta\/wp-json\/wp\/v2\/pages\/1522","targetHints":{"allow":["GET"]}}],"collection":[{"href":"https:\/\/semmelweis.hu\/hta\/wp-json\/wp\/v2\/pages"}],"about":[{"href":"https:\/\/semmelweis.hu\/hta\/wp-json\/wp\/v2\/types\/page"}],"author":[{"embeddable":true,"href":"https:\/\/semmelweis.hu\/hta\/wp-json\/wp\/v2\/users\/102171"}],"replies":[{"embeddable":true,"href":"https:\/\/semmelweis.hu\/hta\/wp-json\/wp\/v2\/comments?post=1522"}],"version-history":[{"count":10,"href":"https:\/\/semmelweis.hu\/hta\/wp-json\/wp\/v2\/pages\/1522\/revisions"}],"predecessor-version":[{"id":1813,"href":"https:\/\/semmelweis.hu\/hta\/wp-json\/wp\/v2\/pages\/1522\/revisions\/1813"}],"up":[{"embeddable":true,"href":"https:\/\/semmelweis.hu\/hta\/wp-json\/wp\/v2\/pages\/133"}],"wp:attachment":[{"href":"https:\/\/semmelweis.hu\/hta\/wp-json\/wp\/v2\/media?parent=1522"}],"wp:term":[{"taxonomy":"category","embeddable":true,"href":"https:\/\/semmelweis.hu\/hta\/wp-json\/wp\/v2\/categories?post=1522"},{"taxonomy":"post_tag","embeddable":true,"href":"https:\/\/semmelweis.hu\/hta\/wp-json\/wp\/v2\/tags?post=1522"}],"curies":[{"name":"wp","href":"https:\/\/api.w.org\/{rel}","templated":true}]}}