{"id":1486,"date":"2025-05-13T09:49:52","date_gmt":"2025-05-13T07:49:52","guid":{"rendered":"https:\/\/semmelweis.hu\/hta\/?page_id=1486"},"modified":"2026-01-22T09:37:49","modified_gmt":"2026-01-22T08:37:49","slug":"systematic-literature-review-meta-analysis-a-practical-approach","status":"publish","type":"page","link":"https:\/\/semmelweis.hu\/hta\/en\/education\/postgraduate\/systematic-literature-review-meta-analysis-a-practical-approach\/","title":{"rendered":"Systematic literature review &amp; meta-analysis: a practical approach"},"content":{"rendered":"<p>Course director: Prof. Dr. Zolt\u00e1n Vok\u00f3 <img loading=\"lazy\" decoding=\"async\" class=\"wp-image-1611 alignright\" src=\"https:\/\/semmelweis.hu\/hta\/files\/2025\/06\/RS216960_GV5A9018-scr-267x400.jpg\" alt=\"\" width=\"175\" height=\"263\" srcset=\"https:\/\/semmelweis.hu\/hta\/files\/2025\/06\/RS216960_GV5A9018-scr-267x400.jpg 267w, https:\/\/semmelweis.hu\/hta\/files\/2025\/06\/RS216960_GV5A9018-scr.jpg 600w\" sizes=\"auto, (max-width: 175px) 100vw, 175px\" \/><\/p>\n<p>4-day course in biostatistics (2 credits)<\/p>\n<p>Each day consists of 6 x 45-minute classes plus 10 hours self-study<\/p>\n<p><strong>Date: 19-22 January 2026, 9:00 AM \u2013 4:00 PM<\/strong><\/p>\n<p><strong>Location: Bezn\u00e1k Alad\u00e1r Lecture Hall, Basic Medical Science Center, Semmelweis University<\/strong><\/p>\n<table>\n<tbody>\n<tr>\n<td width=\"99\">\n<p>Day 1<\/p>\n<\/td>\n<td width=\"652\">\n<p>Systematic literature review<\/p>\n<\/td>\n<td width=\"184\">\n<p><a class=\"emp-name\" href=\"https:\/\/semmelweis.hu\/telefonkonyv?emp_id=19564\">Dr. M\u00e9sz\u00e1ros \u00c1gota<\/a>\u00a0<\/p>\n<\/td>\n<\/tr>\n<tr>\n<td width=\"99\">\n<p>Day 2-4<\/p>\n<\/td>\n<td width=\"652\">\n<p>Meta-analyses, Network meta-analyses<\/p>\n<\/td>\n<td width=\"184\">\n<p><a class=\"emp-name\" href=\"https:\/\/semmelweis.hu\/telefonkonyv?emp_id=15698\">Dr. Vok\u00f3 Zolt\u00e1n<\/a><\/p>\n<\/td>\n<\/tr>\n<\/tbody>\n<\/table>\n<p><em>Technical requirements: participants should bring their own computer<\/em><\/p>\n<p>Evaluation of prior PhD courses by participants and Action plan (in HU):<\/p>\n<p><a href=\"https:\/\/semmelweis.hu\/hta\/files\/2022\/11\/Evidence-synthesis-to-support-coverage-decisions-of-medical-technologies_Evaluation-and-action-plan-in-HU_2021.docx\">Evidence synthesis to support coverage decisions of medical technologies_Evaluation and action plan in HU_2021<\/a><\/p>\n<p><a href=\"https:\/\/semmelweis.hu\/hta\/files\/2022\/11\/Evidence-synthesis-to-support-coverage-decisions-of-medical-technologies_Evaluation-and-action-plan-in-HU_2022.docx\">Evidence synthesis to support coverage decisions of medical technologies_Evaluation and action plan in HU_2022<\/a><\/p>\n<p><a href=\"https:\/\/semmelweis.hu\/hta\/files\/2025\/05\/Evidence-synthesis-to-support-coverage-decisions-of-medical-technologies_Evaluation-and-action-plan-in-HU_2023.docx\">Evidence synthesis to support coverage decisions of medical technologies_Evaluation and action plan in HU_2023<\/a><\/p>\n<p><a href=\"https:\/\/semmelweis.hu\/hta\/files\/2025\/05\/Systematic-literature-review-meta-analysis-a-practical-approach_Evaluation-and-action-plan-in-HU_2024.docx\">Systematic literature review &amp; meta-analysis a practical approach_Evaluation and action plan in HU_2024<\/a><\/p>\n<p><a href=\"https:\/\/semmelweis.hu\/hta\/files\/2025\/05\/Systematic-literature-review-meta-analysis-a-practical-approach_Evaluation-and-action-plan-in-HU_2025.docx\">Systematic literature review &amp; meta-analysis a practical approach_Evaluation and action plan in HU_2025<\/a><\/p>\n","protected":false},"excerpt":{"rendered":"<p>Course director: Prof. Dr. Zolt\u00e1n Vok\u00f3 4-day course in biostatistics (2 credits) Each day consists of 6 x 45-minute classes plus 10 hours self-study Date: 19-22 January 2026, 9:00 AM \u2013 4:00 PM Location: Bezn\u00e1k Alad\u00e1r Lecture Hall, Basic Medical Science Center, Semmelweis University Day 1 Systematic literature review <a class=\"emp-name\" href=\"https:\/\/semmelweis.hu\/telefonkonyv?emp_id=19564\">Dr. M\u00e9sz\u00e1ros \u00c1gota<\/a> \u00a0 Day 2-4 Meta-analyses, Network meta-analyses &hellip;<\/p>\n","protected":false},"author":101744,"featured_media":0,"parent":601,"menu_order":1,"comment_status":"closed","ping_status":"closed","template":"","meta":{"_acf_changed":false,"footnotes":""},"categories":[],"tags":[],"class_list":["post-1486","page","type-page","status-publish","hentry"],"acf":[],"_links":{"self":[{"href":"https:\/\/semmelweis.hu\/hta\/wp-json\/wp\/v2\/pages\/1486","targetHints":{"allow":["GET"]}}],"collection":[{"href":"https:\/\/semmelweis.hu\/hta\/wp-json\/wp\/v2\/pages"}],"about":[{"href":"https:\/\/semmelweis.hu\/hta\/wp-json\/wp\/v2\/types\/page"}],"author":[{"embeddable":true,"href":"https:\/\/semmelweis.hu\/hta\/wp-json\/wp\/v2\/users\/101744"}],"replies":[{"embeddable":true,"href":"https:\/\/semmelweis.hu\/hta\/wp-json\/wp\/v2\/comments?post=1486"}],"version-history":[{"count":10,"href":"https:\/\/semmelweis.hu\/hta\/wp-json\/wp\/v2\/pages\/1486\/revisions"}],"predecessor-version":[{"id":1920,"href":"https:\/\/semmelweis.hu\/hta\/wp-json\/wp\/v2\/pages\/1486\/revisions\/1920"}],"up":[{"embeddable":true,"href":"https:\/\/semmelweis.hu\/hta\/wp-json\/wp\/v2\/pages\/601"}],"wp:attachment":[{"href":"https:\/\/semmelweis.hu\/hta\/wp-json\/wp\/v2\/media?parent=1486"}],"wp:term":[{"taxonomy":"category","embeddable":true,"href":"https:\/\/semmelweis.hu\/hta\/wp-json\/wp\/v2\/categories?post=1486"},{"taxonomy":"post_tag","embeddable":true,"href":"https:\/\/semmelweis.hu\/hta\/wp-json\/wp\/v2\/tags?post=1486"}],"curies":[{"name":"wp","href":"https:\/\/api.w.org\/{rel}","templated":true}]}}