{"id":141,"date":"2020-08-13T11:25:21","date_gmt":"2020-08-13T09:25:21","guid":{"rendered":"https:\/\/semmelweis.hu\/hta\/?page_id=141"},"modified":"2026-01-22T09:14:52","modified_gmt":"2026-01-22T08:14:52","slug":"tanulmanyi-felelosok","status":"publish","type":"page","link":"https:\/\/semmelweis.hu\/hta\/oktatas\/tanulmanyi-felelosok\/","title":{"rendered":"Tanulm\u00e1nyi felel\u0151s\u00f6k"},"content":{"rendered":"<p>&nbsp;<\/p>\n<table style=\"border-collapse: collapse;width: 100.655%;height: 374px\">\n<tbody>\n<tr style=\"height: 85px\">\n<td style=\"width: 50%;height: 85px\">\n<p><span style=\"font-size: 14pt\">Farkamo\u00f6kon\u00f3mia t\u00e1rgy:<\/span><\/p>\n<\/td>\n<td style=\"width: 50.6546%;height: 85px\"><span style=\"font-size: 14pt\"><strong> Dr. Inotai Andr\u00e1s<\/strong><\/span><\/td>\n<\/tr>\n<tr style=\"height: 101px\">\n<td style=\"width: 50%;height: 101px\"><span style=\"font-size: 14pt\">PhD k\u00e9pz\u00e9s tartalmi k\u00e9rd\u00e9sek:<\/span><\/td>\n<td style=\"width: 50.6546%;height: 101px\"><span style=\"font-size: 14pt\"><strong>Dr. Nagy Bal\u00e1zs<\/strong><\/span><\/td>\n<\/tr>\n<tr style=\"height: 93px\">\n<td style=\"width: 50%;height: 93px\"><span style=\"font-size: 14pt\">Oktat\u00e1sszervez\u00e9s:<\/span><\/td>\n<td style=\"width: 50.6546%;height: 93px\">\n<p><span style=\"font-size: 14pt\"><strong> Czintula D\u00f3ra Cec\u00edlia<\/strong><\/span><\/p>\n<p><span style=\"font-size: 14pt\"><strong>Galaczi Be\u00e1ta<\/strong><\/span><\/p>\n<\/td>\n<\/tr>\n<tr style=\"height: 95px\">\n<td style=\"width: 50%;height: 95px\"><span style=\"font-size: 14pt\">Doktori hallgat\u00f3i k\u00e9pviselet: <\/span><\/td>\n<td style=\"width: 50.6546%;height: 95px\"><span style=\"font-size: 14pt\"><strong>Dr. Gy\u00f6ngy\u00f6si Krist\u00f3f<\/strong><\/span><\/td>\n<\/tr>\n<\/tbody>\n<\/table>\n<p>&nbsp;<\/p>\n","protected":false},"excerpt":{"rendered":"<p>&nbsp;<\/p>\n<p>Farkamo\u00f6kon\u00f3mia t\u00e1rgy:<\/p>\n<p> Dr. Inotai Andr\u00e1s<\/p>\n<p>PhD k\u00e9pz\u00e9s tartalmi k\u00e9rd\u00e9sek:<br \/>\nDr. Nagy Bal\u00e1zs<\/p>\n<p>Oktat\u00e1sszervez\u00e9s:<\/p>\n<p> Czintula D\u00f3ra Cec\u00edlia<br \/>\nGalaczi Be\u00e1ta<\/p>\n<p>Doktori hallgat\u00f3i k\u00e9pviselet:<br \/>\nDr. Gy\u00f6ngy\u00f6si Krist\u00f3f<\/p>\n<p>&nbsp;<\/p>\n","protected":false},"author":101743,"featured_media":0,"parent":88,"menu_order":3,"comment_status":"closed","ping_status":"closed","template":"","meta":{"_acf_changed":false,"footnotes":""},"categories":[],"tags":[],"class_list":["post-141","page","type-page","status-publish","hentry"],"acf":[],"_links":{"self":[{"href":"https:\/\/semmelweis.hu\/hta\/wp-json\/wp\/v2\/pages\/141","targetHints":{"allow":["GET"]}}],"collection":[{"href":"https:\/\/semmelweis.hu\/hta\/wp-json\/wp\/v2\/pages"}],"about":[{"href":"https:\/\/semmelweis.hu\/hta\/wp-json\/wp\/v2\/types\/page"}],"author":[{"embeddable":true,"href":"https:\/\/semmelweis.hu\/hta\/wp-json\/wp\/v2\/users\/101743"}],"replies":[{"embeddable":true,"href":"https:\/\/semmelweis.hu\/hta\/wp-json\/wp\/v2\/comments?post=141"}],"version-history":[{"count":8,"href":"https:\/\/semmelweis.hu\/hta\/wp-json\/wp\/v2\/pages\/141\/revisions"}],"predecessor-version":[{"id":1908,"href":"https:\/\/semmelweis.hu\/hta\/wp-json\/wp\/v2\/pages\/141\/revisions\/1908"}],"up":[{"embeddable":true,"href":"https:\/\/semmelweis.hu\/hta\/wp-json\/wp\/v2\/pages\/88"}],"wp:attachment":[{"href":"https:\/\/semmelweis.hu\/hta\/wp-json\/wp\/v2\/media?parent=141"}],"wp:term":[{"taxonomy":"category","embeddable":true,"href":"https:\/\/semmelweis.hu\/hta\/wp-json\/wp\/v2\/categories?post=141"},{"taxonomy":"post_tag","embeddable":true,"href":"https:\/\/semmelweis.hu\/hta\/wp-json\/wp\/v2\/tags?post=141"}],"curies":[{"name":"wp","href":"https:\/\/api.w.org\/{rel}","templated":true}]}}