{"id":1085,"date":"2023-02-23T14:57:38","date_gmt":"2023-02-23T13:57:38","guid":{"rendered":"https:\/\/semmelweis.hu\/hta\/?page_id=1085"},"modified":"2026-02-06T09:59:54","modified_gmt":"2026-02-06T08:59:54","slug":"adatvedelem","status":"publish","type":"page","link":"https:\/\/semmelweis.hu\/hta\/adatvedelem\/","title":{"rendered":"Adatv\u00e9delem"},"content":{"rendered":"<p style=\"margin-top: 0cm;background: white\">\u00a0<\/p>\n<p><strong>AZ EG\u00c9SZS\u00c9G\u00dcGYI TECHNOL\u00d3GIA\u00c9RT\u00c9KEL\u0150 \u00c9S ELEMZ\u00c9SI K\u00d6ZPONT \u00c1LTAL V\u00c9GZETT SZEM\u00c9LYES ADATKEZEL\u00c9SSEL KAPCSOLATOS INFORM\u00c1CI\u00d3K EL\u00c9RHET\u0150S\u00c9GE<\/strong><\/p>\n<p>Adatkezel\u00e9si t\u00e1j\u00e9koztat\u00f3:<\/p>\n<p><a href=\"https:\/\/semmelweis.hu\/hta\/files\/2023\/03\/ETEK-Adatvedelmi-tajekoztato.pdf\">https:\/\/semmelweis.hu\/hta\/files\/2023\/03\/ETEK-Adatvedelmi-tajekoztato.pdf<\/a><\/p>\n<p>Az adatkezel\u0151 <strong>fels\u0151oktat\u00e1si tev\u00e9kenys\u00e9g\u00e9vel<\/strong> \u00f6sszef\u00fcgg\u0151 adatkezel\u00e9sekkel kapcsolatos inform\u00e1ci\u00f3k el\u00e9rhet\u0151s\u00e9ge:<\/p>\n<p><a href=\"https:\/\/semmelweis.hu\/hta\/files\/2026\/02\/Adatkezelesi_nyilvantartas_oktatas_21672ETEK2026.xlsx\">Adatkezelesi_nyilvantartas_oktatas_21672\/ETEK\/2026<\/a><\/p>\n<p>Az adatkezel\u0151 <strong>technol\u00f3gia\u00e9rt\u00e9kel\u00e9si \u00e9s<\/strong> <strong>adatelemz\u00e9si tev\u00e9kenys\u00e9geivel<\/strong> \u00f6sszef\u00fcgg\u0151 adatkezel\u00e9sekkel kapcsolatos inform\u00e1ci\u00f3k el\u00e9rhet\u0151s\u00e9ge:<\/p>\n<p><a href=\"https:\/\/semmelweis.hu\/hta\/files\/2026\/02\/Adatkezelesi_nyilvantartas_kutatasok_21656ETEK2026.xlsx\">Adatkezelesi_nyilvantartas_kutatasok_21656\/ETEK\/2026<\/a><\/p>\n<p><em>T\u00e1j\u00e9koztatjuk, hogy az adatkezel\u00e9si t\u00e1j\u00e9koztat\u00f3 tartalma megv\u00e1ltozott, amelyet fent elolvashat. K\u00e9rj\u00fck amennyiben ennek megismer\u00e9se ut\u00e1n kor\u00e1bban megadott hozz\u00e1j\u00e1rul\u00e1s\u00e1t nem k\u00edv\u00e1nja fenntartani, \u00fagy azt az al\u00e1bbi c\u00edmen jelezze: hta@semmelweis.hu<\/em><\/p>\n<p>Az adatkezel\u0151 <strong>munkav\u00e1llal\u00f3i adatkezel\u00e9si<\/strong> <strong>tev\u00e9kenys\u00e9g\u00e9vel<\/strong> \u00f6sszef\u00fcgg\u0151 adatkezel\u00e9sekkel kapcsolatos inform\u00e1ci\u00f3k el\u00e9rhet\u0151s\u00e9ge:<\/p>\n<p><a href=\"https:\/\/semmelweis.hu\/hta\/files\/2026\/02\/Adatkezelesi_nyilvantartas_munkaugy_21661ETEK2026.xlsx\">Adatkezelesi_nyilvantartas_munkaugy_21661\/ETEK\/2026<\/a><\/p>\n<p>Az adatkezel\u0151 <strong>adminisztr\u00e1ci\u00f3s tev\u00e9kenys\u00e9g\u00e9vel <\/strong>\u00f6sszef\u00fcgg\u0151 adatkezel\u00e9sekkel kapcsolatos inform\u00e1ci\u00f3k el\u00e9rhet\u0151s\u00e9ge:<\/p>\n<p><a href=\"https:\/\/semmelweis.hu\/hta\/files\/2026\/02\/Adatkezelesi_nyilvantartas_adminisztracio_21644ETEK2026.xlsx\">Adatkezelesi_nyilvantartas_adminisztracio_21644\/ETEK\/2026<\/a><\/p>\n<p>&nbsp;<\/p>\n<p>&nbsp;<\/p>\n<p>&nbsp;<\/p>\n<p>&nbsp;<\/p>\n<p>&nbsp;<\/p>\n<p>&nbsp;<\/p>\n<p>&nbsp;<\/p>\n<p>&nbsp;<\/p>\n<p>&nbsp;<\/p>\n<p>&nbsp;<\/p>\n<p>&nbsp;<\/p>\n<p>&nbsp;<\/p>\n<p>&nbsp;<\/p>\n<p>&nbsp;<\/p>\n","protected":false},"excerpt":{"rendered":"<p>\u00a0 AZ EG\u00c9SZS\u00c9G\u00dcGYI TECHNOL\u00d3GIA\u00c9RT\u00c9KEL\u0150 \u00c9S ELEMZ\u00c9SI K\u00d6ZPONT \u00c1LTAL V\u00c9GZETT SZEM\u00c9LYES ADATKEZEL\u00c9SSEL KAPCSOLATOS INFORM\u00c1CI\u00d3K EL\u00c9RHET\u0150S\u00c9GE Adatkezel\u00e9si t\u00e1j\u00e9koztat\u00f3: <a href=\"https:\/\/semmelweis.hu\/hta\/files\/2023\/03\/ETEK-Adatvedelmi-tajekoztato.pdf\">https:\/\/semmelweis.hu\/hta\/files\/2023\/03\/ETEK-Adatvedelmi-tajekoztato.pdf<\/a> Az adatkezel\u0151 fels\u0151oktat\u00e1si tev\u00e9kenys\u00e9g\u00e9vel \u00f6sszef\u00fcgg\u0151 adatkezel\u00e9sekkel kapcsolatos inform\u00e1ci\u00f3k el\u00e9rhet\u0151s\u00e9ge: <a href=\"https:\/\/semmelweis.hu\/hta\/files\/2026\/02\/Adatkezelesi_nyilvantartas_oktatas_21672ETEK2026.xlsx\">Adatkezelesi_nyilvantartas_oktatas_21672\/ETEK\/2026<\/a> Az adatkezel\u0151 technol\u00f3gia\u00e9rt\u00e9kel\u00e9si \u00e9s adatelemz\u00e9si tev\u00e9kenys\u00e9geivel \u00f6sszef\u00fcgg\u0151 adatkezel\u00e9sekkel kapcsolatos inform\u00e1ci\u00f3k el\u00e9rhet\u0151s\u00e9ge: <a href=\"https:\/\/semmelweis.hu\/hta\/files\/2026\/02\/Adatkezelesi_nyilvantartas_kutatasok_21656ETEK2026.xlsx\">Adatkezelesi_nyilvantartas_kutatasok_21656\/ETEK\/2026<\/a> T\u00e1j\u00e9koztatjuk, hogy az adatkezel\u00e9si t\u00e1j\u00e9koztat\u00f3 tartalma megv\u00e1ltozott, amelyet fent elolvashat. K\u00e9rj\u00fck amennyiben ennek megismer\u00e9se ut\u00e1n kor\u00e1bban megadott hozz\u00e1j\u00e1rul\u00e1s\u00e1t nem &hellip;<\/p>\n","protected":false},"author":102171,"featured_media":0,"parent":0,"menu_order":0,"comment_status":"closed","ping_status":"closed","template":"","meta":{"_acf_changed":false,"footnotes":""},"categories":[],"tags":[],"class_list":["post-1085","page","type-page","status-publish","hentry"],"acf":[],"_links":{"self":[{"href":"https:\/\/semmelweis.hu\/hta\/wp-json\/wp\/v2\/pages\/1085","targetHints":{"allow":["GET"]}}],"collection":[{"href":"https:\/\/semmelweis.hu\/hta\/wp-json\/wp\/v2\/pages"}],"about":[{"href":"https:\/\/semmelweis.hu\/hta\/wp-json\/wp\/v2\/types\/page"}],"author":[{"embeddable":true,"href":"https:\/\/semmelweis.hu\/hta\/wp-json\/wp\/v2\/users\/102171"}],"replies":[{"embeddable":true,"href":"https:\/\/semmelweis.hu\/hta\/wp-json\/wp\/v2\/comments?post=1085"}],"version-history":[{"count":11,"href":"https:\/\/semmelweis.hu\/hta\/wp-json\/wp\/v2\/pages\/1085\/revisions"}],"predecessor-version":[{"id":2044,"href":"https:\/\/semmelweis.hu\/hta\/wp-json\/wp\/v2\/pages\/1085\/revisions\/2044"}],"wp:attachment":[{"href":"https:\/\/semmelweis.hu\/hta\/wp-json\/wp\/v2\/media?parent=1085"}],"wp:term":[{"taxonomy":"category","embeddable":true,"href":"https:\/\/semmelweis.hu\/hta\/wp-json\/wp\/v2\/categories?post=1085"},{"taxonomy":"post_tag","embeddable":true,"href":"https:\/\/semmelweis.hu\/hta\/wp-json\/wp\/v2\/tags?post=1085"}],"curies":[{"name":"wp","href":"https:\/\/api.w.org\/{rel}","templated":true}]}}