{"id":1073,"date":"2023-02-20T11:53:37","date_gmt":"2023-02-20T10:53:37","guid":{"rendered":"https:\/\/semmelweis.hu\/hta\/?page_id=1073"},"modified":"2025-11-13T11:56:34","modified_gmt":"2025-11-13T10:56:34","slug":"doctoral-school","status":"publish","type":"page","link":"https:\/\/semmelweis.hu\/hta\/en\/education\/postgraduate\/doctoral-school\/","title":{"rendered":"Doctoral School"},"content":{"rendered":"<p><strong><span style=\"font-size: 18pt\">Pharmaceutical Sciences and Health Technologies Division<\/span><\/strong><\/p>\n<p><strong>Health Technology Assessment Program<\/strong><\/p>\n<p>Program co-ordinator: Prof. Dr. Zolt\u00e1n Kal\u00f3<\/p>\n<p>For more information:\u00a0<a href=\"https:\/\/semmelweis.hu\/phd\/en\/doctoral-divisions\/pharmaceutical-sciences-and-health-technologies-division\/\">https:\/\/semmelweis.hu\/phd\/en\/doctoral-divisions\/pharmaceutical-sciences-and-health-technologies-division\/<\/a><\/p>\n<p><strong>1. Economic evaluation of health technologies<\/strong><\/p>\n<p><strong>Topics: <\/strong><\/p>\n<ul>\n<li>Health technology assessment: definition, domains and applicability in health policy decisions<\/li>\n<li>Importance and classification of full economic evaluations<\/li>\n<li>Main types of economic models and recommendations for their use<\/li>\n<li>Steps of economic evaluation<\/li>\n<li>Decision rule for economic evaluations<\/li>\n<li>Transferability of health technology assessment<\/li>\n<li>Value judgment of health technologies based on traditional and extended value criteria<\/li>\n<li>Methodology of budget impact analysis and importance on health policy decisions<\/li>\n<\/ul>\n<p><strong>Recommended reading (English):<\/strong><\/p>\n<ul>\n<li>Drummond MF, Sculpher MJ, Claxton K, Stoddart GL, Torrance GW. Methods for the Economic Evaluation of Health Care Programmes. Fourth edition 2015. Oxford University Press<\/li>\n<li>Bodrogi J, Kal\u00f3 Z. Principles of pharmacoeconomics and their impact on strategic imperatives of pharmaceutical research and development. Br J Pharmacol. 2010. 159(7):1367-73.<\/li>\n<li>Kov\u00e1cs S, N\u00e9meth B, Erd\u0151si D, Brodszky V, Boncz I, Kal\u00f3 Z, Zempl\u00e9nyi A. Should Hungary Pay More for a QALY Gain than Higher-Income Western European Countries?\u00a0Appl Health Econ Health Policy, 2022. 20(3). 291-303.<\/li>\n<li>Nagy B, Campbell JD, Kal\u00f3 Z. The Role of Modelling in Economic Evaluations in Health Care. E\u00f6tv\u00f6s University Press, Budapest, 2019. (<a href=\"https:\/\/www.eltereader.hu\/media\/2019\/07\/Nagy_Balazs_NT_WEB.pdf\">https:\/\/www.eltereader.hu\/media\/2019\/07\/Nagy_Balazs_NT_WEB.pdf<\/a>)<\/li>\n<li>Sullivan SD, Mauskopf JA, Augustovski F, Jaime Caro J, Lee KM, Minchin M, Orlewska E, Penna P, Rodriguez Barrios JM, Shau WY. Budget impact analysis-principles of good practice: report of the ISPOR 2012 Budget Impact Analysis Good Practice II Task Force. Value Health. 2014. 17(1):5-14.<\/li>\n<li>Garattini L, van de Vooren K. Budget impact analysis in economic evaluation: a proposal for a clearer definition. Eur J Health Econ. 2011. 12(6):499-502.<\/li>\n<li>Inotai A, Jakab I, Brixner D, Campbell J, Hawkins N, Kristensen L, Charokopou M, Mountian I, Szegvari B, Kal\u00f3 Z. Proposal for Capturing Patient Experience through Extended Value Frameworks of Health Technologies. J Manag Care Spec Pharm. 2021. 27(7). 936-947.<\/li>\n<li>Lakdawalla DN, Doshi JA, Garrison LP Jr, Phelps CE, Basu A, Danzon PM. Defining Elements of Value in Health Care-A Health Economics Approach: An ISPOR Special Task Force Report [3]. Value Health. 2018. 21(2):131-139<\/li>\n<li>Jakab I, Whittington MD, Franklin E, Raiola S, Campbell JD, Kal\u00f3 Z, McQueen RB. Patient and Payer Preferences for Additional Value Criteria. Frontiers in Pharmacology. 2021. 12:690021.<\/li>\n<li>Jakab I, N\u00e9meth B, Elezbawy B, Karaday\u0131 MA, Tozan H, Ayd\u0131n S, Shen J, Kal\u00f3 Z. Potential Criteria for Frameworks to Support the Evaluation of Innovative Medicines in Upper-Middle-Income Countries &#8211; A Systematic Literature Review on Value Frameworks and Multi-Criteria Decision Analyses. Frontiers in Pharmacology, 2020. 11. 1203.<\/li>\n<li>N\u00e9meth B, Goettsch W, Kristensen FB, Pinyazhko O, Hui\u0107 M, Tesa\u0159 T, Atanasijevic D, Lipska I, Kal\u00f3\u00a0Z. The transferability of health technology assessment &#8211; the European perspective with focus on Central and Eastern European countries,\u00a0Expert Rev Pharmacoecon Outcomes Res. 2020. 20. 4. 321\u2013329.<\/li>\n<li>Drummond M, Augustovski F, Kal\u00f3 Z, Yang BM, Pichon-Riviere A, Bae EZ, Kamal-Bahl S. Challenges faced in transferring economic evaluations to middle income countries. Int J Technol Assess Health Care. 2015. 31. 6. 442-8.<\/li>\n<\/ul>\n<p><strong>Recommended courses related to the topic<\/strong><\/p>\n<ul>\n<li>Applied health economics (Dr. Inotai Andr\u00e1s, Dr. Kal\u00f3 Zolt\u00e1n, Dr. Nagy Bal\u00e1zs)<\/li>\n<li>Health economic aspects of pharmaceutical R&amp;D decisions<\/li>\n<li>Prerecorded webinars to each topic are available upon request<\/li>\n<\/ul>\n<p><strong>2. Evidence synthesis related to the assessment of health technologies<\/strong><\/p>\n<p><strong>Topics:<\/strong><\/p>\n<ol>\n<li>Definition and importance of scientific evidence in health care and health technology assessment<\/li>\n<li>Classification of scientific evidence (according to study design \u00e9s publication types), aspects and barriers of their ranking<\/li>\n<li>Evidence generation methods (analysis of primary data, qualitative and quantitative evidence synthesis methods), definition and relationship of systematic literature review and meta-analysis<\/li>\n<li>Detailed methodology of systematic literature review (conditions and main steps of systematic review) and presentation of current international methodological guidelines (PRISMA, Cochrane Handbook)<\/li>\n<li>Applicability of systematic literature review, including advantages and limitations<\/li>\n<li>Main types of meta-analyises<\/li>\n<li>Methods for the description and evaluation of heterogeneity in meta-analyses<\/li>\n<li>Prevention and assessment of potential biases in meta-analyses<\/li>\n<li>Conditions of network meta-analyses and their evaluation<\/li>\n<\/ol>\n<p><strong>\u00a0<\/strong><strong>Recommended reading (English):<\/strong><\/p>\n<ul>\n<li>Cochrane Handbook for Systematic Reviews: <a href=\"https:\/\/training.cochrane.org\/handbook\/current\">https:\/\/training.cochrane.org\/handbook\/current<\/a><\/li>\n<li>PRISMA (Preferred Reporting Items for Systematic reviews and Meta-Analyses) statement: <a href=\"https:\/\/www.prisma-statement.org\/\">https:\/\/www.prisma-statement.org\/<\/a><\/li>\n<li>Evidence Synthesis for Decision Making in Healthcare &#8211; Nicky J. Welton, Alexander J. Sutton, Nicola Cooper, Keith R. Abrams, A. E. Ades, 2012, John Wiley &amp; Sons Ltd<\/li>\n<\/ul>\n<p><strong>Recommended courses related to the topic<\/strong><\/p>\n<ul>\n<li>Systematic literature review &amp; meta-analysis: a practical approach (Dr. Vok\u00f3 Zolt\u00e1n)<\/li>\n<li>Systematic review and meta-analysis in science and clinical practice I. (Dr. Hegyi P\u00e9ter)<\/li>\n<\/ul>\n","protected":false},"excerpt":{"rendered":"<p>Pharmaceutical Sciences and Health Technologies Division Health Technology Assessment Program Program co-ordinator: Prof. Dr. Zolt\u00e1n Kal\u00f3 For more information:\u00a0 <a href=\"https:\/\/semmelweis.hu\/phd\/en\/doctoral-divisions\/pharmaceutical-sciences-and-health-technologies-division\/\">https:\/\/semmelweis.hu\/phd\/en\/doctoral-divisions\/pharmaceutical-sciences-and-health-technologies-division\/<\/a> 1. Economic evaluation of health technologies Topics: Health technology assessment: definition, domains and applicability in health policy decisions Importance and classification of full economic evaluations Main types of economic models and recommendations for their use Steps &hellip;<\/p>\n","protected":false},"author":102171,"featured_media":0,"parent":601,"menu_order":4,"comment_status":"closed","ping_status":"closed","template":"","meta":{"_acf_changed":false,"footnotes":""},"categories":[],"tags":[],"class_list":["post-1073","page","type-page","status-publish","hentry"],"acf":[],"_links":{"self":[{"href":"https:\/\/semmelweis.hu\/hta\/wp-json\/wp\/v2\/pages\/1073","targetHints":{"allow":["GET"]}}],"collection":[{"href":"https:\/\/semmelweis.hu\/hta\/wp-json\/wp\/v2\/pages"}],"about":[{"href":"https:\/\/semmelweis.hu\/hta\/wp-json\/wp\/v2\/types\/page"}],"author":[{"embeddable":true,"href":"https:\/\/semmelweis.hu\/hta\/wp-json\/wp\/v2\/users\/102171"}],"replies":[{"embeddable":true,"href":"https:\/\/semmelweis.hu\/hta\/wp-json\/wp\/v2\/comments?post=1073"}],"version-history":[{"count":6,"href":"https:\/\/semmelweis.hu\/hta\/wp-json\/wp\/v2\/pages\/1073\/revisions"}],"predecessor-version":[{"id":1735,"href":"https:\/\/semmelweis.hu\/hta\/wp-json\/wp\/v2\/pages\/1073\/revisions\/1735"}],"up":[{"embeddable":true,"href":"https:\/\/semmelweis.hu\/hta\/wp-json\/wp\/v2\/pages\/601"}],"wp:attachment":[{"href":"https:\/\/semmelweis.hu\/hta\/wp-json\/wp\/v2\/media?parent=1073"}],"wp:term":[{"taxonomy":"category","embeddable":true,"href":"https:\/\/semmelweis.hu\/hta\/wp-json\/wp\/v2\/categories?post=1073"},{"taxonomy":"post_tag","embeddable":true,"href":"https:\/\/semmelweis.hu\/hta\/wp-json\/wp\/v2\/tags?post=1073"}],"curies":[{"name":"wp","href":"https:\/\/api.w.org\/{rel}","templated":true}]}}