{"id":101,"date":"2020-07-06T09:23:32","date_gmt":"2020-07-06T07:23:32","guid":{"rendered":"https:\/\/semmelweis.hu\/hta\/?page_id=101"},"modified":"2020-09-25T10:40:01","modified_gmt":"2020-09-25T08:40:01","slug":"kutatas","status":"publish","type":"page","link":"https:\/\/semmelweis.hu\/hta\/kutatas\/","title":{"rendered":"Kutat\u00e1s"},"content":{"rendered":"<p style=\"text-align: justify\">A k\u00f6zpont eg\u00e9szs\u00e9g\u00fcgyi technol\u00f3gia\u00e9rt\u00e9kel\u00e9ssel, azon bel\u00fcl kiemelten eg\u00e9szs\u00e9g-gazdas\u00e1gtani elemz\u00e9sekkel t\u00e1mogatja az Egyetem k\u00fcl\u00f6nb\u00f6z\u0151 Karain az eg\u00e9szs\u00e9g\u00fcgyi innov\u00e1ci\u00f3t, a tudom\u00e1nyos kutat\u00e1s-fejleszt\u00e9si projekteket a korai f\u00e1zist\u00f3l az esetleges piaci bevezet\u00e9sig. Annak \u00e9rdek\u00e9ben k\u00e9sz\u00fclnek ezek az elemz\u00e9sek, hogy a felfedez\u00e9sekb\u0151l min\u00e9l t\u00f6bb, gazdas\u00e1gilag is hasznos\u00edthat\u00f3 term\u00e9k, elj\u00e1r\u00e1s, szolg\u00e1ltat\u00e1s j\u00f6hessen l\u00e9tre. Az Egyetem sz\u00e1m\u00e1ra kiemelt strat\u00e9giai jelent\u0151s\u00e9ggel b\u00edr\u00f3, de k\u00f6zfinansz\u00edroz\u00f3i t\u00e1mogat\u00e1ssal nem rendelkez\u0151 technol\u00f3gi\u00e1k \u00e9s szolg\u00e1ltat\u00e1sok eset\u00e9ben a k\u00f6zpont koordin\u00e1lja a t\u00e1mogat\u00e1si k\u00e9relemhez sz\u00fcks\u00e9ges technol\u00f3gia \u00e9rt\u00e9kel\u00e9si dokument\u00e1ci\u00f3 \u00f6ssze\u00e1ll\u00edt\u00e1s\u00e1t. Mindezen koordin\u00e1ci\u00f3s tev\u00e9kenys\u00e9geket szorosan egy\u00fcttm\u0171k\u00f6dve v\u00e9gzi az illet\u00e9kes klinik\u00e1kkal \u00e9s egy\u00e9b szervezeti egys\u00e9gekkel. A k\u00f6zpont munkat\u00e1rsai mindemellett rendszeres publik\u00e1ci\u00f3s tev\u00e9kenys\u00e9get, szak\u00e9rt\u0151i munk\u00e1t folytatnak \u00e9s kutat\u00e1si p\u00e1ly\u00e1zatok \u00edr\u00e1s\u00e1ban vesznek r\u00e9szt.<\/p>\n","protected":false},"excerpt":{"rendered":"<p>A k\u00f6zpont eg\u00e9szs\u00e9g\u00fcgyi technol\u00f3gia\u00e9rt\u00e9kel\u00e9ssel, azon bel\u00fcl kiemelten eg\u00e9szs\u00e9g-gazdas\u00e1gtani elemz\u00e9sekkel t\u00e1mogatja az Egyetem k\u00fcl\u00f6nb\u00f6z\u0151 Karain az eg\u00e9szs\u00e9g\u00fcgyi innov\u00e1ci\u00f3t, a tudom\u00e1nyos kutat\u00e1s-fejleszt\u00e9si projekteket a korai f\u00e1zist\u00f3l az esetleges piaci bevezet\u00e9sig. Annak \u00e9rdek\u00e9ben k\u00e9sz\u00fclnek ezek az elemz\u00e9sek, hogy a felfedez\u00e9sekb\u0151l min\u00e9l t\u00f6bb, gazdas\u00e1gilag is hasznos\u00edthat\u00f3 term\u00e9k, elj\u00e1r\u00e1s, szolg\u00e1ltat\u00e1s j\u00f6hessen l\u00e9tre. Az Egyetem sz\u00e1m\u00e1ra kiemelt strat\u00e9giai jelent\u0151s\u00e9ggel b\u00edr\u00f3, de &hellip;<\/p>\n","protected":false},"author":101744,"featured_media":0,"parent":0,"menu_order":3,"comment_status":"closed","ping_status":"closed","template":"","meta":{"_acf_changed":false,"footnotes":""},"categories":[],"tags":[],"class_list":["post-101","page","type-page","status-publish","hentry"],"acf":[],"_links":{"self":[{"href":"https:\/\/semmelweis.hu\/hta\/wp-json\/wp\/v2\/pages\/101","targetHints":{"allow":["GET"]}}],"collection":[{"href":"https:\/\/semmelweis.hu\/hta\/wp-json\/wp\/v2\/pages"}],"about":[{"href":"https:\/\/semmelweis.hu\/hta\/wp-json\/wp\/v2\/types\/page"}],"author":[{"embeddable":true,"href":"https:\/\/semmelweis.hu\/hta\/wp-json\/wp\/v2\/users\/101744"}],"replies":[{"embeddable":true,"href":"https:\/\/semmelweis.hu\/hta\/wp-json\/wp\/v2\/comments?post=101"}],"version-history":[{"count":6,"href":"https:\/\/semmelweis.hu\/hta\/wp-json\/wp\/v2\/pages\/101\/revisions"}],"predecessor-version":[{"id":190,"href":"https:\/\/semmelweis.hu\/hta\/wp-json\/wp\/v2\/pages\/101\/revisions\/190"}],"wp:attachment":[{"href":"https:\/\/semmelweis.hu\/hta\/wp-json\/wp\/v2\/media?parent=101"}],"wp:term":[{"taxonomy":"category","embeddable":true,"href":"https:\/\/semmelweis.hu\/hta\/wp-json\/wp\/v2\/categories?post=101"},{"taxonomy":"post_tag","embeddable":true,"href":"https:\/\/semmelweis.hu\/hta\/wp-json\/wp\/v2\/tags?post=101"}],"curies":[{"name":"wp","href":"https:\/\/api.w.org\/{rel}","templated":true}]}}