{"id":82,"date":"2014-01-09T10:55:56","date_gmt":"2014-01-09T10:55:56","guid":{"rendered":"http:\/\/semmelweis.hu\/honved\/?page_id=82"},"modified":"2025-10-22T18:23:59","modified_gmt":"2025-10-22T16:23:59","slug":"munkatarsak","status":"publish","type":"page","link":"https:\/\/semmelweis.hu\/honved\/rolunk\/munkatarsak\/","title":{"rendered":"Munkat\u00e1rsak"},"content":{"rendered":"<p><strong>Tansz\u00e9kvezet\u0151:<br \/>\n<em><a href=\"https:\/\/semmelweis.hu\/telefonkonyv\/?emp_id=22729\">Prof. Dr. G\u00e1l J\u00e1nos PhD egyetemi tan\u00e1r<\/a><\/em><br \/>\n<\/strong><\/p>\n<p><strong>Tansz\u00e9kvezet\u0151-helyettes:<br \/>\n<em><a href=\"https:\/\/semmelweis.hu\/telefonkonyv\/?emp_id=22730\" target=\"_blank\" rel=\"noopener\">Dr. Orosz G\u00e1bor egyetemi tan\u00e1rseg\u00e9d<\/a><br \/>\n<\/em><\/strong><a href=\"https:\/\/semmelweis.hu\/telefonkonyv\/?emp_id=24062\"><em><strong>Dr. M\u00e1rtai Istv\u00e1n f\u0151orvos, mestertan\u00e1r<\/strong><\/em><\/a><\/p>\n<p><strong>Tudom\u00e1nyos szaktan\u00e1csad\u00f3:<br \/>\n<\/strong><em>Dr. Sv\u00e9d L\u00e1szl\u00f3 PhD ny\u00e1. alt\u00e1bornagy<br \/>\nDr. Faggyas Attila Ph.D.<\/em><\/p>\n<p><span class=\"tel-value\"><strong>Kiemelt kapcsolatok\u00e9rt felel\u0151s szak\u00e9rt\u0151:<\/strong><br \/>\n<em><a href=\"https:\/\/semmelweis.hu\/telefonkonyv\/?emp_id=22778\">K\u00f6nyves Melinda<\/a><\/em><br \/>\n<\/span><\/p>\n<p><strong>Nemzetk\u00f6zi referens:<br \/>\n<\/strong><a href=\"https:\/\/semmelweis.hu\/telefonkonyv\/?emp_id=10754\"><em>Marczin Bal\u00e1zs N\u00e1ndor<\/em><\/a><strong><br \/>\n<\/strong><\/p>\n<p><strong>Tanulm\u00e1nyi koordin\u00e1tor:<br \/>\n<\/strong><a href=\"https:\/\/semmelweis.hu\/telefonkonyv\/?emp_id=10740\" target=\"_blank\" rel=\"noopener\"><em>N\u00e9meth Be\u00e1ta Fl\u00f3ra<\/em><\/a><\/p>\n<p><strong>Tansz\u00e9k oktat\u00f3i:<\/strong><\/p>\n<ul>\n<li>Dr. Vekerdi Zolt\u00e1n PhD<\/li>\n<li>Dr. V\u00e1rhelyi Levente PhD<\/li>\n<li>Dr. Orosz G\u00e1bor<\/li>\n<li>Dr. M\u00e1rtai Istv\u00e1n<\/li>\n<li>Dr. P\u00e9ter \u00c1d\u00e1m<\/li>\n<li>M\u00e9sz\u00e1ros Istv\u00e1n<\/li>\n<\/ul>\n<p>&nbsp;<\/p>\n","protected":false},"excerpt":{"rendered":"<p>Tansz\u00e9kvezet\u0151:<br \/>\n<a href=\"https:\/\/semmelweis.hu\/telefonkonyv\/?emp_id=22729\">Prof. Dr. G\u00e1l J\u00e1nos PhD egyetemi tan\u00e1r<\/a><\/p>\n<p>Tansz\u00e9kvezet\u0151-helyettes:<br \/>\n<a href=\"https:\/\/semmelweis.hu\/telefonkonyv\/?emp_id=22730\" target=\"_blank\" rel=\"noopener\">Dr. Orosz G\u00e1bor egyetemi tan\u00e1rseg\u00e9d<\/a><br \/>\n<a href=\"https:\/\/semmelweis.hu\/telefonkonyv\/?emp_id=24062\">Dr. M\u00e1rtai Istv\u00e1n f\u0151orvos, mestertan\u00e1r<\/a><br \/>\nTudom\u00e1nyos szaktan\u00e1csad\u00f3:<br \/>\nDr. Sv\u00e9d L\u00e1szl\u00f3 PhD ny\u00e1. alt\u00e1bornagy<br \/>\nDr. Faggyas Attila Ph.D.<br \/>\nKiemelt kapcsolatok\u00e9rt felel\u0151s szak\u00e9rt\u0151:<br \/>\n<a href=\"https:\/\/semmelweis.hu\/telefonkonyv\/?emp_id=22778\">K\u00f6nyves Melinda<\/a><\/p>\n<p>Nemzetk\u00f6zi referens:<br \/>\n<a href=\"https:\/\/semmelweis.hu\/telefonkonyv\/?emp_id=10754\">Marczin Bal\u00e1zs N\u00e1ndor<\/a><\/p>\n<p>Tanulm\u00e1nyi koordin\u00e1tor:<br \/>\n<a href=\"https:\/\/semmelweis.hu\/telefonkonyv\/?emp_id=10740\" target=\"_blank\" rel=\"noopener\">N\u00e9meth Be\u00e1ta Fl\u00f3ra<\/a><br \/>\nTansz\u00e9k oktat\u00f3i:<\/p>\n<p>Dr. Vekerdi Zolt\u00e1n PhD<br \/>\nDr. V\u00e1rhelyi Levente PhD<br \/>\nDr. Orosz G\u00e1bor<br \/>\nDr. M\u00e1rtai Istv\u00e1n<br \/>\nDr. P\u00e9ter \u00c1d\u00e1m<br \/>\nM\u00e9sz\u00e1ros Istv\u00e1n<\/p>\n<p>&nbsp;<\/p>\n","protected":false},"author":12,"featured_media":0,"parent":6,"menu_order":3,"comment_status":"open","ping_status":"open","template":"","meta":{"_acf_changed":false,"footnotes":""},"categories":[7],"tags":[],"class_list":["post-82","page","type-page","status-publish","hentry","category-rolunk"],"acf":[],"_links":{"self":[{"href":"https:\/\/semmelweis.hu\/honved\/wp-json\/wp\/v2\/pages\/82","targetHints":{"allow":["GET"]}}],"collection":[{"href":"https:\/\/semmelweis.hu\/honved\/wp-json\/wp\/v2\/pages"}],"about":[{"href":"https:\/\/semmelweis.hu\/honved\/wp-json\/wp\/v2\/types\/page"}],"author":[{"embeddable":true,"href":"https:\/\/semmelweis.hu\/honved\/wp-json\/wp\/v2\/users\/12"}],"replies":[{"embeddable":true,"href":"https:\/\/semmelweis.hu\/honved\/wp-json\/wp\/v2\/comments?post=82"}],"version-history":[{"count":13,"href":"https:\/\/semmelweis.hu\/honved\/wp-json\/wp\/v2\/pages\/82\/revisions"}],"predecessor-version":[{"id":568,"href":"https:\/\/semmelweis.hu\/honved\/wp-json\/wp\/v2\/pages\/82\/revisions\/568"}],"up":[{"embeddable":true,"href":"https:\/\/semmelweis.hu\/honved\/wp-json\/wp\/v2\/pages\/6"}],"wp:attachment":[{"href":"https:\/\/semmelweis.hu\/honved\/wp-json\/wp\/v2\/media?parent=82"}],"wp:term":[{"taxonomy":"category","embeddable":true,"href":"https:\/\/semmelweis.hu\/honved\/wp-json\/wp\/v2\/categories?post=82"},{"taxonomy":"post_tag","embeddable":true,"href":"https:\/\/semmelweis.hu\/honved\/wp-json\/wp\/v2\/tags?post=82"}],"curies":[{"name":"wp","href":"https:\/\/api.w.org\/{rel}","templated":true}]}}