{"id":77,"date":"2014-01-09T10:46:21","date_gmt":"2014-01-09T10:46:21","guid":{"rendered":"http:\/\/semmelweis.hu\/honved\/?page_id=77"},"modified":"2024-05-31T15:48:22","modified_gmt":"2024-05-31T13:48:22","slug":"partnerek","status":"publish","type":"page","link":"https:\/\/semmelweis.hu\/honved\/partnerek\/","title":{"rendered":"Partnerek"},"content":{"rendered":"<ul>\n<li><a href=\"https:\/\/www.mhek.hu\/\">Magyar Honv\u00e9ds\u00e9g Eg\u00e9szs\u00e9g\u00fcgyi K\u00f6zpont<\/a><\/li>\n<li><a href=\"https:\/\/epc.euintezmeny.hu\/\">\u00c9szak-Pesti Centrumk\u00f3rh\u00e1z &#8211; Honv\u00e9dk\u00f3rh\u00e1z<\/a><\/li>\n<li><a href=\"https:\/\/www.coemed.org\/\">NATO Katona-eg\u00e9szs\u00e9g\u00fcgyi Kiv\u00e1l\u00f3s\u00e1gi K\u00f6zpont<\/a><\/li>\n<li><a href=\"http:\/\/tek.gov.hu\/\" target=\"_blank\" rel=\"noopener\">Terrorelh\u00e1r\u00edt\u00e1si K\u00f6zpont<\/a><\/li>\n<li><a href=\"http:\/\/uni-nke.hu\/\" target=\"_blank\" rel=\"noopener\">Nemzeti K\u00f6zszolg\u00e1lati Egyetem<\/a><\/li>\n<li><a href=\"http:\/\/www.mkkot.hu\/\" target=\"_blank\" rel=\"noopener\">Magyar Katonai- Katasztr\u00f3faorvostani T\u00e1rsas\u00e1g<\/a><\/li>\n<li><a href=\"http:\/\/www.police.hu\/\" target=\"_blank\" rel=\"noopener\">Orsz\u00e1gos Rend\u0151r-f\u0151kapit\u00e1nys\u00e1g<\/a><\/li>\n<li><a href=\"http:\/\/www.mentok.hu\/\" target=\"_blank\" rel=\"noopener\">Orsz\u00e1gos Ment\u0151szolg\u00e1lat<\/a><\/li>\n<li><a href=\"http:\/\/www.katasztrofavedelem.hu\/\" target=\"_blank\" rel=\"noopener\">BM Orsz\u00e1gos Katasztr\u00f3fav\u00e9delmi F\u0151igazgat\u00f3s\u00e1g<\/a><\/li>\n<\/ul>\n","protected":false},"excerpt":{"rendered":"<p><a href=\"https:\/\/www.mhek.hu\/\">Magyar Honv\u00e9ds\u00e9g Eg\u00e9szs\u00e9g\u00fcgyi K\u00f6zpont<\/a><br \/>\n<a href=\"https:\/\/epc.euintezmeny.hu\/\">\u00c9szak-Pesti Centrumk\u00f3rh\u00e1z &#8211; Honv\u00e9dk\u00f3rh\u00e1z<\/a><br \/>\n<a href=\"https:\/\/www.coemed.org\/\">NATO Katona-eg\u00e9szs\u00e9g\u00fcgyi Kiv\u00e1l\u00f3s\u00e1gi K\u00f6zpont<\/a><br \/>\n<a href=\"http:\/\/tek.gov.hu\/\" target=\"_blank\" rel=\"noopener\">Terrorelh\u00e1r\u00edt\u00e1si K\u00f6zpont<\/a><br \/>\n<a href=\"http:\/\/uni-nke.hu\/\" target=\"_blank\" rel=\"noopener\">Nemzeti K\u00f6zszolg\u00e1lati Egyetem<\/a><br \/>\n<a href=\"http:\/\/www.mkkot.hu\/\" target=\"_blank\" rel=\"noopener\">Magyar Katonai- Katasztr\u00f3faorvostani T\u00e1rsas\u00e1g<\/a><br \/>\n<a href=\"http:\/\/www.police.hu\/\" target=\"_blank\" rel=\"noopener\">Orsz\u00e1gos Rend\u0151r-f\u0151kapit\u00e1nys\u00e1g<\/a><br \/>\n<a href=\"http:\/\/www.mentok.hu\/\" target=\"_blank\" rel=\"noopener\">Orsz\u00e1gos Ment\u0151szolg\u00e1lat<\/a><br \/>\n<a href=\"http:\/\/www.katasztrofavedelem.hu\/\" target=\"_blank\" rel=\"noopener\">BM Orsz\u00e1gos Katasztr\u00f3fav\u00e9delmi F\u0151igazgat\u00f3s\u00e1g<\/a><\/p>\n","protected":false},"author":12,"featured_media":0,"parent":0,"menu_order":4,"comment_status":"open","ping_status":"open","template":"","meta":{"_acf_changed":false,"footnotes":""},"categories":[],"tags":[],"class_list":["post-77","page","type-page","status-publish","hentry"],"acf":[],"_links":{"self":[{"href":"https:\/\/semmelweis.hu\/honved\/wp-json\/wp\/v2\/pages\/77","targetHints":{"allow":["GET"]}}],"collection":[{"href":"https:\/\/semmelweis.hu\/honved\/wp-json\/wp\/v2\/pages"}],"about":[{"href":"https:\/\/semmelweis.hu\/honved\/wp-json\/wp\/v2\/types\/page"}],"author":[{"embeddable":true,"href":"https:\/\/semmelweis.hu\/honved\/wp-json\/wp\/v2\/users\/12"}],"replies":[{"embeddable":true,"href":"https:\/\/semmelweis.hu\/honved\/wp-json\/wp\/v2\/comments?post=77"}],"version-history":[{"count":11,"href":"https:\/\/semmelweis.hu\/honved\/wp-json\/wp\/v2\/pages\/77\/revisions"}],"predecessor-version":[{"id":479,"href":"https:\/\/semmelweis.hu\/honved\/wp-json\/wp\/v2\/pages\/77\/revisions\/479"}],"wp:attachment":[{"href":"https:\/\/semmelweis.hu\/honved\/wp-json\/wp\/v2\/media?parent=77"}],"wp:term":[{"taxonomy":"category","embeddable":true,"href":"https:\/\/semmelweis.hu\/honved\/wp-json\/wp\/v2\/categories?post=77"},{"taxonomy":"post_tag","embeddable":true,"href":"https:\/\/semmelweis.hu\/honved\/wp-json\/wp\/v2\/tags?post=77"}],"curies":[{"name":"wp","href":"https:\/\/api.w.org\/{rel}","templated":true}]}}