{"id":70,"date":"2014-01-09T10:37:18","date_gmt":"2014-01-09T10:37:18","guid":{"rendered":"http:\/\/semmelweis.hu\/honved\/?page_id=70"},"modified":"2022-07-27T14:42:48","modified_gmt":"2022-07-27T12:42:48","slug":"szakvizsga","status":"publish","type":"page","link":"https:\/\/semmelweis.hu\/honved\/oktatas\/szakvizsga\/","title":{"rendered":"Szakvizsga"},"content":{"rendered":"<p style=\"text-align: justify;\"><strong>Honv\u00e9d-, katasztr\u00f3fa- \u00e9s rendv\u00e9delem orvostan\u00a0<\/strong>\u00fajabb els\u0151k\u00e9nt megszerezhet\u0151 szakk\u00e9pes\u00edt\u00e9s. 1994-ben szakvizsg\u00e1ztak el\u0151sz\u00f6r <em>honv\u00e9dorvostan-katasztr\u00f3fa-orvostan<\/em>b\u00f3l, mely 2013-ban b\u0151v\u00fclt ki a <em>rendv\u00e9delem orvostan<\/em>nal.<\/p>\n<ul>\n<li><a href=\"https:\/\/semmelweis.hu\/szak-es-tovabbkepzes\/files\/2020\/02\/Honv%C3%A9d-katasztr%C3%B3fa-%C3%A9s-rendv%C3%A9delem-orvostan-jav%C3%ADtott.pdf\" target=\"_blank\" rel=\"noopener\">T\u00f6rzsk\u00e9pz\u00e9si id\u0151szak munkaterve<\/a><\/li>\n<li><a href=\"https:\/\/semmelweis.hu\/szak-es-tovabbkepzes\/files\/2020\/02\/Honv%C3%A9d-katasztr%C3%B3fa-%C3%A9s-rendv%C3%A9delem-orvostan-1-jav%C3%ADtott.pdf\" target=\"_blank\" rel=\"noopener\">Szakgyakorlati id\u0151 munkaterve<\/a><\/li>\n<li><a href=\"https:\/\/semmelweis.hu\/szak-es-tovabbkepzes\/aok\/akkreditacio\/\" target=\"_blank\" rel=\"noopener\">Akkredit\u00e1lt k\u00e9pz\u0151helyek<\/a><\/li>\n<li><a href=\"https:\/\/semmelweis.hu\/szak-es-tovabbkepzes\/files\/2021\/02\/T%C3%A1j%C3%A9kozat%C3%B3-szakorvosk%C3%A9pz%C3%A9s-megkezd%C3%A9s%C3%A9hez-2021.pdf\" target=\"_blank\" rel=\"noopener\">Szakk\u00e9pz\u00e9sbe l\u00e9p\u00e9shez inform\u00e1ci\u00f3<\/a><\/li>\n<\/ul>\n<p><a href=\"https:\/\/net.jogtar.hu\/jogszabaly?docid=a1200022.emm\" target=\"_blank\" rel=\"noopener\">A teljes jogszab\u00e1ly itt olvashat\u00f3<\/a>, melyb\u0151l a Honv\u00e9d-, Katasztr\u00f3fa- \u00e9s Rendv\u00e9delem Orvostan k\u00e9pz\u00e9sre vonatkoz\u00f3 inform\u00e1ci\u00f3:<\/p>\n<div class=\"entry-content\">\n<p style=\"text-align: center;\">22\/2012. (IX. 14.) EMMI rendelet\u00a0az eg\u00e9szs\u00e9g\u00fcgyi fels\u0151fok\u00fa szakir\u00e1ny\u00fa szakk\u00e9pes\u00edt\u00e9s megszerz\u00e9s\u00e9r\u0151l<\/p>\n<p style=\"text-align: center;\"><strong>2. mell\u00e9klet a 22\/2012. (IX. 14.) EMMI rendelethez<\/strong><\/p>\n<p style=\"text-align: center;\">Szakorvosi alap-szakk\u00e9pz\u00e9si programok<\/p>\n<h5 id=\"pr622id\" class=\" cf4 agc\" style=\"text-align: center;\" data-tid=\"625\">16. HONV\u00c9D-, KATASZTR\u00d3FA- \u00c9S RENDV\u00c9DELEM ORVOSTAN<\/h5>\n<p id=\"pr623id\" class=\" cf0 agj\" data-tid=\"626\">1. K\u00e9pz\u00e9si id\u0151: 60 h\u00f3nap<\/p>\n<p id=\"pr624id\" class=\" cf0 agj\" data-tid=\"627\">2. K\u00e9pz\u00e9si program:<\/p>\n<p id=\"pr625id\" class=\" cf0 agj\" data-tid=\"628\">2.1.\u00a024 h\u00f3 t\u00f6rzsk\u00e9pz\u00e9si program:<\/p>\n<ol style=\"list-style-type: lower-alpha;\">\n<li id=\"pr626id\" class=\" cf0 agj\" data-tid=\"629\">6 h\u00f3 s\u00fcrg\u0151ss\u00e9gi gyakorlat<\/li>\n<li class=\" cf0 agj\" data-tid=\"629\">1 h\u00f3 t\u00f6rzsk\u00e9pz\u00e9si tanfolyamok<\/li>\n<li id=\"pr628id\" class=\" cf0 agj\" data-tid=\"631\">3 h\u00f3 seb\u00e9szeti t\u00edpus\u00fa t\u00f6rzsk\u00e9pz\u00e9s<\/li>\n<li id=\"pr629id\" class=\" cf0 agj\" data-tid=\"632\">\u00a0h\u00f3 belgy\u00f3gy\u00e1szati t\u00edpus\u00fa t\u00f6rzsk\u00e9pz\u00e9s, ebb\u0151l:\n<ol style=\"list-style-type: lower-alpha;\">\n<li class=\" cf0 agj\" data-tid=\"632\">2 h\u00e9t transzf\u00fazi\u00f3s tanfolyam<\/li>\n<li class=\" cf0 agj\" data-tid=\"632\">2 h\u00e9t EKG tanfolyam<\/li>\n<\/ol>\n<\/li>\n<li class=\" cf0 agj\" data-tid=\"632\">7 h\u00f3 ellen\u0151rz\u0151 csapatorvosi gyakorlat, ebb\u0151l: 3 h\u00e9t k\u00f6telez\u0151 tanfolyam<\/li>\n<li class=\" cf0 agj\" data-tid=\"632\">1 h\u00f3 k\u00f6zeg\u00e9szs\u00e9g\u00fcgyi-j\u00e1rv\u00e1ny\u00fcgyi gyakorlat<\/li>\n<li class=\" cf0 agj\" data-tid=\"632\">1 h\u00f3 megel\u0151z\u0151 orvostani gyakorlat<\/li>\n<li class=\" cf0 agj\" data-tid=\"632\">2 h\u00f3 rendv\u00e9delem gyakorlat<\/li>\n<\/ol>\n<p id=\"pr636id\" class=\" cf0 agj\" data-tid=\"639\">2.2.\u00a036 h\u00f3 szakgyakorlati k\u00e9pz\u00e9s:<\/p>\n<p id=\"pr637id\" class=\" cf0 agj\" data-tid=\"640\">7 h\u00f3 seb\u00e9szet, ebb\u0151l: 1 h\u00e9t katasztr\u00f3fa-orvostani tanfolyam<\/p>\n<ol style=\"list-style-type: lower-alpha;\">\n<li id=\"pr638id\" class=\" cf0 agj\" data-tid=\"641\">7 h\u00f3 seb\u00e9szet, ebb\u0151l: 1 h\u00e9t katasztr\u00f3fa-orvostani tanfolyam<\/li>\n<li id=\"pr639id\" class=\" cf0 agj\" data-tid=\"642\">7 h\u00f3 belgy\u00f3gy\u00e1szat, ebb\u0151l: 1 h\u00e9t katona-orvostan tanfolyam<\/li>\n<li id=\"pr640id\" class=\" cf0 agj\" data-tid=\"643\">2 h\u00f3 aneszteziol\u00f3gia \u00e9s intenz\u00edv ter\u00e1pia<\/li>\n<li id=\"pr641id\" class=\" cf0 agj\" data-tid=\"644\">1 h\u00f3 radiol\u00f3gia<\/li>\n<li id=\"pr642id\" class=\" cf0 agj\" data-tid=\"645\">1 h\u00f3 klinikai laborat\u00f3riumi gyakorlat<\/li>\n<li id=\"pr643id\" class=\" cf0 agj\" data-tid=\"646\">1 h\u00f3 k\u00f6zeg\u00e9szs\u00e9gtani \u00e9s j\u00e1rv\u00e1nytani gyakorlat<\/li>\n<li id=\"pr644id\" class=\" cf0 agj\" data-tid=\"647\">1 h\u00f3 foglalkoz\u00e1s-eg\u00e9szs\u00e9g\u00fcgyi gyakorlat<\/li>\n<li id=\"pr645id\" class=\" cf0 agj\" data-tid=\"648\">14 h\u00f3 m\u0171k\u00f6dtet\u00e9si gyakorlat, ebb\u0151l: 2 h\u00e9t speci\u00e1lis tanfolyamok: katona-eg\u00e9szs\u00e9g\u00fcgyi, szakharc\u00e1szati, vezet\u00e9si, szervez\u00e9si ismeretek, ABV v\u00e9delmi eg\u00e9szs\u00e9g\u00fcgyi ismeretek, k\u00f6zeg\u00e9szs\u00e9gtan \u00e9s j\u00e1rv\u00e1nytani ismeretek, eg\u00e9szs\u00e9g\u00fcgyi logisztikai ismeretek, rendv\u00e9delem eg\u00e9szs\u00e9g\u00fcgyi, pszichol\u00f3giai \u00e9s igazgat\u00e1si ismeretek<\/li>\n<li id=\"pr646id\" class=\" cf0 agj\" data-tid=\"649\">1 h\u00f3 oxyol\u00f3gia<\/li>\n<li id=\"pr647id\" class=\" cf0 agj\" data-tid=\"650\">1 h\u00f3 s\u00fcrg\u0151ss\u00e9gi orvostan<\/li>\n<\/ol>\n<p id=\"pr648id\" class=\" cf0 agj\" data-tid=\"651\">3. Szakvizsg\u00e1ra bocs\u00e1t\u00e1s egy\u00e9b felt\u00e9telei\u00a0&#8211;<\/p>\n<\/div>\n","protected":false},"excerpt":{"rendered":"<p>Honv\u00e9d-, katasztr\u00f3fa- \u00e9s rendv\u00e9delem orvostan\u00a0\u00fajabb els\u0151k\u00e9nt megszerezhet\u0151 szakk\u00e9pes\u00edt\u00e9s. 1994-ben szakvizsg\u00e1ztak el\u0151sz\u00f6r honv\u00e9dorvostan-katasztr\u00f3fa-orvostanb\u00f3l, mely 2013-ban b\u0151v\u00fclt ki a rendv\u00e9delem orvostannal. <a href=\"https:\/\/semmelweis.hu\/szak-es-tovabbkepzes\/files\/2020\/02\/Honv%C3%A9d-katasztr%C3%B3fa-%C3%A9s-rendv%C3%A9delem-orvostan-jav%C3%ADtott.pdf\" target=\"_blank\" rel=\"noopener\">T\u00f6rzsk\u00e9pz\u00e9si id\u0151szak munkaterve<\/a> <a href=\"https:\/\/semmelweis.hu\/szak-es-tovabbkepzes\/files\/2020\/02\/Honv%C3%A9d-katasztr%C3%B3fa-%C3%A9s-rendv%C3%A9delem-orvostan-1-jav%C3%ADtott.pdf\" target=\"_blank\" rel=\"noopener\">Szakgyakorlati id\u0151 munkaterve<\/a> <a href=\"https:\/\/semmelweis.hu\/szak-es-tovabbkepzes\/aok\/akkreditacio\/\" target=\"_blank\" rel=\"noopener\">Akkredit\u00e1lt k\u00e9pz\u0151helyek<\/a> <a href=\"https:\/\/semmelweis.hu\/szak-es-tovabbkepzes\/files\/2021\/02\/T%C3%A1j%C3%A9kozat%C3%B3-szakorvosk%C3%A9pz%C3%A9s-megkezd%C3%A9s%C3%A9hez-2021.pdf\" target=\"_blank\" rel=\"noopener\">Szakk\u00e9pz\u00e9sbe l\u00e9p\u00e9shez inform\u00e1ci\u00f3<\/a> <a href=\"https:\/\/net.jogtar.hu\/jogszabaly?docid=a1200022.emm\" target=\"_blank\" rel=\"noopener\">A teljes jogszab\u00e1ly itt olvashat\u00f3<\/a> , melyb\u0151l a Honv\u00e9d-, Katasztr\u00f3fa- \u00e9s Rendv\u00e9delem Orvostan k\u00e9pz\u00e9sre vonatkoz\u00f3 inform\u00e1ci\u00f3: 22\/2012. (IX. 14.) EMMI rendelet\u00a0az eg\u00e9szs\u00e9g\u00fcgyi fels\u0151fok\u00fa szakir\u00e1ny\u00fa szakk\u00e9pes\u00edt\u00e9s megszerz\u00e9s\u00e9r\u0151l 2. mell\u00e9klet a 22\/2012. (IX. 14.) EMMI rendelethez Szakorvosi alap-szakk\u00e9pz\u00e9si programok 16. HONV\u00c9D-, KATASZTR\u00d3FA- \u00c9S &hellip;<\/p>\n","protected":false},"author":12,"featured_media":0,"parent":49,"menu_order":4,"comment_status":"open","ping_status":"open","template":"","meta":{"_acf_changed":false,"footnotes":""},"categories":[8],"tags":[],"class_list":["post-70","page","type-page","status-publish","hentry","category-oktatas"],"acf":[],"_links":{"self":[{"href":"https:\/\/semmelweis.hu\/honved\/wp-json\/wp\/v2\/pages\/70","targetHints":{"allow":["GET"]}}],"collection":[{"href":"https:\/\/semmelweis.hu\/honved\/wp-json\/wp\/v2\/pages"}],"about":[{"href":"https:\/\/semmelweis.hu\/honved\/wp-json\/wp\/v2\/types\/page"}],"author":[{"embeddable":true,"href":"https:\/\/semmelweis.hu\/honved\/wp-json\/wp\/v2\/users\/12"}],"replies":[{"embeddable":true,"href":"https:\/\/semmelweis.hu\/honved\/wp-json\/wp\/v2\/comments?post=70"}],"version-history":[{"count":11,"href":"https:\/\/semmelweis.hu\/honved\/wp-json\/wp\/v2\/pages\/70\/revisions"}],"predecessor-version":[{"id":440,"href":"https:\/\/semmelweis.hu\/honved\/wp-json\/wp\/v2\/pages\/70\/revisions\/440"}],"up":[{"embeddable":true,"href":"https:\/\/semmelweis.hu\/honved\/wp-json\/wp\/v2\/pages\/49"}],"wp:attachment":[{"href":"https:\/\/semmelweis.hu\/honved\/wp-json\/wp\/v2\/media?parent=70"}],"wp:term":[{"taxonomy":"category","embeddable":true,"href":"https:\/\/semmelweis.hu\/honved\/wp-json\/wp\/v2\/categories?post=70"},{"taxonomy":"post_tag","embeddable":true,"href":"https:\/\/semmelweis.hu\/honved\/wp-json\/wp\/v2\/tags?post=70"}],"curies":[{"name":"wp","href":"https:\/\/api.w.org\/{rel}","templated":true}]}}