{"id":7,"date":"2012-02-02T16:36:10","date_gmt":"2012-02-02T16:36:10","guid":{"rendered":"http:\/\/semmelweis-egyetem.hu\/honved\/?page_id=7"},"modified":"2024-06-03T10:35:29","modified_gmt":"2024-06-03T08:35:29","slug":"szakmai-profilok","status":"publish","type":"page","link":"https:\/\/semmelweis.hu\/honved\/szakmai-profilok\/","title":{"rendered":"Szakmai profilok"},"content":{"rendered":"<ul>\n<li style=\"text-align: justify\">A katona \u00e9s katasztr\u00f3fa-orvostan szervez\u00e9si, oktat\u00e1si \u00e9s tudom\u00e1nyos k\u00e9rd\u00e9sei<\/li>\n<li style=\"text-align: justify\">Sz\u00e9lesk\u00f6r\u0171 hazai \u00e9s nemzetk\u00f6zi egy\u00fcttm\u0171k\u00f6d\u00e9si kapcsolatfejleszt\u00e9s a katonaorvostan, a katasztr\u00f3fa-orvostan \u00e9s a rendv\u00e9delem-orvostan ter\u00fclet\u00e9n<\/li>\n<li style=\"text-align: justify\">A Semmelweis Egyetem \u00e9s a NATO Katonaeg\u00e9szs\u00e9g\u00fcgyi Kiv\u00e1l\u00f3s\u00e1gi K\u00f6zponttal (KEKK) a t\u00f6bb \u00e9vre visszatekint\u0151 egy\u00fcttm\u0171k\u00f6d\u00e9s folytat\u00e1sa<\/li>\n<li style=\"text-align: justify\">A Semmelweis Egyetem \u00e9s a K\u00f6zszolg\u00e1lati Egyetem k\u00f6z\u00f6tti szerz\u0151d\u00e9s keret\u00e9ben tudom\u00e1nyos egy\u00fcttm\u0171k\u00f6d\u00e9s a K\u00f6zszolg\u00e1lati Egyetem k\u00fcl\u00f6nb\u00f6z\u0151 tansz\u00e9keivel<\/li>\n<li style=\"text-align: justify\">A vil\u00e1gban bek\u00f6vetkezett \u00e9s irodalmilag feldolgozott katasztr\u00f3f\u00e1k figyelemmel k\u00eds\u00e9r\u00e9se, szerzett tapasztalatok feldolgoz\u00e1sa \u00e9s a magyarorsz\u00e1gi viszonyokra t\u00f6rt\u00e9n\u0151 alkalmaz\u00e1sa<\/li>\n<li style=\"text-align: justify\">A t\u00e9m\u00e1val \u00f6sszef\u00fcgg\u0151 tanfolyamok szervez\u00e9se \u00e9s lebonyol\u00edt\u00e1sa, a szakma ir\u00e1nt \u00e9rdekl\u0151d\u0151, fegyveres test\u00fcletekhez tartoz\u00f3 \u00e9s a polg\u00e1ri \u00e9letben dolgoz\u00f3 orvosok r\u00e9sz\u00e9re<\/li>\n<li style=\"text-align: justify\">A \u201eKatasztr\u00f3fa-felsz\u00e1mol\u00e1s eg\u00e9szs\u00e9g\u00fcgyi alapjai\u201d c\u00edmmel magyar, angol \u00e9s n\u00e9met nyelv\u0171 gradu\u00e1lis oktat\u00e1s<\/li>\n<li>&#8222;Katasztr\u00f3famedicina&#8221; c\u00edmmel magyar nyelv\u0171 gradu\u00e1lis oktat\u00e1s\u00a0<\/li>\n<li style=\"text-align: justify\">A szak\u00e1ghoz tartoz\u00f3 gyakornokok oktat\u00e1sa, elm\u00e9leti \u00e9s gyakorlati foglalkoz\u00e1saik szervez\u00e9se<\/li>\n<li style=\"text-align: justify\">A Honv\u00e9d-, katasztr\u00f3fa\u00ad-, \u00e9s rendv\u00e9delem orvostan szakvizsg\u00e1ra t\u00f6rt\u00e9n\u0151 felk\u00e9sz\u00edt\u00e9s<\/li>\n<li style=\"text-align: justify\">Szakvizsga el\u0151k\u00e9sz\u00edt\u0151 tanfolyam lebonyol\u00edt\u00e1sa, szakvizsg\u00e1ztat\u00e1s<\/li>\n<\/ul>\n","protected":false},"excerpt":{"rendered":"<p>A katona \u00e9s katasztr\u00f3fa-orvostan szervez\u00e9si, oktat\u00e1si \u00e9s tudom\u00e1nyos k\u00e9rd\u00e9sei Sz\u00e9lesk\u00f6r\u0171 hazai \u00e9s nemzetk\u00f6zi egy\u00fcttm\u0171k\u00f6d\u00e9si kapcsolatfejleszt\u00e9s a katonaorvostan, a katasztr\u00f3fa-orvostan \u00e9s a rendv\u00e9delem-orvostan ter\u00fclet\u00e9n A Semmelweis Egyetem \u00e9s a NATO Katonaeg\u00e9szs\u00e9g\u00fcgyi Kiv\u00e1l\u00f3s\u00e1gi K\u00f6zponttal (KEKK) a t\u00f6bb \u00e9vre visszatekint\u0151 egy\u00fcttm\u0171k\u00f6d\u00e9s folytat\u00e1sa A Semmelweis Egyetem \u00e9s a K\u00f6zszolg\u00e1lati Egyetem k\u00f6z\u00f6tti szerz\u0151d\u00e9s keret\u00e9ben tudom\u00e1nyos egy\u00fcttm\u0171k\u00f6d\u00e9s a K\u00f6zszolg\u00e1lati Egyetem k\u00fcl\u00f6nb\u00f6z\u0151 &hellip;<\/p>\n","protected":false},"author":87,"featured_media":0,"parent":0,"menu_order":2,"comment_status":"open","ping_status":"open","template":"","meta":{"_acf_changed":false,"footnotes":""},"categories":[],"tags":[],"class_list":["post-7","page","type-page","status-publish","hentry"],"acf":[],"_links":{"self":[{"href":"https:\/\/semmelweis.hu\/honved\/wp-json\/wp\/v2\/pages\/7","targetHints":{"allow":["GET"]}}],"collection":[{"href":"https:\/\/semmelweis.hu\/honved\/wp-json\/wp\/v2\/pages"}],"about":[{"href":"https:\/\/semmelweis.hu\/honved\/wp-json\/wp\/v2\/types\/page"}],"author":[{"embeddable":true,"href":"https:\/\/semmelweis.hu\/honved\/wp-json\/wp\/v2\/users\/87"}],"replies":[{"embeddable":true,"href":"https:\/\/semmelweis.hu\/honved\/wp-json\/wp\/v2\/comments?post=7"}],"version-history":[{"count":9,"href":"https:\/\/semmelweis.hu\/honved\/wp-json\/wp\/v2\/pages\/7\/revisions"}],"predecessor-version":[{"id":496,"href":"https:\/\/semmelweis.hu\/honved\/wp-json\/wp\/v2\/pages\/7\/revisions\/496"}],"wp:attachment":[{"href":"https:\/\/semmelweis.hu\/honved\/wp-json\/wp\/v2\/media?parent=7"}],"wp:term":[{"taxonomy":"category","embeddable":true,"href":"https:\/\/semmelweis.hu\/honved\/wp-json\/wp\/v2\/categories?post=7"},{"taxonomy":"post_tag","embeddable":true,"href":"https:\/\/semmelweis.hu\/honved\/wp-json\/wp\/v2\/tags?post=7"}],"curies":[{"name":"wp","href":"https:\/\/api.w.org\/{rel}","templated":true}]}}