{"id":61,"date":"2014-01-09T10:29:59","date_gmt":"2014-01-09T10:29:59","guid":{"rendered":"http:\/\/semmelweis.hu\/honved\/?page_id=61"},"modified":"2026-03-09T15:14:08","modified_gmt":"2026-03-09T14:14:08","slug":"posztgradualis-orvoskepzes","status":"publish","type":"page","link":"https:\/\/semmelweis.hu\/honved\/oktatas\/posztgradualis-orvoskepzes\/","title":{"rendered":"Posztgradu\u00e1lis orvosk\u00e9pz\u00e9s"},"content":{"rendered":"<p style=\"text-align: justify\">Tansz\u00e9k\u00fcnk t\u00f6bb tanfolyamot szervez, \u00edgy a szakvizsga el\u0151tti k\u00f6telez\u0151 tanfolyamot, szintentart\u00f3 \u00e9s szabadon v\u00e1laszthat\u00f3 tanfolyamot, valamint konferenci\u00e1t \u00e9s t\u00e1voktat\u00e1st is.<\/p>\n<div class=\"fontos_div\">\n<p style=\"text-align: center\"><span style=\"color: #000000\">A<\/span> <em><b>&#8222;Honv\u00e9d-, katasztr\u00f3fa- \u00e9s rendv\u00e9delem orvostan k\u00f6telez\u0151 szintentart\u00f3 tanfolyam szakorvosok r\u00e9sz\u00e9re<\/b><strong>&#8222;<\/strong><\/em> <span style=\"color: #000000\">c\u00edm\u0171 tov\u00e1bbk\u00e9pz\u00e9st 2024. november 04-07. k\u00f6z\u00f6tt tartottuk.\u00a0<\/span><\/p>\n<p style=\"text-align: center\">A k\u00f6vetkez\u0151 k\u00f6telez\u0151 szintentart\u00f3 v\u00e1rhat\u00f3an 2027-2028. k\u00f6z\u00f6tt ker\u00fcl majd megrendez\u00e9sre.<\/p>\n<p style=\"text-align: center\">\u00a0<\/p>\n<p>&nbsp;<\/p>\n<p style=\"text-align: center\"><strong style=\"background-color: transparent;font-size: 22px;text-transform: uppercase\">AKTU\u00c1LIS TANFOLYAMOK, RENDEZV\u00c9NYEK<br \/>\n(2026)<\/strong><\/p>\n<\/div>\n<p style=\"text-align: center\"><strong>I. f\u00e9l\u00e9v<\/strong><\/p>\n<ul>\n<li><a href=\"https:\/\/oftex.hu\/project_o\/actual_prg\/system\/launch.php?pg=.\/oftex\/TANF_Adatlap.php?msgid=94244&amp;tableid=0&amp;retcode=tanflist\">NATO Patient Evacuation Coordination Cell (PECC) Course<\/a><\/li>\n<li><a href=\"https:\/\/oftex.hu\/project_o\/actual_prg\/system\/launch.php?pg=.\/oftex\/TANF_Adatlap.php?msgid=94245&amp;tableid=0&amp;retcode=tanflist\">Major Incident Medical Management and Support (MIMMS) Course<\/a><\/li>\n<li><a href=\"https:\/\/oftex.hu\/project_o\/actual_prg\/system\/launch.php?pg=.\/oftex\/TANF_Adatlap.php?msgid=94246&amp;tableid=0&amp;retcode=tanflist\">Emergency Management of Battlefield Injuries (EMBI) Course<\/a><\/li>\n<\/ul>\n<p style=\"text-align: center\">\u00a0<\/p>\n<p style=\"text-align: center\"><strong>II. f\u00e9l\u00e9v<\/strong><\/p>\n<ul>\n<li><a href=\"https:\/\/oftex.hu\/project_o\/actual_prg\/system\/launch.php?pg=.\/oftex\/TANF_Adatlap.php?msgid=95381&amp;tableid=0&amp;retcode=tanflist\">Eg\u00e9szs\u00e9g\u00fcgyi T\u00f6rzstiszti Tanfolyam<\/a><\/li>\n<li><a href=\"https:\/\/oftex.hu\/project_o\/actual_prg\/system\/launch.php?pg=.\/oftex\/TANF_Adatlap.php?msgid=95378&amp;tableid=0&amp;retcode=tanflist\">Military Psychosocial Incident Management (MPSIM)<\/a><\/li>\n<li><a href=\"https:\/\/oftex.hu\/project_o\/actual_prg\/system\/launch.php?pg=.\/oftex\/TANF_Adatlap.php?msgid=95377&amp;tableid=0&amp;retcode=tanflist\">Major Incident Medical Management and Support (MIMMS) Course<\/a><\/li>\n<li><a href=\"https:\/\/oftex.hu\/project_o\/actual_prg\/system\/launch.php?pg=.\/oftex\/TANF_Adatlap.php?msgid=95379&amp;tableid=0&amp;retcode=tanflist\">NATO Medical Evaluation (MEDEVAL) Course<\/a><\/li>\n<li><a href=\"https:\/\/oftex.hu\/project_o\/actual_prg\/system\/launch.php?pg=.\/oftex\/TANF_Adatlap.php?msgid=95380&amp;tableid=0&amp;retcode=tanflist\">Honv\u00e9delmi eg\u00e9szs\u00e9g\u00fcgyi ismeretek tanfolyam<\/a><\/li>\n<li><a href=\"https:\/\/oftex.hu\/project_o\/actual_prg\/system\/launch.php?pg=.\/oftex\/TANF_Adatlap.php?msgid=95375&amp;tableid=0&amp;retcode=tanflist\">NATO Patient Evacuation Coordination Cell (PECC) Course &#8211; COE-MED-M4-008<\/a><\/li>\n<li><a href=\"https:\/\/oftex.hu\/project_o\/actual_prg\/system\/launch.php?pg=.\/oftex\/TANF_Adatlap.php?msgid=95376&amp;tableid=0&amp;retcode=tanflist\">NATO Patient Evacuation Coordination Cell (PECC) Course &#8211; COE-MED-M4-008<\/a><\/li>\n<\/ul>\n<p>&nbsp;<\/p>\n","protected":false},"excerpt":{"rendered":"<p>Tansz\u00e9k\u00fcnk t\u00f6bb tanfolyamot szervez, \u00edgy a szakvizsga el\u0151tti k\u00f6telez\u0151 tanfolyamot, szintentart\u00f3 \u00e9s szabadon v\u00e1laszthat\u00f3 tanfolyamot, valamint konferenci\u00e1t \u00e9s t\u00e1voktat\u00e1st is. A &#8222;Honv\u00e9d-, katasztr\u00f3fa- \u00e9s rendv\u00e9delem orvostan k\u00f6telez\u0151 szintentart\u00f3 tanfolyam szakorvosok r\u00e9sz\u00e9re&#8222; c\u00edm\u0171 tov\u00e1bbk\u00e9pz\u00e9st 2024. november 04-07. k\u00f6z\u00f6tt tartottuk.\u00a0 A k\u00f6vetkez\u0151 k\u00f6telez\u0151 szintentart\u00f3 v\u00e1rhat\u00f3an 2027-2028. k\u00f6z\u00f6tt ker\u00fcl majd megrendez\u00e9sre. \u00a0 &nbsp; AKTU\u00c1LIS TANFOLYAMOK, RENDEZV\u00c9NYEK (2026) I. &hellip;<\/p>\n","protected":false},"author":12,"featured_media":0,"parent":49,"menu_order":2,"comment_status":"open","ping_status":"open","template":"","meta":{"_acf_changed":false,"footnotes":""},"categories":[],"tags":[],"class_list":["post-61","page","type-page","status-publish","hentry"],"acf":[],"_links":{"self":[{"href":"https:\/\/semmelweis.hu\/honved\/wp-json\/wp\/v2\/pages\/61","targetHints":{"allow":["GET"]}}],"collection":[{"href":"https:\/\/semmelweis.hu\/honved\/wp-json\/wp\/v2\/pages"}],"about":[{"href":"https:\/\/semmelweis.hu\/honved\/wp-json\/wp\/v2\/types\/page"}],"author":[{"embeddable":true,"href":"https:\/\/semmelweis.hu\/honved\/wp-json\/wp\/v2\/users\/12"}],"replies":[{"embeddable":true,"href":"https:\/\/semmelweis.hu\/honved\/wp-json\/wp\/v2\/comments?post=61"}],"version-history":[{"count":13,"href":"https:\/\/semmelweis.hu\/honved\/wp-json\/wp\/v2\/pages\/61\/revisions"}],"predecessor-version":[{"id":600,"href":"https:\/\/semmelweis.hu\/honved\/wp-json\/wp\/v2\/pages\/61\/revisions\/600"}],"up":[{"embeddable":true,"href":"https:\/\/semmelweis.hu\/honved\/wp-json\/wp\/v2\/pages\/49"}],"wp:attachment":[{"href":"https:\/\/semmelweis.hu\/honved\/wp-json\/wp\/v2\/media?parent=61"}],"wp:term":[{"taxonomy":"category","embeddable":true,"href":"https:\/\/semmelweis.hu\/honved\/wp-json\/wp\/v2\/categories?post=61"},{"taxonomy":"post_tag","embeddable":true,"href":"https:\/\/semmelweis.hu\/honved\/wp-json\/wp\/v2\/tags?post=61"}],"curies":[{"name":"wp","href":"https:\/\/api.w.org\/{rel}","templated":true}]}}