{"id":6,"date":"2012-02-02T16:33:14","date_gmt":"2012-02-02T16:33:14","guid":{"rendered":"http:\/\/semmelweis-egyetem.hu\/honved\/?page_id=6"},"modified":"2024-02-23T17:43:45","modified_gmt":"2024-02-23T16:43:45","slug":"rolunk","status":"publish","type":"page","link":"https:\/\/semmelweis.hu\/honved\/rolunk\/","title":{"rendered":"A Tansz\u00e9k bemutat\u00e1sa"},"content":{"rendered":"<p style=\"text-align: justify\">A tansz\u00e9k 1970. j\u00falius 1-\u00e9n alakult (E\u00fcM 43\/1969) az akkori Orvostov\u00e1bbk\u00e9pz\u0151 Int\u00e9zetben Honv\u00e9delmi Eg\u00e9szs\u00e9g\u00fcgyi Tansz\u00e9k n\u00e9ven, majd Honv\u00e9delmi Eg\u00e9szs\u00e9g\u00fcgyi Int\u00e9zet, Katonai \u00e9s Katasztr\u00f3faorvostani Int\u00e9zetk\u00e9nt m\u0171k\u00f6d\u00f6tt. 2001-t\u0151l a Semmelweis Egyetem \u00c1OK Honv\u00e9d \u00e9s Katasztr\u00f3faorvostani Tansz\u00e9ke. Jelen elnevez\u00e9se 2004. j\u00falius 1-t\u0151l az egyetem Eg\u00e9szs\u00e9gtudom\u00e1nyi Kar\u00e1n 1999-ben alap\u00edtott Oxyol\u00f3giai Tansz\u00e9k, a tov\u00e1bbi \u00e1tszervez\u00e9sek sor\u00e1n 2003-t\u00f3l Oxyol\u00f3gia, S\u00fcrg\u0151ss\u00e9gi Orvostani Tansz\u00e9ki Csoport integr\u00e1l\u00f3d\u00e1s\u00e1val alakult ki. 2013-t\u00f3l a Semmelweis Egyetem \u00c1OK Honv\u00e9d-, Katasztr\u00f3fa-orvostani Tansz\u00e9k elnevez\u00e9ssel, majd a szen\u00e1tus 40\/2014. (III.27) hat\u00e1rozata alapj\u00e1n\u00a0 Honv\u00e9d-, Katasztr\u00f3fa- \u00e9s Rendv\u00e9delem Orvostan Tansz\u00e9ki Csoport n\u00e9ven m\u0171k\u00f6d\u00f6tt, az Aneszteziol\u00f3giai \u00e9s Intenz\u00edv Ter\u00e1pi\u00e1s Klinika egyik tansz\u00e9ki csoportjak\u00e9nt eg\u00e9szen 2024. janu\u00e1r 31.-ig.<\/p>\n<p>2024. febru\u00e1r 01.-j\u00e9t\u0151l &#8211; <em>kiv\u00e1lva az Aneszteziol\u00f3giai \u00e9s Intenz\u00edv Ter\u00e1pi\u00e1s Klinik\u00e1b\u00f3l<\/em> &#8211;\u00a0 ism\u00e9t <br \/>\n<strong>Honv\u00e9d-, Katasztr\u00f3fa- \u00e9s Rendv\u00e9delem Orvostan Tansz\u00e9k<\/strong>k\u00e9nt m\u0171k\u00f6dik.<\/p>\n<p style=\"text-align: justify\"><strong>Tansz\u00e9k\u00fcnk jelenleg k\u00e9t t\u00e1rgyat oktat az orvostanhallgat\u00f3 Koll\u00e9g\u00e1k sz\u00e1m\u00e1ra.<\/strong><\/p>\n<ul style=\"list-style-type: square\">\n<li style=\"text-align: justify\">A \u201e<strong>Katasztr\u00f3fa felsz\u00e1mol\u00e1s eg\u00e9szs\u00e9g\u00fcgyi alapjai<\/strong>\u201d k\u00f6telez\u0151t\u00e1rgy k\u00e9t modulja (3M \u00e9s 4M) hagyom\u00e1nyos rendszerben, el\u0151ad\u00e1sok form\u00e1j\u00e1ban zajlik.<\/li>\n<li style=\"text-align: justify\">2020\/2021-es tan\u00e9vt\u0151l \u201epilot\u201d kurzus jelleggel elind\u00edtottuk a \u201e<strong>Katasztr\u00f3famedicina<\/strong>\u201d k\u00f6telez\u0151en v\u00e1laszthat\u00f3 t\u00e1rgyunkat is, mely a t\u00f6mbrendszerbe integr\u00e1ltan ker\u00fcl oktat\u00e1sra, gyakorlati oktat\u00e1si elemekkel (\u00fan. \u201etabletop\u201d gyakorlatokkal).<\/li>\n<\/ul>\n<p style=\"text-align: justify\">A tant\u00e1rgyak alapvet\u0151 c\u00e9lja, hogy a hallgat\u00f3k komplex ismereteket szerezzenek a jogszab\u00e1lyban meg\u00e1llap\u00edtott polg\u00e1ri v\u00e9delmi, honv\u00e9delmi k\u00f6telezetts\u00e9geikr\u0151l, az eg\u00e9szs\u00e9g\u00fcgyi l\u00e9tfontoss\u00e1g\u00fa rendszerelemek v\u00e9delm\u00e9ben, illetve az eg\u00e9szs\u00e9g\u00fcgyi v\u00e1ls\u00e1ghelyzeti tev\u00e9kenys\u00e9gben p\u00e1ly\u00e1juk sor\u00e1n bet\u00f6lt\u00f6tt szerep\u00fckr\u0151l \u00e9s ezeket gyakorl\u00f3 beosztott orvosk\u00e9nt, vezet\u0151k\u00e9nt, az eg\u00e9szs\u00e9g\u00fcgyi igazgat\u00e1sban r\u00e9sztvev\u0151 szakemberk\u00e9nt is alkalmazni tudj\u00e1k. \u00cdgy ismerj\u00e9k a k\u00fcl\u00f6nb\u00f6z\u0151 t\u00edpus\u00fa eg\u00e9szs\u00e9g\u00fcgyi v\u00e1ls\u00e1ghelyzetet el\u0151id\u00e9z\u0151 esem\u00e9nyek (pl.: f\u00f6ldreng\u00e9s, nagy kiterjed\u00e9s\u0171 vihar, pand\u00e9mia, t\u00f6megbaleset, kibert\u00e1mad\u00e1s, stb.) sor\u00e1n alkalmazand\u00f3 vezet\u00e9si, szervez\u00e9si feladatokat, a kompromisszumos medicina alapelveit \u00e9s orvosi elj\u00e1r\u00e1sait.<\/p>\n<p style=\"text-align: justify\">A tant\u00e1rgyak a klinikum oktat\u00e1si szakasz\u00e1ba tagoz\u00f3dnak, ahol a hallgat\u00f3knak m\u00e1r \u00e9l\u0151 tapasztalata van a betegekkel \u00e9s a betegell\u00e1t\u00e1sban r\u00e9sztvev\u0151 koll\u00e9g\u00e1ikkal.<\/p>\n\r\n        [slb_exclude]\r\n        <div class=\"row galeria-wrapper mx-0 h-auto\">\r\n            <div class=\"col-9 pl-0 pr-2\">\r\n            <span class=\"gallery-item frame\">\r\n\t\t\t\t<div class=\"galeria-left-img\"><a href=\"https:\/\/semmelweis.hu\/honved\/files\/2022\/06\/Hallgatok1-scaled.jpg\"><img src=https:\/\/semmelweis.hu\/honved\/files\/2022\/06\/Hallgatok1-scaled.jpg  \r\n                            alt=\"\" \r\n                            class=\"attachment-sote-gallery-big size-sote-gallery-big\" \r\n                            srcset=\"https:\/\/semmelweis.hu\/honved\/files\/2022\/06\/Hallgatok1-300x225.jpg 300w, https:\/\/semmelweis.hu\/honved\/files\/2022\/06\/Hallgatok1-1024x768.jpg 1024w, https:\/\/semmelweis.hu\/honved\/files\/2022\/06\/Hallgatok1-768x576.jpg 768w, https:\/\/semmelweis.hu\/honved\/files\/2022\/06\/Hallgatok1-400x300.jpg 400w, https:\/\/semmelweis.hu\/honved\/files\/2022\/06\/Hallgatok1-1536x1152.jpg 1536w, https:\/\/semmelweis.hu\/honved\/files\/2022\/06\/Hallgatok1-2048x1536.jpg 2048w\" ><\/a><\/div>\r\n            <\/span>\r\n\r\n            <\/div>\r\n\r\n\t\t\t<div class=\"col-3 pl-0 pr-0\">\r\n\t\t\t\t<div class=\"galeria-right-img d-flex justify-content-between flex-column h-100 w-100 px-0 mx-0 \">\r\n                <div class=\"galeria-box\">\r\n\t\t\t\t\t<h3 class=\"galeria-title\">Gal\u00e9ria<\/h3>\r\n\t\t\t\t\t<div class=\"galeria-subtitle\">\r\n\r\n\t\t\t\t\t\t<div class=\"galeria-page-counter\"><span>9<\/span>k\u00e9p<\/div>\r\n                    <\/div> <\/div>\r\n                    <span class=\"gallery-item frame d-none d-md-flex\">\r\n\t\t\t\t\t<div class=\"galeria-small-img mt-0\"><a href=\"https:\/\/semmelweis.hu\/honved\/files\/2022\/07\/RS29820_20150330-KA-20150330-IMG_8724-scr.jpg\"><img src=https:\/\/semmelweis.hu\/honved\/files\/2022\/07\/RS29820_20150330-KA-20150330-IMG_8724-scr.jpg \r\n                                alt=\"\"  \r\n                                class=\"attachment-sote-gallery-small size-sote-gallery-small\" \r\n                                srcset=\"https:\/\/semmelweis.hu\/honved\/files\/2022\/07\/RS29820_20150330-KA-20150330-IMG_8724-scr-400x267.jpg 400w, https:\/\/semmelweis.hu\/honved\/files\/2022\/07\/RS29820_20150330-KA-20150330-IMG_8724-scr-768x512.jpg 768w, https:\/\/semmelweis.hu\/honved\/files\/2022\/07\/RS29820_20150330-KA-20150330-IMG_8724-scr-753x502.jpg 753w, https:\/\/semmelweis.hu\/honved\/files\/2022\/07\/RS29820_20150330-KA-20150330-IMG_8724-scr-203x135.jpg 203w, https:\/\/semmelweis.hu\/honved\/files\/2022\/07\/RS29820_20150330-KA-20150330-IMG_8724-scr.jpg 950w\" ><\/a><\/div>\r\n                    <\/span>\r\n                    <span class=\"gallery-item frame d-none d-md-flex\">\r\n\t\t\t\t\t<div class=\"galeria-small-img mt-0\"><a href=\"https:\/\/semmelweis.hu\/honved\/files\/2017\/07\/7691157_26e39dc82a800ddc5e48a39cbe1944f4_wm.jpg\"><img src=https:\/\/semmelweis.hu\/honved\/files\/2017\/07\/7691157_26e39dc82a800ddc5e48a39cbe1944f4_wm.jpg \r\n                                alt=\"\" \r\n                                class=\"attachment-sote-gallery-small size-sote-gallery-small\" \r\n                                srcset=\"https:\/\/semmelweis.hu\/honved\/files\/2017\/07\/7691157_26e39dc82a800ddc5e48a39cbe1944f4_wm-300x199.jpg 300w, https:\/\/semmelweis.hu\/honved\/files\/2017\/07\/7691157_26e39dc82a800ddc5e48a39cbe1944f4_wm-451x300.jpg 451w, https:\/\/semmelweis.hu\/honved\/files\/2017\/07\/7691157_26e39dc82a800ddc5e48a39cbe1944f4_wm.jpg 760w\" ><\/a><\/div>\r\n                    <\/span>\r\n\r\n                <\/div>\r\n\r\n            <\/div>\r\n\r\n            <span class=\"gallery-item\"><div class=\"hidden\"><a href=\"https:\/\/semmelweis.hu\/honved\/files\/2012\/06\/honved_korhaz.jpg\">\r\n        <img src=https:\/\/semmelweis.hu\/honved\/files\/2012\/06\/honved_korhaz.jpg alt=\"\" class=\"attachment-sote-gallery-big size-sote-gallery-big\" srcset=\"https:\/\/semmelweis.hu\/honved\/files\/2012\/06\/honved_korhaz-300x155.jpg 300w, https:\/\/semmelweis.hu\/honved\/files\/2012\/06\/honved_korhaz.jpg 580w\" >\r\n        <\/a><\/div><\/span><span class=\"gallery-item\"><div class=\"hidden\"><a href=\"https:\/\/semmelweis.hu\/honved\/files\/2017\/07\/tekesbemutato.jpg\">\r\n        <img src=https:\/\/semmelweis.hu\/honved\/files\/2017\/07\/tekesbemutato.jpg alt=\"\" class=\"attachment-sote-gallery-big size-sote-gallery-big\" srcset=\"https:\/\/semmelweis.hu\/honved\/files\/2017\/07\/tekesbemutato-187x300.jpg 187w, https:\/\/semmelweis.hu\/honved\/files\/2017\/07\/tekesbemutato.jpg 434w\" >\r\n        <\/a><\/div><\/span><span class=\"gallery-item\"><div class=\"hidden\"><a href=\"https:\/\/semmelweis.hu\/honved\/files\/2017\/07\/atado.jpg\">\r\n        <img src=https:\/\/semmelweis.hu\/honved\/files\/2017\/07\/atado.jpg alt=\"\" class=\"attachment-sote-gallery-big size-sote-gallery-big\" srcset=\"https:\/\/semmelweis.hu\/honved\/files\/2017\/07\/atado-300x211.jpg 300w, https:\/\/semmelweis.hu\/honved\/files\/2017\/07\/atado-768x541.jpg 768w, https:\/\/semmelweis.hu\/honved\/files\/2017\/07\/atado-426x300.jpg 426w, https:\/\/semmelweis.hu\/honved\/files\/2017\/07\/atado.jpg 830w\" >\r\n        <\/a><\/div><\/span><span class=\"gallery-item\"><div class=\"hidden\"><a href=\"https:\/\/semmelweis.hu\/honved\/files\/2017\/07\/konyv.jpg\">\r\n        <img src=https:\/\/semmelweis.hu\/honved\/files\/2017\/07\/konyv.jpg alt=\"\" class=\"attachment-sote-gallery-big size-sote-gallery-big\" srcset=\"\" >\r\n        <\/a><\/div><\/span><span class=\"gallery-item\"><div class=\"hidden\"><a href=\"https:\/\/semmelweis.hu\/honved\/files\/2017\/07\/natosgyules.jpg\">\r\n        <img src=https:\/\/semmelweis.hu\/honved\/files\/2017\/07\/natosgyules.jpg alt=\"\" class=\"attachment-sote-gallery-big size-sote-gallery-big\" srcset=\"https:\/\/semmelweis.hu\/honved\/files\/2017\/07\/natosgyules-300x180.jpg 300w, https:\/\/semmelweis.hu\/honved\/files\/2017\/07\/natosgyules-768x460.jpg 768w, https:\/\/semmelweis.hu\/honved\/files\/2017\/07\/natosgyules-500x300.jpg 500w, https:\/\/semmelweis.hu\/honved\/files\/2017\/07\/natosgyules.jpg 874w\" >\r\n        <\/a><\/div><\/span><span class=\"gallery-item\"><div class=\"hidden\"><a href=\"https:\/\/semmelweis.hu\/honved\/files\/2022\/06\/Feladat3-scaled.jpg\">\r\n        <img src=https:\/\/semmelweis.hu\/honved\/files\/2022\/06\/Feladat3-scaled.jpg alt=\"\" class=\"attachment-sote-gallery-big size-sote-gallery-big\" srcset=\"https:\/\/semmelweis.hu\/honved\/files\/2022\/06\/Feladat3-300x225.jpg 300w, https:\/\/semmelweis.hu\/honved\/files\/2022\/06\/Feladat3-1024x768.jpg 1024w, https:\/\/semmelweis.hu\/honved\/files\/2022\/06\/Feladat3-768x576.jpg 768w, https:\/\/semmelweis.hu\/honved\/files\/2022\/06\/Feladat3-400x300.jpg 400w, https:\/\/semmelweis.hu\/honved\/files\/2022\/06\/Feladat3-1536x1152.jpg 1536w, https:\/\/semmelweis.hu\/honved\/files\/2022\/06\/Feladat3-2048x1536.jpg 2048w\" >\r\n        <\/a><\/div><\/span>\r\n            <\/div>\r\n\r\n            [\/slb_exclude]\r\n\t\n","protected":false},"excerpt":{"rendered":"<p>A tansz\u00e9k 1970. j\u00falius 1-\u00e9n alakult (E\u00fcM 43\/1969) az akkori Orvostov\u00e1bbk\u00e9pz\u0151 Int\u00e9zetben Honv\u00e9delmi Eg\u00e9szs\u00e9g\u00fcgyi Tansz\u00e9k n\u00e9ven, majd Honv\u00e9delmi Eg\u00e9szs\u00e9g\u00fcgyi Int\u00e9zet, Katonai \u00e9s Katasztr\u00f3faorvostani Int\u00e9zetk\u00e9nt m\u0171k\u00f6d\u00f6tt. 2001-t\u0151l a Semmelweis Egyetem \u00c1OK Honv\u00e9d \u00e9s Katasztr\u00f3faorvostani Tansz\u00e9ke. Jelen elnevez\u00e9se 2004. j\u00falius 1-t\u0151l az egyetem Eg\u00e9szs\u00e9gtudom\u00e1nyi Kar\u00e1n 1999-ben alap\u00edtott Oxyol\u00f3giai Tansz\u00e9k, a tov\u00e1bbi \u00e1tszervez\u00e9sek sor\u00e1n 2003-t\u00f3l Oxyol\u00f3gia, S\u00fcrg\u0151ss\u00e9gi Orvostani &hellip;<\/p>\n","protected":false},"author":87,"featured_media":20,"parent":0,"menu_order":0,"comment_status":"open","ping_status":"open","template":"","meta":{"_acf_changed":false,"footnotes":""},"categories":[7],"tags":[],"class_list":["post-6","page","type-page","status-publish","has-post-thumbnail","hentry","category-rolunk"],"acf":[],"_links":{"self":[{"href":"https:\/\/semmelweis.hu\/honved\/wp-json\/wp\/v2\/pages\/6","targetHints":{"allow":["GET"]}}],"collection":[{"href":"https:\/\/semmelweis.hu\/honved\/wp-json\/wp\/v2\/pages"}],"about":[{"href":"https:\/\/semmelweis.hu\/honved\/wp-json\/wp\/v2\/types\/page"}],"author":[{"embeddable":true,"href":"https:\/\/semmelweis.hu\/honved\/wp-json\/wp\/v2\/users\/87"}],"replies":[{"embeddable":true,"href":"https:\/\/semmelweis.hu\/honved\/wp-json\/wp\/v2\/comments?post=6"}],"version-history":[{"count":13,"href":"https:\/\/semmelweis.hu\/honved\/wp-json\/wp\/v2\/pages\/6\/revisions"}],"predecessor-version":[{"id":457,"href":"https:\/\/semmelweis.hu\/honved\/wp-json\/wp\/v2\/pages\/6\/revisions\/457"}],"wp:featuredmedia":[{"embeddable":true,"href":"https:\/\/semmelweis.hu\/honved\/wp-json\/wp\/v2\/media\/20"}],"wp:attachment":[{"href":"https:\/\/semmelweis.hu\/honved\/wp-json\/wp\/v2\/media?parent=6"}],"wp:term":[{"taxonomy":"category","embeddable":true,"href":"https:\/\/semmelweis.hu\/honved\/wp-json\/wp\/v2\/categories?post=6"},{"taxonomy":"post_tag","embeddable":true,"href":"https:\/\/semmelweis.hu\/honved\/wp-json\/wp\/v2\/tags?post=6"}],"curies":[{"name":"wp","href":"https:\/\/api.w.org\/{rel}","templated":true}]}}