{"id":59,"date":"2014-01-09T10:29:31","date_gmt":"2014-01-09T10:29:31","guid":{"rendered":"http:\/\/semmelweis.hu\/honved\/?page_id=59"},"modified":"2025-10-22T17:49:23","modified_gmt":"2025-10-22T15:49:23","slug":"gradualis-orvoskepzes","status":"publish","type":"page","link":"https:\/\/semmelweis.hu\/honved\/oktatas\/gradualis-orvoskepzes\/","title":{"rendered":"Gradu\u00e1lis orvosk\u00e9pz\u00e9s"},"content":{"rendered":"<p style=\"text-align: justify\">A Fogorvostudom\u00e1nyi Karon a 2017\/2018. tan\u00e9vt\u0151l a IV. \u00e9vfolyam hallgat\u00f3i sz\u00e1m\u00e1ra <em>\u201eA katasztr\u00f3fa-felsz\u00e1mol\u00e1s eg\u00e9szs\u00e9g\u00fcgyi alapjai\u201d<\/em> c. k\u00f6telez\u0151 t\u00e1rgyat oktatjuk.<\/p>\n<p style=\"text-align: justify\">Az \u00c1ltal\u00e1nos Orvostudom\u00e1nyi Karon 2019\/2020.-as tan\u00e9vt\u0151l bevezet\u00e9sre ker\u00fclt a IV. \u00e9vfolyam hallgat\u00f3i sz\u00e1m\u00e1ra a <em>&#8222;Katasztr\u00f3famedicina&#8221;<\/em> c\u00edm\u0171 k\u00f6telez\u0151 t\u00e1rgy.<\/p>\n<h4>\u00a0<\/h4>\n<h4><strong>KATASZTR\u00d3FA-FELSZ\u00c1MOL\u00c1S EG\u00c9SZS\u00c9G\u00dcGYI ALAPJAI<\/strong><\/h4>\n<p style=\"text-align: justify\"><strong>A katasztr\u00f3fa-felsz\u00e1mol\u00e1s eg\u00e9szs\u00e9g\u00fcgyi alapjai<\/strong> &#8211; k\u00f6telez\u0151 tant\u00e1rgy<\/p>\n<p>Az oktat\u00e1s a 2013\/2014. tan\u00e9vt\u0151l angol \u00e9s n\u00e9met nyelven is bevezet\u00e9sre ker\u00fclt.<\/p>\n<p style=\"text-align: justify\"><span style=\"font-size: 14pt\">A tant\u00e1rgy feladata hogy alapvet\u0151 ismereteket ny\u00fajtson a polg\u00e1ri- \u00e9s katasztr\u00f3fav\u00e9delmi &#8211; a hallgat\u00f3kat, az eg\u00e9szs\u00e9g\u00fcgyet \u00e9s azon t\u00falmen\u0151en az \u00e1llampolg\u00e1rokat \u00e9rint\u0151 &#8211; feladatokkal kapcsolatban. C\u00e9lja, hogy a hallgat\u00f3k az alapismeretekkel rendelkezve, azokat alkot\u00f3 m\u00f3don tudj\u00e1k alkalmazni munk\u00e1juk, illetve szem\u00e9lyes \u00e9let\u00fck folyam\u00e1n, olyan m\u00f3don, hogy a t\u00e1rggyal kapcsolatos (vesz\u00e9lyhelyzet, katasztr\u00f3fariad\u00f3, tev\u00e9kenys\u00e9g katasztr\u00f3fahelyzetben) felmer\u00fcl\u0151 probl\u00e9m\u00e1kat k\u00e9pesek detekt\u00e1lni \u00e9s a megold\u00e1sban r\u00e9szt venni. K\u00fcl\u00f6nb\u00f6z\u0151 katasztr\u00f3f\u00e1k eset\u00e9n, a katasztr\u00f3f\u00e1k megel\u0151z\u00e9s\u00e9ben, k\u00f6vetkezm\u00e9nyeinek felsz\u00e1mol\u00e1s\u00e1ban val\u00f3 \u2013 szakk\u00e9pzetts\u00e9g\u00e9nek megfelel\u0151 \u2013 r\u00e9szv\u00e9tel, a lehets\u00e9ges eg\u00e9szs\u00e9g\u00fcgyi feladatok megismer\u00e9se \u00e9s v\u00e9gz\u00e9se.<\/span><\/p>\n<p><em>Az \u00c1ltal\u00e1nos Orvostudom\u00e1nyi Karon a t\u00e1rgyat a 2010\/2011.- 2024\/2025. tan\u00e9v k\u00f6z\u00f6tt oktattuk, melyet felv\u00e1ltott a Katasztr\u00f3famedicina tant\u00e1rgy.<br \/>\n<\/em><\/p>\n<p>&nbsp;<\/p>\n<h4><span style=\"font-size: 18pt\"><strong>KATASZTR\u00d3FAMEDICINA<\/strong><\/span><\/h4>\n<p><strong>Katasztr\u00f3famedicina<\/strong> &#8211; k\u00f6telez\u0151 tant\u00e1rgy<\/p>\n<p>Az oktat\u00e1s a 2025\/2026.-os tan\u00e9vt\u0151l angol \u00e9s n\u00e9met nyelven is bevezet\u00e9sre ker\u00fclt, k\u00f6telez\u0151en v\u00e1laszthat\u00f3 tant\u00e1rgyk\u00e9nt.<\/p>\n<p class=\"Default\" style=\"text-align: justify\"><span style=\"font-size: 14pt\">A tant\u00e1rgy alapvet\u0151 c\u00e9lja, hogy a hallgat\u00f3k komplex ismereteket szerezzenek a jogszab\u00e1lyban meg\u00e1llap\u00edtott polg\u00e1ri v\u00e9delmi, honv\u00e9delmi k\u00f6telezetts\u00e9geikr\u0151l, az eg\u00e9szs\u00e9g\u00fcgyi l\u00e9tfontoss\u00e1g\u00fa rendszerelemek v\u00e9delm\u00e9ben, illetve az eg\u00e9szs\u00e9g\u00fcgyi v\u00e1ls\u00e1ghelyzeti tev\u00e9kenys\u00e9gben p\u00e1ly\u00e1juk sor\u00e1n bet\u00f6lt\u00f6tt szerep\u00fckr\u0151l \u00e9s ezeket gyakorl\u00f3 beosztott orvosk\u00e9nt, vezet\u0151k\u00e9nt, az eg\u00e9szs\u00e9g\u00fcgyi igazgat\u00e1sban r\u00e9sztvev\u0151 szakemberk\u00e9nt is alkalmazni tudj\u00e1k. \u00cdgy ismerj\u00e9k a k\u00fcl\u00f6nb\u00f6z\u0151 t\u00edpus\u00fa eg\u00e9szs\u00e9g\u00fcgyi v\u00e1ls\u00e1ghelyzetet el\u0151id\u00e9z\u0151 esem\u00e9nyek (pl.: f\u00f6ldreng\u00e9s, nagykiterjed\u00e9s\u0171 vihar, pand\u00e9mia, t\u00f6megbaleset, kibert\u00e1mad\u00e1s stb.) sor\u00e1n alkalmazand\u00f3 vezet\u00e9si, szervez\u00e9si feladatokat, a kompromisszumos medic\u00edna alapelveit \u00e9s orvosi elj\u00e1r\u00e1sait. <\/span><\/p>\n<p class=\"Default\" style=\"text-align: justify\"><span style=\"font-size: 14pt\">A tant\u00e1rgy a klinikum oktat\u00e1si szakasz\u00e1ba tagoz\u00f3dik, ahol a hallgat\u00f3knak m\u00e1r \u00e9l\u0151 tapasztalata van a betegekkel \u00e9s a betegell\u00e1t\u00e1sban r\u00e9sztvev\u0151 Koll\u00e9g\u00e1ikkal. <\/span><\/p>\n<p class=\"Default\" style=\"text-align: justify\"><span style=\"font-size: 14pt\">A katasztr\u00f3f\u00e1k az \u00e9letet, \u00e9letfelt\u00e9teleket, az anyagi javakat, a term\u00e9szeti k\u00f6rnyezetet s\u00falyosan k\u00e1ros\u00edt\u00f3 vagy vesz\u00e9lyeztet\u0151, t\u00f6bbnyire v\u00e1ratlan esem\u00e9nyek. B\u00e9k\u00e9s mindennapjaink folyam\u00e1n a laikus emberek de m\u00e9g a gyakorl\u00f3 orvos Koll\u00e9g\u00e1k sz\u00e1m\u00e1ra is t\u00e1volinak t\u0171nhet egy-egy ilyen esem\u00e9ny bek\u00f6vetkez\u00e9se. A statisztika azonban ezen optimizmusunkra gyakran r\u00e1c\u00e1fol. A term\u00e9szet ereje mellett a XXI. sz\u00e1zad antropog\u00e9n katasztr\u00f3f\u00e1k ter\u00e9n is kih\u00edv\u00e1sok el\u00e9 \u00e1ll\u00edt minket: gondolunk itt a vil\u00e1gszerte fenn\u00e1ll\u00f3 fegyveres konfliktusokra, terrorizmusra vagy \u00e9pp a vegyi- \u00e9s nukle\u00e1ris biztons\u00e1gra. <\/span><\/p>\n<p class=\"Default\" style=\"text-align: justify\"><span style=\"font-size: 14pt\">A katasztr\u00f3fa eg\u00e9szs\u00e9g\u00fcgy \u2013 ha \u00fagy tetszik katasztr\u00f3fa orvostan a medicina relat\u00edv fiatal \u00e1ga: megsz\u00fclet\u00e9s\u00e9hez az \u00e1ltal\u00e1nos katasztr\u00f3fa menedzsment \u00e9s a s\u00fcrg\u0151ss\u00e9gi ell\u00e1t\u00e1s h\u00e1zass\u00e1g\u00e1ra volt sz\u00fcks\u00e9g.<\/span><\/p>\n<p><span style=\"font-size: 14pt\">T\u00f6bb diszciplina, t\u00f6bbek k\u00f6zt a katonaorvostan, s\u00fcrg\u0151ss\u00e9gi orvostan, intenz\u00edv orvostan adja azokat az alapokat, melyek ment\u00e9n ez a szubspecialit\u00e1s \u00f6n\u00e1ll\u00f3 jogon helyt tud \u00e1llni. A katasztr\u00f3fa medicina alapvet\u0151 elvei \u00e9s teljes szakmai koncepci\u00f3ja folyamatos fejl\u0151d\u00e9sen mentek \u00e9s mennek \u00e1t napjainkban is.<\/span><\/p>\n<p><span style=\"font-size: 14pt\">Az alkot\u00f3elemek a t\u00e1rsszakm\u00e1k forr\u00e1sanyagaiban vannak \u201eelrejtve\u201d, melynek gy\u0171jt\u00e9se \u00e9s legf\u0151k\u00e9pp szintetiz\u00e1l\u00e1sa az egyik legf\u0151bb feladat. Mivel ez adott esetben tudom\u00e1nyos szeml\u00e9letet is ig\u00e9nyel, \u00edgy ad\u00f3dik, hogy egyetemi katedr\u00e1val is rendelkezz\u00e9k ez a ter\u00fclet.<\/span><\/p>\n<p><span style=\"font-size: 14pt\">A hav\u00e1ri\u00e1k alapvet\u0151 tulajdons\u00e1gaib\u00f3l k\u00f6vetkezik, hogy a sz\u00f3 legszorosabb \u00e9rtelm\u00e9ben csapatmunk\u00e1r\u00f3l van sz\u00f3: a teljess\u00e9g ig\u00e9nye n\u00e9lk\u00fcl a kommunik\u00e1ci\u00f3n, sz\u00e1ll\u00edt\u00e1son, m\u0171szaki tudom\u00e1nyokon \u00e1t, a t\u00f6megelhelyez\u00e9s kih\u00edv\u00e1sain, k\u00f6zrendv\u00e9delmen kereszt\u00fcl az anyagi \u00e9s egy\u00e9b forr\u00e1sok megteremt\u00e9s\u00e9ig igen sokf\u00e9le szakter\u00fclettel kell tudni egy\u00fcttm\u0171k\u00f6dni.<\/span><\/p>\n<p><span style=\"font-size: 14pt\">Ez a csapatmunka az orvosi szakm\u00e1kon bel\u00fcl k\u00fcl\u00f6n\u00f6sk\u00e9ppen er\u0151teljesen jelenik meg az intenz\u00edv ell\u00e1t\u00e1s sor\u00e1n: a Semmelweis Egyetemen ennek megfelel\u0151en a katasztr\u00f3fa orvostan helye is az intenz\u00edv-s\u00fcrg\u0151ss\u00e9g szakm\u00e1hoz asszoci\u00e1ltan kapott helyet.<\/span><\/p>\n<p><span style=\"font-size: 14pt\">Hallgat\u00f3ink a 2024\/2025.-\u00f6s tan\u00e9vt\u0151l kezd\u0151d\u0151en a blokk oktat\u00e1s r\u00e9szek\u00e9nt ell\u00e1togatnak a Sziklak\u00f3rh\u00e1z Atombunker M\u00fazeumba is, ahol k\u00fcl\u00f6n t\u00e1rlatvezet\u00e9sen vesznek r\u00e9szt.<\/span><\/p>\n\r\n        [slb_exclude]\r\n        <div class=\"row galeria-wrapper mx-0 h-auto\">\r\n            <div class=\"col-9 pl-0 pr-2\">\r\n            <span class=\"gallery-item frame\">\r\n\t\t\t\t<div class=\"galeria-left-img\"><a href=\"https:\/\/semmelweis.hu\/honved\/files\/2022\/06\/Feladat3-scaled.jpg\"><img src=https:\/\/semmelweis.hu\/honved\/files\/2022\/06\/Feladat3-scaled.jpg  \r\n                            alt=\"\" \r\n                            class=\"attachment-sote-gallery-big size-sote-gallery-big\" \r\n                            srcset=\"https:\/\/semmelweis.hu\/honved\/files\/2022\/06\/Feladat3-300x225.jpg 300w, https:\/\/semmelweis.hu\/honved\/files\/2022\/06\/Feladat3-1024x768.jpg 1024w, https:\/\/semmelweis.hu\/honved\/files\/2022\/06\/Feladat3-768x576.jpg 768w, https:\/\/semmelweis.hu\/honved\/files\/2022\/06\/Feladat3-400x300.jpg 400w, https:\/\/semmelweis.hu\/honved\/files\/2022\/06\/Feladat3-1536x1152.jpg 1536w, https:\/\/semmelweis.hu\/honved\/files\/2022\/06\/Feladat3-2048x1536.jpg 2048w\" ><\/a><\/div>\r\n            <\/span>\r\n\r\n            <\/div>\r\n\r\n\t\t\t<div class=\"col-3 pl-0 pr-0\">\r\n\t\t\t\t<div class=\"galeria-right-img d-flex justify-content-between flex-column h-100 w-100 px-0 mx-0 \">\r\n                <div class=\"galeria-box\">\r\n\t\t\t\t\t<h3 class=\"galeria-title\">Gal\u00e9ria<\/h3>\r\n\t\t\t\t\t<div class=\"galeria-subtitle\">\r\n\r\n\t\t\t\t\t\t<div class=\"galeria-page-counter\"><span>4<\/span>k\u00e9p<\/div>\r\n                    <\/div> <\/div>\r\n                    <span class=\"gallery-item frame d-none d-md-flex\">\r\n\t\t\t\t\t<div class=\"galeria-small-img mt-0\"><a href=\"https:\/\/semmelweis.hu\/honved\/files\/2022\/06\/Feladat2-scaled.jpg\"><img src=https:\/\/semmelweis.hu\/honved\/files\/2022\/06\/Feladat2-scaled.jpg \r\n                                alt=\"\"  \r\n                                class=\"attachment-sote-gallery-small size-sote-gallery-small\" \r\n                                srcset=\"https:\/\/semmelweis.hu\/honved\/files\/2022\/06\/Feladat2-300x225.jpg 300w, https:\/\/semmelweis.hu\/honved\/files\/2022\/06\/Feladat2-1024x768.jpg 1024w, https:\/\/semmelweis.hu\/honved\/files\/2022\/06\/Feladat2-768x576.jpg 768w, https:\/\/semmelweis.hu\/honved\/files\/2022\/06\/Feladat2-400x300.jpg 400w, https:\/\/semmelweis.hu\/honved\/files\/2022\/06\/Feladat2-1536x1152.jpg 1536w, https:\/\/semmelweis.hu\/honved\/files\/2022\/06\/Feladat2-2048x1536.jpg 2048w\" ><\/a><\/div>\r\n                    <\/span>\r\n                    <span class=\"gallery-item frame d-none d-md-flex\">\r\n\t\t\t\t\t<div class=\"galeria-small-img mt-0\"><a href=\"https:\/\/semmelweis.hu\/honved\/files\/2022\/06\/Feladat1-scaled-e1655889381702.jpg\"><img src=https:\/\/semmelweis.hu\/honved\/files\/2022\/06\/Feladat1-scaled-e1655889381702.jpg \r\n                                alt=\"\" \r\n                                class=\"attachment-sote-gallery-small size-sote-gallery-small\" \r\n                                srcset=\"https:\/\/semmelweis.hu\/honved\/files\/2022\/06\/Feladat1-scaled-e1655889146423-300x225.jpg 300w, https:\/\/semmelweis.hu\/honved\/files\/2022\/06\/Feladat1-scaled-e1655889146423-1024x768.jpg 1024w, https:\/\/semmelweis.hu\/honved\/files\/2022\/06\/Feladat1-scaled-e1655889146423-768x576.jpg 768w, https:\/\/semmelweis.hu\/honved\/files\/2022\/06\/Feladat1-scaled-e1655889146423-400x300.jpg 400w, https:\/\/semmelweis.hu\/honved\/files\/2022\/06\/Feladat1-scaled-e1655889146423-1536x1152.jpg 1536w, https:\/\/semmelweis.hu\/honved\/files\/2022\/06\/Feladat1-scaled-e1655889146423-2048x1536.jpg 2048w\" ><\/a><\/div>\r\n                    <\/span>\r\n\r\n                <\/div>\r\n\r\n            <\/div>\r\n\r\n            <span class=\"gallery-item\"><div class=\"hidden\"><a href=\"https:\/\/semmelweis.hu\/honved\/files\/2022\/06\/Hallgatok1-scaled.jpg\">\r\n        <img src=https:\/\/semmelweis.hu\/honved\/files\/2022\/06\/Hallgatok1-scaled.jpg alt=\"\" class=\"attachment-sote-gallery-big size-sote-gallery-big\" srcset=\"https:\/\/semmelweis.hu\/honved\/files\/2022\/06\/Hallgatok1-300x225.jpg 300w, https:\/\/semmelweis.hu\/honved\/files\/2022\/06\/Hallgatok1-1024x768.jpg 1024w, https:\/\/semmelweis.hu\/honved\/files\/2022\/06\/Hallgatok1-768x576.jpg 768w, https:\/\/semmelweis.hu\/honved\/files\/2022\/06\/Hallgatok1-400x300.jpg 400w, https:\/\/semmelweis.hu\/honved\/files\/2022\/06\/Hallgatok1-1536x1152.jpg 1536w, https:\/\/semmelweis.hu\/honved\/files\/2022\/06\/Hallgatok1-2048x1536.jpg 2048w\" >\r\n        <\/a><\/div><\/span>\r\n            <\/div>\r\n\r\n            [\/slb_exclude]\r\n\t\n<h4>\u00a0<\/h4>\n<h4>\u00a0<\/h4>\n<h4><strong>KLINIKAI TOXIKOL\u00d3GIA<\/strong><\/h4>\n<p style=\"text-align: justify\">2010\/2011. tan\u00e9vt\u0151l ker\u00fclt bevezet\u00e9sre az V. \u00e9vfolyam hallgat\u00f3i sz\u00e1m\u00e1ra a <strong>Klinikai toxikol\u00f3gia<\/strong> &#8211; szabadon v\u00e1laszthat\u00f3 t\u00e1rgy (jelenleg nem ind\u00edthat\u00f3)<b><br \/>\n<\/b><\/p>\n<p style=\"text-align: justify\">A Klinikai toxikol\u00f3gia olyan hat\u00e1rter\u00fcleti szakma, mely oktat\u00e1sa a hazai orvosk\u00e9pz\u00e9sben er\u0151sen hi\u00e1nyos. Minden orvos munk\u00e1ja sor\u00e1n tal\u00e1lkozik t\u00f6bb-kevesebb m\u00e9rgez\u00e9ses esettel. A tant\u00e1rgy c\u00e9lja nem a toxikol\u00f3gus k\u00e9pz\u00e9s, hanem olyan inform\u00e1ci\u00f3k \u00e1tad\u00e1sa, mely a mindennapi orvosi gyakorlatban fontos lehet, b\u00e1rmely szakter\u00fcleten dolgozik is az illet\u0151. A klinikai toxikol\u00f3gia, mint szintetiz\u00e1l\u00f3 tant\u00e1rgy helyet kap a belgy\u00f3gy\u00e1szat, a gy\u00f3gyszertan, az intenz\u00edv ter\u00e1pia, a s\u00fcrg\u0151ss\u00e9gi ell\u00e1t\u00e1s, a gyermekgy\u00f3gy\u00e1szat oktat\u00e1s\u00e1ban, de egys\u00e9ges szeml\u00e9lettel a hallgat\u00f3k a klinikai toxikol\u00f3gi\u00e1r\u00f3l nem tanulnak. \u00c9vente Magyarorsz\u00e1gon kb. 22-24 ezer m\u00e9rgez\u00e9s t\u00f6rt\u00e9nik. Alig akad gyakorl\u00f3 orvos, aki munk\u00e1ja sor\u00e1n ne tal\u00e1lkozna m\u00e9rgezett beteggel. A gyakorl\u00f3 orvosok \u00e1tlagos toxikol\u00f3giai ismeretei lemarad\u00e1ssal k\u00f6vetik a szakter\u00fclet fejl\u0151d\u00e9s\u00e9t. Az oktat\u00e1s c\u00e9lja egys\u00e9ges, korszer\u0171 diagnosztikus \u00e9s ter\u00e1pi\u00e1s ismeretek \u00e1tad\u00e1sa az intoxik\u00e1lt betegek szakszer\u0171 els\u0151 ell\u00e1t\u00e1sa, \u00e9s sorsuk tov\u00e1bbi int\u00e9z\u00e9se \u00e9rdek\u00e9ben.<\/p>\n<p style=\"text-align: justify\">Dr. Zacher G\u00e1bor &#8222;\u00c1ltal\u00e1nos toxikol\u00f3gia&#8221; el\u0151ad\u00e1sai \u00a0let\u00f6lthet\u0151 pdf form\u00e1tumban<a href=\"https:\/\/semmelweis.hu\/honved\/files\/2014\/01\/altalanos_toxikologia.pdf\"> ezen a linken \u00e9rhet\u0151 el<\/a>.<\/p>\n","protected":false},"excerpt":{"rendered":"<p>A Fogorvostudom\u00e1nyi Karon a 2017\/2018. tan\u00e9vt\u0151l a IV. \u00e9vfolyam hallgat\u00f3i sz\u00e1m\u00e1ra \u201eA katasztr\u00f3fa-felsz\u00e1mol\u00e1s eg\u00e9szs\u00e9g\u00fcgyi alapjai\u201d c. k\u00f6telez\u0151 t\u00e1rgyat oktatjuk. Az \u00c1ltal\u00e1nos Orvostudom\u00e1nyi Karon 2019\/2020.-as tan\u00e9vt\u0151l bevezet\u00e9sre ker\u00fclt a IV. \u00e9vfolyam hallgat\u00f3i sz\u00e1m\u00e1ra a &#8222;Katasztr\u00f3famedicina&#8221; c\u00edm\u0171 k\u00f6telez\u0151 t\u00e1rgy. \u00a0 KATASZTR\u00d3FA-FELSZ\u00c1MOL\u00c1S EG\u00c9SZS\u00c9G\u00dcGYI ALAPJAI A katasztr\u00f3fa-felsz\u00e1mol\u00e1s eg\u00e9szs\u00e9g\u00fcgyi alapjai &#8211; k\u00f6telez\u0151 tant\u00e1rgy Az oktat\u00e1s a 2013\/2014. tan\u00e9vt\u0151l angol \u00e9s &hellip;<\/p>\n","protected":false},"author":12,"featured_media":0,"parent":49,"menu_order":1,"comment_status":"open","ping_status":"open","template":"","meta":{"_acf_changed":false,"footnotes":""},"categories":[],"tags":[],"class_list":["post-59","page","type-page","status-publish","hentry"],"acf":[],"_links":{"self":[{"href":"https:\/\/semmelweis.hu\/honved\/wp-json\/wp\/v2\/pages\/59","targetHints":{"allow":["GET"]}}],"collection":[{"href":"https:\/\/semmelweis.hu\/honved\/wp-json\/wp\/v2\/pages"}],"about":[{"href":"https:\/\/semmelweis.hu\/honved\/wp-json\/wp\/v2\/types\/page"}],"author":[{"embeddable":true,"href":"https:\/\/semmelweis.hu\/honved\/wp-json\/wp\/v2\/users\/12"}],"replies":[{"embeddable":true,"href":"https:\/\/semmelweis.hu\/honved\/wp-json\/wp\/v2\/comments?post=59"}],"version-history":[{"count":13,"href":"https:\/\/semmelweis.hu\/honved\/wp-json\/wp\/v2\/pages\/59\/revisions"}],"predecessor-version":[{"id":566,"href":"https:\/\/semmelweis.hu\/honved\/wp-json\/wp\/v2\/pages\/59\/revisions\/566"}],"up":[{"embeddable":true,"href":"https:\/\/semmelweis.hu\/honved\/wp-json\/wp\/v2\/pages\/49"}],"wp:attachment":[{"href":"https:\/\/semmelweis.hu\/honved\/wp-json\/wp\/v2\/media?parent=59"}],"wp:term":[{"taxonomy":"category","embeddable":true,"href":"https:\/\/semmelweis.hu\/honved\/wp-json\/wp\/v2\/categories?post=59"},{"taxonomy":"post_tag","embeddable":true,"href":"https:\/\/semmelweis.hu\/honved\/wp-json\/wp\/v2\/tags?post=59"}],"curies":[{"name":"wp","href":"https:\/\/api.w.org\/{rel}","templated":true}]}}