{"id":5,"date":"2012-02-02T16:31:20","date_gmt":"2012-02-02T16:31:20","guid":{"rendered":"http:\/\/semmelweis-egyetem.hu\/honved\/?page_id=5"},"modified":"2025-10-22T17:36:40","modified_gmt":"2025-10-22T15:36:40","slug":"elerhetoseg","status":"publish","type":"page","link":"https:\/\/semmelweis.hu\/honved\/elerhetoseg\/","title":{"rendered":"Kapcsolat"},"content":{"rendered":"<p><strong>Telephely<\/strong>: City Corner Irodah\u00e1z &#8211; Budapest, \u00dcll\u0151i \u00fat 25, 1091 (II\/209.)<\/p>\n<p><strong>Levelez\u00e9si c\u00edm<\/strong>: 1085 Budapest, \u00dcll\u0151i \u00fat 26.<\/p>\n<p><strong>Telefon<\/strong>: +36 (20) 825 0327<\/p>\n<p><strong>E-mail<\/strong>: katasztrofa@semmelweis.hu<\/p>\n","protected":false},"excerpt":{"rendered":"<p>Telephely: City Corner Irodah\u00e1z &#8211; Budapest, \u00dcll\u0151i \u00fat 25, 1091 (II\/209.)<br \/>\nLevelez\u00e9si c\u00edm: 1085 Budapest, \u00dcll\u0151i \u00fat 26.<br \/>\nTelefon: +36 (20) 825 0327<br \/>\nE-mail: katasztrofa@semmelweis.hu<\/p>\n","protected":false},"author":87,"featured_media":0,"parent":0,"menu_order":7,"comment_status":"open","ping_status":"open","template":"","meta":{"_acf_changed":false,"footnotes":""},"categories":[],"tags":[],"class_list":["post-5","page","type-page","status-publish","hentry"],"acf":[],"_links":{"self":[{"href":"https:\/\/semmelweis.hu\/honved\/wp-json\/wp\/v2\/pages\/5","targetHints":{"allow":["GET"]}}],"collection":[{"href":"https:\/\/semmelweis.hu\/honved\/wp-json\/wp\/v2\/pages"}],"about":[{"href":"https:\/\/semmelweis.hu\/honved\/wp-json\/wp\/v2\/types\/page"}],"author":[{"embeddable":true,"href":"https:\/\/semmelweis.hu\/honved\/wp-json\/wp\/v2\/users\/87"}],"replies":[{"embeddable":true,"href":"https:\/\/semmelweis.hu\/honved\/wp-json\/wp\/v2\/comments?post=5"}],"version-history":[{"count":12,"href":"https:\/\/semmelweis.hu\/honved\/wp-json\/wp\/v2\/pages\/5\/revisions"}],"predecessor-version":[{"id":562,"href":"https:\/\/semmelweis.hu\/honved\/wp-json\/wp\/v2\/pages\/5\/revisions\/562"}],"wp:attachment":[{"href":"https:\/\/semmelweis.hu\/honved\/wp-json\/wp\/v2\/media?parent=5"}],"wp:term":[{"taxonomy":"category","embeddable":true,"href":"https:\/\/semmelweis.hu\/honved\/wp-json\/wp\/v2\/categories?post=5"},{"taxonomy":"post_tag","embeddable":true,"href":"https:\/\/semmelweis.hu\/honved\/wp-json\/wp\/v2\/tags?post=5"}],"curies":[{"name":"wp","href":"https:\/\/api.w.org\/{rel}","templated":true}]}}