{"id":402,"date":"2022-06-07T16:43:49","date_gmt":"2022-06-07T14:43:49","guid":{"rendered":"https:\/\/semmelweis.hu\/honved\/?page_id=402"},"modified":"2022-06-15T16:23:36","modified_gmt":"2022-06-15T14:23:36","slug":"katasztrofaegeszsegugy-katasztrofaorvostan","status":"publish","type":"page","link":"https:\/\/semmelweis.hu\/honved\/rolunk\/katasztrofaegeszsegugy-katasztrofaorvostan\/","title":{"rendered":"Katasztr\u00f3faeg\u00e9szs\u00e9g\u00fcgy \u2013 katasztr\u00f3faorvostan"},"content":{"rendered":"<p style=\"text-align: justify\">A katasztr\u00f3f\u00e1k az \u00e9letet, \u00e9letfelt\u00e9teleket, az anyagi javakat, a term\u00e9szeti k\u00f6rnyezetet s\u00falyosan k\u00e1ros\u00edt\u00f3 vagy vesz\u00e9lyeztet\u0151, t\u00f6bbnyire v\u00e1ratlan esem\u00e9nyek. B\u00e9k\u00e9s mindennapjaink folyam\u00e1n a laikus emberek, de m\u00e9g a gyakorl\u00f3 orvos koll\u00e9g\u00e1k sz\u00e1m\u00e1ra is t\u00e1volinak t\u0171nhet egy-egy ilyen esem\u00e9nybek\u00f6vetkez\u00e9se. A statisztika azonban ezen optimizmusunkra gyakran r\u00e1c\u00e1fol. A term\u00e9szet ereje mellett a XXI. sz\u00e1zad antropog\u00e9n katasztr\u00f3f\u00e1k ter\u00e9n is kih\u00edv\u00e1sok el\u00e9 \u00e1ll\u00edt minket: gondolunk itt a vil\u00e1gszerte fenn\u00e1ll\u00f3 fegyveres konfliktusokra, terrorizmusra vagy \u00e9pp a vegyi- \u00e9s nukle\u00e1ris biztons\u00e1gra.<\/p>\n<p style=\"text-align: justify\">A katasztr\u00f3faeg\u00e9szs\u00e9g\u00fcgy \u2013 ha \u00fagy tetszik katasztr\u00f3faorvostan a medicina relat\u00edve fiatal \u00e1ga: megsz\u00fclet\u00e9s\u00e9hez az \u00e1ltal\u00e1nos katasztr\u00f3fa menedzsment \u00e9s a s\u00fcrg\u0151ss\u00e9gi ell\u00e1t\u00e1s h\u00e1zass\u00e1g\u00e1ra volt sz\u00fcks\u00e9g.<\/p>\n<p style=\"text-align: justify\">T\u00f6bb diszcipl\u00edna, t\u00f6bbek k\u00f6zt a katonaorvostan, s\u00fcrg\u0151ss\u00e9gi orvostan, intenz\u00edv orvostan adja azokat az alapokat, melyek ment\u00e9n ez a szubspecialit\u00e1s \u00f6n\u00e1ll\u00f3 jogon helyt tud \u00e1llni. A katasztr\u00f3fa medicina alapvet\u0151 elvei \u00e9s teljes szakmai koncepci\u00f3ja folyamatos fejl\u0151d\u00e9sen mentek \u00e9s mennek \u00e1t napjainkban is.<\/p>\n<p style=\"text-align: justify\">Az alkot\u00f3elemek a t\u00e1rsszakm\u00e1k forr\u00e1sanyagaiban vannak \u201eelrejtve\u201d, melynek gy\u0171jt\u00e9se \u00e9s legf\u0151k\u00e9pp szintetiz\u00e1l\u00e1sa az egyik legf\u0151bb feladat. Mivel ez adott esetben tudom\u00e1nyos szeml\u00e9letet is ig\u00e9nyel, \u00edgy v\u00e1lt indokoltt\u00e1, hogy egyetemi katedr\u00e1val is rendelkezz\u00e9k ez a ter\u00fclet.<\/p>\n<p style=\"text-align: justify\">A hav\u00e1ri\u00e1k alapvet\u0151 tulajdons\u00e1gaib\u00f3l k\u00f6vetkezik, hogy a sz\u00f3 legszorosabb \u00e9rtelm\u00e9ben csapatmunk\u00e1r\u00f3l van sz\u00f3: a teljess\u00e9g ig\u00e9nye n\u00e9lk\u00fcl a kommunik\u00e1ci\u00f3n, sz\u00e1ll\u00edt\u00e1son, m\u0171szaki tudom\u00e1nyokon \u00e1t, a t\u00f6megelhelyez\u00e9s kih\u00edv\u00e1sain, k\u00f6zrend v\u00e9delmen kereszt\u00fcl az anyagi \u00e9s egy\u00e9b forr\u00e1sok megteremt\u00e9s\u00e9ig igen sokf\u00e9le szakter\u00fclettel kell tudni egy\u00fcttm\u0171k\u00f6dni.<\/p>\n<p style=\"text-align: justify\">Ez a csapatmunka az orvosi szakm\u00e1kon bel\u00fcl k\u00fcl\u00f6n\u00f6sk\u00e9ppen er\u0151teljesen jelenik meg az intenz\u00edv ell\u00e1t\u00e1s sor\u00e1n: a Semmelweis Egyetemen ennek megfelel\u0151en a katasztr\u00f3fa orvostan helye is az intenz\u00edv-s\u00fcrg\u0151ss\u00e9g szakm\u00e1hoz asszoci\u00e1ltan kapott helyet.<\/p>\n","protected":false},"excerpt":{"rendered":"<p>A katasztr\u00f3f\u00e1k az \u00e9letet, \u00e9letfelt\u00e9teleket, az anyagi javakat, a term\u00e9szeti k\u00f6rnyezetet s\u00falyosan k\u00e1ros\u00edt\u00f3 vagy vesz\u00e9lyeztet\u0151, t\u00f6bbnyire v\u00e1ratlan esem\u00e9nyek. B\u00e9k\u00e9s mindennapjaink folyam\u00e1n a laikus emberek, de m\u00e9g a gyakorl\u00f3 orvos koll\u00e9g\u00e1k sz\u00e1m\u00e1ra is t\u00e1volinak t\u0171nhet egy-egy ilyen esem\u00e9nybek\u00f6vetkez\u00e9se. A statisztika azonban ezen optimizmusunkra gyakran r\u00e1c\u00e1fol. A term\u00e9szet ereje mellett a XXI. sz\u00e1zad antropog\u00e9n katasztr\u00f3f\u00e1k ter\u00e9n is &hellip;<\/p>\n","protected":false},"author":101992,"featured_media":0,"parent":6,"menu_order":1,"comment_status":"closed","ping_status":"closed","template":"","meta":{"_acf_changed":false,"footnotes":""},"categories":[7],"tags":[],"class_list":["post-402","page","type-page","status-publish","hentry","category-rolunk"],"acf":[],"_links":{"self":[{"href":"https:\/\/semmelweis.hu\/honved\/wp-json\/wp\/v2\/pages\/402","targetHints":{"allow":["GET"]}}],"collection":[{"href":"https:\/\/semmelweis.hu\/honved\/wp-json\/wp\/v2\/pages"}],"about":[{"href":"https:\/\/semmelweis.hu\/honved\/wp-json\/wp\/v2\/types\/page"}],"author":[{"embeddable":true,"href":"https:\/\/semmelweis.hu\/honved\/wp-json\/wp\/v2\/users\/101992"}],"replies":[{"embeddable":true,"href":"https:\/\/semmelweis.hu\/honved\/wp-json\/wp\/v2\/comments?post=402"}],"version-history":[{"count":1,"href":"https:\/\/semmelweis.hu\/honved\/wp-json\/wp\/v2\/pages\/402\/revisions"}],"predecessor-version":[{"id":403,"href":"https:\/\/semmelweis.hu\/honved\/wp-json\/wp\/v2\/pages\/402\/revisions\/403"}],"up":[{"embeddable":true,"href":"https:\/\/semmelweis.hu\/honved\/wp-json\/wp\/v2\/pages\/6"}],"wp:attachment":[{"href":"https:\/\/semmelweis.hu\/honved\/wp-json\/wp\/v2\/media?parent=402"}],"wp:term":[{"taxonomy":"category","embeddable":true,"href":"https:\/\/semmelweis.hu\/honved\/wp-json\/wp\/v2\/categories?post=402"},{"taxonomy":"post_tag","embeddable":true,"href":"https:\/\/semmelweis.hu\/honved\/wp-json\/wp\/v2\/tags?post=402"}],"curies":[{"name":"wp","href":"https:\/\/api.w.org\/{rel}","templated":true}]}}