{"id":362,"date":"2022-05-24T15:25:23","date_gmt":"2022-05-24T13:25:23","guid":{"rendered":"https:\/\/semmelweis.hu\/honved\/?page_id=362"},"modified":"2024-09-04T07:25:01","modified_gmt":"2024-09-04T05:25:01","slug":"a-tanszek-tortenete","status":"publish","type":"page","link":"https:\/\/semmelweis.hu\/honved\/rolunk\/a-tanszek-tortenete\/","title":{"rendered":"A Tansz\u00e9k t\u00f6rt\u00e9nete"},"content":{"rendered":"<p style=\"text-align: justify\">A tansz\u00e9k 1970. j\u00falius 1-\u00e9n alakult (E\u00fcM 43\/1969) az akkori Orvostov\u00e1bbk\u00e9pz\u0151 Int\u00e9zetben Honv\u00e9delmi Eg\u00e9szs\u00e9g\u00fcgyi Tansz\u00e9k n\u00e9ven, majd Honv\u00e9delmi Eg\u00e9szs\u00e9g\u00fcgyi Int\u00e9zet, Katonai \u00e9s Katasztr\u00f3faorvostani Int\u00e9zetk\u00e9nt m\u0171k\u00f6d\u00f6tt. 2001-t\u0151l a Semmelweis Egyetem \u00c1OK Honv\u00e9d \u00e9s Katasztr\u00f3faorvostani Tansz\u00e9ke.<\/p>\n<p style=\"text-align: justify\">2004. j\u00falius 1-t\u0151l elnevez\u00e9se Honv\u00e9d,- Katasztr\u00f3fa-orvostani \u00e9s Oxiol\u00f3giai Tansz\u00e9k, mely az egyetem Eg\u00e9szs\u00e9gtudom\u00e1nyi Kar\u00e1n 1999-ben alap\u00edtott Oxyol\u00f3giai Tansz\u00e9k, a tov\u00e1bbi \u00e1tszervez\u00e9sek sor\u00e1n 2003-t\u00f3l Oxyol\u00f3gia, S\u00fcrg\u0151ss\u00e9gi Orvostani Tansz\u00e9ki Csoport integr\u00e1l\u00f3d\u00e1s\u00e1val alakult ki.<\/p>\n<p style=\"text-align: justify\">2013-t\u00f3l a Semmelweis Egyetem \u00c1ltal\u00e1nos Orvostudom\u00e1nyi Kar\u00e1n Honv\u00e9d-, Katasztr\u00f3fa-orvostani Tansz\u00e9k elnevez\u00e9ssel, majd a szen\u00e1tus 40\/2014. (III.27) hat\u00e1rozata alapj\u00e1n Honv\u00e9d-, Katasztr\u00f3fa- \u00e9s Rendv\u00e9delem Orvostan Tansz\u00e9k n\u00e9ven m\u0171k\u00f6dik tov\u00e1bb. Elhelyez\u00e9se a Magyar Honv\u00e9ds\u00e9g Eg\u00e9szs\u00e9g\u00fcgyi K\u00f6zpontban (Honv\u00e9dk\u00f3rh\u00e1z) volt, ahol m\u0171k\u00f6d\u00e9si felt\u00e9teleit k\u00fcl\u00f6n egy\u00fcttm\u0171k\u00f6d\u00e9si szerz\u0151d\u00e9sben meghat\u00e1rozottak szerint biztos\u00edtott\u00e1k.<\/p>\n<p>A szen\u00e1tus 40\/2014. (III.27) hat\u00e1rozata alapj\u00e1n\u00a0 Honv\u00e9d-, Katasztr\u00f3fa- \u00e9s Rendv\u00e9delem Orvostan Tansz\u00e9ki Csoport n\u00e9ven m\u0171k\u00f6d\u00f6tt, az Aneszteziol\u00f3giai \u00e9s Intenz\u00edv Ter\u00e1pi\u00e1s Klinika egyik tansz\u00e9ki csoportjak\u00e9nt eg\u00e9szen 2024. janu\u00e1r 31.-ig.<\/p>\n<p>Kiv\u00e1lva az AITK-b\u00f3l,\u00a0 2024. febru\u00e1r 01.-j\u00e9vel ism\u00e9t Honv\u00e9d-, Katasztr\u00f3fa- \u00e9s Rendv\u00e9delem-Orvostan Tansz\u00e9k n\u00e9ven m\u0171k\u00f6d\u00fcnk, az elhelyez\u00e9s\u00fcnk jelenleg a City Corner Irodah\u00e1zban val\u00f3sul meg.<\/p>\n","protected":false},"excerpt":{"rendered":"<p>A tansz\u00e9k 1970. j\u00falius 1-\u00e9n alakult (E\u00fcM 43\/1969) az akkori Orvostov\u00e1bbk\u00e9pz\u0151 Int\u00e9zetben Honv\u00e9delmi Eg\u00e9szs\u00e9g\u00fcgyi Tansz\u00e9k n\u00e9ven, majd Honv\u00e9delmi Eg\u00e9szs\u00e9g\u00fcgyi Int\u00e9zet, Katonai \u00e9s Katasztr\u00f3faorvostani Int\u00e9zetk\u00e9nt m\u0171k\u00f6d\u00f6tt. 2001-t\u0151l a Semmelweis Egyetem \u00c1OK Honv\u00e9d \u00e9s Katasztr\u00f3faorvostani Tansz\u00e9ke. 2004. j\u00falius 1-t\u0151l elnevez\u00e9se Honv\u00e9d,- Katasztr\u00f3fa-orvostani \u00e9s Oxiol\u00f3giai Tansz\u00e9k, mely az egyetem Eg\u00e9szs\u00e9gtudom\u00e1nyi Kar\u00e1n 1999-ben alap\u00edtott Oxyol\u00f3giai Tansz\u00e9k, a tov\u00e1bbi \u00e1tszervez\u00e9sek &hellip;<\/p>\n","protected":false},"author":101992,"featured_media":0,"parent":6,"menu_order":2,"comment_status":"closed","ping_status":"closed","template":"","meta":{"_acf_changed":false,"footnotes":""},"categories":[7],"tags":[],"class_list":["post-362","page","type-page","status-publish","hentry","category-rolunk"],"acf":[],"_links":{"self":[{"href":"https:\/\/semmelweis.hu\/honved\/wp-json\/wp\/v2\/pages\/362","targetHints":{"allow":["GET"]}}],"collection":[{"href":"https:\/\/semmelweis.hu\/honved\/wp-json\/wp\/v2\/pages"}],"about":[{"href":"https:\/\/semmelweis.hu\/honved\/wp-json\/wp\/v2\/types\/page"}],"author":[{"embeddable":true,"href":"https:\/\/semmelweis.hu\/honved\/wp-json\/wp\/v2\/users\/101992"}],"replies":[{"embeddable":true,"href":"https:\/\/semmelweis.hu\/honved\/wp-json\/wp\/v2\/comments?post=362"}],"version-history":[{"count":10,"href":"https:\/\/semmelweis.hu\/honved\/wp-json\/wp\/v2\/pages\/362\/revisions"}],"predecessor-version":[{"id":518,"href":"https:\/\/semmelweis.hu\/honved\/wp-json\/wp\/v2\/pages\/362\/revisions\/518"}],"up":[{"embeddable":true,"href":"https:\/\/semmelweis.hu\/honved\/wp-json\/wp\/v2\/pages\/6"}],"wp:attachment":[{"href":"https:\/\/semmelweis.hu\/honved\/wp-json\/wp\/v2\/media?parent=362"}],"wp:term":[{"taxonomy":"category","embeddable":true,"href":"https:\/\/semmelweis.hu\/honved\/wp-json\/wp\/v2\/categories?post=362"},{"taxonomy":"post_tag","embeddable":true,"href":"https:\/\/semmelweis.hu\/honved\/wp-json\/wp\/v2\/tags?post=362"}],"curies":[{"name":"wp","href":"https:\/\/api.w.org\/{rel}","templated":true}]}}