{"id":9908,"date":"2020-09-06T17:05:06","date_gmt":"2020-09-06T15:05:06","guid":{"rendered":"https:\/\/semmelweis.hu\/hok\/?page_id=9908"},"modified":"2023-09-11T13:59:17","modified_gmt":"2023-09-11T11:59:17","slug":"e-learning","status":"publish","type":"page","link":"https:\/\/semmelweis.hu\/hok\/hasznos\/e-learning\/","title":{"rendered":"E-Learning"},"content":{"rendered":"<p>Ezen az oldalon hasznos inform\u00e1ci\u00f3kat \u00e9s seg\u00e9danyagokat tal\u00e1ltok az E-learninggel kapcsolatban. Igyekezt\u00fcnk \u00f6sszegy\u0171jteni azt, hogy az egyetemi \u00e9veitek sor\u00e1n melyek azok a legfontosabb digit\u00e1lis fel\u00fcletek, amelyekkel tal\u00e1lkozni fogtok, \u00e9s seg\u00edts\u00e9get ny\u00fajtani abban, hogy hogyan haszn\u00e1lhatj\u00e1tok \u0151ket effekt\u00edven.<\/p>\n<p>Itt egy kis \u00f6sszefoglal\u00f3t tal\u00e1ltok a t\u00e9m\u00e1val kapcsolatban:<\/p>\n<p><embed src=\"https:\/\/semmelweis.hu\/hok\/files\/2023\/09\/e-learning-kisokos-2023.pdf\" width=\"100%\" height=\"900\"><\/embed><\/p>\n<p>Az \u00f6sszefoglal\u00f3 el\u00e9rhet\u0151 ezen a linken kereszt\u00fcl is: <a href=\"https:\/\/semmelweis.hu\/hok\/files\/2023\/09\/e-learning-kisokos-2023.pdf\" target=\"_blank\" rel=\"noopener\">https:\/\/semmelweis.hu\/hok\/files\/2023\/09\/e-learning-kisokos-2023.pdf<\/a><\/p>\n<p>Ha k\u00e9rd\u00e9setek\/probl\u00e9m\u00e1tok van az E-learning b\u00e1rmely r\u00e9sz\u00e9vel kapcsolatban, <a href=\"https:\/\/forms.office.com\/Pages\/ResponsePage.aspx?id=uJCuuvE5TUOrpmTr1YljV5Wl9oh1GfFPvg4jiWLovedUNzZOM0M4WVBFUEVCWk9HNjBSMzVTRTFEOC4u\" target=\"_blank\" rel=\"noopener\"><em>ezen a formon<\/em><\/a> kereszt\u00fcl veheted fel vel\u00fcnk a kapcsolatot!<\/p>\n<p>Tov\u00e1bbi hasznos oldalak:<\/p>\n<ul>\n<li><a href=\"https:\/\/www.facebook.com\/studentsofsemmelweis\" target=\"_blank\" rel=\"noopener\">Facebook<\/a><\/li>\n<li><a href=\"https:\/\/semmelweis.hu\/hok\/\" target=\"_blank\" rel=\"noopener\">Honlap<\/a><\/li>\n<li><a href=\"https:\/\/itc.semmelweis.hu\/moodle\/course\/view.php?id=662\" target=\"_blank\" rel=\"noopener\">H\u00d6K Seg\u00edt\u0151<\/a><\/li>\n<li><a href=\"https:\/\/semmelweis.hu\/hok\/rolunk\/bizottsagok\/oktatasi-bizottsag\/\" target=\"_blank\" rel=\"noopener\">\u00c9vfolyamk\u00e9pvisel\u0151k<\/a><\/li>\n<\/ul>\n<p style=\"text-align: right\">\u00dcdv\u00f6zlettel,<br \/>\na H\u00d6K E-learning csapata<\/p>\n","protected":false},"excerpt":{"rendered":"<p>Ezen az oldalon hasznos inform\u00e1ci\u00f3kat \u00e9s seg\u00e9danyagokat tal\u00e1ltok az E-learninggel kapcsolatban. Igyekezt\u00fcnk \u00f6sszegy\u0171jteni azt, hogy az egyetemi \u00e9veitek sor\u00e1n melyek azok a legfontosabb digit\u00e1lis fel\u00fcletek, amelyekkel tal\u00e1lkozni fogtok, \u00e9s seg\u00edts\u00e9get ny\u00fajtani abban, hogy hogyan haszn\u00e1lhatj\u00e1tok \u0151ket effekt\u00edven. Itt egy kis \u00f6sszefoglal\u00f3t tal\u00e1ltok a t\u00e9m\u00e1val kapcsolatban: Az \u00f6sszefoglal\u00f3 el\u00e9rhet\u0151 ezen a linken kereszt\u00fcl is: <a href=\"https:\/\/semmelweis.hu\/hok\/files\/2023\/09\/e-learning-kisokos-2023.pdf\" target=\"_blank\" rel=\"noopener\">https:\/\/semmelweis.hu\/hok\/files\/2023\/09\/e-learning-kisokos-2023.pdf<\/a> Ha k\u00e9rd\u00e9setek\/probl\u00e9m\u00e1tok &hellip;<\/p>\n","protected":false},"author":101512,"featured_media":0,"parent":28,"menu_order":2,"comment_status":"closed","ping_status":"closed","template":"template-fullwidth.php","meta":{"_acf_changed":false,"footnotes":""},"categories":[],"tags":[],"class_list":["post-9908","page","type-page","status-publish","hentry"],"acf":[],"_links":{"self":[{"href":"https:\/\/semmelweis.hu\/hok\/wp-json\/wp\/v2\/pages\/9908","targetHints":{"allow":["GET"]}}],"collection":[{"href":"https:\/\/semmelweis.hu\/hok\/wp-json\/wp\/v2\/pages"}],"about":[{"href":"https:\/\/semmelweis.hu\/hok\/wp-json\/wp\/v2\/types\/page"}],"author":[{"embeddable":true,"href":"https:\/\/semmelweis.hu\/hok\/wp-json\/wp\/v2\/users\/101512"}],"replies":[{"embeddable":true,"href":"https:\/\/semmelweis.hu\/hok\/wp-json\/wp\/v2\/comments?post=9908"}],"version-history":[{"count":11,"href":"https:\/\/semmelweis.hu\/hok\/wp-json\/wp\/v2\/pages\/9908\/revisions"}],"predecessor-version":[{"id":15990,"href":"https:\/\/semmelweis.hu\/hok\/wp-json\/wp\/v2\/pages\/9908\/revisions\/15990"}],"up":[{"embeddable":true,"href":"https:\/\/semmelweis.hu\/hok\/wp-json\/wp\/v2\/pages\/28"}],"wp:attachment":[{"href":"https:\/\/semmelweis.hu\/hok\/wp-json\/wp\/v2\/media?parent=9908"}],"wp:term":[{"taxonomy":"category","embeddable":true,"href":"https:\/\/semmelweis.hu\/hok\/wp-json\/wp\/v2\/categories?post=9908"},{"taxonomy":"post_tag","embeddable":true,"href":"https:\/\/semmelweis.hu\/hok\/wp-json\/wp\/v2\/tags?post=9908"}],"curies":[{"name":"wp","href":"https:\/\/api.w.org\/{rel}","templated":true}]}}