{"id":9809,"date":"2020-08-10T13:17:26","date_gmt":"2020-08-10T11:17:26","guid":{"rendered":"https:\/\/semmelweis.hu\/hok\/?page_id=9809"},"modified":"2023-09-17T02:06:32","modified_gmt":"2023-09-17T00:06:32","slug":"csatlakozz-hozzank","status":"publish","type":"page","link":"https:\/\/semmelweis.hu\/hok\/elerhetoseg\/csatlakozz-hozzank\/","title":{"rendered":"Csatlakozz hozz\u00e1nk!"},"content":{"rendered":"<p>Ha szeretn\u00e9l csatlakozni a Semmelweis Egyetem Hallgat\u00f3i \u00d6nkorm\u00e1nyzat\u00e1nak munk\u00e1j\u00e1hoz \u00e9s te is k\u00e9pviseln\u00e9d a hallgat\u00f3k \u00e9rdekeit, k\u00e9r\u00fcnk, v\u00e1laszolj az al\u00e1bbi k\u00e9rd\u00e9sekre, \u00e9s felvessz\u00fck veled a kapcsolatot!<\/p>\n<p>V\u00e1runk szeretettel!<\/p>\n<p>&nbsp;<\/p>\n\n<div class=\"wpcf7 no-js\" id=\"wpcf7-f9798-o1\" lang=\"hu-HU\" dir=\"ltr\" data-wpcf7-id=\"9798\">\n<div class=\"screen-reader-response\"><p role=\"status\" aria-live=\"polite\" aria-atomic=\"true\"><\/p> <ul><\/ul><\/div>\n<form action=\"\/hok\/wp-json\/wp\/v2\/pages\/9809#wpcf7-f9798-o1\" method=\"post\" class=\"wpcf7-form init\" aria-label=\"Kapcsolatfelv\u00e9teli \u0171rlap\" enctype=\"multipart\/form-data\" novalidate=\"novalidate\" data-status=\"init\">\n<div style=\"display: none;\">\n<input type=\"hidden\" name=\"_wpcf7\" value=\"9798\" \/>\n<input type=\"hidden\" name=\"_wpcf7_version\" value=\"6.0.5\" \/>\n<input type=\"hidden\" name=\"_wpcf7_locale\" value=\"hu_HU\" \/>\n<input type=\"hidden\" name=\"_wpcf7_unit_tag\" value=\"wpcf7-f9798-o1\" \/>\n<input type=\"hidden\" name=\"_wpcf7_container_post\" value=\"0\" \/>\n<input type=\"hidden\" name=\"_wpcf7_posted_data_hash\" value=\"\" \/>\n<input type=\"hidden\" name=\"_wpcf7_recaptcha_response\" value=\"\" \/>\n<\/div>\n<p>Neved: *<br \/>\n<span class=\"wpcf7-form-control-wrap\" data-name=\"your-name\"><input size=\"40\" maxlength=\"400\" class=\"wpcf7-form-control wpcf7-text wpcf7-validates-as-required\" aria-required=\"true\" aria-invalid=\"false\" value=\"\" type=\"text\" name=\"your-name\" \/><\/span>\n<\/p>\n<p>Karod:<br \/>\n<span class=\"wpcf7-form-control-wrap\" data-name=\"faculty\"><span class=\"wpcf7-form-control wpcf7-radio\"><span class=\"wpcf7-list-item first\"><input type=\"radio\" name=\"faculty\" value=\"\u00c1OK\" checked=\"checked\" \/><span class=\"wpcf7-list-item-label\">\u00c1OK<\/span><\/span><span class=\"wpcf7-list-item\"><input type=\"radio\" name=\"faculty\" value=\"EKK\" \/><span class=\"wpcf7-list-item-label\">EKK<\/span><\/span><span class=\"wpcf7-list-item\"><input type=\"radio\" name=\"faculty\" value=\"FOK\" \/><span class=\"wpcf7-list-item-label\">FOK<\/span><\/span><span class=\"wpcf7-list-item\"><input type=\"radio\" name=\"faculty\" value=\"ETK\" \/><span class=\"wpcf7-list-item-label\">ETK<\/span><\/span><span class=\"wpcf7-list-item\"><input type=\"radio\" name=\"faculty\" value=\"GYTK\" \/><span class=\"wpcf7-list-item-label\">GYTK<\/span><\/span><span class=\"wpcf7-list-item last\"><input type=\"radio\" name=\"faculty\" value=\"PAK\" \/><span class=\"wpcf7-list-item-label\">PAK<\/span><\/span><\/span><\/span>\n<\/p>\n<p>\u00c9vfolyamod:<br \/>\n<span class=\"wpcf7-form-control-wrap\" data-name=\"education_year\"><span class=\"wpcf7-form-control wpcf7-radio\"><span class=\"wpcf7-list-item first\"><input type=\"radio\" name=\"education_year\" value=\"1\" checked=\"checked\" \/><span class=\"wpcf7-list-item-label\">1<\/span><\/span><span class=\"wpcf7-list-item\"><input type=\"radio\" name=\"education_year\" value=\"2\" \/><span class=\"wpcf7-list-item-label\">2<\/span><\/span><span class=\"wpcf7-list-item\"><input type=\"radio\" name=\"education_year\" value=\"3\" \/><span class=\"wpcf7-list-item-label\">3<\/span><\/span><span class=\"wpcf7-list-item\"><input type=\"radio\" name=\"education_year\" value=\"4\" \/><span class=\"wpcf7-list-item-label\">4<\/span><\/span><span class=\"wpcf7-list-item\"><input type=\"radio\" name=\"education_year\" value=\"5\" \/><span class=\"wpcf7-list-item-label\">5<\/span><\/span><span class=\"wpcf7-list-item last\"><input type=\"radio\" name=\"education_year\" value=\"6\" \/><span class=\"wpcf7-list-item-label\">6<\/span><\/span><\/span><\/span>\n<\/p>\n<p>Email c\u00edmed:*<br \/>\n<span class=\"wpcf7-form-control-wrap\" data-name=\"your-email\"><input size=\"40\" maxlength=\"400\" class=\"wpcf7-form-control wpcf7-email wpcf7-validates-as-required wpcf7-text wpcf7-validates-as-email\" aria-required=\"true\" aria-invalid=\"false\" value=\"\" type=\"email\" name=\"your-email\" \/><\/span>\n<\/p>\n<p>Melyik bizotts\u00e1g munk\u00e1ja \u00e9rdekelne?<br \/>\n<span class=\"wpcf7-form-control-wrap\" data-name=\"rdekel\"><span class=\"wpcf7-form-control wpcf7-checkbox wpcf7-validates-as-required\"><span class=\"wpcf7-list-item first\"><input type=\"checkbox\" name=\"rdekel[]\" value=\"Oktat\u00e1s\" \/><span class=\"wpcf7-list-item-label\">Oktat\u00e1s<\/span><\/span><span class=\"wpcf7-list-item\"><input type=\"checkbox\" name=\"rdekel[]\" value=\"Kommunik\u00e1ci\u00f3\" \/><span class=\"wpcf7-list-item-label\">Kommunik\u00e1ci\u00f3<\/span><\/span><span class=\"wpcf7-list-item\"><input type=\"checkbox\" name=\"rdekel[]\" value=\"Rendezv\u00e9nyek\" \/><span class=\"wpcf7-list-item-label\">Rendezv\u00e9nyek<\/span><\/span><span class=\"wpcf7-list-item\"><input type=\"checkbox\" name=\"rdekel[]\" value=\"M\u00e9dia\" \/><span class=\"wpcf7-list-item-label\">M\u00e9dia<\/span><\/span><span class=\"wpcf7-list-item\"><input type=\"checkbox\" name=\"rdekel[]\" value=\"Sport\" \/><span class=\"wpcf7-list-item-label\">Sport<\/span><\/span><span class=\"wpcf7-list-item\"><input type=\"checkbox\" name=\"rdekel[]\" value=\"K\u00fcl\u00fcgy\" \/><span class=\"wpcf7-list-item-label\">K\u00fcl\u00fcgy<\/span><\/span><span class=\"wpcf7-list-item\"><input type=\"checkbox\" name=\"rdekel[]\" value=\"Szoci\u00e1lis \u00fcgyek\" \/><span class=\"wpcf7-list-item-label\">Szoci\u00e1lis \u00fcgyek<\/span><\/span><span class=\"wpcf7-list-item last\"><input type=\"checkbox\" name=\"rdekel[]\" value=\"Koll\u00e9giumok\" \/><span class=\"wpcf7-list-item-label\">Koll\u00e9giumok<\/span><\/span><\/span><\/span>\n<\/p>\n<p>Mi\u00e9rt szeretn\u00e9l csatlakozni?<br \/>\n<span class=\"wpcf7-form-control-wrap\" data-name=\"message\"><textarea cols=\"40\" rows=\"10\" maxlength=\"2000\" class=\"wpcf7-form-control wpcf7-textarea\" aria-invalid=\"false\" name=\"message\"><\/textarea><\/span>\n<\/p>\n<p>K\u00e9r\u00fcnk, t\u00f6ltsd fel \u00f6n\u00e9letrajzod,*<br \/>\n<span class=\"wpcf7-form-control-wrap\" data-name=\"file-cv\"><input size=\"40\" class=\"wpcf7-form-control wpcf7-file wpcf7-validates-as-required\" accept=\".pdf\" aria-required=\"true\" aria-invalid=\"false\" type=\"file\" name=\"file-cv\" \/><\/span><br \/>\n\u00e9s motiv\u00e1ci\u00f3s leveled!*<br \/>\n<span class=\"wpcf7-form-control-wrap\" data-name=\"file-motivlev\"><input size=\"40\" class=\"wpcf7-form-control wpcf7-file wpcf7-validates-as-required\" accept=\".pdf\" aria-required=\"true\" aria-invalid=\"false\" type=\"file\" name=\"file-motivlev\" \/><\/span>\n<\/p>\n<p><input class=\"wpcf7-form-control wpcf7-submit has-spinner\" type=\"submit\" value=\"K\u00fcld\u00e9s\" \/>\n<\/p>\n<p>* k\u00f6telez\u0151 kit\u00f6lteni\n<\/p><div class=\"wpcf7-response-output\" aria-hidden=\"true\"><\/div>\n<\/form>\n<\/div>\n\n","protected":false},"excerpt":{"rendered":"<p>Ha szeretn\u00e9l csatlakozni a Semmelweis Egyetem Hallgat\u00f3i \u00d6nkorm\u00e1nyzat\u00e1nak munk\u00e1j\u00e1hoz \u00e9s te is k\u00e9pviseln\u00e9d a hallgat\u00f3k \u00e9rdekeit, k\u00e9r\u00fcnk, v\u00e1laszolj az al\u00e1bbi k\u00e9rd\u00e9sekre, \u00e9s felvessz\u00fck veled a kapcsolatot!<br \/>\nV\u00e1runk szeretettel!<br \/>\n&nbsp;<\/p>\n","protected":false},"author":101512,"featured_media":0,"parent":7720,"menu_order":2,"comment_status":"closed","ping_status":"closed","template":"","meta":{"_acf_changed":false,"footnotes":""},"categories":[],"tags":[],"class_list":["post-9809","page","type-page","status-publish","hentry"],"acf":[],"_links":{"self":[{"href":"https:\/\/semmelweis.hu\/hok\/wp-json\/wp\/v2\/pages\/9809","targetHints":{"allow":["GET"]}}],"collection":[{"href":"https:\/\/semmelweis.hu\/hok\/wp-json\/wp\/v2\/pages"}],"about":[{"href":"https:\/\/semmelweis.hu\/hok\/wp-json\/wp\/v2\/types\/page"}],"author":[{"embeddable":true,"href":"https:\/\/semmelweis.hu\/hok\/wp-json\/wp\/v2\/users\/101512"}],"replies":[{"embeddable":true,"href":"https:\/\/semmelweis.hu\/hok\/wp-json\/wp\/v2\/comments?post=9809"}],"version-history":[{"count":11,"href":"https:\/\/semmelweis.hu\/hok\/wp-json\/wp\/v2\/pages\/9809\/revisions"}],"predecessor-version":[{"id":16016,"href":"https:\/\/semmelweis.hu\/hok\/wp-json\/wp\/v2\/pages\/9809\/revisions\/16016"}],"up":[{"embeddable":true,"href":"https:\/\/semmelweis.hu\/hok\/wp-json\/wp\/v2\/pages\/7720"}],"wp:attachment":[{"href":"https:\/\/semmelweis.hu\/hok\/wp-json\/wp\/v2\/media?parent=9809"}],"wp:term":[{"taxonomy":"category","embeddable":true,"href":"https:\/\/semmelweis.hu\/hok\/wp-json\/wp\/v2\/categories?post=9809"},{"taxonomy":"post_tag","embeddable":true,"href":"https:\/\/semmelweis.hu\/hok\/wp-json\/wp\/v2\/tags?post=9809"}],"curies":[{"name":"wp","href":"https:\/\/api.w.org\/{rel}","templated":true}]}}