{"id":915,"date":"2018-10-02T18:11:53","date_gmt":"2018-10-02T16:11:53","guid":{"rendered":"http:\/\/semmelweis.hu\/hok\/?page_id=915"},"modified":"2022-11-04T13:04:56","modified_gmt":"2022-11-04T12:04:56","slug":"erdekkepviselet","status":"publish","type":"page","link":"https:\/\/semmelweis.hu\/hok\/rolunk\/erdekkepviselet\/","title":{"rendered":"\u00c9rdekk\u00e9pviselet a d\u00f6nt\u00e9shoz\u00f3 test\u00fcletekben"},"content":{"rendered":"<p style=\"text-align: center\"><strong>A Semmelweis Egyetem Hallgat\u00f3i \u00d6nkorm\u00e1nyzata az al\u00e1bbi d\u00f6nt\u00e9shoz\u00f3 test\u00fcletekben k\u00e9pviseli a hallgat\u00f3i \u00e9rdekeket:<\/strong><\/p>\n<p style=\"text-align: center\"><a href=\"https:\/\/semmelweis.hu\/jogigfoig\/testuletek\/szenatus\/\"><strong>A Semmelweis Egyetem Szen\u00e1tus\u00e1ban<\/strong><\/a><br \/>\n<em><span style=\"font-size: 14pt\">A Szen\u00e1tus az eg\u00e9sz egyetem legf\u0151bb d\u00f6nt\u00e9shoz\u00f3 test\u00fclete.<\/span><\/em><\/p>\n<p style=\"text-align: center\"><strong>A Semmelweis Egyetem Kari Tan\u00e1csaiban (<a href=\"https:\/\/semmelweis.hu\/aok\/a-karrol\/kari-tanacs\/\">\u00c1OK<\/a>, <a href=\"https:\/\/semmelweis.hu\/ekk\/ekk\/kari-tanacs\/\">EKK<\/a>, <a href=\"https:\/\/semmelweis.hu\/etk\/az-egeszsegtudomanyi-karrol\/kari-tanacs-kari-bizottsagok\/\">ETK<\/a>, <a href=\"https:\/\/semmelweis.hu\/fok\/kari-tanacs\/kari-tanacs\/\">FOK<\/a>, <a href=\"https:\/\/semmelweis.hu\/gytk\/a-karrol\/kari-tanacs\/\">GYTK<\/a>, <a href=\"https:\/\/semmelweis.hu\/pak\/a-karrol\/akademiai-terulet\/\">PAK<\/a>)<\/strong><br \/>\n<span style=\"font-size: 14pt\"><em>A Kari Tan\u00e1csok az egyetemi karok legf\u0151bb d\u00f6nt\u00e9shoz\u00f3 test\u00fcletei.<\/em><\/span><\/p>\n<p style=\"text-align: center\"><a href=\"https:\/\/semmelweis.hu\/bizottsagok\/allando-bizottsagok\/egyetem-egeszere-feladat-es-hataskorrel-rendelkezo-bizottsagok\/\"><strong>A Szen\u00e1tus \u00e1ltal l\u00e9trehozott \u00e1lland\u00f3 egyetemi bizotts\u00e1gokban<\/strong><\/a><br \/>\n<em><span style=\"font-size: 14pt\">\u00c1lland\u00f3 egyetemi bizotts\u00e1gok, amelyek egy speci\u00e1lis feladat ell\u00e1t\u00e1s\u00e1nak ir\u00e1ny\u00edt\u00e1s\u00e1ra, fel\u00fcgyelet\u00e9re, v\u00e9lem\u00e9nyez\u00e9s\u00e9re, valamint d\u00f6nt\u00e9sek el\u0151k\u00e9sz\u00edt\u00e9s\u00e9re \u00e9s ellen\u0151rz\u0151 feladatok ell\u00e1t\u00e1s\u00e1ra ker\u00fcltek l\u00e9trehoz\u00e1sra.<\/span><\/em><\/p>\n<p style=\"text-align: center\"><strong>A Kari Tan\u00e1csok \u00e1ltal l\u00e9trehozott bizotts\u00e1gokban (<a href=\"https:\/\/semmelweis.hu\/bizottsagok\/allando-bizottsagok\/aok-bizottsagai\/\">\u00c1OK<\/a>, <a href=\"https:\/\/semmelweis.hu\/bizottsagok\/allando-bizottsagok\/ekk-bizottsagai\/\">EKK<\/a>, <a href=\"https:\/\/semmelweis.hu\/bizottsagok\/allando-bizottsagok\/etk-bizottsagai\/\">ETK<\/a>, <a href=\"https:\/\/semmelweis.hu\/bizottsagok\/allando-bizottsagok\/fok-bizottsagai\/\">FOK<\/a>, <a href=\"https:\/\/semmelweis.hu\/bizottsagok\/allando-bizottsagok\/gykt-bizottsagai\/\">GYTK<\/a>, <a href=\"https:\/\/semmelweis.hu\/bizottsagok\/allando-bizottsagok\/pak-bizottsagai\/\">PAK<\/a>)<\/strong><br \/>\n<em><span style=\"font-size: 14pt\">Amelyek feladatk\u00f6re hasonl\u00f3 az \u00e1lland\u00f3 egyetemi bizotts\u00e1gok\u00e9hoz, de kari szinten m\u0171k\u00f6dnek.<\/span><\/em><\/p>\n<p style=\"text-align: center\"><a href=\"https:\/\/hook.hu\/cms\/szervezetunk\"><strong>A Hallgat\u00f3i \u00d6nkorm\u00e1nyzatok Orsz\u00e1gos Konferenci\u00e1j\u00e1nak K\u00f6zgy\u0171l\u00e9s\u00e9ben (H\u00d6OK)<\/strong><\/a><br \/>\n<em><span style=\"font-size: 14pt\">A magyarorsz\u00e1gi fels\u0151oktat\u00e1si int\u00e9zm\u00e9nyek hallgat\u00f3i \u00f6nkorm\u00e1nyzatainak demokratikus alapon szervez\u0151d\u0151 \u00e9s m\u0171k\u00f6d\u0151 orsz\u00e1gos \u00e9rdekk\u00e9pviseleti szervezete.<\/span><\/em><\/p>\n<p style=\"text-align: center\">\u00a0<\/p>\n","protected":false},"excerpt":{"rendered":"<p>A Semmelweis Egyetem Hallgat\u00f3i \u00d6nkorm\u00e1nyzata az al\u00e1bbi d\u00f6nt\u00e9shoz\u00f3 test\u00fcletekben k\u00e9pviseli a hallgat\u00f3i \u00e9rdekeket: <a href=\"https:\/\/semmelweis.hu\/jogigfoig\/testuletek\/szenatus\/\">A Semmelweis Egyetem Szen\u00e1tus\u00e1ban<\/a> A Szen\u00e1tus az eg\u00e9sz egyetem legf\u0151bb d\u00f6nt\u00e9shoz\u00f3 test\u00fclete. A Semmelweis Egyetem Kari Tan\u00e1csaiban ( <a href=\"https:\/\/semmelweis.hu\/aok\/a-karrol\/kari-tanacs\/\">\u00c1OK<\/a> , <a href=\"https:\/\/semmelweis.hu\/ekk\/ekk\/kari-tanacs\/\">EKK<\/a> , <a href=\"https:\/\/semmelweis.hu\/etk\/az-egeszsegtudomanyi-karrol\/kari-tanacs-kari-bizottsagok\/\">ETK<\/a> , <a href=\"https:\/\/semmelweis.hu\/fok\/kari-tanacs\/kari-tanacs\/\">FOK<\/a> , <a href=\"https:\/\/semmelweis.hu\/gytk\/a-karrol\/kari-tanacs\/\">GYTK<\/a> , <a href=\"https:\/\/semmelweis.hu\/pak\/a-karrol\/akademiai-terulet\/\">PAK<\/a> ) A Kari Tan\u00e1csok az egyetemi karok legf\u0151bb d\u00f6nt\u00e9shoz\u00f3 test\u00fcletei. <a href=\"https:\/\/semmelweis.hu\/bizottsagok\/allando-bizottsagok\/egyetem-egeszere-feladat-es-hataskorrel-rendelkezo-bizottsagok\/\">A Szen\u00e1tus \u00e1ltal l\u00e9trehozott \u00e1lland\u00f3 egyetemi bizotts\u00e1gokban<\/a> \u00c1lland\u00f3 egyetemi bizotts\u00e1gok, amelyek egy speci\u00e1lis feladat ell\u00e1t\u00e1s\u00e1nak ir\u00e1ny\u00edt\u00e1s\u00e1ra, fel\u00fcgyelet\u00e9re, v\u00e9lem\u00e9nyez\u00e9s\u00e9re, valamint d\u00f6nt\u00e9sek &hellip;<\/p>\n","protected":false},"author":101158,"featured_media":0,"parent":36,"menu_order":5,"comment_status":"closed","ping_status":"closed","template":"","meta":{"_acf_changed":false,"footnotes":""},"categories":[],"tags":[],"class_list":["post-915","page","type-page","status-publish","hentry"],"acf":[],"_links":{"self":[{"href":"https:\/\/semmelweis.hu\/hok\/wp-json\/wp\/v2\/pages\/915","targetHints":{"allow":["GET"]}}],"collection":[{"href":"https:\/\/semmelweis.hu\/hok\/wp-json\/wp\/v2\/pages"}],"about":[{"href":"https:\/\/semmelweis.hu\/hok\/wp-json\/wp\/v2\/types\/page"}],"author":[{"embeddable":true,"href":"https:\/\/semmelweis.hu\/hok\/wp-json\/wp\/v2\/users\/101158"}],"replies":[{"embeddable":true,"href":"https:\/\/semmelweis.hu\/hok\/wp-json\/wp\/v2\/comments?post=915"}],"version-history":[{"count":6,"href":"https:\/\/semmelweis.hu\/hok\/wp-json\/wp\/v2\/pages\/915\/revisions"}],"predecessor-version":[{"id":11881,"href":"https:\/\/semmelweis.hu\/hok\/wp-json\/wp\/v2\/pages\/915\/revisions\/11881"}],"up":[{"embeddable":true,"href":"https:\/\/semmelweis.hu\/hok\/wp-json\/wp\/v2\/pages\/36"}],"wp:attachment":[{"href":"https:\/\/semmelweis.hu\/hok\/wp-json\/wp\/v2\/media?parent=915"}],"wp:term":[{"taxonomy":"category","embeddable":true,"href":"https:\/\/semmelweis.hu\/hok\/wp-json\/wp\/v2\/categories?post=915"},{"taxonomy":"post_tag","embeddable":true,"href":"https:\/\/semmelweis.hu\/hok\/wp-json\/wp\/v2\/tags?post=915"}],"curies":[{"name":"wp","href":"https:\/\/api.w.org\/{rel}","templated":true}]}}