{"id":8956,"date":"2019-03-15T13:44:17","date_gmt":"2019-03-15T12:44:17","guid":{"rendered":"http:\/\/semmelweis.hu\/hok\/?page_id=8956"},"modified":"2025-10-16T15:32:12","modified_gmt":"2025-10-16T13:32:12","slug":"media-commission","status":"publish","type":"page","link":"https:\/\/semmelweis.hu\/hok\/en\/about-us\/committees-of-the-students-union\/media-commission\/","title":{"rendered":"Media Committee"},"content":{"rendered":"<h3><a href=\"https:\/\/semmelweis.hu\/hok\/atlathatosag\/beszamolok\/\" target=\"_blank\" rel=\"noopener\"><strong><img loading=\"lazy\" decoding=\"async\" class=\"size-medium wp-image-18921 alignleft\" src=\"https:\/\/semmelweis.hu\/hok\/files\/2025\/09\/N6409789-1-200x300.jpg\" alt=\"Heged\u0171s_Krist\u00f3f\" width=\"200\" height=\"300\" srcset=\"https:\/\/semmelweis.hu\/hok\/files\/2025\/09\/N6409789-1-200x300.jpg 200w, https:\/\/semmelweis.hu\/hok\/files\/2025\/09\/N6409789-1-683x1024.jpg 683w, https:\/\/semmelweis.hu\/hok\/files\/2025\/09\/N6409789-1-768x1152.jpg 768w, https:\/\/semmelweis.hu\/hok\/files\/2025\/09\/N6409789-1-1024x1536.jpg 1024w, https:\/\/semmelweis.hu\/hok\/files\/2025\/09\/N6409789-1-1365x2048.jpg 1365w, https:\/\/semmelweis.hu\/hok\/files\/2025\/09\/N6409789-1-753x1130.jpg 753w, https:\/\/semmelweis.hu\/hok\/files\/2025\/09\/N6409789-1-scaled.jpg 1707w\" sizes=\"auto, (max-width: 200px) 100vw, 200px\" \/>HEGED\u0170S Krist\u00f3f<\/strong><\/a><\/h3>\n<h5><em>head of <a href=\"https:\/\/semmelweis.hu\/hok\/en\/committees-of-the-students-union\/media-commission\/\">Media Committee<\/a><\/em><\/h5>\n<p><a href=\"mailto:hok.media@semmelweis.hu\" target=\"_blank\" rel=\"noopener\">E-mail<\/a><\/p>\n<hr \/>\n<p><img loading=\"lazy\" decoding=\"async\" class=\"size-medium wp-image-17893 alignleft\" src=\"https:\/\/semmelweis.hu\/hok\/files\/2024\/11\/Lernyei-Soma-Bence-200x300.jpg\" alt=\"\" width=\"200\" height=\"300\" srcset=\"https:\/\/semmelweis.hu\/hok\/files\/2024\/11\/Lernyei-Soma-Bence-200x300.jpg 200w, https:\/\/semmelweis.hu\/hok\/files\/2024\/11\/Lernyei-Soma-Bence-683x1024.jpg 683w, https:\/\/semmelweis.hu\/hok\/files\/2024\/11\/Lernyei-Soma-Bence-768x1152.jpg 768w, https:\/\/semmelweis.hu\/hok\/files\/2024\/11\/Lernyei-Soma-Bence-1024x1536.jpg 1024w, https:\/\/semmelweis.hu\/hok\/files\/2024\/11\/Lernyei-Soma-Bence-1366x2048.jpg 1366w, https:\/\/semmelweis.hu\/hok\/files\/2024\/11\/Lernyei-Soma-Bence-753x1129.jpg 753w, https:\/\/semmelweis.hu\/hok\/files\/2024\/11\/Lernyei-Soma-Bence-scaled.jpg 1707w\" sizes=\"auto, (max-width: 200px) 100vw, 200px\" \/><\/p>\n<h3><a href=\"https:\/\/semmelweis.hu\/hok\/atlathatosag\/beszamolok\/\" target=\"_blank\" rel=\"noopener\"><strong>LERNYEI Soma Bence<\/strong><\/a><\/h3>\n<h5><em>head of <a href=\"https:\/\/semmelweis.hu\/hok\/en\/committees-of-the-students-union\/media-commission\/\">Media Committee<\/a><\/em><\/h5>\n<p><a href=\"mailto:hok.media@semmelweis.hu\" target=\"_blank\" rel=\"noopener\">E-mail<\/a><\/p>\n<p>&nbsp;<\/p>\n<hr style=\"color: #1e2326;font-family: 'PT serif', serif;font-size: 1rem;font-weight: 400\" \/>\n<h3><strong><span class=\"tojvnm2t a6sixzi8 abs2jz4q a8s20v7p t1p8iaqh k5wvi7nf q3lfd5jv pk4s997a bipmatt0 cebpdrjk qowsmv63 owwhemhu dp1hu0rb dhp61c6y iyyx5f41\"><img loading=\"lazy\" decoding=\"async\" class=\"alignleft\" src=\"https:\/\/semmelweis.hu\/hok\/files\/2022\/12\/Muhammad-Suban-200x300.jpg\" width=\"150\" height=\"225\" \/><a href=\"https:\/\/semmelweis.hu\/hok\/en\/transparency\/reports-and-public-work-benefit\/\" target=\"_blank\" rel=\"noopener\"><span class=\"NormalTextRun SCXW115375366 BCX0\">Muhammad\u00a0<\/span><span class=\"NormalTextRun SpellingErrorV2Themed SCXW115375366 BCX0\">SOBAN<\/span><\/a><\/span><\/strong><\/h3>\n<h5><em><span class=\"TextRun SCXW47821001 BCX0\" lang=\"EN-US\" xml:lang=\"EN-US\" data-contrast=\"auto\"><span class=\"NormalTextRun SCXW47821001 BCX0\">international project manager<\/span><\/span><\/em><\/h5>\n<p><a href=\"mailto:muhammad.soban@stud.semmelweis.hu\" target=\"_blank\" rel=\"noopener\">E-mail<\/a><\/p>\n<hr \/>\n<h3><strong><a href=\"https:\/\/semmelweis.hu\/hok\/atlathatosag\/beszamolok\/\" target=\"_blank\" rel=\"noopener\"><span class=\"NormalTextRun SCXW167628971 BCX0\"><img loading=\"lazy\" decoding=\"async\" class=\"alignleft wp-image-17809\" src=\"https:\/\/semmelweis.hu\/hok\/files\/2024\/10\/Mercedes-Amy-Schulz-200x300.jpg\" alt=\"\" width=\"150\" height=\"225\" srcset=\"https:\/\/semmelweis.hu\/hok\/files\/2024\/10\/Mercedes-Amy-Schulz-200x300.jpg 200w, https:\/\/semmelweis.hu\/hok\/files\/2024\/10\/Mercedes-Amy-Schulz-683x1024.jpg 683w, https:\/\/semmelweis.hu\/hok\/files\/2024\/10\/Mercedes-Amy-Schulz-768x1152.jpg 768w, https:\/\/semmelweis.hu\/hok\/files\/2024\/10\/Mercedes-Amy-Schulz-1024x1536.jpg 1024w, https:\/\/semmelweis.hu\/hok\/files\/2024\/10\/Mercedes-Amy-Schulz-1366x2048.jpg 1366w, https:\/\/semmelweis.hu\/hok\/files\/2024\/10\/Mercedes-Amy-Schulz-753x1129.jpg 753w, https:\/\/semmelweis.hu\/hok\/files\/2024\/10\/Mercedes-Amy-Schulz-scaled.jpg 1707w\" sizes=\"auto, (max-width: 150px) 100vw, 150px\" \/>Mercedes Amy SCHULZ<\/span><\/a><\/strong><\/h3>\n<h5><em>international communication coordinator<\/em><\/h5>\n<p><a href=\"mailto:mercedes.schulz@stud.semmelweis.hu\" target=\"_blank\" rel=\"noopener\">E-mail<\/a><\/p>\n<hr \/>\n<h3><img loading=\"lazy\" decoding=\"async\" class=\"alignleft\" src=\"https:\/\/lh3.googleusercontent.com\/pw\/AIL4fc-CqeA4H36J_GJIOrtmDP6ntaX3l5sGGu8DI0W52kWe9nWQZB-DLQpSmeDsa4lEZxkNZU6eQh8X85A1rS2F5CWKi31kEYvxMWvEOwP9xA2ZQgO03aTJ2BElVEGlGnthwKMgOJ2G71Mgpl87ntJSge0U=w618-h866-s-no?authuser=1\" alt=\"\" width=\"150\" height=\"210\" \/><\/h3>\n<h3><a href=\"https:\/\/semmelweis.hu\/hok\/en\/transparency\/reports-and-public-work-benefit\/\" target=\"_blank\" rel=\"noopener\"><strong><span class=\"tojvnm2t a6sixzi8 abs2jz4q a8s20v7p t1p8iaqh k5wvi7nf q3lfd5jv pk4s997a bipmatt0 cebpdrjk qowsmv63 owwhemhu dp1hu0rb dhp61c6y iyyx5f41\">SZAB\u00d3 Ad\u00e9l<\/span><\/strong><\/a><\/h3>\n<h5><span class=\"tojvnm2t a6sixzi8 abs2jz4q a8s20v7p t1p8iaqh k5wvi7nf q3lfd5jv pk4s997a bipmatt0 cebpdrjk qowsmv63 owwhemhu dp1hu0rb dhp61c6y iyyx5f41\"><em>communication<\/em><\/span><em><span class=\"tojvnm2t a6sixzi8 abs2jz4q a8s20v7p t1p8iaqh k5wvi7nf q3lfd5jv pk4s997a bipmatt0 cebpdrjk qowsmv63 owwhemhu dp1hu0rb dhp61c6y iyyx5f41\"> coordinator<\/span><\/em><\/h5>\n<p><a href=\"mailto:hok.media@semmelweis.hu\" target=\"_blank\" rel=\"noopener\">E-mail<\/a><\/p>\n<hr \/>\n<h3><img loading=\"lazy\" decoding=\"async\" class=\"alignleft\" src=\"https:\/\/lh3.googleusercontent.com\/pw\/AIL4fc-CqeA4H36J_GJIOrtmDP6ntaX3l5sGGu8DI0W52kWe9nWQZB-DLQpSmeDsa4lEZxkNZU6eQh8X85A1rS2F5CWKi31kEYvxMWvEOwP9xA2ZQgO03aTJ2BElVEGlGnthwKMgOJ2G71Mgpl87ntJSge0U=w618-h866-s-no?authuser=1\" alt=\"\" width=\"150\" height=\"210\" \/><a href=\"https:\/\/semmelweis.hu\/hok\/en\/transparency\/reports-and-public-work-benefit\/\" target=\"_blank\" rel=\"noopener\"><strong>MAROSI Kamilla<\/strong><\/a><\/h3>\n<h5><span class=\"tojvnm2t a6sixzi8 abs2jz4q a8s20v7p t1p8iaqh k5wvi7nf q3lfd5jv pk4s997a bipmatt0 cebpdrjk qowsmv63 owwhemhu dp1hu0rb dhp61c6y iyyx5f41\"><em>translation coordinator<\/em><\/span><\/h5>\n<p><a href=\"mailto:hok.media@semmelweis.hu\" target=\"_blank\" rel=\"noopener\">E-mail<\/a><\/p>\n<hr \/>\n<h3><img loading=\"lazy\" decoding=\"async\" class=\"alignleft\" src=\"https:\/\/lh3.googleusercontent.com\/pw\/AIL4fc-CqeA4H36J_GJIOrtmDP6ntaX3l5sGGu8DI0W52kWe9nWQZB-DLQpSmeDsa4lEZxkNZU6eQh8X85A1rS2F5CWKi31kEYvxMWvEOwP9xA2ZQgO03aTJ2BElVEGlGnthwKMgOJ2G71Mgpl87ntJSge0U=w618-h866-s-no?authuser=1\" alt=\"\" width=\"150\" height=\"210\" \/><a href=\"https:\/\/semmelweis.hu\/hok\/en\/transparency\/reports-and-public-work-benefit\/\" target=\"_blank\" rel=\"noopener\"><strong>KOV\u00c1CS Anna<\/strong><\/a><\/h3>\n<h5><em><span class=\"tojvnm2t a6sixzi8 abs2jz4q a8s20v7p t1p8iaqh k5wvi7nf q3lfd5jv pk4s997a bipmatt0 cebpdrjk qowsmv63 owwhemhu dp1hu0rb dhp61c6y iyyx5f41\">graphics coordinator<\/span><\/em><\/h5>\n<p><a href=\"mailto:hok.media@semmelweis.hu\" target=\"_blank\" rel=\"noopener\">E-mail<\/a><\/p>\n<hr \/>\n<h3><img loading=\"lazy\" decoding=\"async\" class=\"alignleft\" src=\"https:\/\/lh3.googleusercontent.com\/pw\/AIL4fc-CqeA4H36J_GJIOrtmDP6ntaX3l5sGGu8DI0W52kWe9nWQZB-DLQpSmeDsa4lEZxkNZU6eQh8X85A1rS2F5CWKi31kEYvxMWvEOwP9xA2ZQgO03aTJ2BElVEGlGnthwKMgOJ2G71Mgpl87ntJSge0U=w618-h866-s-no?authuser=1\" alt=\"\" width=\"150\" height=\"210\" \/><a href=\"https:\/\/semmelweis.hu\/hok\/en\/transparency\/reports-and-public-work-benefit\/\" target=\"_blank\" rel=\"noopener\"><strong>M\u00c9REY R\u00e9ka\u00a0<\/strong><\/a><\/h3>\n<h5><em><span class=\"tojvnm2t a6sixzi8 abs2jz4q a8s20v7p t1p8iaqh k5wvi7nf q3lfd5jv pk4s997a bipmatt0 cebpdrjk qowsmv63 owwhemhu dp1hu0rb dhp61c6y iyyx5f41\">graphics coordinator<\/span><\/em><\/h5>\n<p><a href=\"mailto:hok.media@semmelweis.hu\" target=\"_blank\" rel=\"noopener\">E-mail<\/a><\/p>\n<hr \/>\n<p>&nbsp;<\/p>\n<h3><img loading=\"lazy\" decoding=\"async\" class=\"alignleft\" src=\"https:\/\/lh3.googleusercontent.com\/pw\/AIL4fc-CqeA4H36J_GJIOrtmDP6ntaX3l5sGGu8DI0W52kWe9nWQZB-DLQpSmeDsa4lEZxkNZU6eQh8X85A1rS2F5CWKi31kEYvxMWvEOwP9xA2ZQgO03aTJ2BElVEGlGnthwKMgOJ2G71Mgpl87ntJSge0U=w618-h866-s-no?authuser=1\" alt=\"\" width=\"150\" height=\"210\" \/><\/h3>\n<h3><a href=\"https:\/\/semmelweis.hu\/hok\/en\/transparency\/reports-and-public-work-benefit\/\" target=\"_blank\" rel=\"noopener\"><strong>TAK\u00c1CS Tam\u00e1s<\/strong><\/a><\/h3>\n<h5><em style=\"font-family: inherit;font-size: inherit\">photography<\/em><em style=\"font-family: inherit;font-size: inherit\"> coordinator<\/em><\/h5>\n<p><a href=\"mailto:hok.media@semmelweis.hu\" target=\"_blank\" rel=\"noopener\">E-mail<\/a><\/p>\n<p>&nbsp;<\/p>\n<hr style=\"color: #1e2326;font-family: 'PT serif', serif;font-size: 1rem;font-weight: 400\" \/>\n<p>&nbsp;<\/p>\n<div class=\"keretes w-100\">\n<p><strong>Mission, vision:<\/strong><\/p>\n<p><span data-contrast=\"auto\">Introducing the Media Committee of our University Students&#8217; Union \u2013 the creative powerhouse behind the digital buzz on campus! We&#8217;re the maestros of the social media scene, managing platforms that keep you connected and informed. Tune in to &#8222;<a href=\"https:\/\/open.spotify.com\/show\/2VjvkBFnE4r5P6PNs9bOqY?si=e0c9dd24bf2c47bb&amp;fbclid=IwAR3Wf7s5T-m1ZnbVzqnqbujcel1JY392UYjoZx73fVIfArWGHaj7P0xI26I&amp;nd=1\" target=\"_blank\" rel=\"noopener\">Faces of Semmelweis<\/a>&#8222;, our captivating <a href=\"https:\/\/podcasts.apple.com\/us\/podcast\/students-union-studio\/id1666049328?ign-itscg=30200S&amp;ign-itsct=podcast_box\" target=\"_blank\" rel=\"noopener\">podcast<\/a> that delves into the heart of university stories. Catch us on <a href=\"https:\/\/www.youtube.com\/c\/studentsofsemmelweis\" target=\"_blank\" rel=\"noopener\">YouTube<\/a>, <a href=\"https:\/\/instagram.com\/studentsofsemmelweis\" target=\"_blank\" rel=\"noopener\">Instagram<\/a>, <a href=\"https:\/\/www.facebook.com\/studentsofsemmelweis\" target=\"_blank\" rel=\"noopener\">Facebook<\/a>, and <a href=\"https:\/\/tiktok.com\/@studentsofsemmelweis\" target=\"_blank\" rel=\"noopener\">TikTok<\/a>, where we serve up student-centric content that&#8217;s both entertaining and insightful.<\/span><\/p>\n<p><span data-contrast=\"auto\">Our artistic flair shines through our graphic designs, weaving creativity into every corner of the university. From major events to the tiniest details, we&#8217;re there with our cameras to capture it all. Photography? Check. Videography? Double-check. We&#8217;re the ones behind those stunning event highlights that make you relive the excitement.<\/span><\/p>\n<p><span data-contrast=\"auto\">Get ready for a media experience that&#8217;s as dynamic as you are. We&#8217;re not just a committee; we&#8217;re your lens to the heart and soul of university life. Stay connected, stay inspired \u2013 with the Media Committee.<\/span><\/p>\n<p><span style=\"font-size: 1rem\">If you have any questions, ideas, would like to join us, or if we can help you, please feel free to contact us at the e-mail address above!<\/span><\/p>\n<\/div>\n<hr \/>\n<div class=\"exp-col-content-holder\" style=\"text-align: center\"><a class=\"expand-cnt-link\" href=\"#\">Members of the committee<\/a><\/p>\n<div class=\"hidden-content\">\n<p>The folders with the students\u2019 names, which contain the monthly public work reports and the application documents of the officials, are available with university access via <a href=\"https:\/\/unisemmelweis.sharepoint.com\/:f:\/t\/Projekt_HK-StudentsUnion\/EvqCCU14w3VLgGm7GLFM-uYBN9MkR3bMmUw6Ob7hE6u19w\" target=\"_blank\" rel=\"noopener\">this link<\/a>. The search bar works, it is easy to find students and reports.<br \/>\nAllowing external requests are being resolved. Until it\u2019s done, you can ask for specific report by <a href=\"mailto:hok.secretary@semmelweis.hu\">writing to this e-mail<\/a>.<\/p>\n<p>B\u00c1CSKAI Csenge<br \/>\nBIRHER Ilona<br \/>\nB\u00d6CSKEI B\u00e1lint<br \/>\nCSABAI Dorina<br \/>\nHORV\u00c1TH Borb\u00e1la<br \/>\nKASZA N\u00f3ra<br \/>\nKIS Maja<br \/>\nKIS M\u00e1t\u00e9 M\u00e1rk<br \/>\nKORS\u00d3S Blanka<br \/>\nKOV\u00c1CS Anna<br \/>\nKRAN\u00c1CS M\u00e1t\u00e9<br \/>\nMAROSI Kamilla<br \/>\nMEGYASZAI \u00c1bel<br \/>\nM\u00c9REY R\u00e9ka<br \/>\nMOLN\u00c1R Lili<br \/>\nPATK\u00d3 Hanna<br \/>\nPUHA Dorottya<br \/>\nPUNCSUH\u00c1S Petra<br \/>\nRUHA Midi\u00e1n<br \/>\nSZAB\u00d3 Ad\u00e9l<br \/>\nSZLIFKA Krisztina Ilona<br \/>\nTAK\u00c1CS Tam\u00e1s<br \/>\nVictoria AZAROV<br \/>\nVictoria LEITI<\/p>\n<\/div>\n<\/div>\n","protected":false},"excerpt":{"rendered":"<p><a href=\"https:\/\/semmelweis.hu\/hok\/atlathatosag\/beszamolok\/\" target=\"_blank\" rel=\"noopener\">HEGED\u0170S Krist\u00f3f<\/a> head of <a href=\"https:\/\/semmelweis.hu\/hok\/en\/committees-of-the-students-union\/media-commission\/\">Media Committee<\/a> <a href=\"mailto:hok.media@semmelweis.hu\" target=\"_blank\" rel=\"noopener\">E-mail<\/a> <a href=\"https:\/\/semmelweis.hu\/hok\/atlathatosag\/beszamolok\/\" target=\"_blank\" rel=\"noopener\">LERNYEI Soma Bence<\/a> head of <a href=\"https:\/\/semmelweis.hu\/hok\/en\/committees-of-the-students-union\/media-commission\/\">Media Committee<\/a> <a href=\"mailto:hok.media@semmelweis.hu\" target=\"_blank\" rel=\"noopener\">E-mail<\/a> &nbsp; <a href=\"https:\/\/semmelweis.hu\/hok\/en\/transparency\/reports-and-public-work-benefit\/\" target=\"_blank\" rel=\"noopener\">Muhammad\u00a0SOBAN<\/a> international project manager <a href=\"mailto:muhammad.soban@stud.semmelweis.hu\" target=\"_blank\" rel=\"noopener\">E-mail<\/a> <a href=\"https:\/\/semmelweis.hu\/hok\/atlathatosag\/beszamolok\/\" target=\"_blank\" rel=\"noopener\">Mercedes Amy SCHULZ<\/a> international communication coordinator <a href=\"mailto:mercedes.schulz@stud.semmelweis.hu\" target=\"_blank\" rel=\"noopener\">E-mail<\/a> <a href=\"https:\/\/semmelweis.hu\/hok\/en\/transparency\/reports-and-public-work-benefit\/\" target=\"_blank\" rel=\"noopener\">SZAB\u00d3 Ad\u00e9l<\/a> communication coordinator <a href=\"mailto:hok.media@semmelweis.hu\" target=\"_blank\" rel=\"noopener\">E-mail<\/a> <a href=\"https:\/\/semmelweis.hu\/hok\/en\/transparency\/reports-and-public-work-benefit\/\" target=\"_blank\" rel=\"noopener\">MAROSI Kamilla<\/a> translation coordinator <a href=\"mailto:hok.media@semmelweis.hu\" target=\"_blank\" rel=\"noopener\">E-mail<\/a> <a href=\"https:\/\/semmelweis.hu\/hok\/en\/transparency\/reports-and-public-work-benefit\/\" target=\"_blank\" rel=\"noopener\">KOV\u00c1CS Anna<\/a> graphics coordinator <a href=\"mailto:hok.media@semmelweis.hu\" target=\"_blank\" rel=\"noopener\">E-mail<\/a> <a href=\"https:\/\/semmelweis.hu\/hok\/en\/transparency\/reports-and-public-work-benefit\/\" target=\"_blank\" rel=\"noopener\">M\u00c9REY R\u00e9ka\u00a0<\/a> graphics coordinator <a href=\"mailto:hok.media@semmelweis.hu\" target=\"_blank\" rel=\"noopener\">E-mail<\/a> &nbsp; <a href=\"https:\/\/semmelweis.hu\/hok\/en\/transparency\/reports-and-public-work-benefit\/\" target=\"_blank\" rel=\"noopener\">TAK\u00c1CS Tam\u00e1s<\/a> photography coordinator <a href=\"mailto:hok.media@semmelweis.hu\" target=\"_blank\" rel=\"noopener\">E-mail<\/a> &nbsp; &nbsp; Mission, vision: Introducing the Media Committee of our University Students&#8217; Union \u2013 the creative powerhouse behind the digital buzz on campus! We&#8217;re the maestros of the social media scene, managing platforms &hellip;<\/p>\n","protected":false},"author":101158,"featured_media":0,"parent":8211,"menu_order":5,"comment_status":"closed","ping_status":"closed","template":"","meta":{"_acf_changed":false,"footnotes":""},"categories":[],"tags":[],"class_list":["post-8956","page","type-page","status-publish","hentry"],"acf":[],"_links":{"self":[{"href":"https:\/\/semmelweis.hu\/hok\/wp-json\/wp\/v2\/pages\/8956","targetHints":{"allow":["GET"]}}],"collection":[{"href":"https:\/\/semmelweis.hu\/hok\/wp-json\/wp\/v2\/pages"}],"about":[{"href":"https:\/\/semmelweis.hu\/hok\/wp-json\/wp\/v2\/types\/page"}],"author":[{"embeddable":true,"href":"https:\/\/semmelweis.hu\/hok\/wp-json\/wp\/v2\/users\/101158"}],"replies":[{"embeddable":true,"href":"https:\/\/semmelweis.hu\/hok\/wp-json\/wp\/v2\/comments?post=8956"}],"version-history":[{"count":13,"href":"https:\/\/semmelweis.hu\/hok\/wp-json\/wp\/v2\/pages\/8956\/revisions"}],"predecessor-version":[{"id":19021,"href":"https:\/\/semmelweis.hu\/hok\/wp-json\/wp\/v2\/pages\/8956\/revisions\/19021"}],"up":[{"embeddable":true,"href":"https:\/\/semmelweis.hu\/hok\/wp-json\/wp\/v2\/pages\/8211"}],"wp:attachment":[{"href":"https:\/\/semmelweis.hu\/hok\/wp-json\/wp\/v2\/media?parent=8956"}],"wp:term":[{"taxonomy":"category","embeddable":true,"href":"https:\/\/semmelweis.hu\/hok\/wp-json\/wp\/v2\/categories?post=8956"},{"taxonomy":"post_tag","embeddable":true,"href":"https:\/\/semmelweis.hu\/hok\/wp-json\/wp\/v2\/tags?post=8956"}],"curies":[{"name":"wp","href":"https:\/\/api.w.org\/{rel}","templated":true}]}}