{"id":8930,"date":"2019-03-13T17:50:46","date_gmt":"2019-03-13T16:50:46","guid":{"rendered":"http:\/\/semmelweis.hu\/hok\/?page_id=8930"},"modified":"2025-08-29T14:25:15","modified_gmt":"2025-08-29T12:25:15","slug":"events-committee","status":"publish","type":"page","link":"https:\/\/semmelweis.hu\/hok\/en\/about-us\/committees-of-the-students-union\/events-committee\/","title":{"rendered":"Events Committee"},"content":{"rendered":"<h3><strong><img loading=\"lazy\" decoding=\"async\" class=\"alignleft\" src=\"https:\/\/lh3.googleusercontent.com\/pw\/AIL4fc-CqeA4H36J_GJIOrtmDP6ntaX3l5sGGu8DI0W52kWe9nWQZB-DLQpSmeDsa4lEZxkNZU6eQh8X85A1rS2F5CWKi31kEYvxMWvEOwP9xA2ZQgO03aTJ2BElVEGlGnthwKMgOJ2G71Mgpl87ntJSge0U=w618-h866-s-no?authuser=1\" alt=\"\" width=\"200\" height=\"280\" \/><\/strong><\/h3>\n<h3 style=\"text-align: left\"><a href=\"https:\/\/semmelweis.hu\/hok\/atlathatosag\/beszamolok\/\" target=\"_blank\" rel=\"noopener noreferrer\"><strong>FARKAS Enz\u00f3 Brendon<\/strong><\/a><\/h3>\n<h5><em><span style=\"font-weight: 400\">vice president for events<\/span><\/em><\/h5>\n<p><a href=\"mailto:hok.event@semmelweis.hu\" target=\"_blank\" rel=\"noopener\">E-mail<\/a><\/p>\n<hr \/>\n<h3><a href=\"https:\/\/semmelweis.hu\/hok\/en\/transparency\/reports-and-public-work-benefit\/\" target=\"_blank\" rel=\"noopener\"><strong><span class=\"NormalTextRun SpellingErrorV2Themed SCXW203248447 BCX0\"><img loading=\"lazy\" decoding=\"async\" class=\"alignleft wp-image-17811\" src=\"https:\/\/semmelweis.hu\/hok\/files\/2024\/10\/Reem-Aladin-200x300.jpg\" alt=\"\" width=\"150\" height=\"225\" srcset=\"https:\/\/semmelweis.hu\/hok\/files\/2024\/10\/Reem-Aladin-200x300.jpg 200w, https:\/\/semmelweis.hu\/hok\/files\/2024\/10\/Reem-Aladin-683x1024.jpg 683w, https:\/\/semmelweis.hu\/hok\/files\/2024\/10\/Reem-Aladin-768x1152.jpg 768w, https:\/\/semmelweis.hu\/hok\/files\/2024\/10\/Reem-Aladin-1024x1536.jpg 1024w, https:\/\/semmelweis.hu\/hok\/files\/2024\/10\/Reem-Aladin-1365x2048.jpg 1365w, https:\/\/semmelweis.hu\/hok\/files\/2024\/10\/Reem-Aladin-753x1130.jpg 753w, https:\/\/semmelweis.hu\/hok\/files\/2024\/10\/Reem-Aladin-scaled.jpg 1706w\" sizes=\"auto, (max-width: 150px) 100vw, 150px\" \/>Reem H. I. ALADIN<\/span><\/strong><\/a><\/h3>\n<h5><em><span style=\"font-weight: 400\">international events coordinator<\/span><\/em><\/h5>\n<p><a href=\"mailto:reem.aladin@stud.semmelweis.hu\" target=\"_blank\" rel=\"noopener\">E-mail<\/a><\/p>\n<hr \/>\n<h3>\u00a0<\/h3>\n<div class=\"keretes w-100\">\n<p><strong>Mission, vision:<\/strong><\/p>\n<p><span class=\"TextRun SCXW135947379 BCX0\" lang=\"HU-HU\" xml:lang=\"HU-HU\" data-contrast=\"auto\"><span class=\"NormalTextRun SpellingErrorV2Themed SCXW135947379 BCX0\">Welcome<\/span> <span class=\"NormalTextRun SpellingErrorV2Themed SCXW135947379 BCX0\">to<\/span> <span class=\"NormalTextRun SpellingErrorV2Themed SCXW135947379 BCX0\">the<\/span> <span class=\"NormalTextRun SpellingErrorV2Themed SCXW135947379 BCX0\">world<\/span><span class=\"NormalTextRun SCXW135947379 BCX0\"> of campus <\/span><span class=\"NormalTextRun SpellingErrorV2Themed SCXW135947379 BCX0\">excitement<\/span> <span class=\"NormalTextRun SpellingErrorV2Themed SCXW135947379 BCX0\">brought<\/span> <span class=\"NormalTextRun SpellingErrorV2Themed SCXW135947379 BCX0\">to<\/span> <span class=\"NormalTextRun SpellingErrorV2Themed SCXW135947379 BCX0\">you<\/span> <span class=\"NormalTextRun SpellingErrorV2Themed SCXW135947379 BCX0\">by<\/span> <span class=\"NormalTextRun SpellingErrorV2Themed SCXW135947379 BCX0\">the<\/span> <span class=\"NormalTextRun SpellingErrorV2Themed SCXW135947379 BCX0\">Events<\/span> <span class=\"NormalTextRun SpellingErrorV2Themed SCXW135947379 BCX0\">Committee<\/span><span class=\"NormalTextRun SCXW135947379 BCX0\"> of <\/span><span class=\"NormalTextRun SpellingErrorV2Themed SCXW135947379 BCX0\">Students<\/span><span class=\"NormalTextRun SCXW135947379 BCX0\">&#8216; Union! <\/span><span class=\"NormalTextRun SpellingErrorV2Themed SCXW135947379 BCX0\">We&#8217;re<\/span> <span class=\"NormalTextRun SpellingErrorV2Themed SCXW135947379 BCX0\">the<\/span> <span class=\"NormalTextRun SpellingErrorV2Themed SCXW135947379 BCX0\">student-powered<\/span> <span class=\"NormalTextRun SpellingErrorV2Themed SCXW135947379 BCX0\">creators<\/span><span class=\"NormalTextRun SCXW135947379 BCX0\"> of <\/span><span class=\"NormalTextRun SpellingErrorV2Themed SCXW135947379 BCX0\">unforgettable<\/span> <span class=\"NormalTextRun SpellingErrorV2Themed SCXW135947379 BCX0\">moments<\/span><span class=\"NormalTextRun SCXW135947379 BCX0\">. <\/span><span class=\"NormalTextRun SpellingErrorV2Themed SCXW135947379 BCX0\">Brace<\/span> <span class=\"NormalTextRun SpellingErrorV2Themed SCXW135947379 BCX0\">yourself<\/span> <span class=\"NormalTextRun SpellingErrorV2Themed SCXW135947379 BCX0\">for<\/span> <span class=\"NormalTextRun SpellingErrorV2Themed SCXW135947379 BCX0\">the<\/span> <span class=\"NormalTextRun SpellingErrorV2Themed SCXW135947379 BCX0\">ultimate<\/span> <span class=\"NormalTextRun SpellingErrorV2Themed SCXW135947379 BCX0\">snow<\/span> <span class=\"NormalTextRun SpellingErrorV2Themed SCXW135947379 BCX0\">adventure<\/span> <span class=\"NormalTextRun SpellingErrorV2Themed SCXW135947379 BCX0\">at<\/span> <span class=\"NormalTextRun SpellingErrorV2Themed SCXW135947379 BCX0\">the<\/span><span class=\"NormalTextRun SCXW135947379 BCX0\"> ICE <\/span><span class=\"NormalTextRun SpellingErrorV2Themed SCXW135947379 BCX0\">Carnival<\/span><span class=\"NormalTextRun SCXW135947379 BCX0\">, <\/span><span class=\"NormalTextRun SpellingErrorV2Themed SCXW135947379 BCX0\">where<\/span> <span class=\"NormalTextRun SpellingErrorV2Themed SCXW135947379 BCX0\">winter<\/span> <span class=\"NormalTextRun SpellingErrorV2Themed SCXW135947379 BCX0\">magic<\/span> <span class=\"NormalTextRun SpellingErrorV2Themed SCXW135947379 BCX0\">comes<\/span> <span class=\"NormalTextRun SpellingErrorV2Themed SCXW135947379 BCX0\">alive<\/span><span class=\"NormalTextRun SCXW135947379 BCX0\">. <\/span><span class=\"NormalTextRun SpellingErrorV2Themed SCXW135947379 BCX0\">Join<\/span> <span class=\"NormalTextRun SpellingErrorV2Themed SCXW135947379 BCX0\">us<\/span> <span class=\"NormalTextRun SpellingErrorV2Themed SCXW135947379 BCX0\">on<\/span> <span class=\"NormalTextRun SpellingErrorV2Themed SCXW135947379 BCX0\">the<\/span> <span class=\"NormalTextRun SpellingErrorV2Themed SCXW135947379 BCX0\">field<\/span> <span class=\"NormalTextRun SpellingErrorV2Themed SCXW135947379 BCX0\">for<\/span> <span class=\"NormalTextRun SpellingErrorV2Themed SCXW135947379 BCX0\">the<\/span> <span class=\"NormalTextRun SpellingErrorV2Themed SCXW135947379 BCX0\">high-energy<\/span> <span class=\"NormalTextRun SpellingErrorV2Themed SCXW135947379 BCX0\">Medics<\/span> <span class=\"NormalTextRun SpellingErrorV2Themed SCXW135947379 BCX0\">Cup<\/span><span class=\"NormalTextRun SCXW135947379 BCX0\">, a <\/span><span class=\"NormalTextRun SpellingErrorV2Themed SCXW135947379 BCX0\">sports<\/span> <span class=\"NormalTextRun SpellingErrorV2Themed SCXW135947379 BCX0\">extravaganza<\/span> <span class=\"NormalTextRun SpellingErrorV2Themed SCXW135947379 BCX0\">that&#8217;ll<\/span> <span class=\"NormalTextRun SpellingErrorV2Themed SCXW135947379 BCX0\">get<\/span> <span class=\"NormalTextRun SpellingErrorV2Themed SCXW135947379 BCX0\">your<\/span> <span class=\"NormalTextRun SpellingErrorV2Themed SCXW135947379 BCX0\">heart<\/span> <span class=\"NormalTextRun SpellingErrorV2Themed SCXW135947379 BCX0\">racing<\/span><span class=\"NormalTextRun SCXW135947379 BCX0\">. And <\/span><span class=\"NormalTextRun SpellingErrorV2Themed SCXW135947379 BCX0\">if<\/span> <span class=\"NormalTextRun SpellingErrorV2Themed SCXW135947379 BCX0\">that&#8217;s<\/span> <span class=\"NormalTextRun SpellingErrorV2Themed SCXW135947379 BCX0\">not<\/span> <span class=\"NormalTextRun SpellingErrorV2Themed SCXW135947379 BCX0\">enough<\/span><span class=\"NormalTextRun SCXW135947379 BCX0\">, <\/span><span class=\"NormalTextRun SpellingErrorV2Themed SCXW135947379 BCX0\">gear<\/span> <span class=\"NormalTextRun SpellingErrorV2Themed SCXW135947379 BCX0\">up<\/span> <span class=\"NormalTextRun SpellingErrorV2Themed SCXW135947379 BCX0\">for<\/span> <span class=\"NormalTextRun SpellingErrorV2Themed SCXW135947379 BCX0\">the<\/span> <span class=\"NormalTextRun SpellingErrorV2Themed SCXW135947379 BCX0\">adrenaline-packed<\/span><span class=\"NormalTextRun SCXW135947379 BCX0\"> Semmelweis <\/span><span class=\"NormalTextRun SpellingErrorV2Themed SCXW135947379 BCX0\">Sleepless<\/span> <span class=\"NormalTextRun SpellingErrorV2Themed SCXW135947379 BCX0\">Night<\/span><span class=\"NormalTextRun SCXW135947379 BCX0\">, <\/span><span class=\"NormalTextRun SpellingErrorV2Themed SCXW135947379 BCX0\">another<\/span> <span class=\"NormalTextRun SpellingErrorV2Themed SCXW135947379 BCX0\">thrilling<\/span> <span class=\"NormalTextRun SpellingErrorV2Themed SCXW135947379 BCX0\">sports<\/span> <span class=\"NormalTextRun SpellingErrorV2Themed SCXW135947379 BCX0\">event<\/span><span class=\"NormalTextRun SCXW135947379 BCX0\">. <\/span><span class=\"NormalTextRun SpellingErrorV2Themed SCXW135947379 BCX0\">Dance<\/span> <span class=\"NormalTextRun SpellingErrorV2Themed SCXW135947379 BCX0\">through<\/span> <span class=\"NormalTextRun SpellingErrorV2Themed SCXW135947379 BCX0\">cultures<\/span> <span class=\"NormalTextRun SpellingErrorV2Themed SCXW135947379 BCX0\">at<\/span> <span class=\"NormalTextRun SpellingErrorV2Themed SCXW135947379 BCX0\">the<\/span><span class=\"NormalTextRun SCXW135947379 BCX0\"> International <\/span><span class=\"NormalTextRun SpellingErrorV2Themed SCXW135947379 BCX0\">Carnival<\/span><span class=\"NormalTextRun SCXW135947379 BCX0\"> and <\/span><span class=\"NormalTextRun SpellingErrorV2Themed SCXW135947379 BCX0\">enjoy<\/span> <span class=\"NormalTextRun SpellingErrorV2Themed SCXW135947379 BCX0\">the<\/span> <span class=\"NormalTextRun SpellingErrorV2Themed SCXW135947379 BCX0\">elegance<\/span><span class=\"NormalTextRun SCXW135947379 BCX0\"> of <\/span><span class=\"NormalTextRun SpellingErrorV2Themed SCXW135947379 BCX0\">the<\/span><span class=\"NormalTextRun SCXW135947379 BCX0\"> Semmelweis Ball. <\/span><span class=\"NormalTextRun SpellingErrorV2Themed SCXW135947379 BCX0\">Dive<\/span> <span class=\"NormalTextRun SpellingErrorV2Themed SCXW135947379 BCX0\">into<\/span> <span class=\"NormalTextRun SpellingErrorV2Themed SCXW135947379 BCX0\">university<\/span><span class=\"NormalTextRun SCXW135947379 BCX0\"> life <\/span><span class=\"NormalTextRun SpellingErrorV2Themed SCXW135947379 BCX0\">seamlessly<\/span> <span class=\"NormalTextRun SpellingErrorV2Themed SCXW135947379 BCX0\">at<\/span> <span class=\"NormalTextRun SpellingErrorV2Themed SCXW135947379 BCX0\">the<\/span> <span class=\"NormalTextRun SpellingErrorV2Themed SCXW135947379 BCX0\">Freshmen<\/span><span class=\"NormalTextRun SCXW135947379 BCX0\"> Camp and International <\/span><span class=\"NormalTextRun SpellingErrorV2Themed SCXW135947379 BCX0\">Orientation<\/span><span class=\"NormalTextRun SCXW135947379 BCX0\"> Day. <\/span><span class=\"NormalTextRun SpellingErrorV2Themed SCXW135947379 BCX0\">Experience<\/span> <span class=\"NormalTextRun SpellingErrorV2Themed SCXW135947379 BCX0\">the<\/span> <span class=\"NormalTextRun SpellingErrorV2Themed SCXW135947379 BCX0\">vibrant<\/span><span class=\"NormalTextRun SCXW135947379 BCX0\"> Semmelweis Spring <\/span><span class=\"NormalTextRun SpellingErrorV2Themed SCXW135947379 BCX0\">Festival<\/span><span class=\"NormalTextRun SCXW135947379 BCX0\"> and <\/span><span class=\"NormalTextRun SpellingErrorV2Themed SCXW135947379 BCX0\">groove<\/span> <span class=\"NormalTextRun SpellingErrorV2Themed SCXW135947379 BCX0\">at<\/span> <span class=\"NormalTextRun SpellingErrorV2Themed SCXW135947379 BCX0\">our<\/span> <span class=\"NormalTextRun SpellingErrorV2Themed SCXW135947379 BCX0\">iconic<\/span><span class=\"NormalTextRun SCXW135947379 BCX0\"> Semmelweis <\/span><span class=\"NormalTextRun SpellingErrorV2Themed SCXW135947379 BCX0\">Parties<\/span><span class=\"NormalTextRun SCXW135947379 BCX0\"> and <\/span><span class=\"NormalTextRun SpellingErrorV2Themed SCXW135947379 BCX0\">much<\/span><span class=\"NormalTextRun SCXW135947379 BCX0\"> more.<\/span> <span class=\"NormalTextRun SpellingErrorV2Themed SCXW135947379 BCX0\">We&#8217;re<\/span><span class=\"NormalTextRun SCXW135947379 BCX0\"> here <\/span><span class=\"NormalTextRun SpellingErrorV2Themed SCXW135947379 BCX0\">to<\/span> <span class=\"NormalTextRun SpellingErrorV2Themed SCXW135947379 BCX0\">make<\/span> <span class=\"NormalTextRun SpellingErrorV2Themed SCXW135947379 BCX0\">your<\/span> <span class=\"NormalTextRun SpellingErrorV2Themed SCXW135947379 BCX0\">time<\/span> <span class=\"NormalTextRun SpellingErrorV2Themed SCXW135947379 BCX0\">on<\/span><span class=\"NormalTextRun SCXW135947379 BCX0\"> campus <\/span><span class=\"NormalTextRun SpellingErrorV2Themed SCXW135947379 BCX0\">electric<\/span><span class=\"NormalTextRun SCXW135947379 BCX0\">, <\/span><span class=\"NormalTextRun SpellingErrorV2Themed SCXW135947379 BCX0\">engaging<\/span><span class=\"NormalTextRun SCXW135947379 BCX0\">, and <\/span><span class=\"NormalTextRun SpellingErrorV2Themed SCXW135947379 BCX0\">absolutely<\/span> <span class=\"NormalTextRun SpellingErrorV2Themed SCXW135947379 BCX0\">unforgettable<\/span><span class=\"NormalTextRun SCXW135947379 BCX0\">!<\/span><\/span><\/p>\n<p><span style=\"font-size: 1rem\">If you have any questions, ideas, would like to join us, or if we can help you, please feel free to contact us at the e-mail address above!<\/span><\/p>\n<\/div>\n<div class=\"w-100\">\n<hr \/>\n<\/div>\n<div class=\"exp-col-content-holder\" style=\"text-align: center\"><a class=\"expand-cnt-link\" href=\"#\">Members of the committee<\/a><\/p>\n<div class=\"hidden-content\">\n<p>The folders with the students\u2019 names, which contain the monthly public work reports and the application documents of the officials, are available with university access via <a href=\"https:\/\/unisemmelweis.sharepoint.com\/:f:\/t\/Projekt_HK-StudentsUnion\/EvqCCU14w3VLgGm7GLFM-uYBN9MkR3bMmUw6Ob7hE6u19w\" target=\"_blank\" rel=\"noopener\">this link<\/a>. The search bar works, it is easy to find students and reports.<br \/>\nAllowing external requests are being resolved. Until it\u2019s done, you can ask for specific report by <a href=\"mailto:hok.secretary@semmelweis.hu\">writing to this e-mail<\/a>.<\/p>\n<p>&nbsp;<\/p>\n<p>B\u00c1CSKAI Csenge<br \/>\nBOROS Odett<br \/>\nCSABAI Dorina<br \/>\nCSALL\u00d3 Dorina<br \/>\nDEZS\u0150 \u00c1d\u00e1m<br \/>\nDINY\u00c9SI Diana<br \/>\nDOBI Tam\u00e1s<br \/>\nEL-ASSAF Ter\u00e9zia<br \/>\nFARKASDI Fl\u00f3ra<br \/>\nF\u00c1SI Lili T\u00edmea<br \/>\nFUJSZ J\u00e1nos Man\u00f3<br \/>\nGELETA Gr\u00e9ta<br \/>\nGHADRI Sara<br \/>\nHERVATIN-R\u00c1CZ Eszter<br \/>\nHORV\u00c1TH Borb\u00e1la<br \/>\nIV\u00c1DY Krist\u00f3f<br \/>\nJAKAB Vivien Edit<br \/>\nKOV\u00c1CS \u00c1kos<br \/>\nKRN\u00c1CS M\u00e1t\u00e9<br \/>\nKUDEL\u00c1K M\u00e1rk<br \/>\nL\u00c1SZL\u00d3 Csaba<br \/>\nMAJOROS Ivett<br \/>\nM\u00c9SZ\u00c1ROS Evelin <br \/>\nNEMES Maja Dorottya<br \/>\nP\u00c1LFI Fruzsina<br \/>\nSZAB\u00d3 Ad\u00e9l Petra<br \/>\nSZ\u00c9KELYHIDY Vir\u00e1g<br \/>\nTAK\u00c1CS Tam\u00e1s<br \/>\nTUR\u00c1NYI Lill<br \/>\nVARGA S\u00e1ra<\/p>\n<\/div>\n<\/div>\n","protected":false},"excerpt":{"rendered":"<p><a href=\"https:\/\/semmelweis.hu\/hok\/atlathatosag\/beszamolok\/\" target=\"_blank\" rel=\"noopener noreferrer\">FARKAS Enz\u00f3 Brendon<\/a> vice president for events <a href=\"mailto:hok.event@semmelweis.hu\" target=\"_blank\" rel=\"noopener\">E-mail<\/a> <a href=\"https:\/\/semmelweis.hu\/hok\/en\/transparency\/reports-and-public-work-benefit\/\" target=\"_blank\" rel=\"noopener\">Reem H. I. ALADIN<\/a> international events coordinator <a href=\"mailto:reem.aladin@stud.semmelweis.hu\" target=\"_blank\" rel=\"noopener\">E-mail<\/a> \u00a0 Mission, vision: Welcome to the world of campus excitement brought to you by the Events Committee of Students&#8216; Union! We&#8217;re the student-powered creators of unforgettable moments. Brace yourself for the ultimate snow adventure at the ICE Carnival, where winter magic comes alive. Join us on the field &hellip;<\/p>\n","protected":false},"author":101158,"featured_media":0,"parent":8211,"menu_order":3,"comment_status":"closed","ping_status":"closed","template":"","meta":{"_acf_changed":false,"footnotes":""},"categories":[],"tags":[],"class_list":["post-8930","page","type-page","status-publish","hentry"],"acf":[],"_links":{"self":[{"href":"https:\/\/semmelweis.hu\/hok\/wp-json\/wp\/v2\/pages\/8930","targetHints":{"allow":["GET"]}}],"collection":[{"href":"https:\/\/semmelweis.hu\/hok\/wp-json\/wp\/v2\/pages"}],"about":[{"href":"https:\/\/semmelweis.hu\/hok\/wp-json\/wp\/v2\/types\/page"}],"author":[{"embeddable":true,"href":"https:\/\/semmelweis.hu\/hok\/wp-json\/wp\/v2\/users\/101158"}],"replies":[{"embeddable":true,"href":"https:\/\/semmelweis.hu\/hok\/wp-json\/wp\/v2\/comments?post=8930"}],"version-history":[{"count":12,"href":"https:\/\/semmelweis.hu\/hok\/wp-json\/wp\/v2\/pages\/8930\/revisions"}],"predecessor-version":[{"id":18808,"href":"https:\/\/semmelweis.hu\/hok\/wp-json\/wp\/v2\/pages\/8930\/revisions\/18808"}],"up":[{"embeddable":true,"href":"https:\/\/semmelweis.hu\/hok\/wp-json\/wp\/v2\/pages\/8211"}],"wp:attachment":[{"href":"https:\/\/semmelweis.hu\/hok\/wp-json\/wp\/v2\/media?parent=8930"}],"wp:term":[{"taxonomy":"category","embeddable":true,"href":"https:\/\/semmelweis.hu\/hok\/wp-json\/wp\/v2\/categories?post=8930"},{"taxonomy":"post_tag","embeddable":true,"href":"https:\/\/semmelweis.hu\/hok\/wp-json\/wp\/v2\/tags?post=8930"}],"curies":[{"name":"wp","href":"https:\/\/api.w.org\/{rel}","templated":true}]}}