{"id":8927,"date":"2019-03-13T17:43:58","date_gmt":"2019-03-13T16:43:58","guid":{"rendered":"http:\/\/semmelweis.hu\/hok\/?page_id=8927"},"modified":"2025-08-29T12:04:09","modified_gmt":"2025-08-29T10:04:09","slug":"dormitory-commission-and-dormitory-subcommissions","status":"publish","type":"page","link":"https:\/\/semmelweis.hu\/hok\/en\/about-us\/committees-of-the-students-union\/dormitory-commission-and-dormitory-subcommissions\/","title":{"rendered":"Dormitory Committee"},"content":{"rendered":"<h3><img loading=\"lazy\" decoding=\"async\" class=\"size-medium wp-image-18613 alignleft\" src=\"https:\/\/semmelweis.hu\/hok\/files\/2025\/07\/Sarkany-Fanni-200x300.jpg\" alt=\"\" width=\"200\" height=\"300\" srcset=\"https:\/\/semmelweis.hu\/hok\/files\/2025\/07\/Sarkany-Fanni-200x300.jpg 200w, https:\/\/semmelweis.hu\/hok\/files\/2025\/07\/Sarkany-Fanni-683x1024.jpg 683w, https:\/\/semmelweis.hu\/hok\/files\/2025\/07\/Sarkany-Fanni-768x1152.jpg 768w, https:\/\/semmelweis.hu\/hok\/files\/2025\/07\/Sarkany-Fanni-1024x1536.jpg 1024w, https:\/\/semmelweis.hu\/hok\/files\/2025\/07\/Sarkany-Fanni-1366x2048.jpg 1366w, https:\/\/semmelweis.hu\/hok\/files\/2025\/07\/Sarkany-Fanni-753x1129.jpg 753w, https:\/\/semmelweis.hu\/hok\/files\/2025\/07\/Sarkany-Fanni-scaled.jpg 1707w\" sizes=\"auto, (max-width: 200px) 100vw, 200px\" \/><\/h3>\n<h3><a href=\"https:\/\/semmelweis.hu\/hok\/en\/transparency\/reports-and-public-work-benefit\/\" target=\"_blank\" rel=\"noopener\"><strong>S\u00c1RK\u00c1NY Fanni<\/strong><\/a><\/h3>\n<h5><em>head of committee<\/em><\/h5>\n<p><a href=\"mailto:hok.dormitory@semmelweis.hu\" target=\"_blank\" rel=\"noopener\">E-mail<\/a><\/p>\n<p>&nbsp;<\/p>\n<hr \/>\n<h3><img loading=\"lazy\" decoding=\"async\" class=\"wp-image-15727 alignleft\" src=\"https:\/\/semmelweis.hu\/hok\/files\/2023\/08\/Altalanos-HOK-foto-2022-1-214x300.jpg\" alt=\"\" width=\"150\" height=\"210\" srcset=\"https:\/\/semmelweis.hu\/hok\/files\/2023\/08\/Altalanos-HOK-foto-2022-1-214x300.jpg 214w, https:\/\/semmelweis.hu\/hok\/files\/2023\/08\/Altalanos-HOK-foto-2022-1.jpg 612w\" sizes=\"auto, (max-width: 150px) 100vw, 150px\" \/><a href=\"https:\/\/semmelweis.hu\/hok\/en\/transparency\/reports-and-public-work-benefit\/\" target=\"_blank\" rel=\"noopener\"><strong><span class=\"NormalTextRun SCXW104860243 BCX0\">Clara YOUSSEF<\/span><\/strong><\/a><\/h3>\n<h5><em>chief of Kunigunda subcommittee<\/em><\/h5>\n<p><a href=\"mailto:clara.youssef@stud.semmelweis.hu\" target=\"_blank\" rel=\"noopener\">E-mail<\/a><\/p>\n<hr \/>\n<div class=\"keretes w-100\">\n<p><strong>Mission, vision:<\/strong><\/p>\n<p><span data-contrast=\"auto\">The Dormitory Committee plays a vital role in ensuring a comfortable living environment for students in university dormitories. Comprised of dedicated student representatives, the committee addresses maintenance concerns, organizes social events, and fosters a sense of community among residents.<\/span><\/p>\n<p><span data-contrast=\"auto\">The committee plays an instrumental role in creating a welcoming atmosphere for international students, easing their transition, and fostering cross-cultural interactions.<\/span><\/p>\n<p><span data-contrast=\"auto\">Members include the head of committee and the chiefs of Dormitory Subcommittees.<\/span><\/p>\n<p><span data-contrast=\"auto\"> There is a subcommittee operating according to each dormitory under the Dormitory Committee.<\/span><\/p>\n<p><span data-contrast=\"auto\"> If you have any questions, ideas or you want to be part of our team contact us with confidence: <\/span><a href=\"mailto:hok.dormitory@semmelweis.hu\"><span data-contrast=\"none\">hok.dormitory@semmelweis.hu<\/span><\/a><span data-contrast=\"auto\">.<\/span><\/p>\n<\/div>\n<hr \/>\n<div class=\"exp-col-content-holder\" style=\"text-align: center\"><a class=\"expand-cnt-link\" href=\"#\">Members of the Committee<\/a><\/p>\n<div class=\"hidden-content\">\n<p style=\"text-align: center\">The folders with the students\u2019 names, which contain the monthly public work reports and the application documents of the officials, are available with university access via <a href=\"https:\/\/unisemmelweis.sharepoint.com\/:f:\/t\/Projekt_HK-StudentsUnion\/EvqCCU14w3VLgGm7GLFM-uYBN9MkR3bMmUw6Ob7hE6u19w\" target=\"_blank\" rel=\"noopener\">this link<\/a>. The search bar works, it is easy to find students and reports.<br \/>\nAllowing external requests are being resolved. Until it\u2019s done, you can ask for specific report by <a href=\"mailto:hok.secretary@semmelweis.hu\">writing to this e-mail<\/a>.<\/p>\n<div class=\"fontos_div w-100\">\n<ul>\n<li style=\"text-align: left\">Head of Dormitory Committee &#8211; S\u00c1RK\u00c1NY Fanni<\/li>\n<li style=\"text-align: left\">Chief of Kunigunda Subcommittee &#8211; Clara YOUSSEF<\/li>\n<li style=\"text-align: left\">Chief of Balassa Subcommitte &#8211; D\u00d3KA Tibor<\/li>\n<li style=\"text-align: left\">Chief of B\u00f3kay Subcommitte &#8211; CSORD\u00c1S Vikt\u00f3ria<\/li>\n<li style=\"text-align: left\">Chief of K\u00e1tai Subcommitte &#8211; S\u00c1RK\u00c1NY Fanni<\/li>\n<li style=\"text-align: left\">Chief of Markusovszky Subcommitte &#8211; REZA-MOAZEN S\u00e1ra<\/li>\n<\/ul>\n<\/div>\n<h4>\u00a0<\/h4>\n<h4 style=\"text-align: center\">Members of the Dormitry Subcommittees:<strong><br \/>\n<\/strong><\/h4>\n<h6><strong>Kunigunda Dormitory<\/strong><\/h6>\n<p><span class=\"TextRun SCXW237068241 BCX0\" lang=\"EN-US\" xml:lang=\"EN-US\" data-contrast=\"auto\"><span class=\"NormalTextRun SCXW237068241 BCX0\">Umair Ali ASAD<\/span><\/span><span class=\"TextRun SCXW237068241 BCX0\" lang=\"EN-US\" xml:lang=\"EN-US\" data-contrast=\"auto\"><span class=\"NormalTextRun SCXW237068241 BCX0\"><br \/>\nPoonam SHUKLA<br \/>\nSnehil SWARAJ<\/span><\/span><\/p>\n<p>&nbsp;<\/p>\n<h6 style=\"text-align: center\"><strong>Balassa J\u00e1nos Dormitory<\/strong><\/h6>\n<p>FINTA Patrik<br \/>\nHALMAI Anna Laura<br \/>\nHUSZ\u00c1R Zs\u00f3fia<br \/>\nIMRE Zs\u00f3fia<br \/>\nKOV\u00c1CS P\u00e9ter<br \/>\nMOLN\u00c1R Julianna<br \/>\nP\u00c1KOZDI Zsolt Bal\u00e1zs<br \/>\nPUSK\u00c1S M\u00e1t\u00e9<br \/>\nSZAK\u00c1L Martina<\/p>\n<p>&nbsp;<\/p>\n<h6 style=\"text-align: center\"><strong>id. B\u00f3kay J\u00e1nos Dormitory<\/strong><\/h6>\n<p>HORV\u00c1TH Zs\u00f3fia<\/p>\n<p>&nbsp;<\/p>\n<h6 style=\"text-align: center\"><strong>K\u00e1tai G\u00e1bor Dormitory<\/strong><\/h6>\n<p style=\"text-align: center\">CS\u00c1NYI Csenge<br \/>\nSZ\u00c9KELY Beatrice T\u00edmea<\/p>\n<p>&nbsp;<\/p>\n<h6 style=\"text-align: center\"><strong>Markusovszky Lajos Dormitory<\/strong><\/h6>\n<p>CSORD\u00c1S Andrea<br \/>\nFEH\u00c9R Bal\u00e1zs<br \/>\nHEGYESI D\u00e1niel<br \/>\nK\u00c1LOVICS N\u00f3ra<br \/>\nKOSIK Ren\u00e1ta Ivett<br \/>\nMUR\u00c1NYI Lili<br \/>\nP\u00c1L Rich\u00e1rd J\u00f3zsef<br \/>\nSZAB\u00d3 R\u00e9ka<br \/>\nSZ\u00dcCS Vilmos<\/div>\n<\/div>\n<p style=\"text-align: left\">\u00a0<\/p>\n<blockquote class=\"wp-embedded-content\" data-secret=\"KXlVYo0MIa\"><p><a href=\"https:\/\/semmelweis.hu\/hok\/en\/applications\/application-for-dormitories\/\">Application for dormitories<\/a><\/p><\/blockquote>\n<p><iframe loading=\"lazy\" class=\"wp-embedded-content\" sandbox=\"allow-scripts\" security=\"restricted\" style=\"position: absolute; visibility: hidden;\" title=\"&#8220;Application for dormitories&#8221; &#8212; Students&#039; Union\" src=\"https:\/\/semmelweis.hu\/hok\/en\/applications\/application-for-dormitories\/embed\/#?secret=5fJ1CrSHPU#?secret=KXlVYo0MIa\" data-secret=\"KXlVYo0MIa\" width=\"600\" height=\"338\" frameborder=\"0\" marginwidth=\"0\" marginheight=\"0\" scrolling=\"no\"><\/iframe><\/p>\n","protected":false},"excerpt":{"rendered":"<p><a href=\"https:\/\/semmelweis.hu\/hok\/en\/transparency\/reports-and-public-work-benefit\/\" target=\"_blank\" rel=\"noopener\">S\u00c1RK\u00c1NY Fanni<\/a> head of committee <a href=\"mailto:hok.dormitory@semmelweis.hu\" target=\"_blank\" rel=\"noopener\">E-mail<\/a> &nbsp; <a href=\"https:\/\/semmelweis.hu\/hok\/en\/transparency\/reports-and-public-work-benefit\/\" target=\"_blank\" rel=\"noopener\">Clara YOUSSEF<\/a> chief of Kunigunda subcommittee <a href=\"mailto:clara.youssef@stud.semmelweis.hu\" target=\"_blank\" rel=\"noopener\">E-mail<\/a> Mission, vision: The Dormitory Committee plays a vital role in ensuring a comfortable living environment for students in university dormitories. Comprised of dedicated student representatives, the committee addresses maintenance concerns, organizes social events, and fosters a sense of community among residents. The committee plays an instrumental role &hellip;<\/p>\n","protected":false},"author":101158,"featured_media":0,"parent":8211,"menu_order":1,"comment_status":"closed","ping_status":"closed","template":"","meta":{"_acf_changed":false,"footnotes":""},"categories":[],"tags":[],"class_list":["post-8927","page","type-page","status-publish","hentry"],"acf":[],"_links":{"self":[{"href":"https:\/\/semmelweis.hu\/hok\/wp-json\/wp\/v2\/pages\/8927","targetHints":{"allow":["GET"]}}],"collection":[{"href":"https:\/\/semmelweis.hu\/hok\/wp-json\/wp\/v2\/pages"}],"about":[{"href":"https:\/\/semmelweis.hu\/hok\/wp-json\/wp\/v2\/types\/page"}],"author":[{"embeddable":true,"href":"https:\/\/semmelweis.hu\/hok\/wp-json\/wp\/v2\/users\/101158"}],"replies":[{"embeddable":true,"href":"https:\/\/semmelweis.hu\/hok\/wp-json\/wp\/v2\/comments?post=8927"}],"version-history":[{"count":12,"href":"https:\/\/semmelweis.hu\/hok\/wp-json\/wp\/v2\/pages\/8927\/revisions"}],"predecessor-version":[{"id":18801,"href":"https:\/\/semmelweis.hu\/hok\/wp-json\/wp\/v2\/pages\/8927\/revisions\/18801"}],"up":[{"embeddable":true,"href":"https:\/\/semmelweis.hu\/hok\/wp-json\/wp\/v2\/pages\/8211"}],"wp:attachment":[{"href":"https:\/\/semmelweis.hu\/hok\/wp-json\/wp\/v2\/media?parent=8927"}],"wp:term":[{"taxonomy":"category","embeddable":true,"href":"https:\/\/semmelweis.hu\/hok\/wp-json\/wp\/v2\/categories?post=8927"},{"taxonomy":"post_tag","embeddable":true,"href":"https:\/\/semmelweis.hu\/hok\/wp-json\/wp\/v2\/tags?post=8927"}],"curies":[{"name":"wp","href":"https:\/\/api.w.org\/{rel}","templated":true}]}}