{"id":8713,"date":"2019-03-09T23:04:56","date_gmt":"2019-03-09T22:04:56","guid":{"rendered":"http:\/\/semmelweis.hu\/hok\/?page_id=8713"},"modified":"2019-03-09T23:07:24","modified_gmt":"2019-03-09T22:07:24","slug":"charitable-screening","status":"publish","type":"page","link":"https:\/\/semmelweis.hu\/hok\/en\/event-info-and-gallery\/charitable-screening\/","title":{"rendered":"Charitable Screening"},"content":{"rendered":"<p style=\"text-align: center\">\u00a0<\/p>\n<p style=\"text-align: center\"><strong>We try to help where we can as much as we can. <br \/>\nThat is why we visit the regions in need of the neighboring countries (like in Ukraine, Serbia and Romania) along Hungary with medical students and equipment. <br \/>\nOur goal is to take the basic medical examinations and disease prevention programs to those who cannot access to them in their home country. <br \/>\nIf you are willing to help and be part of this great experience you are free to join us.<\/strong><\/p>\n<p>&nbsp;<\/p>\n<p><a href=\"https:\/\/semmelweis.hu\/hok\/files\/2019\/03\/cover2.jpg\"><img loading=\"lazy\" decoding=\"async\" class=\"aligncenter  wp-image-8707\" src=\"https:\/\/semmelweis.hu\/hok\/files\/2019\/03\/cover2-1024x536.jpg\" alt=\"\" width=\"550\" height=\"288\" \/><\/a><\/p>\n<p style=\"text-align: center\"><span style=\"color: #000000\"><a href=\"https:\/\/www.facebook.com\/hookkulhoni\/videos\/2018-03-02-elindult-az-5-eg\u00e9szs\u00e9g\u00fcgyi-sz\u0171r\u00e9s\/1227674294033587\/\"><strong>5th Screening 2018\/1 (video #1)<\/strong><\/a><strong>\u00a0\u00a0\u00a0<a href=\"https:\/\/www.youtube.com\/watch?time_continue=3&amp;v=XLGD8uXvyUs\">(video #2)<\/a>\u00a0\u00a0\u00a0<a href=\"https:\/\/www.facebook.com\/hookkulhoni\/videos\/1229740730493610\/\">(video #3)<\/a><\/strong><\/span><\/p>\n<p><a href=\"https:\/\/semmelweis.hu\/hok\/files\/2019\/03\/Sz\u0171r\u00e9scover.png\"><img loading=\"lazy\" decoding=\"async\" class=\"aligncenter  wp-image-8709\" src=\"https:\/\/semmelweis.hu\/hok\/files\/2019\/03\/Sz\u0171r\u00e9scover.png\" alt=\"\" width=\"529\" height=\"199\" \/><\/a><\/p>\n<p style=\"text-align: center\"><span style=\"color: #000000\"><a href=\"https:\/\/www.facebook.com\/hookkulhoni\/videos\/4-k\u00e1rp\u00e1taljai-sz\u0171r\u00e9s\u00fcnk-\u00f6sszefoglal\u00f3ja\/1195438307257186\/\"><strong>4th Screening 2017\/3 (video)<\/strong><\/a><\/span><\/p>\n<p><a href=\"https:\/\/semmelweis.hu\/hok\/files\/2019\/03\/cover2.jpg\"><img loading=\"lazy\" decoding=\"async\" class=\"aligncenter  wp-image-8707\" src=\"https:\/\/semmelweis.hu\/hok\/files\/2019\/03\/cover2-1024x536.jpg\" alt=\"\" width=\"550\" height=\"288\" \/><\/a><\/p>\n<p style=\"text-align: center\"><span style=\"color: #000000\"><strong>3rd Screening 2017\/2<\/strong><\/span><\/p>\n<p><a href=\"https:\/\/semmelweis.hu\/hok\/files\/2019\/03\/sz\u0171r\u00e9s_ABROAD_POSTER3_final_ABROAD.jpg\"><img loading=\"lazy\" decoding=\"async\" class=\"aligncenter  wp-image-8705\" src=\"https:\/\/semmelweis.hu\/hok\/files\/2019\/03\/sz\u0171r\u00e9s_ABROAD_POSTER3_final_ABROAD-795x1024.jpg\" alt=\"\" width=\"500\" height=\"646\" \/><\/a><\/p>\n<p style=\"text-align: center\"><span style=\"color: #000000\"><strong><a href=\"https:\/\/photos.app.goo.gl\/6yj6Yn3ic6LoKbTe7\">2nd Screening 2017\/1<\/a>\u00a0\u00a0\u00a0<a href=\"https:\/\/www.facebook.com\/pg\/hookkulhoni\/photos\/?tab=album&amp;album_id=1001163700017982\">Photos of H\u00d6OK<\/a><\/strong><\/span><\/p>\n<p><a href=\"https:\/\/semmelweis.hu\/hok\/files\/2019\/03\/sz\u0171r\u00e9s_ABROAD_POSTER2.jpg\"><img loading=\"lazy\" decoding=\"async\" class=\"aligncenter  wp-image-8703\" src=\"https:\/\/semmelweis.hu\/hok\/files\/2019\/03\/sz\u0171r\u00e9s_ABROAD_POSTER2.jpg\" alt=\"\" width=\"500\" height=\"644\" \/><\/a><\/p>\n<p style=\"text-align: center\"><span style=\"color: #000000\"><a href=\"https:\/\/www.facebook.com\/pg\/hookkulhoni\/photos\/?tab=album&amp;album_id=922683101199376\"><strong>1st Screening 2016<\/strong><\/a><\/span><\/p>\n<p style=\"text-align: center\">\u00a0<\/p>\n<p>&nbsp;<\/p>\n<p style=\"text-align: center\">\u00a0<\/p>\n<p>&nbsp;<\/p>\n<p style=\"text-align: center\">\u00a0<\/p>\n<p>&nbsp;<\/p>\n<p>&nbsp;<\/p>\n","protected":false},"excerpt":{"rendered":"<p>\u00a0 We try to help where we can as much as we can. That is why we visit the regions in need of the neighboring countries (like in Ukraine, Serbia and Romania) along Hungary with medical students and equipment. Our goal is to take the basic medical examinations and disease prevention programs to those who &hellip;<\/p>\n","protected":false},"author":101158,"featured_media":0,"parent":8100,"menu_order":16,"comment_status":"closed","ping_status":"closed","template":"","meta":{"_acf_changed":false,"footnotes":""},"categories":[],"tags":[],"class_list":["post-8713","page","type-page","status-publish","hentry"],"acf":[],"_links":{"self":[{"href":"https:\/\/semmelweis.hu\/hok\/wp-json\/wp\/v2\/pages\/8713","targetHints":{"allow":["GET"]}}],"collection":[{"href":"https:\/\/semmelweis.hu\/hok\/wp-json\/wp\/v2\/pages"}],"about":[{"href":"https:\/\/semmelweis.hu\/hok\/wp-json\/wp\/v2\/types\/page"}],"author":[{"embeddable":true,"href":"https:\/\/semmelweis.hu\/hok\/wp-json\/wp\/v2\/users\/101158"}],"replies":[{"embeddable":true,"href":"https:\/\/semmelweis.hu\/hok\/wp-json\/wp\/v2\/comments?post=8713"}],"version-history":[{"count":4,"href":"https:\/\/semmelweis.hu\/hok\/wp-json\/wp\/v2\/pages\/8713\/revisions"}],"predecessor-version":[{"id":8717,"href":"https:\/\/semmelweis.hu\/hok\/wp-json\/wp\/v2\/pages\/8713\/revisions\/8717"}],"up":[{"embeddable":true,"href":"https:\/\/semmelweis.hu\/hok\/wp-json\/wp\/v2\/pages\/8100"}],"wp:attachment":[{"href":"https:\/\/semmelweis.hu\/hok\/wp-json\/wp\/v2\/media?parent=8713"}],"wp:term":[{"taxonomy":"category","embeddable":true,"href":"https:\/\/semmelweis.hu\/hok\/wp-json\/wp\/v2\/categories?post=8713"},{"taxonomy":"post_tag","embeddable":true,"href":"https:\/\/semmelweis.hu\/hok\/wp-json\/wp\/v2\/tags?post=8713"}],"curies":[{"name":"wp","href":"https:\/\/api.w.org\/{rel}","templated":true}]}}