{"id":8421,"date":"2019-03-06T14:40:28","date_gmt":"2019-03-06T13:40:28","guid":{"rendered":"http:\/\/semmelweis.hu\/hok\/?page_id=8421"},"modified":"2025-12-14T21:07:36","modified_gmt":"2025-12-14T20:07:36","slug":"self-active-groups","status":"publish","type":"page","link":"https:\/\/semmelweis.hu\/hok\/en\/transparency\/self-active-groups\/","title":{"rendered":"Self-active student groups"},"content":{"rendered":"<p>The Students&#8217; Union exercises supervision over the various groups involved in the public activities of the University. The Students&#8217; Union exercises this right of supervision in accordance with the regulations approved by the Assembly of Delegates and approved by the Rector. Where the primary purpose of such groupings is to represent the interests of international students at Semmelweis University, they shall be supervised by the Vice-Rector for International Studies, subject to the same rules governing their registration and suspension.<\/p>\n<p>The tasks of the Students&#8217; Union in this regard are described in Section I.1 of the <a href=\"https:\/\/semmelweis.hu\/jogigfoig\/dokumentumtar\/szabalyzattar\/szervezeti-es-mukodesi-szabalyzat\/\" target=\"_blank\" rel=\"noopener\">Organizational and Operational Regulations of Semmelweis University<\/a>. It is contained in Section 125 of its part.<\/p>\n<p>The current regulations accepted by the Assembly of Delegates and the Rector is <a href=\"https:\/\/semmelweis.hu\/hok\/files\/2021\/07\/Regulations-regarding-supervision-and-registration.pdf\" target=\"_blank\" rel=\"noopener\">aviable here<\/a>.<\/p>\n<p>The Students&#8217; Union maintains a public register of self-active groups for university citizens, a list of which is available on this site.<br \/>\nThe application form for registration can be found at the bottom of the page.<\/p>\n<h4><strong><a href=\"https:\/\/iocs.hu\/\" target=\"_blank\" rel=\"noopener\"><img loading=\"lazy\" decoding=\"async\" class=\"alignleft\" src=\"https:\/\/semmelweis.hu\/hok\/files\/2019\/03\/26731490_140448889955381_6114953311529589771_n-300x300.jpg\" alt=\"\" width=\"150\" height=\"150\" \/><\/a>Instruktor \u00d6ntev\u00e9keny Csoport (I\u00d6CS)<\/strong><\/h4>\n<p><a href=\"https:\/\/iocs.hu\/\" target=\"_blank\" rel=\"noopener\">Website<\/a>\u00a0\u00a0\u00a0\u00a0 <a href=\"https:\/\/www.facebook.com\/instruktorok\/\" target=\"_blank\" rel=\"noopener\">Facebook<\/a>\u00a0\u00a0\u00a0\u00a0 <a href=\"https:\/\/www.instagram.com\/iocs_official\/\" target=\"_blank\" rel=\"noopener\">Instagram<\/a><\/p>\n<div class=\"exp-col-content-holder\"><span style=\"font-size: 14pt\"><a class=\"expand-cnt-link\" href=\"#\"><span style=\"font-size: 14pt\">Introduction<\/span><\/a><\/span><\/p>\n<div class=\"hidden-content\">\n<p class=\"hiddenContentp\">\n<!-- iframe plugin v.4.9 wordpress.org\/plugins\/iframe\/ -->\n<iframe loading=\"lazy\" src=\"https:\/\/drive.google.com\/file\/d\/1_x7XTBpClo6FtJoR0lFWIpoEFrBPXKHS\/preview\" width=\"640\" height=\"480\" allow=\"autoplay\" scrolling=\"yes\" class=\"iframe-class\" frameborder=\"0\"><\/iframe>\n<\/p>\n<\/div>\n<p>&nbsp;<\/p>\n<\/div>\n<h4><strong><a href=\"https:\/\/semmelweis.hu\/boe\/\" target=\"_blank\" rel=\"noopener\"><img loading=\"lazy\" decoding=\"async\" class=\"alignleft\" src=\"https:\/\/semmelweis.hu\/hok\/files\/2019\/03\/50459947_10156564598073961_8819987823651192832_n.jpg\" alt=\"\" width=\"150\" height=\"150\" \/><\/a>Budapest Medical Students&#8217; Association (BMSA)<br \/>\n<\/strong><\/h4>\n<p><a href=\"https:\/\/semmelweis.hu\/boe\/en\" target=\"_blank\" rel=\"noopener\">Website<\/a>\u00a0\u00a0\u00a0\u00a0 <a href=\"https:\/\/hu-hu.facebook.com\/moszboe\/\" target=\"_blank\" rel=\"noopener\">Facebook<\/a>\u00a0\u00a0\u00a0\u00a0 <a href=\"https:\/\/www.instagram.com\/budapestmedicalstudents\/\" target=\"_blank\" rel=\"noopener\">Instagram<\/a> \u00a0\u00a0\u00a0 <a href=\"https:\/\/hu.linkedin.com\/company\/budapest-medical-students-association\" target=\"_blank\" rel=\"noopener\">LinkedIn<\/a><\/p>\n<div class=\"exp-col-content-holder\"><a class=\"expand-cnt-link\" href=\"#\"><span style=\"font-size: 14pt\">Introduction<\/span><\/a><\/p>\n<div class=\"hidden-content\">\n<p class=\"hiddenContentp\">\n<!-- iframe plugin v.4.9 wordpress.org\/plugins\/iframe\/ -->\n<iframe loading=\"lazy\" src=\"https:\/\/drive.google.com\/file\/d\/1vNbbAJaZfMbzKPYYFVujwSi29PQrQfjg\/preview\" width=\"640\" height=\"480\" allow=\"autoplay\" scrolling=\"yes\" class=\"iframe-class\" frameborder=\"0\"><\/iframe>\n<\/p>\n<\/div>\n<\/div>\n<h4><strong><a href=\"https:\/\/hupsa.org\/\" target=\"_blank\" rel=\"noopener\"><img loading=\"lazy\" decoding=\"async\" class=\"alignleft\" src=\"https:\/\/semmelweis.hu\/hok\/files\/2019\/03\/23472260_1520713011310398_5845621749534851786_n.jpg\" alt=\"\" width=\"150\" height=\"150\" \/><\/a>Magyar Gy\u00f3gyszer\u00e9szhallgat\u00f3k Egyes\u00fclete (HuPSA)<\/strong><\/h4>\n<p><a href=\"https:\/\/hupsa.org\/\" target=\"_blank\" rel=\"noopener\">Website<\/a>\u00a0\u00a0\u00a0\u00a0 <a href=\"https:\/\/www.facebook.com\/HUPSA\/\" target=\"_blank\" rel=\"noopener\">Facebook<\/a>\u00a0\u00a0\u00a0\u00a0 <a href=\"https:\/\/www.instagram.com\/hupsaofficial\/\" target=\"_blank\" rel=\"noopener\">Instagram<\/a><\/p>\n<div class=\"exp-col-content-holder\"><a class=\"expand-cnt-link\" href=\"#\"><span style=\"font-size: 14pt\">Introduction<\/span><\/a><\/p>\n<div class=\"hidden-content\">\n<p class=\"hiddenContentp\">\n<!-- iframe plugin v.4.9 wordpress.org\/plugins\/iframe\/ -->\n<iframe loading=\"lazy\" src=\"https:\/\/drive.google.com\/file\/d\/1QAEQ3xfpjuyq5h24BBGeLW0yYSeiWYz4\/preview\" width=\"640\" height=\"480\" allow=\"autoplay\" scrolling=\"yes\" class=\"iframe-class\" frameborder=\"0\"><\/iframe>\n<\/p>\n<\/div>\n<\/div>\n<h4 style=\"text-align: left\"><strong><a href=\"https:\/\/www.facebook.com\/mfhestudent\/\" target=\"_blank\" rel=\"noopener\"><img loading=\"lazy\" decoding=\"async\" class=\"alignleft\" src=\"https:\/\/semmelweis.hu\/hok\/files\/2019\/03\/51042659_2312703325618445_3815568591223259136_n.jpg\" alt=\"\" width=\"150\" height=\"150\" \/><\/a>Magyar Fogorvostanhallgat\u00f3k Egyes\u00fclete (MFHE)<\/strong><\/h4>\n<p style=\"text-align: left\"><a href=\"https:\/\/www.facebook.com\/mfhestudent\/\" target=\"_blank\" rel=\"noopener\">Facebook<\/a>\u00a0\u00a0\u00a0\u00a0 <a href=\"https:\/\/www.facebook.com\/groups\/mfhe.student\/\" target=\"_blank\" rel=\"noopener\">Facebook Group<\/a><\/p>\n<div class=\"exp-col-content-holder\" style=\"text-align: left\"><a class=\"expand-cnt-link\" href=\"#\"><span style=\"font-size: 14pt\">Introduction<\/span><\/a><\/p>\n<div class=\"hidden-content\">\n<p class=\"hiddenContentp\">\n<!-- iframe plugin v.4.9 wordpress.org\/plugins\/iframe\/ -->\n<iframe loading=\"lazy\" src=\"https:\/\/drive.google.com\/file\/d\/1e3A0_qW9ysmk7Ygl7n7HI6THJazZjo9F\/preview\" width=\"640\" height=\"480\" allow=\"autoplay\" scrolling=\"yes\" class=\"iframe-class\" frameborder=\"0\"><\/iframe>\n<\/p>\n<\/div>\n<\/div>\n<h4 style=\"text-align: left\"><strong><a href=\"https:\/\/semmelweisissa.com\/\" target=\"_blank\" rel=\"noopener\"><img loading=\"lazy\" decoding=\"async\" class=\"alignleft\" src=\"https:\/\/semmelweis.hu\/hok\/files\/2019\/03\/43879342_115822296065649_3063378307111190528_n.jpg\" alt=\"\" width=\"150\" height=\"150\" \/><\/a>International Semmelweis Student Association (ISSA)<\/strong><\/h4>\n<p style=\"text-align: left\"><a href=\"https:\/\/semmelweisissa.com\/\" target=\"_blank\" rel=\"noopener\">Website<\/a>\u00a0\u00a0\u00a0\u00a0 <a href=\"https:\/\/www.facebook.com\/ISSA.International.Semmelweis.Student.Association\" target=\"_blank\" rel=\"noopener\">Facebook<\/a>\u00a0\u00a0\u00a0\u00a0 <a href=\"https:\/\/www.instagram.com\/semmelweis.issa\/\" target=\"_blank\" rel=\"noopener\">Instagram<\/a><\/p>\n<div class=\"exp-col-content-holder\" style=\"text-align: left\"><a class=\"expand-cnt-link\" href=\"#\"><span style=\"font-size: 14pt\">Introduction<\/span><\/a><\/p>\n<div class=\"hidden-content\">\n<p class=\"hiddenContentp\">\n<!-- iframe plugin v.4.9 wordpress.org\/plugins\/iframe\/ -->\n<iframe loading=\"lazy\" src=\"https:\/\/drive.google.com\/file\/d\/15PO0abMDvyX8fNVYN9p_8Ya-sWdp2XW6\/preview\" width=\"640\" height=\"480\" allow=\"autoplay\" scrolling=\"yes\" class=\"iframe-class\" frameborder=\"0\"><\/iframe>\n<\/p>\n<\/div>\n<\/div>\n<h4 style=\"text-align: left\"><strong><a href=\"https:\/\/dsvs-semmelweis.de\/\" target=\"_blank\" rel=\"noopener\"><img loading=\"lazy\" decoding=\"async\" class=\"alignleft\" src=\"https:\/\/semmelweis.hu\/hok\/files\/2019\/03\/999448_509944569084719_1690240811_n.png\" alt=\"\" width=\"150\" height=\"150\" \/><\/a>Deutschsprachige Studentenvertretung Semmelweis (DSVS)<\/strong><\/h4>\n<p style=\"text-align: left\"><a href=\"https:\/\/dsvs-semmelweis.de\/\" target=\"_blank\" rel=\"noopener\">Website<\/a>\u00a0\u00a0\u00a0\u00a0 <a href=\"https:\/\/www.facebook.com\/DSVSBudapest\" target=\"_blank\" rel=\"noopener\">Facebook<\/a>\u00a0\u00a0\u00a0\u00a0 <a href=\"https:\/\/www.instagram.com\/semmelweis.dsvs\/\" target=\"_blank\" rel=\"noopener\">Instagram<\/a><\/p>\n<div class=\"exp-col-content-holder\" style=\"text-align: left\"><span style=\"font-size: 14pt\"><a class=\"expand-cnt-link\" href=\"#\"><span style=\"font-size: 8pt\"><span style=\"font-size: 14pt\">E<\/span><\/span><span style=\"font-size: 14pt\">inleitung<\/span><\/a><\/span><\/p>\n<div class=\"hidden-content\">\n<p class=\"hiddenContentp\">\n<!-- iframe plugin v.4.9 wordpress.org\/plugins\/iframe\/ -->\n<iframe loading=\"lazy\" src=\"https:\/\/drive.google.com\/file\/d\/1ul3l2OJC5WrSwgKqyVrtptegGxcqxxHU\/preview\" width=\"640\" height=\"480\" allow=\"autoplay\" scrolling=\"yes\" class=\"iframe-class\" frameborder=\"0\"><\/iframe>\n<\/p>\n<\/div>\n<\/div>\n<div><img loading=\"lazy\" decoding=\"async\" class=\"wp-image-19162 alignleft\" src=\"https:\/\/semmelweis.hu\/hok\/files\/2025\/12\/SHH-LOGO-DARK-BLUE-1_page-0001.jpg\" alt=\"\" width=\"148\" height=\"148\" \/><\/p>\n<h4 style=\"text-align: left\"><strong>STUDENTS FOR HEALTH HUMANITIES (SHH)<\/strong><\/h4>\n<p style=\"text-align: left\"><a href=\"https:\/\/healthhumanities.wixsite.com\/students\" target=\"_blank\" rel=\"noopener\">Website<\/a>\u00a0\u00a0\u00a0\u00a0 <a href=\"https:\/\/www.facebook.com\/profile.php?id=61576252839104\" target=\"_blank\" rel=\"noopener\">Facebook<\/a>\u00a0\u00a0\u00a0\u00a0 <a href=\"https:\/\/www.instagram.com\/shhsemmelweis\">Instagram<\/a><\/p>\n<div class=\"exp-col-content-holder\" style=\"text-align: left\"><span style=\"font-size: 14pt\"><a class=\"expand-cnt-link\" href=\"#\"><span style=\"font-size: 8pt\"><span style=\"font-size: 14pt\">I<\/span><\/span><span style=\"font-size: 14pt\">ntroduction<\/span><\/a><\/span><\/p>\n<div class=\"hidden-content\">\n<p class=\"hiddenContentp\">\n<!-- iframe plugin v.4.9 wordpress.org\/plugins\/iframe\/ -->\n<iframe loading=\"lazy\" src=\"https:\/\/drive.google.com\/file\/d\/1T5Imb7BB2oGt9z4FMfqr2QMnO4wyFU0u\/preview\" width=\"640\" height=\"480\" allow=\"autoplay\" scrolling=\"yes\" class=\"iframe-class\" frameborder=\"0\"><\/iframe>\n<\/p>\n<\/div>\n<div style=\"text-align: left\">\n<hr \/>\n<\/div>\n<div class=\"exp-col-content-holder\" style=\"text-align: left\"><a class=\"expand-cnt-link\" href=\"#\">I&#8217;m registering a self-active group <\/a><\/p>\n<div class=\"hidden-content\">\n<p class=\"hiddenContentp\" style=\"text-align: left\">\n<div class=\"wpcf7 no-js\" id=\"wpcf7-f11229-o1\" lang=\"hu-HU\" dir=\"ltr\" data-wpcf7-id=\"11229\">\n<div class=\"screen-reader-response\"><p role=\"status\" aria-live=\"polite\" aria-atomic=\"true\"><\/p> <ul><\/ul><\/div>\n<form action=\"\/hok\/wp-json\/wp\/v2\/pages\/8421#wpcf7-f11229-o1\" method=\"post\" class=\"wpcf7-form init\" aria-label=\"Kapcsolatfelv\u00e9teli \u0171rlap\" enctype=\"multipart\/form-data\" novalidate=\"novalidate\" data-status=\"init\">\n<div style=\"display: none;\">\n<input type=\"hidden\" name=\"_wpcf7\" value=\"11229\" \/>\n<input type=\"hidden\" name=\"_wpcf7_version\" value=\"6.0.5\" \/>\n<input type=\"hidden\" name=\"_wpcf7_locale\" value=\"hu_HU\" \/>\n<input type=\"hidden\" name=\"_wpcf7_unit_tag\" value=\"wpcf7-f11229-o1\" \/>\n<input type=\"hidden\" name=\"_wpcf7_container_post\" value=\"0\" \/>\n<input type=\"hidden\" name=\"_wpcf7_posted_data_hash\" value=\"\" \/>\n<input type=\"hidden\" name=\"_wpcf7_recaptcha_response\" value=\"\" \/>\n<\/div>\n<p><label> <b>Full name of the self-acting group<\/b> [required]<br \/>\n<span class=\"wpcf7-form-control-wrap\" data-name=\"ocsteljn\"><input size=\"40\" maxlength=\"400\" class=\"wpcf7-form-control wpcf7-text wpcf7-validates-as-required\" aria-required=\"true\" aria-invalid=\"false\" value=\"\" type=\"text\" name=\"ocsteljn\" \/><\/span> <\/label>\n<\/p>\n<p><label> <b>Abbreviated name of the self-acting group<\/b><br \/>\n<span class=\"wpcf7-form-control-wrap\" data-name=\"ocsrovn\"><input size=\"40\" maxlength=\"400\" class=\"wpcf7-form-control wpcf7-text\" aria-invalid=\"false\" value=\"\" type=\"text\" name=\"ocsrovn\" \/><\/span> <\/label>\n<\/p>\n<p><label> <b>The central e-mail address of the self-acting group<\/b> [required]<br \/>\n<span class=\"wpcf7-form-control-wrap\" data-name=\"ocsemail\"><input size=\"40\" maxlength=\"400\" class=\"wpcf7-form-control wpcf7-text wpcf7-validates-as-required\" aria-required=\"true\" aria-invalid=\"false\" value=\"\" type=\"text\" name=\"ocsemail\" \/><\/span> <\/label>\n<\/p>\n<p><label> <b>Links of websites and social sites managed by the self-acting group <i>(indicated on a separate line)<\/i><\/b><br \/>\n<span class=\"wpcf7-form-control-wrap\" data-name=\"ocshonl\"><input size=\"40\" maxlength=\"400\" class=\"wpcf7-form-control wpcf7-text\" aria-invalid=\"false\" value=\"\" type=\"text\" name=\"ocshonl\" \/><\/span> <\/label><br \/>\n<label> <span class=\"wpcf7-form-control-wrap\" data-name=\"ocshonl2\"><input size=\"40\" maxlength=\"400\" class=\"wpcf7-form-control wpcf7-text\" aria-invalid=\"false\" value=\"\" type=\"text\" name=\"ocshonl2\" \/><\/span> <\/label><br \/>\n<label> <span class=\"wpcf7-form-control-wrap\" data-name=\"ocshonl3\"><input size=\"40\" maxlength=\"400\" class=\"wpcf7-form-control wpcf7-text\" aria-invalid=\"false\" value=\"\" type=\"text\" name=\"ocshonl3\" \/><\/span> <\/label><br \/>\n<label> <span class=\"wpcf7-form-control-wrap\" data-name=\"ocshonl4\"><input size=\"40\" maxlength=\"400\" class=\"wpcf7-form-control wpcf7-text\" aria-invalid=\"false\" value=\"\" type=\"text\" name=\"ocshonl4\" \/><\/span> <\/label><br \/>\n<label> <span class=\"wpcf7-form-control-wrap\" data-name=\"ocshonl5\"><input size=\"40\" maxlength=\"400\" class=\"wpcf7-form-control wpcf7-text\" aria-invalid=\"false\" value=\"\" type=\"text\" name=\"ocshonl5\" \/><\/span> <\/label><br \/>\n<label> <span class=\"wpcf7-form-control-wrap\" data-name=\"ocshonl6\"><input size=\"40\" maxlength=\"400\" class=\"wpcf7-form-control wpcf7-text\" aria-invalid=\"false\" value=\"\" type=\"text\" name=\"ocshonl6\" \/><\/span> <\/label><br \/>\n<label> <span class=\"wpcf7-form-control-wrap\" data-name=\"ocshonl7\"><input size=\"40\" maxlength=\"400\" class=\"wpcf7-form-control wpcf7-text\" aria-invalid=\"false\" value=\"\" type=\"text\" name=\"ocshonl7\" \/><\/span> <\/label><br \/>\n<label> <span class=\"wpcf7-form-control-wrap\" data-name=\"ocshonl8\"><input size=\"40\" maxlength=\"400\" class=\"wpcf7-form-control wpcf7-text\" aria-invalid=\"false\" value=\"\" type=\"text\" name=\"ocshonl8\" \/><\/span> <\/label>\n<\/p>\n<p><label> <b>Name, address, e-mail address and telephone number of the leaders of the self-acting group, the start and end date of their mandate <i>(if their mandate is indefinite this should be noted next to the starting date of their mandate)<\/i><\/b> [required]<br \/>\n<span style=\"font-size: 9pt;\"><i>E. g.<\/i> Doe John; 1055 Budapest, Example street 1; doe.john@gmail.com; 06-20-123-4567; start date of mandate: 1st January 2021; end date of mandate: 1st January 2022<\/span><br \/>\n(max. file size: 512 kB, file types: .xls, .xlsx, .ods, .csv)<br \/>\n<span class=\"wpcf7-form-control-wrap\" data-name=\"ocsvez\"><input size=\"40\" class=\"wpcf7-form-control wpcf7-file wpcf7-validates-as-required\" accept=\".xls,.xlsx,.ods,.csv\" aria-required=\"true\" aria-invalid=\"false\" type=\"file\" name=\"ocsvez\" \/><\/span> <\/label>\n<\/p>\n<p><b>Does the self-acting group use the help of an associated company when organizing events?<\/b> [required]<br \/>\n<span class=\"wpcf7-form-control-wrap\" data-name=\"gazd\"><span class=\"wpcf7-form-control wpcf7-radio\"><span class=\"wpcf7-list-item first\"><input type=\"radio\" name=\"gazd\" value=\"Yes\" checked=\"checked\" \/><span class=\"wpcf7-list-item-label\">Yes<\/span><\/span><span class=\"wpcf7-list-item last\"><input type=\"radio\" name=\"gazd\" value=\"No\" \/><span class=\"wpcf7-list-item-label\">No<\/span><\/span><\/span><\/span>\n<\/p>\n<p><label> <b>The scope of activities and purpose of the self-acting group <i>(summed up in 5,000 characters max.)<\/i><\/b> [required]<br \/>\n(max. file size: 1 MB, file types: .pdf, .doc, .docx)<br \/>\n<span class=\"wpcf7-form-control-wrap\" data-name=\"ocstev\"><input size=\"40\" class=\"wpcf7-form-control wpcf7-file wpcf7-validates-as-required\" accept=\".doc,.docx,.pdf\" aria-required=\"true\" aria-invalid=\"false\" type=\"file\" name=\"ocstev\" \/><\/span> <\/label>\n<\/p>\n<p><label> <b>Rules of the self-acting group<\/b><br \/>\n(max. file size: 2 MB, file types: .pdf, .doc, .docx):<br \/>\n<span class=\"wpcf7-form-control-wrap\" data-name=\"ocsszab\"><input size=\"40\" class=\"wpcf7-form-control wpcf7-file\" accept=\".pdf,.doc,.docx\" aria-invalid=\"false\" type=\"file\" name=\"ocsszab\" \/><\/span> <\/label><br \/>\n<label> <span class=\"wpcf7-form-control-wrap\" data-name=\"ocsszab2\"><input size=\"40\" class=\"wpcf7-form-control wpcf7-file\" accept=\".pdf,.doc,.docx\" aria-invalid=\"false\" type=\"file\" name=\"ocsszab2\" \/><\/span> <\/label><br \/>\n<label> <span class=\"wpcf7-form-control-wrap\" data-name=\"ocsszab3\"><input size=\"40\" class=\"wpcf7-form-control wpcf7-file\" accept=\".pdf,.doc,.docx\" aria-invalid=\"false\" type=\"file\" name=\"ocsszab3\" \/><\/span> <\/label><br \/>\n<label> <span class=\"wpcf7-form-control-wrap\" data-name=\"ocsszab4\"><input size=\"40\" class=\"wpcf7-form-control wpcf7-file\" accept=\".pdf,.doc,.docx\" aria-invalid=\"false\" type=\"file\" name=\"ocsszab4\" \/><\/span> <\/label>\n<\/p>\n<p><label> <b>Name of the person submitting the application for registration<\/b> [required]<br \/>\n<span class=\"wpcf7-form-control-wrap\" data-name=\"ocsbeknev\"><input size=\"40\" maxlength=\"400\" class=\"wpcf7-form-control wpcf7-text wpcf7-validates-as-required\" aria-required=\"true\" aria-invalid=\"false\" value=\"\" type=\"text\" name=\"ocsbeknev\" \/><\/span> <\/label>\n<\/p>\n<p><label> <b>E-mail address of the person submitting the application for registration<\/b> [required]<br \/>\n<span class=\"wpcf7-form-control-wrap\" data-name=\"ocsbekmail\"><input size=\"40\" maxlength=\"400\" class=\"wpcf7-form-control wpcf7-email wpcf7-validates-as-required wpcf7-text wpcf7-validates-as-email\" aria-required=\"true\" aria-invalid=\"false\" value=\"\" type=\"email\" name=\"ocsbekmail\" \/><\/span> <\/label>\n<\/p>\n<p><input class=\"wpcf7-form-control wpcf7-submit has-spinner\" type=\"submit\" value=\"Send\" \/>\n<\/p><div class=\"wpcf7-response-output\" aria-hidden=\"true\"><\/div>\n<\/form>\n<\/div>\n<\/p>\n<\/div>\n<\/div>\n<p>&nbsp;<\/p>\n<p>&nbsp;<\/p>\n<\/div>\n<\/div>\n","protected":false},"excerpt":{"rendered":"<p>The Students&#8217; Union exercises supervision over the various groups involved in the public activities of the University. The Students&#8217; Union exercises this right of supervision in accordance with the regulations approved by the Assembly of Delegates and approved by the Rector. Where the primary purpose of such groupings is to represent the interests of international &hellip;<\/p>\n","protected":false},"author":101158,"featured_media":0,"parent":7932,"menu_order":6,"comment_status":"closed","ping_status":"closed","template":"","meta":{"_acf_changed":false,"footnotes":""},"categories":[],"tags":[],"class_list":["post-8421","page","type-page","status-publish","hentry"],"acf":[],"_links":{"self":[{"href":"https:\/\/semmelweis.hu\/hok\/wp-json\/wp\/v2\/pages\/8421","targetHints":{"allow":["GET"]}}],"collection":[{"href":"https:\/\/semmelweis.hu\/hok\/wp-json\/wp\/v2\/pages"}],"about":[{"href":"https:\/\/semmelweis.hu\/hok\/wp-json\/wp\/v2\/types\/page"}],"author":[{"embeddable":true,"href":"https:\/\/semmelweis.hu\/hok\/wp-json\/wp\/v2\/users\/101158"}],"replies":[{"embeddable":true,"href":"https:\/\/semmelweis.hu\/hok\/wp-json\/wp\/v2\/comments?post=8421"}],"version-history":[{"count":11,"href":"https:\/\/semmelweis.hu\/hok\/wp-json\/wp\/v2\/pages\/8421\/revisions"}],"predecessor-version":[{"id":19167,"href":"https:\/\/semmelweis.hu\/hok\/wp-json\/wp\/v2\/pages\/8421\/revisions\/19167"}],"up":[{"embeddable":true,"href":"https:\/\/semmelweis.hu\/hok\/wp-json\/wp\/v2\/pages\/7932"}],"wp:attachment":[{"href":"https:\/\/semmelweis.hu\/hok\/wp-json\/wp\/v2\/media?parent=8421"}],"wp:term":[{"taxonomy":"category","embeddable":true,"href":"https:\/\/semmelweis.hu\/hok\/wp-json\/wp\/v2\/categories?post=8421"},{"taxonomy":"post_tag","embeddable":true,"href":"https:\/\/semmelweis.hu\/hok\/wp-json\/wp\/v2\/tags?post=8421"}],"curies":[{"name":"wp","href":"https:\/\/api.w.org\/{rel}","templated":true}]}}