{"id":8191,"date":"2019-03-04T18:59:00","date_gmt":"2019-03-04T17:59:00","guid":{"rendered":"http:\/\/semmelweis.hu\/hok\/?page_id=8191"},"modified":"2026-03-23T21:51:53","modified_gmt":"2026-03-23T20:51:53","slug":"presidium-of-the-students-union","status":"publish","type":"page","link":"https:\/\/semmelweis.hu\/hok\/en\/about-us\/presidium-of-the-students-union\/","title":{"rendered":"Presidium of the Students&#8217; Union"},"content":{"rendered":"<div class=\"keretes w-100\">\n<p style=\"text-align: center\">The Presidium is the central body of the Students\u2019 Union.<\/p>\n<p><span class=\"HwtZe\" lang=\"en\"><span class=\"jCAhz ChMk0b\"><span class=\"ryNqvb\">Members of the SE H\u00d6K Presidium with <strong>voting rights<\/strong> are the:<\/span><\/span><br \/>\n<span class=\"jCAhz ChMk0b\"><span class=\"ryNqvb\">&#8211; president,<\/span><\/span><br \/>\n<span class=\"jCAhz ChMk0b\"><span class=\"ryNqvb\">&#8211; vice presidents,<\/span><\/span><br \/>\n<span class=\"jCAhz ChMk0b\"><span class=\"ryNqvb\">&#8211; heads of faculties,<\/span><\/span><br \/>\n<span class=\"jCAhz ChMk0b\"><span class=\"ryNqvb\">&#8211; heads of committees.<\/span><\/span><\/span><\/p>\n<\/div>\n<h2><img loading=\"lazy\" decoding=\"async\" class=\"alignleft\" src=\"https:\/\/lh3.googleusercontent.com\/pw\/AIL4fc8BZD4wYjialY0ATRziTDoYNqisAcZgh63T6CmUsIcHDNqGMs2TwTB7ehuaHkskfks8alToTno6Kmq_yYIPe3tqAqaqinrS18FJDD0Jvu1N7W5NMSot-8xFCqsOlWJRcdCXvn-vpZOw_NKmO84Nxn81=w618-h866-s-no?authuser=1\" alt=\"\" width=\"200\" height=\"300\" \/><\/h2>\n<h2><a href=\"https:\/\/semmelweis.hu\/hok\/atlathatosag\/beszamolok\/\" target=\"_blank\" rel=\"noopener noreferrer\"><strong>NAGY Imre Rich\u00e1rd<\/strong><\/a><\/h2>\n<h5 style=\"text-align: left\"><em>president<\/em><\/h5>\n<p style=\"text-align: left\"><a href=\"mailto:hok.president@semmelweis.hu\" target=\"_blank\" rel=\"noopener\">E-mail<\/a><\/p>\n<hr \/>\n<h3 style=\"text-align: left\"><img loading=\"lazy\" decoding=\"async\" class=\"alignleft\" src=\"https:\/\/lh3.googleusercontent.com\/pw\/AL9nZEVoeKZB8VtEVxyHviFOcM5LJZc5OKlKT8pSFOpDVZW4mUuHDfPQ47fqi5WvJP4TL5iiDqYKIG3zIh-FJRdtXy4RJO84TJH6cXsybVW22XSnVa8w7UMOe_epHjSn-thd2E4gQ6xEB4WlnTo5OswUOyG3=w629-h943-no?authuser=0\" alt=\"\" width=\"200\" height=\"280\" \/><\/h3>\n<h3 style=\"text-align: left\"><a href=\"https:\/\/semmelweis.hu\/hok\/atlathatosag\/beszamolok\/\" target=\"_blank\" rel=\"noopener noreferrer\"><strong>MIKL\u00d3S Ren\u00e1ta Dalma<\/strong><\/a><\/h3>\n<h5 style=\"text-align: left\"><em>general vice president<br \/>\n<\/em><\/h5>\n<p><a href=\"mailto:miklos.renata@stud.semmelweis.hu\" target=\"_blank\" rel=\"noopener\">E-mail<\/a><\/p>\n<p>&nbsp;<\/p>\n<hr \/>\n<h3 style=\"text-align: left\"><a href=\"https:\/\/semmelweis.hu\/hok\/en\/transparency\/reports-and-public-work-benefit\/\" target=\"_blank\" rel=\"noopener\"><strong><img loading=\"lazy\" decoding=\"async\" class=\"size-medium wp-image-18909 alignleft\" src=\"https:\/\/semmelweis.hu\/hok\/files\/2025\/09\/Magyar_Daniel-1-200x300.jpg\" alt=\"\" width=\"200\" height=\"300\" srcset=\"https:\/\/semmelweis.hu\/hok\/files\/2025\/09\/Magyar_Daniel-1-200x300.jpg 200w, https:\/\/semmelweis.hu\/hok\/files\/2025\/09\/Magyar_Daniel-1-683x1024.jpg 683w, https:\/\/semmelweis.hu\/hok\/files\/2025\/09\/Magyar_Daniel-1-768x1152.jpg 768w, https:\/\/semmelweis.hu\/hok\/files\/2025\/09\/Magyar_Daniel-1-1024x1536.jpg 1024w, https:\/\/semmelweis.hu\/hok\/files\/2025\/09\/Magyar_Daniel-1-1365x2048.jpg 1365w, https:\/\/semmelweis.hu\/hok\/files\/2025\/09\/Magyar_Daniel-1-753x1129.jpg 753w, https:\/\/semmelweis.hu\/hok\/files\/2025\/09\/Magyar_Daniel-1-scaled.jpg 1707w\" sizes=\"auto, (max-width: 200px) 100vw, 200px\" \/>MAGYAR D\u00e1niel D\u00e1vid<\/strong><\/a><\/h3>\n<h5 style=\"text-align: left\"><em>vice president for strategy and finance<\/em><\/h5>\n<p style=\"text-align: left\"><a href=\"mailto:magyar.daniel@stud.semmelweis.hu\" target=\"_blank\" rel=\"noopener\">E-mail<\/a>\u00a0 \u00a0<\/p>\n<hr \/>\n<h3><strong><img loading=\"lazy\" decoding=\"async\" class=\"alignleft\" src=\"https:\/\/lh3.googleusercontent.com\/pw\/AIL4fc-CqeA4H36J_GJIOrtmDP6ntaX3l5sGGu8DI0W52kWe9nWQZB-DLQpSmeDsa4lEZxkNZU6eQh8X85A1rS2F5CWKi31kEYvxMWvEOwP9xA2ZQgO03aTJ2BElVEGlGnthwKMgOJ2G71Mgpl87ntJSge0U=w618-h866-s-no?authuser=1\" alt=\"\" width=\"200\" height=\"280\" \/><\/strong><\/h3>\n<h3 style=\"text-align: left\"><a href=\"https:\/\/semmelweis.hu\/hok\/atlathatosag\/beszamolok\/\" target=\"_blank\" rel=\"noopener noreferrer\"><strong>FARKAS Enz\u00f3 Brendon<\/strong><\/a><\/h3>\n<h5><em>vice president for <a href=\"https:\/\/semmelweis.hu\/hok\/en\/about-us\/committees-of-the-students-union\/events-committee\/\" target=\"_blank\" rel=\"noopener\">events<\/a><\/em><\/h5>\n<p><a href=\"mailto:hok.event@semmelweis.hu\" target=\"_blank\" rel=\"noopener\">E-mail<\/a><\/p>\n<p>&nbsp;<\/p>\n<hr \/>\n<h3 style=\"text-align: left\"><strong><img loading=\"lazy\" decoding=\"async\" class=\"size-medium wp-image-18173 alignleft\" src=\"https:\/\/semmelweis.hu\/hok\/files\/2025\/02\/Szuros_Mate-200x300.jpg\" alt=\"\" width=\"200\" height=\"300\" srcset=\"https:\/\/semmelweis.hu\/hok\/files\/2025\/02\/Szuros_Mate-200x300.jpg 200w, https:\/\/semmelweis.hu\/hok\/files\/2025\/02\/Szuros_Mate-683x1024.jpg 683w, https:\/\/semmelweis.hu\/hok\/files\/2025\/02\/Szuros_Mate-768x1152.jpg 768w, https:\/\/semmelweis.hu\/hok\/files\/2025\/02\/Szuros_Mate-1024x1536.jpg 1024w, https:\/\/semmelweis.hu\/hok\/files\/2025\/02\/Szuros_Mate-753x1130.jpg 753w, https:\/\/semmelweis.hu\/hok\/files\/2025\/02\/Szuros_Mate.jpg 1040w\" sizes=\"auto, (max-width: 200px) 100vw, 200px\" \/><\/strong><\/h3>\n<h3 style=\"text-align: left\"><strong><a href=\"https:\/\/semmelweis.hu\/hok\/atlathatosag\/beszamolok\/\" target=\"_blank\" rel=\"noopener noreferrer\">SZ\u00dcR\u00d6S M\u00e1t\u00e9<\/a><\/strong><\/h3>\n<h5 style=\"text-align: left\"><em>vice president for <a href=\"https:\/\/semmelweis.hu\/hok\/en\/committees-of-the-students-union\/committee-of-education\/\">education<\/a><\/em><\/h5>\n<p><a href=\"mailto:hok.education@semmelweis.hu\" target=\"_blank\" rel=\"noopener\">E-mail<\/a><\/p>\n<p>&nbsp;<\/p>\n<hr \/>\n<h3 style=\"text-align: left\"><strong><img loading=\"lazy\" decoding=\"async\" class=\"size-medium wp-image-17900 alignleft\" src=\"https:\/\/semmelweis.hu\/hok\/files\/2024\/11\/Fejes-Istvan-200x300.jpg\" alt=\"\" width=\"200\" height=\"300\" srcset=\"https:\/\/semmelweis.hu\/hok\/files\/2024\/11\/Fejes-Istvan-200x300.jpg 200w, https:\/\/semmelweis.hu\/hok\/files\/2024\/11\/Fejes-Istvan-683x1024.jpg 683w, https:\/\/semmelweis.hu\/hok\/files\/2024\/11\/Fejes-Istvan-768x1152.jpg 768w, https:\/\/semmelweis.hu\/hok\/files\/2024\/11\/Fejes-Istvan-1024x1536.jpg 1024w, https:\/\/semmelweis.hu\/hok\/files\/2024\/11\/Fejes-Istvan-1365x2048.jpg 1365w, https:\/\/semmelweis.hu\/hok\/files\/2024\/11\/Fejes-Istvan-753x1129.jpg 753w, https:\/\/semmelweis.hu\/hok\/files\/2024\/11\/Fejes-Istvan-scaled.jpg 1707w\" sizes=\"auto, (max-width: 200px) 100vw, 200px\" \/><\/strong><\/h3>\n<h3 style=\"text-align: left\"><strong><a href=\"https:\/\/semmelweis.hu\/hok\/atlathatosag\/beszamolok\/\" target=\"_blank\" rel=\"noopener\">FEJES Istv\u00e1n<\/a><\/strong><\/h3>\n<h5>vice president for organizational development<\/h5>\n<p><a href=\"mailto:fejes.istvan@stud.semmelweis.hu\" target=\"_blank\" rel=\"noopener\">E-mail<\/a><\/p>\n<p>&nbsp;<\/p>\n<hr \/>\n<h3><img loading=\"lazy\" decoding=\"async\" class=\"alignleft wp-image-16330\" src=\"https:\/\/semmelweis.hu\/hok\/files\/2023\/12\/Timar-Petra-225x300.jpg\" alt=\"\" width=\"200\" height=\"300\" \/><\/h3>\n<h3><a href=\"https:\/\/semmelweis.hu\/hok\/atlathatosag\/beszamolok\/\" target=\"_blank\" rel=\"noopener noreferrer\"><strong>T\u00cdM\u00c1R Petra<\/strong><\/a><\/h3>\n<h5><em>head of <a href=\"https:\/\/semmelweis.hu\/hok\/en\/about-us\/committees-of-the-students-union\/committee-of-education\/\" target=\"_blank\" rel=\"noopener\">Faculty of Medicine<\/a><\/em><\/h5>\n<p><a href=\"mailto:hok.med@semmelweis.hu\" target=\"_blank\" rel=\"noopener\">E-mail<\/a><\/p>\n<p>&nbsp;<\/p>\n<hr \/>\n<h3><img loading=\"lazy\" decoding=\"async\" class=\"alignnone size-medium wp-image-18920 alignleft\" src=\"https:\/\/semmelweis.hu\/hok\/files\/2025\/09\/LSF_001-3-1-200x300.jpg\" alt=\"\" width=\"200\" height=\"300\" srcset=\"https:\/\/semmelweis.hu\/hok\/files\/2025\/09\/LSF_001-3-1-200x300.jpg 200w, https:\/\/semmelweis.hu\/hok\/files\/2025\/09\/LSF_001-3-1-683x1024.jpg 683w, https:\/\/semmelweis.hu\/hok\/files\/2025\/09\/LSF_001-3-1-768x1152.jpg 768w, https:\/\/semmelweis.hu\/hok\/files\/2025\/09\/LSF_001-3-1-1024x1536.jpg 1024w, https:\/\/semmelweis.hu\/hok\/files\/2025\/09\/LSF_001-3-1-1365x2048.jpg 1365w, https:\/\/semmelweis.hu\/hok\/files\/2025\/09\/LSF_001-3-1-753x1129.jpg 753w, https:\/\/semmelweis.hu\/hok\/files\/2025\/09\/LSF_001-3-1-scaled.jpg 1707w\" sizes=\"auto, (max-width: 200px) 100vw, 200px\" \/><\/h3>\n<h3><strong><a href=\"https:\/\/semmelweis.hu\/hok\/atlathatosag\/beszamolok\/\" target=\"_blank\" rel=\"noopener noreferrer\">NYIR\u00c1DY Gr\u00e9ta Melitta<\/a><\/strong><\/h3>\n<h5><em>head of <a href=\"https:\/\/semmelweis.hu\/hok\/en\/about-us\/committees-of-the-students-union\/committee-of-education\/\" target=\"_blank\" rel=\"noopener\">Faculty of Dentistry<\/a><\/em><\/h5>\n<p><a href=\"mailto:hok.dent@semmelweis.hu\" target=\"_blank\" rel=\"noopener\">E-mail<\/a><\/p>\n<p>&nbsp;<\/p>\n<hr \/>\n<h3 style=\"text-align: left\"><strong><img decoding=\"async\" class=\"alignleft\" src=\"https:\/\/semmelweis.hu\/hok\/files\/2024\/02\/Palfi-Fanni-Klaudia-200x300.png\" \/><a href=\"https:\/\/semmelweis.hu\/hok\/en\/transparency\/reports-and-public-work-benefit\/\" target=\"_blank\" rel=\"noopener\">P\u00c1LFI Fanni Klaudia<\/a><br \/>\n<\/strong><\/h3>\n<h5 style=\"text-align: left\"><em>head of <a href=\"https:\/\/semmelweis.hu\/hok\/en\/about-us\/committees-of-the-students-union\/committee-of-education\/\" target=\"_blank\" rel=\"noopener\">Faculty of Pharmaceutical Sciences<\/a><\/em><\/h5>\n<p style=\"text-align: left\"><a href=\"mailto:hok.pharm@semmelweis.hu\" target=\"_blank\" rel=\"noopener\">E-mail<\/a>\u00a0\u00a0\u00a0\u00a0\u00a0<a href=\"tel:+36302825088\" target=\"_blank\" rel=\"noopener\">Telephone<\/a><\/p>\n<hr \/>\n<h3><img loading=\"lazy\" decoding=\"async\" class=\"alignleft\" src=\"https:\/\/semmelweis.hu\/hok\/files\/2023\/05\/Fekete-Rea-Reka.jpeg\" alt=\"\" width=\"200\" height=\"264\" \/><a href=\"https:\/\/semmelweis.hu\/hok\/en\/transparency\/reports-and-public-work-benefit\/\" target=\"_blank\" rel=\"noopener\"><strong>FEKETE Rea R\u00e9ka<\/strong><\/a><\/h3>\n<h5><em>head of <a href=\"https:\/\/semmelweis.hu\/hok\/en\/about-us\/committees-of-the-students-union\/committee-of-education\/\" target=\"_blank\" rel=\"noopener\">Faculty of Health Sciences<\/a><\/em><\/h5>\n<p><a href=\"mailto:hok.health@semmelweis.hu\">E-mail<\/a>\u00a0\u00a0\u00a0\u00a0 <a href=\"tel:+36705225127\">Telephone<\/a><\/p>\n<hr \/>\n<h3><strong><img loading=\"lazy\" decoding=\"async\" class=\"wp-image-18832 size-medium alignleft\" src=\"https:\/\/semmelweis.hu\/hok\/files\/2025\/09\/Kudelak-Mark-200x300.jpeg\" alt=\"\" width=\"200\" height=\"300\" srcset=\"https:\/\/semmelweis.hu\/hok\/files\/2025\/09\/Kudelak-Mark-200x300.jpeg 200w, https:\/\/semmelweis.hu\/hok\/files\/2025\/09\/Kudelak-Mark-683x1024.jpeg 683w, https:\/\/semmelweis.hu\/hok\/files\/2025\/09\/Kudelak-Mark-768x1152.jpeg 768w, https:\/\/semmelweis.hu\/hok\/files\/2025\/09\/Kudelak-Mark-1024x1536.jpeg 1024w, https:\/\/semmelweis.hu\/hok\/files\/2025\/09\/Kudelak-Mark-1365x2048.jpeg 1365w, https:\/\/semmelweis.hu\/hok\/files\/2025\/09\/Kudelak-Mark-753x1130.jpeg 753w, https:\/\/semmelweis.hu\/hok\/files\/2025\/09\/Kudelak-Mark-scaled.jpeg 1707w\" sizes=\"auto, (max-width: 200px) 100vw, 200px\" \/><\/strong><\/h3>\n<h3 style=\"text-align: left\"><a href=\"https:\/\/semmelweis.hu\/hok\/en\/transparency\/reports-and-public-work-benefit\/\" target=\"_blank\" rel=\"noopener\"><strong>KUDEL\u00c1K M\u00e1rk<\/strong><\/a><\/h3>\n<h5 style=\"text-align: left\"><em>head of Faculty of Health and Public Administration<\/em><\/h5>\n<p style=\"text-align: left\"><a href=\"mailto:hok.ekk@semmelweis.hu\" target=\"_blank\" rel=\"noopener\">E-mail<\/a>\u00a0\u00a0 \u00a0\u00a0<a href=\"tel:+36303038984\" target=\"_blank\" rel=\"noopener\">Telephone<\/a><\/p>\n<hr \/>\n<h3><img loading=\"lazy\" decoding=\"async\" class=\"size-medium wp-image-18276 alignleft\" src=\"https:\/\/semmelweis.hu\/hok\/files\/2025\/04\/Nemeth-Anilla-200x300.jpg\" alt=\"\" width=\"200\" height=\"300\" srcset=\"https:\/\/semmelweis.hu\/hok\/files\/2025\/04\/Nemeth-Anilla-200x300.jpg 200w, https:\/\/semmelweis.hu\/hok\/files\/2025\/04\/Nemeth-Anilla-683x1024.jpg 683w, https:\/\/semmelweis.hu\/hok\/files\/2025\/04\/Nemeth-Anilla-768x1152.jpg 768w, https:\/\/semmelweis.hu\/hok\/files\/2025\/04\/Nemeth-Anilla-1024x1536.jpg 1024w, https:\/\/semmelweis.hu\/hok\/files\/2025\/04\/Nemeth-Anilla-1366x2048.jpg 1366w, https:\/\/semmelweis.hu\/hok\/files\/2025\/04\/Nemeth-Anilla-753x1129.jpg 753w, https:\/\/semmelweis.hu\/hok\/files\/2025\/04\/Nemeth-Anilla-scaled.jpg 1707w\" sizes=\"auto, (max-width: 200px) 100vw, 200px\" \/><\/h3>\n<h3><a href=\"https:\/\/semmelweis.hu\/hok\/en\/transparency\/reports-and-public-work-benefit\/\" target=\"_blank\" rel=\"noopener\"><strong>N\u00c9METH Anilla<\/strong><\/a><\/h3>\n<h5><em>head of Andr\u00e1s Pet\u0151 Faculty<\/em><\/h5>\n<p><a href=\"mailto:nemeth.anilla@stud.semmelweis.hu\" target=\"_blank\" rel=\"noopener\">E-mail<\/a>\u00a0\u00a0\u00a0\u00a0\u00a0<a href=\"tel:+36208250448\" target=\"_blank\" rel=\"noopener\">Telephone<\/a><\/p>\n<hr \/>\n<h3><img loading=\"lazy\" decoding=\"async\" class=\"size-medium wp-image-18613 alignleft\" src=\"https:\/\/semmelweis.hu\/hok\/files\/2025\/07\/Sarkany-Fanni-200x300.jpg\" alt=\"\" width=\"200\" height=\"300\" srcset=\"https:\/\/semmelweis.hu\/hok\/files\/2025\/07\/Sarkany-Fanni-200x300.jpg 200w, https:\/\/semmelweis.hu\/hok\/files\/2025\/07\/Sarkany-Fanni-683x1024.jpg 683w, https:\/\/semmelweis.hu\/hok\/files\/2025\/07\/Sarkany-Fanni-768x1152.jpg 768w, https:\/\/semmelweis.hu\/hok\/files\/2025\/07\/Sarkany-Fanni-1024x1536.jpg 1024w, https:\/\/semmelweis.hu\/hok\/files\/2025\/07\/Sarkany-Fanni-1366x2048.jpg 1366w, https:\/\/semmelweis.hu\/hok\/files\/2025\/07\/Sarkany-Fanni-753x1129.jpg 753w, https:\/\/semmelweis.hu\/hok\/files\/2025\/07\/Sarkany-Fanni-scaled.jpg 1707w\" sizes=\"auto, (max-width: 200px) 100vw, 200px\" \/><\/h3>\n<h3><a href=\"https:\/\/semmelweis.hu\/hok\/en\/transparency\/reports-and-public-work-benefit\/\" target=\"_blank\" rel=\"noopener\"><strong>S\u00c1RK\u00c1NY Fanni<\/strong><\/a><\/h3>\n<h5><em>head of <a href=\"https:\/\/semmelweis.hu\/hok\/en\/committees-of-the-students-union\/dormitory-commission-and-dormitory-subcommissions\/\" target=\"_blank\" rel=\"noopener\">Dormitory Committee<\/a><\/em><\/h5>\n<p style=\"text-align: left\"><a href=\"mailto:hok.dormitory@semmelweis.hu\" target=\"_blank\" rel=\"noopener\">E-mail<\/a><\/p>\n<hr \/>\n<h3 style=\"text-align: left\"><img loading=\"lazy\" decoding=\"async\" class=\"wp-image-17890 size-medium alignleft\" src=\"https:\/\/semmelweis.hu\/hok\/files\/2024\/11\/Pasztor-Simon-Peter-200x300.jpg\" alt=\"\" width=\"200\" height=\"300\" srcset=\"https:\/\/semmelweis.hu\/hok\/files\/2024\/11\/Pasztor-Simon-Peter-200x300.jpg 200w, https:\/\/semmelweis.hu\/hok\/files\/2024\/11\/Pasztor-Simon-Peter-683x1024.jpg 683w, https:\/\/semmelweis.hu\/hok\/files\/2024\/11\/Pasztor-Simon-Peter-768x1152.jpg 768w, https:\/\/semmelweis.hu\/hok\/files\/2024\/11\/Pasztor-Simon-Peter-1024x1536.jpg 1024w, https:\/\/semmelweis.hu\/hok\/files\/2024\/11\/Pasztor-Simon-Peter-1365x2048.jpg 1365w, https:\/\/semmelweis.hu\/hok\/files\/2024\/11\/Pasztor-Simon-Peter-753x1129.jpg 753w, https:\/\/semmelweis.hu\/hok\/files\/2024\/11\/Pasztor-Simon-Peter-scaled.jpg 1707w\" sizes=\"auto, (max-width: 200px) 100vw, 200px\" \/><\/h3>\n<h3 style=\"text-align: left\"><a href=\"https:\/\/semmelweis.hu\/hok\/atlathatosag\/beszamolok\/\" target=\"_blank\" rel=\"noopener\"><strong>P\u00c1SZTOR Simon P\u00e9ter<\/strong><\/a><\/h3>\n<h5><em>head of <a href=\"https:\/\/semmelweis.hu\/hok\/en\/about-us\/committees-of-the-students-union\/international-students-committee\/\" target=\"_blank\" rel=\"noopener\">International Students&#8217; Committee<\/a><\/em><\/h5>\n<p><a href=\"mailto:hok.international@semmelweis.hu\" target=\"_blank\" rel=\"noopener\">E-mail<\/a><\/p>\n<p>&nbsp;<\/p>\n<hr \/>\n<h3><img loading=\"lazy\" decoding=\"async\" class=\"size-medium wp-image-18921 alignleft\" src=\"https:\/\/semmelweis.hu\/hok\/files\/2025\/09\/N6409789-1-200x300.jpg\" alt=\"Heged\u0171s_Krist\u00f3f\" width=\"200\" height=\"300\" srcset=\"https:\/\/semmelweis.hu\/hok\/files\/2025\/09\/N6409789-1-200x300.jpg 200w, https:\/\/semmelweis.hu\/hok\/files\/2025\/09\/N6409789-1-683x1024.jpg 683w, https:\/\/semmelweis.hu\/hok\/files\/2025\/09\/N6409789-1-768x1152.jpg 768w, https:\/\/semmelweis.hu\/hok\/files\/2025\/09\/N6409789-1-1024x1536.jpg 1024w, https:\/\/semmelweis.hu\/hok\/files\/2025\/09\/N6409789-1-1365x2048.jpg 1365w, https:\/\/semmelweis.hu\/hok\/files\/2025\/09\/N6409789-1-753x1130.jpg 753w, https:\/\/semmelweis.hu\/hok\/files\/2025\/09\/N6409789-1-scaled.jpg 1707w\" sizes=\"auto, (max-width: 200px) 100vw, 200px\" \/><\/h3>\n<h3><a href=\"https:\/\/semmelweis.hu\/hok\/atlathatosag\/beszamolok\/\" target=\"_blank\" rel=\"noopener\"><strong>HEGED\u0170S Krist\u00f3f<\/strong><\/a><\/h3>\n<h5><em>head of <a href=\"https:\/\/semmelweis.hu\/hok\/en\/committees-of-the-students-union\/media-commission\/\">Media Committee<\/a><\/em><\/h5>\n<p><a href=\"mailto:hok.media@semmelweis.hu\" target=\"_blank\" rel=\"noopener\">E-mail<\/a><\/p>\n<hr \/>\n<p><img loading=\"lazy\" decoding=\"async\" class=\"size-medium wp-image-17893 alignleft\" src=\"https:\/\/semmelweis.hu\/hok\/files\/2024\/11\/Lernyei-Soma-Bence-200x300.jpg\" alt=\"\" width=\"200\" height=\"300\" srcset=\"https:\/\/semmelweis.hu\/hok\/files\/2024\/11\/Lernyei-Soma-Bence-200x300.jpg 200w, https:\/\/semmelweis.hu\/hok\/files\/2024\/11\/Lernyei-Soma-Bence-683x1024.jpg 683w, https:\/\/semmelweis.hu\/hok\/files\/2024\/11\/Lernyei-Soma-Bence-768x1152.jpg 768w, https:\/\/semmelweis.hu\/hok\/files\/2024\/11\/Lernyei-Soma-Bence-1024x1536.jpg 1024w, https:\/\/semmelweis.hu\/hok\/files\/2024\/11\/Lernyei-Soma-Bence-1366x2048.jpg 1366w, https:\/\/semmelweis.hu\/hok\/files\/2024\/11\/Lernyei-Soma-Bence-753x1129.jpg 753w, https:\/\/semmelweis.hu\/hok\/files\/2024\/11\/Lernyei-Soma-Bence-scaled.jpg 1707w\" sizes=\"auto, (max-width: 200px) 100vw, 200px\" \/><\/p>\n<h3><a href=\"https:\/\/semmelweis.hu\/hok\/atlathatosag\/beszamolok\/\" target=\"_blank\" rel=\"noopener\"><strong>LERNYEI Soma Bence<\/strong><\/a><\/h3>\n<h5><em>head of <a href=\"https:\/\/semmelweis.hu\/hok\/en\/committees-of-the-students-union\/media-commission\/\">Media Committee<\/a><\/em><\/h5>\n<p><a href=\"mailto:hok.media@semmelweis.hu\" target=\"_blank\" rel=\"noopener\">E-mail<\/a><\/p>\n<hr \/>\n<h3><img loading=\"lazy\" decoding=\"async\" class=\"alignleft\" src=\"https:\/\/semmelweis.hu\/hok\/files\/2024\/08\/Gal-Petra-scaled.jpg\" width=\"200\" height=\"300\" \/><a href=\"https:\/\/semmelweis.hu\/hok\/en\/transparency\/reports-and-public-work-benefit\/\" target=\"_blank\" rel=\"noopener\"><strong>G\u00c1L Petra<\/strong><\/a><\/h3>\n<h5><i>head of <a href=\"https:\/\/semmelweis.hu\/hok\/en\/about-us\/committees-of-the-students-union\/student-welfare-committee\/\" target=\"_blank\" rel=\"noopener\">Student Welfare Committee<\/a><\/i><\/h5>\n<p><a href=\"mailto:hok.applications@semmelweis.hu\" target=\"_blank\" rel=\"noopener\">E-mail<\/a><\/p>\n<hr \/>\n<div class=\"keretes w-100\">\n<p style=\"text-align: left\"><strong>Permanent invitees<\/strong> are the:<br \/>\n&#8211; commissioners appointed by the President,<br \/>\n&#8211; Secretary of the Students&#8217; Union.<br \/>\nAnd those invited by the President or the Presidium by means of a decision complying with the procedure.<\/p>\n<\/div>\n<h3><img loading=\"lazy\" decoding=\"async\" class=\"alignnone size-medium wp-image-19015 alignleft\" src=\"https:\/\/semmelweis.hu\/hok\/files\/2025\/10\/Kis-Mate-Mark-7403353-1-200x300.jpg\" alt=\"\" width=\"200\" height=\"300\" srcset=\"https:\/\/semmelweis.hu\/hok\/files\/2025\/10\/Kis-Mate-Mark-7403353-1-200x300.jpg 200w, https:\/\/semmelweis.hu\/hok\/files\/2025\/10\/Kis-Mate-Mark-7403353-1-683x1024.jpg 683w, https:\/\/semmelweis.hu\/hok\/files\/2025\/10\/Kis-Mate-Mark-7403353-1-768x1152.jpg 768w, https:\/\/semmelweis.hu\/hok\/files\/2025\/10\/Kis-Mate-Mark-7403353-1-1024x1536.jpg 1024w, https:\/\/semmelweis.hu\/hok\/files\/2025\/10\/Kis-Mate-Mark-7403353-1-1365x2048.jpg 1365w, https:\/\/semmelweis.hu\/hok\/files\/2025\/10\/Kis-Mate-Mark-7403353-1-753x1130.jpg 753w, https:\/\/semmelweis.hu\/hok\/files\/2025\/10\/Kis-Mate-Mark-7403353-1-scaled.jpg 1707w\" sizes=\"auto, (max-width: 200px) 100vw, 200px\" \/><\/h3>\n<h3><strong><a href=\"https:\/\/semmelweis.hu\/hok\/atlathatosag\/beszamolok\/\" target=\"_blank\" rel=\"noopener noreferrer\">KIS M\u00e1t\u00e9 M\u00e1rk<\/a><\/strong><\/h3>\n<h5><em>Secretary<\/em><\/h5>\n<p><a href=\"mailto:hok.secretary@semmelweis.hu\">E-mail<\/a><\/p>\n<hr \/>\n<h3><img loading=\"lazy\" decoding=\"async\" class=\"size-medium wp-image-19126 alignleft\" src=\"https:\/\/semmelweis.hu\/hok\/files\/2025\/11\/Szabo-Gabor-7403424-1-1-200x300.jpg\" alt=\"Szab\u00f3 G\u00e1bor\" width=\"200\" height=\"300\" srcset=\"https:\/\/semmelweis.hu\/hok\/files\/2025\/11\/Szabo-Gabor-7403424-1-1-200x300.jpg 200w, https:\/\/semmelweis.hu\/hok\/files\/2025\/11\/Szabo-Gabor-7403424-1-1-683x1024.jpg 683w, https:\/\/semmelweis.hu\/hok\/files\/2025\/11\/Szabo-Gabor-7403424-1-1-768x1152.jpg 768w, https:\/\/semmelweis.hu\/hok\/files\/2025\/11\/Szabo-Gabor-7403424-1-1-1024x1536.jpg 1024w, https:\/\/semmelweis.hu\/hok\/files\/2025\/11\/Szabo-Gabor-7403424-1-1-1365x2048.jpg 1365w, https:\/\/semmelweis.hu\/hok\/files\/2025\/11\/Szabo-Gabor-7403424-1-1-753x1130.jpg 753w, https:\/\/semmelweis.hu\/hok\/files\/2025\/11\/Szabo-Gabor-7403424-1-1-scaled.jpg 1706w\" sizes=\"auto, (max-width: 200px) 100vw, 200px\" \/><\/h3>\n<h3><strong><a href=\"https:\/\/semmelweis.hu\/hok\/atlathatosag\/beszamolok\/\" target=\"_blank\" rel=\"noopener\">SZAB\u00d3 G\u00e1bor<\/a><\/strong><\/h3>\n<h5>Presidential Delegate for Mentoring Programmes<\/h5>\n<p><a href=\"mailto:szabo.gabor@stud.semmelweis.hu\" target=\"_blank\" rel=\"noopener\">E-mail<\/a><\/p>\n<hr \/>\n<h3><img loading=\"lazy\" decoding=\"async\" class=\"wp-image-18700 size-medium alignleft\" src=\"https:\/\/semmelweis.hu\/hok\/files\/2025\/08\/Dongolo-Laszlo-Mate-200x300.jpg\" alt=\"\" width=\"200\" height=\"300\" srcset=\"https:\/\/semmelweis.hu\/hok\/files\/2025\/08\/Dongolo-Laszlo-Mate-200x300.jpg 200w, https:\/\/semmelweis.hu\/hok\/files\/2025\/08\/Dongolo-Laszlo-Mate-683x1024.jpg 683w, https:\/\/semmelweis.hu\/hok\/files\/2025\/08\/Dongolo-Laszlo-Mate-768x1152.jpg 768w, https:\/\/semmelweis.hu\/hok\/files\/2025\/08\/Dongolo-Laszlo-Mate-1024x1536.jpg 1024w, https:\/\/semmelweis.hu\/hok\/files\/2025\/08\/Dongolo-Laszlo-Mate-1365x2048.jpg 1365w, https:\/\/semmelweis.hu\/hok\/files\/2025\/08\/Dongolo-Laszlo-Mate-753x1130.jpg 753w, https:\/\/semmelweis.hu\/hok\/files\/2025\/08\/Dongolo-Laszlo-Mate-scaled.jpg 1707w\" sizes=\"auto, (max-width: 200px) 100vw, 200px\" \/><\/h3>\n<h3><a href=\"https:\/\/semmelweis.hu\/hok\/atlathatosag\/beszamolok\/\" target=\"_blank\" rel=\"noopener\"><strong>D\u00d6NG\u00d6L\u0150 L\u00e1szl\u00f3 M\u00e1t\u00e9<\/strong><\/a><\/h3>\n<h5><em><a href=\"https:\/\/semmelweis.hu\/hok\/en\/green-university\/\" target=\"_blank\" rel=\"noopener\">Green University<\/a> project leader<\/em><\/h5>\n<p><a href=\"mailto:greenuni@semmelweis.hu\" target=\"_blank\" rel=\"noopener\">E-mail<\/a><\/p>\n","protected":false},"excerpt":{"rendered":"<p>The Presidium is the central body of the Students\u2019 Union. Members of the SE H\u00d6K Presidium with voting rights are the: &#8211; president, &#8211; vice presidents, &#8211; heads of faculties, &#8211; heads of committees. <a href=\"https:\/\/semmelweis.hu\/hok\/atlathatosag\/beszamolok\/\" target=\"_blank\" rel=\"noopener noreferrer\">NAGY Imre Rich\u00e1rd<\/a> president <a href=\"mailto:hok.president@semmelweis.hu\" target=\"_blank\" rel=\"noopener\">E-mail<\/a> <a href=\"https:\/\/semmelweis.hu\/hok\/atlathatosag\/beszamolok\/\" target=\"_blank\" rel=\"noopener noreferrer\">MIKL\u00d3S Ren\u00e1ta Dalma<\/a> general vice president <a href=\"mailto:miklos.renata@stud.semmelweis.hu\" target=\"_blank\" rel=\"noopener\">E-mail<\/a> &nbsp; <a href=\"https:\/\/semmelweis.hu\/hok\/en\/transparency\/reports-and-public-work-benefit\/\" target=\"_blank\" rel=\"noopener\">MAGYAR D\u00e1niel D\u00e1vid<\/a> vice president for strategy and finance <a href=\"mailto:magyar.daniel@stud.semmelweis.hu\" target=\"_blank\" rel=\"noopener\">E-mail<\/a> \u00a0 \u00a0 <a href=\"https:\/\/semmelweis.hu\/hok\/atlathatosag\/beszamolok\/\" target=\"_blank\" rel=\"noopener noreferrer\">FARKAS Enz\u00f3 Brendon<\/a> vice president for <a href=\"https:\/\/semmelweis.hu\/hok\/en\/about-us\/committees-of-the-students-union\/events-committee\/\" target=\"_blank\" rel=\"noopener\">events<\/a> <a href=\"mailto:hok.event@semmelweis.hu\" target=\"_blank\" rel=\"noopener\">E-mail<\/a> &nbsp; <a href=\"https:\/\/semmelweis.hu\/hok\/atlathatosag\/beszamolok\/\" target=\"_blank\" rel=\"noopener noreferrer\">SZ\u00dcR\u00d6S M\u00e1t\u00e9<\/a> vice president for <a href=\"https:\/\/semmelweis.hu\/hok\/en\/committees-of-the-students-union\/committee-of-education\/\">education<\/a> <a href=\"mailto:hok.education@semmelweis.hu\" target=\"_blank\" rel=\"noopener\">E-mail<\/a> &nbsp; &hellip;<\/p>\n","protected":false},"author":101158,"featured_media":0,"parent":12596,"menu_order":3,"comment_status":"closed","ping_status":"closed","template":"","meta":{"_acf_changed":false,"footnotes":""},"categories":[],"tags":[],"class_list":["post-8191","page","type-page","status-publish","hentry"],"acf":[],"_links":{"self":[{"href":"https:\/\/semmelweis.hu\/hok\/wp-json\/wp\/v2\/pages\/8191","targetHints":{"allow":["GET"]}}],"collection":[{"href":"https:\/\/semmelweis.hu\/hok\/wp-json\/wp\/v2\/pages"}],"about":[{"href":"https:\/\/semmelweis.hu\/hok\/wp-json\/wp\/v2\/types\/page"}],"author":[{"embeddable":true,"href":"https:\/\/semmelweis.hu\/hok\/wp-json\/wp\/v2\/users\/101158"}],"replies":[{"embeddable":true,"href":"https:\/\/semmelweis.hu\/hok\/wp-json\/wp\/v2\/comments?post=8191"}],"version-history":[{"count":15,"href":"https:\/\/semmelweis.hu\/hok\/wp-json\/wp\/v2\/pages\/8191\/revisions"}],"predecessor-version":[{"id":19389,"href":"https:\/\/semmelweis.hu\/hok\/wp-json\/wp\/v2\/pages\/8191\/revisions\/19389"}],"up":[{"embeddable":true,"href":"https:\/\/semmelweis.hu\/hok\/wp-json\/wp\/v2\/pages\/12596"}],"wp:attachment":[{"href":"https:\/\/semmelweis.hu\/hok\/wp-json\/wp\/v2\/media?parent=8191"}],"wp:term":[{"taxonomy":"category","embeddable":true,"href":"https:\/\/semmelweis.hu\/hok\/wp-json\/wp\/v2\/categories?post=8191"},{"taxonomy":"post_tag","embeddable":true,"href":"https:\/\/semmelweis.hu\/hok\/wp-json\/wp\/v2\/tags?post=8191"}],"curies":[{"name":"wp","href":"https:\/\/api.w.org\/{rel}","templated":true}]}}