{"id":8184,"date":"2019-03-04T18:37:32","date_gmt":"2019-03-04T17:37:32","guid":{"rendered":"http:\/\/semmelweis.hu\/hok\/?page_id=8184"},"modified":"2023-06-11T17:44:10","modified_gmt":"2023-06-11T15:44:10","slug":"delegates-assembly-of-the-students-union","status":"publish","type":"page","link":"https:\/\/semmelweis.hu\/hok\/en\/about-us\/delegates-assembly-of-the-students-union\/","title":{"rendered":"Delegates&#8217; Assembly of the Students&#8217; Union"},"content":{"rendered":"<div class=\"keretes w-100\">\n<p style=\"text-align: left\"><em><strong>The Delegates&#8217; Assembly is the supreme decision-making plenum of the Students&#8217; Union by law.<\/strong><br \/>\nIts Representatives are elected directly by the students of the university via NEPTUN System. <\/em><\/p>\n<p>The voting members of the Delegates\u2019 Assembly are:<br \/>\n&#8211; the President of the Union, and<br \/>\n&#8211; the Representatives in the Delegates&#8217; Assembly.<\/p>\n<p style=\"text-align: left\"><em>The role of the Delegates&#8217; Assembly is defined in the Statutes in Article 7.<\/em><\/p>\n<\/div>\n<h4 style=\"text-align: center\"><span style=\"font-size: 14pt\"><strong>REPRESENTATIVES IN THE DELEGATES&#8217; ASSEMBLY:<\/strong><\/span><\/h4>\n<p style=\"text-align: center\">\n<table id=\"tablepress-35\" class=\"tablepress tablepress-id-35\">\n<thead>\n<tr class=\"row-1\">\n\t<th class=\"column-1\">N\u00e9v - Name<\/th><th class=\"column-2\">Mand\u00e1tum - Mandate (YYYY. MM. DD.)<\/th>\n<\/tr>\n<\/thead>\n<tbody class=\"row-striping row-hover\">\n<tr class=\"row-2\">\n\t<td class=\"column-1\">NAGY Imre Rich\u00e1rd<\/td><td class=\"column-2\">az SE H\u00d6K eln\u00f6ke<br \/>\r\npresident of the H\u00d6K<\/td>\n<\/tr>\n<tr class=\"row-3\">\n\t<td class=\"column-1\">Muskan AWASTHI<\/td><td class=\"column-2\">2026. 04. 02.<\/td>\n<\/tr>\n<tr class=\"row-4\">\n\t<td class=\"column-1\">DEZS\u0150 \u00c1d\u00e1m<\/td><td class=\"column-2\">2026. 04. 02.<\/td>\n<\/tr>\n<tr class=\"row-5\">\n\t<td class=\"column-1\">D\u00d6NG\u00d6L\u0150 L\u00e1szl\u00f3 M\u00e1t\u00e9<\/td><td class=\"column-2\">2025. 01. 27.<\/td>\n<\/tr>\n<tr class=\"row-6\">\n\t<td class=\"column-1\">EL-ASSAF Ter\u00e9zia<\/td><td class=\"column-2\">2026. 04. 02.<\/td>\n<\/tr>\n<tr class=\"row-7\">\n\t<td class=\"column-1\">FEJES Istv\u00e1n<\/td><td class=\"column-2\">2025. 01. 27.<\/td>\n<\/tr>\n<tr class=\"row-8\">\n\t<td class=\"column-1\">Raphael David FEURSTEIN<\/td><td class=\"column-2\">2026. 04. 02.<\/td>\n<\/tr>\n<tr class=\"row-9\">\n\t<td class=\"column-1\">H\u00c1RI Nikolett<\/td><td class=\"column-2\">2025. 01. 27.<\/td>\n<\/tr>\n<tr class=\"row-10\">\n\t<td class=\"column-1\">HEGED\u0170S Krist\u00f3f<\/td><td class=\"column-2\">2025. 01. 27.<\/td>\n<\/tr>\n<tr class=\"row-11\">\n\t<td class=\"column-1\">HOFFMANN R\u00e9ka Mirtill<\/td><td class=\"column-2\">2026. 04. 02.<\/td>\n<\/tr>\n<tr class=\"row-12\">\n\t<td class=\"column-1\">ILL\u00c9S Eszter<\/td><td class=\"column-2\">2026. 04. 02.<\/td>\n<\/tr>\n<tr class=\"row-13\">\n\t<td class=\"column-1\">IV\u00c1DY Krist\u00f3f<\/td><td class=\"column-2\">2025. 01. 27.<\/td>\n<\/tr>\n<tr class=\"row-14\">\n\t<td class=\"column-1\">KOV\u00c1CS Dorina<\/td><td class=\"column-2\">2026. 04. 02.<\/td>\n<\/tr>\n<tr class=\"row-15\">\n\t<td class=\"column-1\">LERNYEI Soma Bence<\/td><td class=\"column-2\">2025. 01. 27.<\/td>\n<\/tr>\n<tr class=\"row-16\">\n\t<td class=\"column-1\">Devarajulu MARIYAPPAN<\/td><td class=\"column-2\">2025. 01. 27.<\/td>\n<\/tr>\n<tr class=\"row-17\">\n\t<td class=\"column-1\">NEMES Maja Dorottya<\/td><td class=\"column-2\">2025. 01. 27.<\/td>\n<\/tr>\n<tr class=\"row-18\">\n\t<td class=\"column-1\">NYIR\u00c1DY Gr\u00e9ta Melitta<\/td><td class=\"column-2\">2026. 04. 02.<\/td>\n<\/tr>\n<tr class=\"row-19\">\n\t<td class=\"column-1\">Mohsen Jamil QURESHI<\/td><td class=\"column-2\">2025. 01. 27.<\/td>\n<\/tr>\n<tr class=\"row-20\">\n\t<td class=\"column-1\">SZIL\u00c1GYI P\u00e9ter<\/td><td class=\"column-2\">2026. 04. 02.<\/td>\n<\/tr>\n<tr class=\"row-21\">\n\t<td class=\"column-1\">SZ\u00dcR\u00d6S M\u00e1t\u00e9<\/td><td class=\"column-2\">2026. 04. 02.<\/td>\n<\/tr>\n<\/tbody>\n<\/table>\n<\/p>\n<p style=\"text-align: right\"><span style=\"font-size: 12pt\">The membership table was last modified at 2026-04-14 15:17:34.<\/span><\/p>\n<div class=\"fontos_div\">\n<ul>\n<li>The sessions\/meetings of the Delegates&#8217; Assembly are open to the members of the Union, with the exceptions provided for in the Rules of Procedure in the Statutes; members may participate in the public sessions without a right to vote or deliberate. The date and time of the sessions is published <a href=\"https:\/\/semmelweis.hu\/hok\/en\/transparency\/meetings\/\" target=\"_blank\" rel=\"noopener\">here<\/a>, and the students can indicate an intention to participate.<\/li>\n<li>The records and the decisions can be found <a href=\"https:\/\/semmelweis.hu\/hok\/en\/transparency\/records-and-decrees\/\" target=\"_blank\" rel=\"noopener\">here<\/a>.<\/li>\n<\/ul>\n<\/div>\n","protected":false},"excerpt":{"rendered":"<p>The Delegates&#8217; Assembly is the supreme decision-making plenum of the Students&#8217; Union by law. Its Representatives are elected directly by the students of the university via NEPTUN System. The voting members of the Delegates\u2019 Assembly are: &#8211; the President of the Union, and &#8211; the Representatives in the Delegates&#8217; Assembly. The role of the Delegates&#8217; &hellip;<\/p>\n","protected":false},"author":101158,"featured_media":0,"parent":12596,"menu_order":2,"comment_status":"closed","ping_status":"closed","template":"","meta":{"_acf_changed":false,"footnotes":""},"categories":[],"tags":[],"class_list":["post-8184","page","type-page","status-publish","hentry"],"acf":[],"_links":{"self":[{"href":"https:\/\/semmelweis.hu\/hok\/wp-json\/wp\/v2\/pages\/8184","targetHints":{"allow":["GET"]}}],"collection":[{"href":"https:\/\/semmelweis.hu\/hok\/wp-json\/wp\/v2\/pages"}],"about":[{"href":"https:\/\/semmelweis.hu\/hok\/wp-json\/wp\/v2\/types\/page"}],"author":[{"embeddable":true,"href":"https:\/\/semmelweis.hu\/hok\/wp-json\/wp\/v2\/users\/101158"}],"replies":[{"embeddable":true,"href":"https:\/\/semmelweis.hu\/hok\/wp-json\/wp\/v2\/comments?post=8184"}],"version-history":[{"count":10,"href":"https:\/\/semmelweis.hu\/hok\/wp-json\/wp\/v2\/pages\/8184\/revisions"}],"predecessor-version":[{"id":15372,"href":"https:\/\/semmelweis.hu\/hok\/wp-json\/wp\/v2\/pages\/8184\/revisions\/15372"}],"up":[{"embeddable":true,"href":"https:\/\/semmelweis.hu\/hok\/wp-json\/wp\/v2\/pages\/12596"}],"wp:attachment":[{"href":"https:\/\/semmelweis.hu\/hok\/wp-json\/wp\/v2\/media?parent=8184"}],"wp:term":[{"taxonomy":"category","embeddable":true,"href":"https:\/\/semmelweis.hu\/hok\/wp-json\/wp\/v2\/categories?post=8184"},{"taxonomy":"post_tag","embeddable":true,"href":"https:\/\/semmelweis.hu\/hok\/wp-json\/wp\/v2\/tags?post=8184"}],"curies":[{"name":"wp","href":"https:\/\/api.w.org\/{rel}","templated":true}]}}