{"id":8127,"date":"2019-02-28T22:55:19","date_gmt":"2019-02-28T21:55:19","guid":{"rendered":"http:\/\/semmelweis.hu\/hok\/?page_id=8127"},"modified":"2023-07-04T02:33:18","modified_gmt":"2023-07-04T00:33:18","slug":"ask-us","status":"publish","type":"page","link":"https:\/\/semmelweis.hu\/hok\/en\/contact\/ask-us\/","title":{"rendered":"Write us!"},"content":{"rendered":"<ul>\n<li><span style=\"font-size: 12pt\">If you have any questions connected to the E-learning system (Moodle), you can find further information on <strong><a href=\"https:\/\/semmelweis.hu\/oktatasmodszertan\/en\/moodle\/\">this site<\/a><\/strong>.<\/span><\/li>\n<li><span style=\"font-size: 12pt\">For further information about the occupational health examinations you can read <strong><a href=\"https:\/\/itc.semmelweis.hu\/moodle\/enrol\/index.php?id=2381#section-4\" target=\"_blank\" rel=\"noopener\">here<\/a><\/strong>.<\/span><\/li>\n<li><span style=\"font-size: 12pt\">You can read useful handouts, if you have questions\/problems related to the <a href=\"https:\/\/semmelweis.hu\/oktatasmodszertan\/en\/the-seka-id\/\"><strong>SeKa<\/strong><\/a> system or <a href=\"https:\/\/semmelweis.hu\/oktatasmodszertan\/en\/zoom-guide\/\"><strong>Zoom<\/strong><\/a>.<\/span><\/li>\n<\/ul>\n\n<div class=\"wpcf7 no-js\" id=\"wpcf7-f8124-o1\" lang=\"hu-HU\" dir=\"ltr\" data-wpcf7-id=\"8124\">\n<div class=\"screen-reader-response\"><p role=\"status\" aria-live=\"polite\" aria-atomic=\"true\"><\/p> <ul><\/ul><\/div>\n<form action=\"\/hok\/wp-json\/wp\/v2\/pages\/8127#wpcf7-f8124-o1\" method=\"post\" class=\"wpcf7-form init\" aria-label=\"Kapcsolatfelv\u00e9teli \u0171rlap\" enctype=\"multipart\/form-data\" novalidate=\"novalidate\" data-status=\"init\">\n<div style=\"display: none;\">\n<input type=\"hidden\" name=\"_wpcf7\" value=\"8124\" \/>\n<input type=\"hidden\" name=\"_wpcf7_version\" value=\"6.0.5\" \/>\n<input type=\"hidden\" name=\"_wpcf7_locale\" value=\"hu_HU\" \/>\n<input type=\"hidden\" name=\"_wpcf7_unit_tag\" value=\"wpcf7-f8124-o1\" \/>\n<input type=\"hidden\" name=\"_wpcf7_container_post\" value=\"0\" \/>\n<input type=\"hidden\" name=\"_wpcf7_posted_data_hash\" value=\"\" \/>\n<input type=\"hidden\" name=\"_wpcf7_recaptcha_response\" value=\"\" \/>\n<\/div>\n<p>*Name: (required)<br \/>\n<span class=\"wpcf7-form-control-wrap\" data-name=\"your_name\"><input size=\"40\" maxlength=\"400\" class=\"wpcf7-form-control wpcf7-text wpcf7-validates-as-required\" aria-required=\"true\" aria-invalid=\"false\" value=\"\" type=\"text\" name=\"your_name\" \/><\/span>\n<\/p>\n<p>NEPTUN code: (optional)<br \/>\n<span class=\"wpcf7-form-control-wrap\" data-name=\"neptuncode\"><input size=\"40\" maxlength=\"400\" class=\"wpcf7-form-control wpcf7-text\" aria-invalid=\"false\" value=\"\" type=\"text\" name=\"neptuncode\" \/><\/span>\n<\/p>\n<p>Faculty:<br \/>\n<span class=\"wpcf7-form-control-wrap\" data-name=\"faculty\"><span class=\"wpcf7-form-control wpcf7-radio\"><span class=\"wpcf7-list-item first\"><input type=\"radio\" name=\"faculty\" value=\"Faculty of Medicine\" checked=\"checked\" \/><span class=\"wpcf7-list-item-label\">Faculty of Medicine<\/span><\/span><span class=\"wpcf7-list-item\"><input type=\"radio\" name=\"faculty\" value=\"Faculty of Health and Public Services\" \/><span class=\"wpcf7-list-item-label\">Faculty of Health and Public Services<\/span><\/span><span class=\"wpcf7-list-item\"><input type=\"radio\" name=\"faculty\" value=\"Faculty of Dentistry\" \/><span class=\"wpcf7-list-item-label\">Faculty of Dentistry<\/span><\/span><span class=\"wpcf7-list-item\"><input type=\"radio\" name=\"faculty\" value=\"Faculty of Health Sciences\" \/><span class=\"wpcf7-list-item-label\">Faculty of Health Sciences<\/span><\/span><span class=\"wpcf7-list-item\"><input type=\"radio\" name=\"faculty\" value=\"Faculty of Pharmacy\" \/><span class=\"wpcf7-list-item-label\">Faculty of Pharmacy<\/span><\/span><span class=\"wpcf7-list-item last\"><input type=\"radio\" name=\"faculty\" value=\"Andr\u00e1s Pet\u0151 Faculty\" \/><span class=\"wpcf7-list-item-label\">Andr\u00e1s Pet\u0151 Faculty<\/span><\/span><\/span><\/span>\n<\/p>\n<p>Year:<br \/>\n<span class=\"wpcf7-form-control-wrap\" data-name=\"education_year\"><span class=\"wpcf7-form-control wpcf7-radio\"><span class=\"wpcf7-list-item first\"><input type=\"radio\" name=\"education_year\" value=\"1\" checked=\"checked\" \/><span class=\"wpcf7-list-item-label\">1<\/span><\/span><span class=\"wpcf7-list-item\"><input type=\"radio\" name=\"education_year\" value=\"2\" \/><span class=\"wpcf7-list-item-label\">2<\/span><\/span><span class=\"wpcf7-list-item\"><input type=\"radio\" name=\"education_year\" value=\"3\" \/><span class=\"wpcf7-list-item-label\">3<\/span><\/span><span class=\"wpcf7-list-item\"><input type=\"radio\" name=\"education_year\" value=\"4\" \/><span class=\"wpcf7-list-item-label\">4<\/span><\/span><span class=\"wpcf7-list-item\"><input type=\"radio\" name=\"education_year\" value=\"5\" \/><span class=\"wpcf7-list-item-label\">5<\/span><\/span><span class=\"wpcf7-list-item last\"><input type=\"radio\" name=\"education_year\" value=\"6\" \/><span class=\"wpcf7-list-item-label\">6<\/span><\/span><\/span><\/span>\n<\/p>\n<p>Language of education:<br \/>\n<span class=\"wpcf7-form-control-wrap\" data-name=\"language\"><select class=\"wpcf7-form-control wpcf7-select wpcf7-validates-as-required\" aria-required=\"true\" aria-invalid=\"false\" name=\"language\"><option value=\"English\">English<\/option><option value=\"Deutsch\">Deutsch<\/option><option value=\"Magyar\">Magyar<\/option><\/select><\/span>\n<\/p>\n<p>Topic of your mail:<br \/>\n<span class=\"wpcf7-form-control-wrap\" data-name=\"reason\"><select class=\"wpcf7-form-control wpcf7-select wpcf7-validates-as-required\" aria-required=\"true\" aria-invalid=\"false\" name=\"reason\"><option value=\"\">&#8212; K\u00e9rj\u00fck, v\u00e1lasszon egy opci\u00f3t &#8212;<\/option><option value=\"E-learning\">E-learning<\/option><option value=\"Education\">Education<\/option><option value=\"Social\">Social<\/option><option value=\"Events\">Events<\/option><option value=\"Dormitory\">Dormitory<\/option><option value=\"Vaccination \/ Aptitude test\">Vaccination \/ Aptitude test<\/option><option value=\"Other\">Other<\/option><\/select><\/span>\n<\/p>\n<p>*Your email address: (required)<br \/>\n<span class=\"wpcf7-form-control-wrap\" data-name=\"email\"><input size=\"40\" maxlength=\"400\" class=\"wpcf7-form-control wpcf7-email wpcf7-validates-as-required wpcf7-text wpcf7-validates-as-email\" aria-required=\"true\" aria-invalid=\"false\" value=\"\" type=\"email\" name=\"email\" \/><\/span>\n<\/p>\n<p>Subject of your message:<br \/>\n<span class=\"wpcf7-form-control-wrap\" data-name=\"subject\"><input size=\"40\" maxlength=\"400\" class=\"wpcf7-form-control wpcf7-text\" aria-invalid=\"false\" value=\"\" type=\"text\" name=\"subject\" \/><\/span>\n<\/p>\n<p>Your message:<br \/>\n<span class=\"wpcf7-form-control-wrap\" data-name=\"message\"><textarea cols=\"40\" rows=\"10\" maxlength=\"2000\" class=\"wpcf7-form-control wpcf7-textarea\" aria-invalid=\"false\" name=\"message\"><\/textarea><\/span>\n<\/p>\n<p>File attachment:<br \/>\n<span class=\"wpcf7-form-control-wrap\" data-name=\"file\"><input size=\"40\" class=\"wpcf7-form-control wpcf7-file\" accept=\"audio\/*,video\/*,image\/*\" aria-invalid=\"false\" type=\"file\" name=\"file\" \/><\/span>\n<\/p>\n<p><input class=\"wpcf7-form-control wpcf7-submit has-spinner\" type=\"submit\" value=\"Send\" \/>\n<\/p><div class=\"wpcf7-response-output\" aria-hidden=\"true\"><\/div>\n<\/form>\n<\/div>\n\n","protected":false},"excerpt":{"rendered":"<p>If you have any questions connected to the E-learning system (Moodle), you can find further information on <a href=\"https:\/\/semmelweis.hu\/oktatasmodszertan\/en\/moodle\/\">this site<\/a>.<br \/>\nFor further information about the occupational health examinations you can read <a href=\"https:\/\/itc.semmelweis.hu\/moodle\/enrol\/index.php?id=2381#section-4\" target=\"_blank\" rel=\"noopener\">here<\/a>.<br \/>\nYou can read useful handouts, if you have questions\/problems related to the <a href=\"https:\/\/semmelweis.hu\/oktatasmodszertan\/en\/the-seka-id\/\">SeKa<\/a> system or <a href=\"https:\/\/semmelweis.hu\/oktatasmodszertan\/en\/zoom-guide\/\">Zoom<\/a>.<\/p>\n","protected":false},"author":101158,"featured_media":13151,"parent":11119,"menu_order":1,"comment_status":"closed","ping_status":"closed","template":"","meta":{"_acf_changed":false,"footnotes":""},"categories":[],"tags":[667],"class_list":["post-8127","page","type-page","status-publish","has-post-thumbnail","hentry","tag-haveavoice"],"acf":[],"_links":{"self":[{"href":"https:\/\/semmelweis.hu\/hok\/wp-json\/wp\/v2\/pages\/8127","targetHints":{"allow":["GET"]}}],"collection":[{"href":"https:\/\/semmelweis.hu\/hok\/wp-json\/wp\/v2\/pages"}],"about":[{"href":"https:\/\/semmelweis.hu\/hok\/wp-json\/wp\/v2\/types\/page"}],"author":[{"embeddable":true,"href":"https:\/\/semmelweis.hu\/hok\/wp-json\/wp\/v2\/users\/101158"}],"replies":[{"embeddable":true,"href":"https:\/\/semmelweis.hu\/hok\/wp-json\/wp\/v2\/comments?post=8127"}],"version-history":[{"count":9,"href":"https:\/\/semmelweis.hu\/hok\/wp-json\/wp\/v2\/pages\/8127\/revisions"}],"predecessor-version":[{"id":15409,"href":"https:\/\/semmelweis.hu\/hok\/wp-json\/wp\/v2\/pages\/8127\/revisions\/15409"}],"up":[{"embeddable":true,"href":"https:\/\/semmelweis.hu\/hok\/wp-json\/wp\/v2\/pages\/11119"}],"wp:featuredmedia":[{"embeddable":true,"href":"https:\/\/semmelweis.hu\/hok\/wp-json\/wp\/v2\/media\/13151"}],"wp:attachment":[{"href":"https:\/\/semmelweis.hu\/hok\/wp-json\/wp\/v2\/media?parent=8127"}],"wp:term":[{"taxonomy":"category","embeddable":true,"href":"https:\/\/semmelweis.hu\/hok\/wp-json\/wp\/v2\/categories?post=8127"},{"taxonomy":"post_tag","embeddable":true,"href":"https:\/\/semmelweis.hu\/hok\/wp-json\/wp\/v2\/tags?post=8127"}],"curies":[{"name":"wp","href":"https:\/\/api.w.org\/{rel}","templated":true}]}}