{"id":80,"date":"2016-10-11T22:07:32","date_gmt":"2016-10-11T20:07:32","guid":{"rendered":"http:\/\/semmelweis.hu\/hok\/?page_id=80"},"modified":"2024-02-27T22:40:11","modified_gmt":"2024-02-27T21:40:11","slug":"ulesek","status":"publish","type":"page","link":"https:\/\/semmelweis.hu\/hok\/atlathatosag\/ulesek\/","title":{"rendered":"A Hallgat\u00f3i \u00d6nkorm\u00e1nyzat \u00fcl\u00e9sei"},"content":{"rendered":"<p style=\"text-align: center\"><span style=\"font-size: 14pt\"><strong>A H\u00d6K K\u00fcld\u00f6ttgy\u0171l\u00e9s\u00e9nek \u00e9s Eln\u00f6ks\u00e9g\u00e9nek \u00fcl\u00e9se nyitott, melyekre szeretettel v\u00e1runk minden kedves \u00e9rdekl\u0151d\u0151t!<\/strong><\/span><\/p>\n<p style=\"text-align: center\"><span style=\"font-size: 14pt\">Mindazon\u00e1ltal\u00a0k\u00e9rj\u00fck, hogy az SE H\u00d6K Titk\u00e1rs\u00e1g\u00e1t el\u0151re \u00e9rtes\u00edts\u00e9tek a r\u00e9szv\u00e9teli sz\u00e1nd\u00e9kr\u00f3l, ezen az <strong><a href=\"mailto:hok.secretary@semmelweis.hu\">email-c\u00edmen<\/a><\/strong> kereszt\u00fcl!<\/span><\/p>\n<p style=\"text-align: center\">Az \u00fcl\u00e9sek id\u0151pontjait \u00e9s az \u00fcl\u00e9ssel kapcsolatos esetleges egy\u00e9b inform\u00e1ci\u00f3kat a <a href=\"https:\/\/semmelweis.hu\/hok\/esemenyek\" target=\"_blank\" rel=\"noopener\">napt\u00e1rban<\/a> tudj\u00e1tok megtekinteni.<\/p>\n","protected":false},"excerpt":{"rendered":"<p>A H\u00d6K K\u00fcld\u00f6ttgy\u0171l\u00e9s\u00e9nek \u00e9s Eln\u00f6ks\u00e9g\u00e9nek \u00fcl\u00e9se nyitott, melyekre szeretettel v\u00e1runk minden kedves \u00e9rdekl\u0151d\u0151t!<br \/>\nMindazon\u00e1ltal\u00a0k\u00e9rj\u00fck, hogy az SE H\u00d6K Titk\u00e1rs\u00e1g\u00e1t el\u0151re \u00e9rtes\u00edts\u00e9tek a r\u00e9szv\u00e9teli sz\u00e1nd\u00e9kr\u00f3l, ezen az <a href=\"mailto:hok.secretary@semmelweis.hu\">email-c\u00edmen<\/a> kereszt\u00fcl!<br \/>\nAz \u00fcl\u00e9sek id\u0151pontjait \u00e9s az \u00fcl\u00e9ssel kapcsolatos esetleges egy\u00e9b inform\u00e1ci\u00f3kat a <a href=\"https:\/\/semmelweis.hu\/hok\/esemenyek\" target=\"_blank\" rel=\"noopener\">napt\u00e1rban<\/a> tudj\u00e1tok megtekinteni.<\/p>\n","protected":false},"author":101156,"featured_media":0,"parent":7121,"menu_order":5,"comment_status":"closed","ping_status":"closed","template":"","meta":{"_acf_changed":false,"footnotes":""},"categories":[],"tags":[],"class_list":["post-80","page","type-page","status-publish","hentry"],"acf":[],"_links":{"self":[{"href":"https:\/\/semmelweis.hu\/hok\/wp-json\/wp\/v2\/pages\/80","targetHints":{"allow":["GET"]}}],"collection":[{"href":"https:\/\/semmelweis.hu\/hok\/wp-json\/wp\/v2\/pages"}],"about":[{"href":"https:\/\/semmelweis.hu\/hok\/wp-json\/wp\/v2\/types\/page"}],"author":[{"embeddable":true,"href":"https:\/\/semmelweis.hu\/hok\/wp-json\/wp\/v2\/users\/101156"}],"replies":[{"embeddable":true,"href":"https:\/\/semmelweis.hu\/hok\/wp-json\/wp\/v2\/comments?post=80"}],"version-history":[{"count":11,"href":"https:\/\/semmelweis.hu\/hok\/wp-json\/wp\/v2\/pages\/80\/revisions"}],"predecessor-version":[{"id":16979,"href":"https:\/\/semmelweis.hu\/hok\/wp-json\/wp\/v2\/pages\/80\/revisions\/16979"}],"up":[{"embeddable":true,"href":"https:\/\/semmelweis.hu\/hok\/wp-json\/wp\/v2\/pages\/7121"}],"wp:attachment":[{"href":"https:\/\/semmelweis.hu\/hok\/wp-json\/wp\/v2\/media?parent=80"}],"wp:term":[{"taxonomy":"category","embeddable":true,"href":"https:\/\/semmelweis.hu\/hok\/wp-json\/wp\/v2\/categories?post=80"},{"taxonomy":"post_tag","embeddable":true,"href":"https:\/\/semmelweis.hu\/hok\/wp-json\/wp\/v2\/tags?post=80"}],"curies":[{"name":"wp","href":"https:\/\/api.w.org\/{rel}","templated":true}]}}