{"id":770,"date":"2017-05-24T18:06:27","date_gmt":"2017-05-24T16:06:27","guid":{"rendered":"http:\/\/semmelweis.hu\/hok\/?page_id=770"},"modified":"2022-08-23T16:57:21","modified_gmt":"2022-08-23T14:57:21","slug":"szinapszis","status":"publish","type":"page","link":"https:\/\/semmelweis.hu\/hok\/szinapszis\/","title":{"rendered":"Szinapszis"},"content":{"rendered":"<p style=\"text-align: center\"><a href=\"https:\/\/www.szinapszis.org\/\"><strong><img loading=\"lazy\" decoding=\"async\" class=\"wp-image-6302 alignnone\" src=\"https:\/\/semmelweis.hu\/hok\/files\/2018\/10\/photo_large.png\" alt=\"\" width=\"101\" height=\"101\" srcset=\"https:\/\/semmelweis.hu\/hok\/files\/2018\/10\/photo_large.png 160w, https:\/\/semmelweis.hu\/hok\/files\/2018\/10\/photo_large-150x150.png 150w, https:\/\/semmelweis.hu\/hok\/files\/2018\/10\/photo_large-144x144.png 144w, https:\/\/semmelweis.hu\/hok\/files\/2018\/10\/photo_large-90x90.png 90w\" sizes=\"auto, (max-width: 101px) 100vw, 101px\" \/><\/strong><\/a><span style=\"font-size: 36pt\"><strong>SZINAPSZIS\u00a0<br \/>\n<span style=\"font-size: 14pt\"><em>A Semmelweis Egyetem hallgat\u00f3inak online lapja<\/em><\/span><br \/>\n<\/strong><\/span><\/p>\n<p style=\"text-align: center\">Aktu\u00e1lis f\u0151szerkeszt\u0151:<\/p>\n<table style=\"border-collapse: collapse;width: 100%\" border=\"1\">\n<tbody>\n<tr>\n<td style=\"width: 50%;text-align: center\">&#8211;<\/td>\n<td style=\"width: 50%;text-align: center\"><a href=\"mailto:hok@semmelweis-univ.hu\">E-mail<\/a><\/td>\n<\/tr>\n<\/tbody>\n<\/table>\n<p style=\"text-align: center\"><strong>A Szinapszis a Hallgat\u00f3i \u00d6nkorm\u00e1nyzat fenntart\u00e1s\u00e1ban m\u0171k\u00f6d\u0151 \u00fajs\u00e1g \u00e9s m\u00e9dia fel\u00fclet, melynek c\u00e9lk\u00f6z\u00f6ns\u00e9ge els\u0151sorban a Semmelweis Egyetem hallgat\u00f3s\u00e1ga.<\/strong><\/p>\n<p style=\"text-align: center\"><a href=\"https:\/\/semmelweis.hu\/hok\/category\/szinapszis\/\"><span style=\"font-size: 24pt\"><strong>Szinapszis Honlap<\/strong><\/span><\/a><strong><img loading=\"lazy\" decoding=\"async\" class=\"wp-image-6302 alignnone\" src=\"https:\/\/semmelweis.hu\/hok\/files\/2018\/10\/photo_large.png\" alt=\"\" width=\"34\" height=\"34\" srcset=\"https:\/\/semmelweis.hu\/hok\/files\/2018\/10\/photo_large.png 160w, https:\/\/semmelweis.hu\/hok\/files\/2018\/10\/photo_large-150x150.png 150w, https:\/\/semmelweis.hu\/hok\/files\/2018\/10\/photo_large-144x144.png 144w, https:\/\/semmelweis.hu\/hok\/files\/2018\/10\/photo_large-90x90.png 90w\" sizes=\"auto, (max-width: 34px) 100vw, 34px\" \/><\/strong><\/p>\n<p style=\"text-align: center\"><span style=\"font-size: 24pt\"><strong><a href=\"https:\/\/www.facebook.com\/szinapszis\/\">Szinapszis Facebook<\/a><img loading=\"lazy\" decoding=\"async\" class=\"alignnone  wp-image-7127\" src=\"https:\/\/semmelweis.hu\/hok\/files\/2018\/10\/social_media_icons_flat_shadow_set_256x256_0000_facebook.png\" alt=\"\" width=\"30\" height=\"30\" \/><\/strong><\/span><\/p>\n<p style=\"text-align: center\"><span style=\"font-size: 24pt\"><strong><a href=\"https:\/\/www.youtube.com\/channel\/UCdSlwjJuOS2-9XhYpYoSd-A\/featured?view_as=subscriber\">Szinapszis YouTube Channel<\/a><\/strong><\/span><strong style=\"font-size: 24pt\"><span style=\"color: #000000\"><img loading=\"lazy\" decoding=\"async\" class=\"alignnone\" src=\"https:\/\/cdn0.iconfinder.com\/data\/icons\/tuts\/256\/youtube.png\" alt=\"K\u00c3\u00a9ptal\u00c3\u00a1lat a k\u00c3\u00b6vetkez\u00c5\u0091re: \u00e2\u0080\u009eyoutube icon\u00e2\u0080\u009d\" width=\"30\" height=\"30\" \/><\/span><\/strong><\/p>\n<p style=\"text-align: center\"><span style=\"font-size: 24pt\"><strong><a href=\"https:\/\/www.instagram.com\/szinapszis\/\">Szinapszis Instagram<\/a><img loading=\"lazy\" decoding=\"async\" class=\"wp-image-7422 alignnone\" src=\"https:\/\/semmelweis.hu\/hok\/files\/2018\/11\/02ba5abf9861.png\" alt=\"\" width=\"30\" height=\"30\" \/><\/strong><\/span><\/p>\n<p style=\"text-align: center\"><em>Az al\u00e1bbi linkekre kattintva megtekinthetitek a <a href=\"https:\/\/issuu.com\/szinapszis\/docs\">Szinapszis kor\u00e1bbi sz\u00e1mait<\/a>.<\/em><\/p>\n<p style=\"text-align: center\"><strong><a href=\"https:\/\/issuu.com\/szinapszis\/stacks\/cdd01840dffd4288b9ee6250a2877e56\">Szinapszis magazin IX-X. \u00e9vfolyam<\/a><\/strong><\/p>\n<p style=\"text-align: center\"><strong><a href=\"https:\/\/issuu.com\/szinapszis\/stacks\/0cfcf4e94498453e8d41587cf68848bf\">Szinapszis magazin XI-XII. \u00e9vfolyam<\/a><\/strong><\/p>\n<p style=\"text-align: center\"><strong><a href=\"https:\/\/issuu.com\/szinapszis\/stacks\/ea750d990a954588a445070532608bfa\">Szinapszis magazin XIII. \u00e9vfolyam<\/a><\/strong><\/p>\n<p style=\"text-align: center\"><strong><a href=\"https:\/\/issuu.com\/szinapszis\/stacks\/abef11b66e7c4966b80af88570875f63\">Szinapszis magazin XIV. \u00e9vfolyam<\/a><\/strong><\/p>\n<p>&nbsp;<\/p>\n<p><div data-url=\"https:\/\/issuu.com\/szinapszis\/docs\/2018majus\" style=\"width: 753px; height: 532px;\" class=\"issuuembed\"><\/div>\n<p><script type=\"text\/javascript\" src=\"\/\/e.issuu.com\/embed.js\" async=\"true\"><\/script><\/p>\n<p>&nbsp;<\/p>\n","protected":false},"excerpt":{"rendered":"<p><a href=\"https:\/\/www.szinapszis.org\/\"><\/a>SZINAPSZIS\u00a0<br \/>\nA Semmelweis Egyetem hallgat\u00f3inak online lapja<\/p>\n<p>Aktu\u00e1lis f\u0151szerkeszt\u0151:<\/p>\n<p>&#8211;<br \/>\n<a href=\"mailto:hok@semmelweis-univ.hu\">E-mail<\/a><\/p>\n<p>A Szinapszis a Hallgat\u00f3i \u00d6nkorm\u00e1nyzat fenntart\u00e1s\u00e1ban m\u0171k\u00f6d\u0151 \u00fajs\u00e1g \u00e9s m\u00e9dia fel\u00fclet, melynek c\u00e9lk\u00f6z\u00f6ns\u00e9ge els\u0151sorban a Semmelweis Egyetem hallgat\u00f3s\u00e1ga.<br \/>\n<a href=\"https:\/\/semmelweis.hu\/hok\/category\/szinapszis\/\">Szinapszis Honlap<\/a><br \/>\n<a href=\"https:\/\/www.facebook.com\/szinapszis\/\">Szinapszis Facebook<\/a><br \/>\n<a href=\"https:\/\/www.youtube.com\/channel\/UCdSlwjJuOS2-9XhYpYoSd-A\/featured?view_as=subscriber\">Szinapszis YouTube Channel<\/a><br \/>\n<a href=\"https:\/\/www.instagram.com\/szinapszis\/\">Szinapszis Instagram<\/a><br \/>\nAz al\u00e1bbi linkekre kattintva megtekinthetitek a <a href=\"https:\/\/issuu.com\/szinapszis\/docs\">Szinapszis kor\u00e1bbi sz\u00e1mait<\/a>.<br \/>\n<a href=\"https:\/\/issuu.com\/szinapszis\/stacks\/cdd01840dffd4288b9ee6250a2877e56\">Szinapszis magazin IX-X. \u00e9vfolyam<\/a><br \/>\n<a href=\"https:\/\/issuu.com\/szinapszis\/stacks\/0cfcf4e94498453e8d41587cf68848bf\">Szinapszis magazin XI-XII. \u00e9vfolyam<\/a><br \/>\n<a href=\"https:\/\/issuu.com\/szinapszis\/stacks\/ea750d990a954588a445070532608bfa\">Szinapszis magazin XIII. \u00e9vfolyam<\/a><br \/>\n<a href=\"https:\/\/issuu.com\/szinapszis\/stacks\/abef11b66e7c4966b80af88570875f63\">Szinapszis magazin XIV. \u00e9vfolyam<\/a><br \/>\n&nbsp;<\/p>\n<p>&nbsp;<\/p>\n","protected":false},"author":101156,"featured_media":0,"parent":0,"menu_order":60,"comment_status":"closed","ping_status":"closed","template":"","meta":{"_acf_changed":false,"footnotes":""},"categories":[],"tags":[],"class_list":["post-770","page","type-page","status-publish","hentry"],"acf":[],"_links":{"self":[{"href":"https:\/\/semmelweis.hu\/hok\/wp-json\/wp\/v2\/pages\/770","targetHints":{"allow":["GET"]}}],"collection":[{"href":"https:\/\/semmelweis.hu\/hok\/wp-json\/wp\/v2\/pages"}],"about":[{"href":"https:\/\/semmelweis.hu\/hok\/wp-json\/wp\/v2\/types\/page"}],"author":[{"embeddable":true,"href":"https:\/\/semmelweis.hu\/hok\/wp-json\/wp\/v2\/users\/101156"}],"replies":[{"embeddable":true,"href":"https:\/\/semmelweis.hu\/hok\/wp-json\/wp\/v2\/comments?post=770"}],"version-history":[{"count":11,"href":"https:\/\/semmelweis.hu\/hok\/wp-json\/wp\/v2\/pages\/770\/revisions"}],"predecessor-version":[{"id":13671,"href":"https:\/\/semmelweis.hu\/hok\/wp-json\/wp\/v2\/pages\/770\/revisions\/13671"}],"wp:attachment":[{"href":"https:\/\/semmelweis.hu\/hok\/wp-json\/wp\/v2\/media?parent=770"}],"wp:term":[{"taxonomy":"category","embeddable":true,"href":"https:\/\/semmelweis.hu\/hok\/wp-json\/wp\/v2\/categories?post=770"},{"taxonomy":"post_tag","embeddable":true,"href":"https:\/\/semmelweis.hu\/hok\/wp-json\/wp\/v2\/tags?post=770"}],"curies":[{"name":"wp","href":"https:\/\/api.w.org\/{rel}","templated":true}]}}