{"id":7481,"date":"2018-11-16T22:47:18","date_gmt":"2018-11-16T21:47:18","guid":{"rendered":"http:\/\/semmelweis.hu\/hok\/?page_id=7481"},"modified":"2026-02-22T20:29:08","modified_gmt":"2026-02-22T19:29:08","slug":"media-bizottsag","status":"publish","type":"page","link":"https:\/\/semmelweis.hu\/hok\/rolunk\/bizottsagok\/media-bizottsag\/","title":{"rendered":"M\u00e9dia Bizotts\u00e1g"},"content":{"rendered":"<h3><img loading=\"lazy\" decoding=\"async\" class=\"alignnone size-medium wp-image-18918 alignleft\" src=\"https:\/\/semmelweis.hu\/hok\/files\/2025\/09\/N6409789-200x300.jpg\" alt=\"Heged\u0171s Krist\u00f3f\" width=\"200\" height=\"300\" srcset=\"https:\/\/semmelweis.hu\/hok\/files\/2025\/09\/N6409789-200x300.jpg 200w, https:\/\/semmelweis.hu\/hok\/files\/2025\/09\/N6409789-683x1024.jpg 683w, https:\/\/semmelweis.hu\/hok\/files\/2025\/09\/N6409789-768x1152.jpg 768w, https:\/\/semmelweis.hu\/hok\/files\/2025\/09\/N6409789-1024x1536.jpg 1024w, https:\/\/semmelweis.hu\/hok\/files\/2025\/09\/N6409789-1365x2048.jpg 1365w, https:\/\/semmelweis.hu\/hok\/files\/2025\/09\/N6409789-753x1130.jpg 753w, https:\/\/semmelweis.hu\/hok\/files\/2025\/09\/N6409789-scaled.jpg 1707w\" sizes=\"auto, (max-width: 200px) 100vw, 200px\" \/><\/h3>\n<h3><a href=\"https:\/\/semmelweis.hu\/hok\/atlathatosag\/beszamolok\/\" target=\"_blank\" rel=\"noopener\"><strong>Heged\u0171s Krist\u00f3f<\/strong><\/a><\/h3>\n<h5><em>t\u00e1rsbizotts\u00e1gi vezet\u0151<\/em><\/h5>\n<p><a href=\"mailto:hok.media@semmelweis.hu\" target=\"_blank\" rel=\"noopener\">E-mail<\/a><\/p>\n<hr \/>\n<p><img loading=\"lazy\" decoding=\"async\" class=\"size-medium wp-image-17893 alignleft\" src=\"https:\/\/semmelweis.hu\/hok\/files\/2024\/11\/Lernyei-Soma-Bence-200x300.jpg\" alt=\"\" width=\"200\" height=\"300\" srcset=\"https:\/\/semmelweis.hu\/hok\/files\/2024\/11\/Lernyei-Soma-Bence-200x300.jpg 200w, https:\/\/semmelweis.hu\/hok\/files\/2024\/11\/Lernyei-Soma-Bence-683x1024.jpg 683w, https:\/\/semmelweis.hu\/hok\/files\/2024\/11\/Lernyei-Soma-Bence-768x1152.jpg 768w, https:\/\/semmelweis.hu\/hok\/files\/2024\/11\/Lernyei-Soma-Bence-1024x1536.jpg 1024w, https:\/\/semmelweis.hu\/hok\/files\/2024\/11\/Lernyei-Soma-Bence-1366x2048.jpg 1366w, https:\/\/semmelweis.hu\/hok\/files\/2024\/11\/Lernyei-Soma-Bence-753x1129.jpg 753w, https:\/\/semmelweis.hu\/hok\/files\/2024\/11\/Lernyei-Soma-Bence-scaled.jpg 1707w\" sizes=\"auto, (max-width: 200px) 100vw, 200px\" \/><\/p>\n<h3><a href=\"https:\/\/semmelweis.hu\/hok\/atlathatosag\/beszamolok\/\" target=\"_blank\" rel=\"noopener\"><strong>Lernyei Soma Bence<\/strong><\/a><\/h3>\n<h5><em>t\u00e1rsbizotts\u00e1gi vezet\u0151<\/em><\/h5>\n<p><a href=\"mailto:hok.media@semmelweis.hu\" target=\"_blank\" rel=\"noopener\">E-mail<\/a><\/p>\n<p>&nbsp;<\/p>\n<p>&nbsp;<\/p>\n<p>&nbsp;<\/p>\n<hr \/>\n<h3><img loading=\"lazy\" decoding=\"async\" class=\"alignleft\" src=\"https:\/\/lh3.googleusercontent.com\/pw\/AIL4fc-CqeA4H36J_GJIOrtmDP6ntaX3l5sGGu8DI0W52kWe9nWQZB-DLQpSmeDsa4lEZxkNZU6eQh8X85A1rS2F5CWKi31kEYvxMWvEOwP9xA2ZQgO03aTJ2BElVEGlGnthwKMgOJ2G71Mgpl87ntJSge0U=w618-h866-s-no?authuser=1\" alt=\"\" width=\"150\" height=\"210\" \/><\/h3>\n<h3><a href=\"https:\/\/semmelweis.hu\/hok\/atlathatosag\/beszamolok\/\" target=\"_blank\" rel=\"noopener\"><strong><span class=\"tojvnm2t a6sixzi8 abs2jz4q a8s20v7p t1p8iaqh k5wvi7nf q3lfd5jv pk4s997a bipmatt0 cebpdrjk qowsmv63 owwhemhu dp1hu0rb dhp61c6y iyyx5f41\">Szab\u00f3 Ad\u00e9l<\/span><\/strong><\/a><\/h3>\n<h5><em><span class=\"tojvnm2t a6sixzi8 abs2jz4q a8s20v7p t1p8iaqh k5wvi7nf q3lfd5jv pk4s997a bipmatt0 cebpdrjk qowsmv63 owwhemhu dp1hu0rb dhp61c6y iyyx5f41\">kommunik\u00e1ci\u00f3\u00e9rt felel\u0151s koordin\u00e1tor<\/span><\/em><\/h5>\n<p><a href=\"mailto:hok.media@semmelweis.hu\" target=\"_blank\" rel=\"noopener\">E-mail<\/a><\/p>\n<hr \/>\n<h3><img loading=\"lazy\" decoding=\"async\" class=\"alignleft\" src=\"https:\/\/lh3.googleusercontent.com\/pw\/AIL4fc-CqeA4H36J_GJIOrtmDP6ntaX3l5sGGu8DI0W52kWe9nWQZB-DLQpSmeDsa4lEZxkNZU6eQh8X85A1rS2F5CWKi31kEYvxMWvEOwP9xA2ZQgO03aTJ2BElVEGlGnthwKMgOJ2G71Mgpl87ntJSge0U=w618-h866-s-no?authuser=1\" alt=\"\" width=\"150\" height=\"210\" \/><\/h3>\n<h3><a href=\"https:\/\/semmelweis.hu\/hok\/atlathatosag\/beszamolok\/\" target=\"_blank\" rel=\"noopener\"><strong>Marosi Kamilla<\/strong><\/a><\/h3>\n<h5><em><span class=\"tojvnm2t a6sixzi8 abs2jz4q a8s20v7p t1p8iaqh k5wvi7nf q3lfd5jv pk4s997a bipmatt0 cebpdrjk qowsmv63 owwhemhu dp1hu0rb dhp61c6y iyyx5f41\">ford\u00edt\u00e1s\u00e9rt felel\u0151s koordin\u00e1tor<\/span><\/em><\/h5>\n<p><a href=\"mailto:hok.media@semmelweis.hu\" target=\"_blank\" rel=\"noopener\">E-mail<\/a><\/p>\n<hr \/>\n<h3><img loading=\"lazy\" decoding=\"async\" class=\"alignleft\" src=\"https:\/\/lh3.googleusercontent.com\/pw\/AIL4fc-CqeA4H36J_GJIOrtmDP6ntaX3l5sGGu8DI0W52kWe9nWQZB-DLQpSmeDsa4lEZxkNZU6eQh8X85A1rS2F5CWKi31kEYvxMWvEOwP9xA2ZQgO03aTJ2BElVEGlGnthwKMgOJ2G71Mgpl87ntJSge0U=w618-h866-s-no?authuser=1\" alt=\"\" width=\"150\" height=\"210\" \/><a href=\"https:\/\/semmelweis.hu\/hok\/atlathatosag\/beszamolok\/\" target=\"_blank\" rel=\"noopener\"><strong>Kov\u00e1cs Anna<\/strong><\/a><\/h3>\n<h5><em><span class=\"tojvnm2t a6sixzi8 abs2jz4q a8s20v7p t1p8iaqh k5wvi7nf q3lfd5jv pk4s997a bipmatt0 cebpdrjk qowsmv63 owwhemhu dp1hu0rb dhp61c6y iyyx5f41\">grafik\u00e1k\u00e9rt felel\u0151s koordin\u00e1tor<\/span><\/em><\/h5>\n<p><a href=\"mailto:hok.media@semmelweis.hu\" target=\"_blank\" rel=\"noopener\">E-mail<\/a><\/p>\n<p>&nbsp;<\/p>\n<hr \/>\n<h3><img loading=\"lazy\" decoding=\"async\" class=\"alignleft\" src=\"https:\/\/lh3.googleusercontent.com\/pw\/AIL4fc-CqeA4H36J_GJIOrtmDP6ntaX3l5sGGu8DI0W52kWe9nWQZB-DLQpSmeDsa4lEZxkNZU6eQh8X85A1rS2F5CWKi31kEYvxMWvEOwP9xA2ZQgO03aTJ2BElVEGlGnthwKMgOJ2G71Mgpl87ntJSge0U=w618-h866-s-no?authuser=1\" alt=\"\" width=\"150\" height=\"210\" \/><a href=\"https:\/\/semmelweis.hu\/hok\/atlathatosag\/beszamolok\/\" target=\"_blank\" rel=\"noopener\"><strong>M\u00e9rey R\u00e9ka<\/strong><\/a><\/h3>\n<h5><em><span class=\"tojvnm2t a6sixzi8 abs2jz4q a8s20v7p t1p8iaqh k5wvi7nf q3lfd5jv pk4s997a bipmatt0 cebpdrjk qowsmv63 owwhemhu dp1hu0rb dhp61c6y iyyx5f41\">grafik\u00e1k\u00e9rt felel\u0151s koordin\u00e1tor<\/span><\/em><\/h5>\n<p><a href=\"mailto:hok.media@semmelweis.hu\" target=\"_blank\" rel=\"noopener\">E-mail<\/a><\/p>\n<h3>\u00a0<\/h3>\n<h5>\u00a0<\/h5>\n<hr \/>\n<h3><img loading=\"lazy\" decoding=\"async\" class=\"alignleft\" src=\"https:\/\/lh3.googleusercontent.com\/pw\/AIL4fc-CqeA4H36J_GJIOrtmDP6ntaX3l5sGGu8DI0W52kWe9nWQZB-DLQpSmeDsa4lEZxkNZU6eQh8X85A1rS2F5CWKi31kEYvxMWvEOwP9xA2ZQgO03aTJ2BElVEGlGnthwKMgOJ2G71Mgpl87ntJSge0U=w618-h866-s-no?authuser=1\" alt=\"\" width=\"150\" height=\"210\" \/><\/h3>\n<h3><a href=\"https:\/\/semmelweis.hu\/hok\/atlathatosag\/beszamolok\/\" target=\"_blank\" rel=\"noopener\"><strong>Tak\u00e1cs Tam\u00e1s<\/strong><\/a><\/h3>\n<h5><em>fotogr\u00e1fi\u00e1\u00e9rt felel\u0151s koordin\u00e1tor<\/em><\/h5>\n<p><a href=\"mailto:hok.media@semmelweis.hu\" target=\"_blank\" rel=\"noopener\">E-mail<\/a><\/p>\n<p>&nbsp;<\/p>\n<h5>\u00a0<\/h5>\n<hr \/>\n<h3><img loading=\"lazy\" decoding=\"async\" class=\"alignleft\" src=\"https:\/\/lh3.googleusercontent.com\/pw\/AIL4fc-CqeA4H36J_GJIOrtmDP6ntaX3l5sGGu8DI0W52kWe9nWQZB-DLQpSmeDsa4lEZxkNZU6eQh8X85A1rS2F5CWKi31kEYvxMWvEOwP9xA2ZQgO03aTJ2BElVEGlGnthwKMgOJ2G71Mgpl87ntJSge0U=w618-h866-s-no?authuser=1\" alt=\"\" width=\"150\" height=\"210\" \/><\/h3>\n<h3><a href=\"https:\/\/semmelweis.hu\/hok\/atlathatosag\/beszamolok\/\" target=\"_blank\" rel=\"noopener\"><strong>Megyaszai \u00c1bel<\/strong><\/a><\/h3>\n<h5><em>fotogr\u00e1fi\u00e1\u00e9rt felel\u0151s koordin\u00e1tor<\/em><\/h5>\n<p><a href=\"mailto:hok.media@semmelweis.hu\" target=\"_blank\" rel=\"noopener\">E-mail<\/a><\/p>\n<hr \/>\n<div class=\"keretes w-100\">\n<p><strong>Feladat, v\u00edzi\u00f3:<\/strong><\/p>\n<p>A M\u00e9dia Bizotts\u00e1g munk\u00e1ja rendk\u00edv\u00fcl sz\u00ednes \u00e9s v\u00e1ltozatos, hiszen mindig m\u00e1s-m\u00e1s jelleg\u0171 projektek megval\u00f3s\u00edt\u00e1s\u00e1n dolgozunk. Szorosan egy\u00fcttm\u0171k\u00f6d\u00fcnk a kommunik\u00e1ci\u00f3s- \u00e9s rendezv\u00e9nyszervez\u00e9si bizotts\u00e1ggal, fontosnak tartjuk, hogy a k\u00fcl\u00f6nb\u00f6z\u0151 esem\u00e9nyekhez mindig min\u0151s\u00e9gi kin\u00e9zetet tudjanak t\u00e1rs\u00edtani a hallgat\u00f3k. Munk\u00e1inkat megtal\u00e1lj\u00e1tok a k\u00fcl\u00f6nb\u00f6z\u0151 k\u00f6z\u00f6ss\u00e9gi m\u00e9dia platformokon \u00e9s sokszor plak\u00e1t form\u00e1j\u00e1ban is kihelyezve az EOK-ban, NET-ben. Kreat\u00edv csapatunkba mindig v\u00e1runk lelkes \u00faj tagokat, akik szeretn\u00e9nek grafikai munk\u00e1t v\u00e9gezni, vagy megismerkedni a k\u00fcl\u00f6nb\u00f6z\u0151 k\u00e9pszerkeszt\u0151 alkalmaz\u00e1sok haszn\u00e1lat\u00e1val!<\/p>\n<p><span style=\"font-size: 1rem\">Amennyiben k\u00e9rd\u00e9sed, \u00f6tleted van, jelentkezn\u00e9l hozz\u00e1nk, vagy seg\u00edteni tudunk a sz\u00e1modra, \u00fagy keress minket bizalommal a <\/span><a href=\"mailto:hok.media@semmelweis.hu\">hok.media@semmelweis.hu<\/a><span style=\"font-size: 1rem\"> e-mailen!<\/span><\/p>\n<\/div>\n<hr \/>\n<div class=\"exp-col-content-holder\" style=\"text-align: center\"><a class=\"expand-cnt-link\" href=\"#\">A Bizotts\u00e1g tagjai<\/a><\/p>\n<div class=\"hidden-content\">\n<p>A hallgat\u00f3k n\u00e9vvel ell\u00e1tott mapp\u00e1i, amikben a havi k\u00f6z\u00e9leti besz\u00e1mol\u00f3k \u00e9s a tiszts\u00e9gvisel\u0151k p\u00e1ly\u00e1zati dokumentumai tal\u00e1lhat\u00f3k, <a href=\"https:\/\/unisemmelweis.sharepoint.com\/:f:\/t\/Projekt_HK-StudentsUnion\/EvqCCU14w3VLgGm7GLFM-uYBN9MkR3bMmUw6Ob7hE6u19w\" target=\"_blank\" rel=\"noopener\">ezen a linken<\/a> kereszt\u00fcl \u00e9rhet\u0151k el az egyetemi hozz\u00e1f\u00e9r\u00e9ssel rendelkez\u0151k sz\u00e1m\u00e1ra. A keres\u0151s\u00e1v m\u0171k\u00f6dik, annak seg\u00edts\u00e9g\u00e9vel k\u00f6nnyen megtal\u00e1lhat\u00f3k c\u00e9lzottan a besz\u00e1mol\u00f3k.<br \/>\nA k\u00fcls\u0151 lek\u00e9r\u00e9sek automatiz\u00e1lt biztos\u00edt\u00e1sa folyamatban van. Am\u00edg ez nem el\u00e9rhet\u0151, <a href=\"mailto:hok.secretary@semmelweis.hu\">ezen a c\u00edmen<\/a> lehet a besz\u00e1mol\u00f3kat ig\u00e9nyelni.<\/p>\n<p>B\u00e1cskai Csenge<br \/>\nBirher Ilona<br \/>\nB\u00f6cskei B\u00e1lint<br \/>\nCsabai Dorina<br \/>\nHorv\u00e1th Borb\u00e1la<br \/>\nKasza N\u00f3ra<br \/>\nKis Maja<br \/>\nKis M\u00e1t\u00e9 M\u00e1rk<br \/>\nKors\u00f3s Blanka<br \/>\nKov\u00e1cs Anna<br \/>\nKran\u00e1cs M\u00e1t\u00e9<br \/>\nMarosi Kamilla<br \/>\nMegyaszai \u00c1bel<br \/>\nM\u00e9rey R\u00e9ka<br \/>\nMoln\u00e1r Lili<br \/>\nPatk\u00f3 Hanna<br \/>\nPuha Dorottya<br \/>\nPuncsuh\u00e1s Petra<br \/>\nRuha Midi\u00e1n<br \/>\nSzab\u00f3 Ad\u00e9l<br \/>\nSzlifka Krisztina Ilona<br \/>\nTak\u00e1cs Tam\u00e1s<br \/>\nVictoria Azarov<br \/>\nVictoria Leiti<\/div>\n<\/div>\n<p style=\"text-align: center\">\u00a0<\/p>\n","protected":false},"excerpt":{"rendered":"<p><a href=\"https:\/\/semmelweis.hu\/hok\/atlathatosag\/beszamolok\/\" target=\"_blank\" rel=\"noopener\">Heged\u0171s Krist\u00f3f<\/a> t\u00e1rsbizotts\u00e1gi vezet\u0151 <a href=\"mailto:hok.media@semmelweis.hu\" target=\"_blank\" rel=\"noopener\">E-mail<\/a> <a href=\"https:\/\/semmelweis.hu\/hok\/atlathatosag\/beszamolok\/\" target=\"_blank\" rel=\"noopener\">Lernyei Soma Bence<\/a> t\u00e1rsbizotts\u00e1gi vezet\u0151 <a href=\"mailto:hok.media@semmelweis.hu\" target=\"_blank\" rel=\"noopener\">E-mail<\/a> &nbsp; &nbsp; &nbsp; <a href=\"https:\/\/semmelweis.hu\/hok\/atlathatosag\/beszamolok\/\" target=\"_blank\" rel=\"noopener\">Szab\u00f3 Ad\u00e9l<\/a> kommunik\u00e1ci\u00f3\u00e9rt felel\u0151s koordin\u00e1tor <a href=\"mailto:hok.media@semmelweis.hu\" target=\"_blank\" rel=\"noopener\">E-mail<\/a> <a href=\"https:\/\/semmelweis.hu\/hok\/atlathatosag\/beszamolok\/\" target=\"_blank\" rel=\"noopener\">Marosi Kamilla<\/a> ford\u00edt\u00e1s\u00e9rt felel\u0151s koordin\u00e1tor <a href=\"mailto:hok.media@semmelweis.hu\" target=\"_blank\" rel=\"noopener\">E-mail<\/a> <a href=\"https:\/\/semmelweis.hu\/hok\/atlathatosag\/beszamolok\/\" target=\"_blank\" rel=\"noopener\">Kov\u00e1cs Anna<\/a> grafik\u00e1k\u00e9rt felel\u0151s koordin\u00e1tor <a href=\"mailto:hok.media@semmelweis.hu\" target=\"_blank\" rel=\"noopener\">E-mail<\/a> &nbsp; <a href=\"https:\/\/semmelweis.hu\/hok\/atlathatosag\/beszamolok\/\" target=\"_blank\" rel=\"noopener\">M\u00e9rey R\u00e9ka<\/a> grafik\u00e1k\u00e9rt felel\u0151s koordin\u00e1tor <a href=\"mailto:hok.media@semmelweis.hu\" target=\"_blank\" rel=\"noopener\">E-mail<\/a> \u00a0 \u00a0 <a href=\"https:\/\/semmelweis.hu\/hok\/atlathatosag\/beszamolok\/\" target=\"_blank\" rel=\"noopener\">Tak\u00e1cs Tam\u00e1s<\/a> fotogr\u00e1fi\u00e1\u00e9rt felel\u0151s koordin\u00e1tor <a href=\"mailto:hok.media@semmelweis.hu\" target=\"_blank\" rel=\"noopener\">E-mail<\/a> &nbsp; \u00a0 <a href=\"https:\/\/semmelweis.hu\/hok\/atlathatosag\/beszamolok\/\" target=\"_blank\" rel=\"noopener\">Megyaszai \u00c1bel<\/a> fotogr\u00e1fi\u00e1\u00e9rt felel\u0151s koordin\u00e1tor <a href=\"mailto:hok.media@semmelweis.hu\" target=\"_blank\" rel=\"noopener\">E-mail<\/a> Feladat, v\u00edzi\u00f3: A M\u00e9dia Bizotts\u00e1g munk\u00e1ja rendk\u00edv\u00fcl sz\u00ednes \u00e9s v\u00e1ltozatos, hiszen mindig m\u00e1s-m\u00e1s jelleg\u0171 projektek megval\u00f3s\u00edt\u00e1s\u00e1n dolgozunk. Szorosan egy\u00fcttm\u0171k\u00f6d\u00fcnk a kommunik\u00e1ci\u00f3s- \u00e9s rendezv\u00e9nyszervez\u00e9si bizotts\u00e1ggal, fontosnak &hellip;<\/p>\n","protected":false},"author":101158,"featured_media":0,"parent":7468,"menu_order":3,"comment_status":"closed","ping_status":"closed","template":"","meta":{"_acf_changed":false,"footnotes":""},"categories":[],"tags":[],"class_list":["post-7481","page","type-page","status-publish","hentry"],"acf":[],"_links":{"self":[{"href":"https:\/\/semmelweis.hu\/hok\/wp-json\/wp\/v2\/pages\/7481","targetHints":{"allow":["GET"]}}],"collection":[{"href":"https:\/\/semmelweis.hu\/hok\/wp-json\/wp\/v2\/pages"}],"about":[{"href":"https:\/\/semmelweis.hu\/hok\/wp-json\/wp\/v2\/types\/page"}],"author":[{"embeddable":true,"href":"https:\/\/semmelweis.hu\/hok\/wp-json\/wp\/v2\/users\/101158"}],"replies":[{"embeddable":true,"href":"https:\/\/semmelweis.hu\/hok\/wp-json\/wp\/v2\/comments?post=7481"}],"version-history":[{"count":13,"href":"https:\/\/semmelweis.hu\/hok\/wp-json\/wp\/v2\/pages\/7481\/revisions"}],"predecessor-version":[{"id":19310,"href":"https:\/\/semmelweis.hu\/hok\/wp-json\/wp\/v2\/pages\/7481\/revisions\/19310"}],"up":[{"embeddable":true,"href":"https:\/\/semmelweis.hu\/hok\/wp-json\/wp\/v2\/pages\/7468"}],"wp:attachment":[{"href":"https:\/\/semmelweis.hu\/hok\/wp-json\/wp\/v2\/media?parent=7481"}],"wp:term":[{"taxonomy":"category","embeddable":true,"href":"https:\/\/semmelweis.hu\/hok\/wp-json\/wp\/v2\/categories?post=7481"},{"taxonomy":"post_tag","embeddable":true,"href":"https:\/\/semmelweis.hu\/hok\/wp-json\/wp\/v2\/tags?post=7481"}],"curies":[{"name":"wp","href":"https:\/\/api.w.org\/{rel}","templated":true}]}}