{"id":7477,"date":"2018-11-16T22:42:17","date_gmt":"2018-11-16T21:42:17","guid":{"rendered":"http:\/\/semmelweis.hu\/hok\/?page_id=7477"},"modified":"2025-08-29T14:18:21","modified_gmt":"2025-08-29T12:18:21","slug":"rendezveny-bizottsag","status":"publish","type":"page","link":"https:\/\/semmelweis.hu\/hok\/rolunk\/bizottsagok\/rendezveny-bizottsag\/","title":{"rendered":"Rendezv\u00e9ny Bizotts\u00e1g"},"content":{"rendered":"<h3><strong><img loading=\"lazy\" decoding=\"async\" class=\"alignleft\" src=\"https:\/\/lh3.googleusercontent.com\/pw\/AIL4fc-CqeA4H36J_GJIOrtmDP6ntaX3l5sGGu8DI0W52kWe9nWQZB-DLQpSmeDsa4lEZxkNZU6eQh8X85A1rS2F5CWKi31kEYvxMWvEOwP9xA2ZQgO03aTJ2BElVEGlGnthwKMgOJ2G71Mgpl87ntJSge0U=w618-h866-s-no?authuser=1\" alt=\"\" width=\"200\" height=\"280\" \/><\/strong><\/h3>\n<h3 style=\"text-align: left\"><a href=\"https:\/\/semmelweis.hu\/hok\/atlathatosag\/beszamolok\/\" target=\"_blank\" rel=\"noopener noreferrer\"><strong>Farkas Enz\u00f3 Brendon<\/strong><\/a><\/h3>\n<h5><em><span style=\"font-weight: 400\">rendezv\u00e9nyek\u00e9rt felel\u0151s aleln\u00f6k<\/span><\/em><\/h5>\n<p><a href=\"mailto:hok.event@semmelweis.hu\" target=\"_blank\" rel=\"noopener\">E-mail<\/a><\/p>\n<p>&nbsp;<\/p>\n<hr \/>\n<div class=\"keretes w-100\">\n<p><strong>Feladat, v\u00edzi\u00f3:<\/strong><\/p>\n<p>C\u00e9lunk, hogy a hallgat\u00f3i \u00e9letet \u00e9lm\u00e9nyekkel t\u00f6lts\u00fck meg, olyan rendezv\u00e9nyeket szervez\u00fcnk, amelyek az egyetem minden hallgat\u00f3j\u00e1nak az ig\u00e9nyeit lefedik. Fontosnak tartjuk az egyetemi hagyom\u00e1nyok meg\u0151rz\u00e9se mellett, innovat\u00edv \u00fajszer\u0171 rendezv\u00e9nyek szervez\u00e9s\u00e9t, ezzel is sz\u00ednes\u00edtve a m\u00e1r \u00edgy is el\u00e9g gazdag egyetemi rendezv\u00e9nypalett\u00e1t.<\/p>\n<p>A legfontosabb rendezv\u00e9nyeink k\u00f6z\u00e9 tartozik a J\u00e9gfarsang, a Matin\u00e9 \u00e9s G\u00f3lyat\u00e1bor. K\u00fcl\u00f6n\u00f6sen nagy hangs\u00falyt fektet\u00fcnk a nemzetk\u00f6zi programok szervez\u00e9s\u00e9re is, ezek k\u00f6z\u00fcl a legnagyobb a Karnev\u00e1l, illetve az \u00faj International G\u00f3lytali. Feladatunk a hallgat\u00f3i sport\u00e9let, szurkol\u00f3i programok, egyetemi szint\u0171 sportprogramok, Medikus kupa megszervez\u00e9se is. Tov\u00e1bb\u00e1 k\u00fcl\u00f6nb\u00f6z\u0151 sz\u0171r\u00e9sek, eg\u00e9szs\u00e9g\u00fcgyi kamp\u00e1nyok szervez\u00e9se mind Magyarorsz\u00e1g, mind a k\u00fclhoni ter\u00fcleteken. A SMMLWSxParties by H\u00d6K pedig a legjobb \u00e9jszakai sz\u00f3rakoz\u00e1si lehet\u0151s\u00e9get k\u00edv\u00e1nja ny\u00fajtani nektek.<\/p>\n<p><span style=\"font-size: 1rem\">Amennyiben k\u00e9rd\u00e9sed, \u00f6tleted van, jelentkezn\u00e9l hozz\u00e1nk, vagy seg\u00edteni tudunk a sz\u00e1modra, \u00fagy keress minket bizalommal a <\/span><a href=\"mailto:hok.event@semmelweis.hu\"> hok.event@semmelweis.hu<\/a><span style=\"font-size: 1rem\"> e-mailen!<\/span><\/p>\n<\/div>\n<hr \/>\n<div class=\"exp-col-content-holder\" style=\"text-align: center\"><a class=\"expand-cnt-link\" href=\"#\">A Bizotts\u00e1g tagjai<\/a><\/p>\n<div class=\"hidden-content\">\n<p>A hallgat\u00f3k n\u00e9vvel ell\u00e1tott mapp\u00e1i, amikben a havi k\u00f6z\u00e9leti besz\u00e1mol\u00f3k \u00e9s a tiszts\u00e9gvisel\u0151k p\u00e1ly\u00e1zati dokumentumai tal\u00e1lhat\u00f3k, <a href=\"https:\/\/unisemmelweis.sharepoint.com\/:f:\/t\/Projekt_HK-StudentsUnion\/EvqCCU14w3VLgGm7GLFM-uYBN9MkR3bMmUw6Ob7hE6u19w\" target=\"_blank\" rel=\"noopener\">ezen a linken<\/a> kereszt\u00fcl \u00e9rhet\u0151k el az egyetemi hozz\u00e1f\u00e9r\u00e9ssel rendelkez\u0151k sz\u00e1m\u00e1ra. A keres\u0151s\u00e1v m\u0171k\u00f6dik, annak seg\u00edts\u00e9g\u00e9vel k\u00f6nnyen megtal\u00e1lhat\u00f3k c\u00e9lzottan a besz\u00e1mol\u00f3k.<br \/>\nA k\u00fcls\u0151 lek\u00e9r\u00e9sek automatiz\u00e1lt biztos\u00edt\u00e1sa folyamatban van. Am\u00edg ez nem el\u00e9rhet\u0151, <a href=\"mailto:hok.secretary@semmelweis.hu\">ezen a c\u00edmen<\/a> lehet a besz\u00e1mol\u00f3kat ig\u00e9nyelni.<\/p>\n<p>B\u00e1cskai Csenge<br \/>\nBoros Odett<br \/>\nCsabai Dorina<br \/>\nCsall\u00f3 Dorina<br \/>\nDezs\u0151 \u00c1d\u00e1m<br \/>\nDiny\u00e9si Diana<br \/>\nDobi Tam\u00e1s<br \/>\nEl-Assaf Ter\u00e9zia<br \/>\nFarkasdi Fl\u00f3ra<br \/>\nF\u00e1si Lili T\u00edmea<br \/>\nFujsz J\u00e1nos Man\u00f3<br \/>\nGeleta Gr\u00e9ta<br \/>\nGhadri Sara<br \/>\nHervatin-R\u00e1cz Eszter<br \/>\nHorv\u00e1th Borb\u00e1la<br \/>\nIv\u00e1dy Krist\u00f3f<br \/>\nJakab Vivien Edit<br \/>\nKov\u00e1cs \u00c1kos<br \/>\nKrn\u00e1cs M\u00e1t\u00e9<br \/>\nKudel\u00e1k M\u00e1rk<br \/>\nL\u00e1szl\u00f3 Csaba<br \/>\nMajoros Ivett<br \/>\nM\u00e9sz\u00e1ros Evelin <br \/>\nNemes Maja Dorottya<br \/>\nP\u00e1lfi Fruzsina<br \/>\nSzab\u00f3 Ad\u00e9l Petra<br \/>\nSz\u00e9kelyhidy Vir\u00e1g<br \/>\nTak\u00e1cs Tam\u00e1s<br \/>\nTur\u00e1nyi Lill<br \/>\nVarga S\u00e1ra<\/div>\n<\/div>\n<p style=\"text-align: center\">\u00a0<\/p>\n","protected":false},"excerpt":{"rendered":"<p><a href=\"https:\/\/semmelweis.hu\/hok\/atlathatosag\/beszamolok\/\" target=\"_blank\" rel=\"noopener noreferrer\">Farkas Enz\u00f3 Brendon<\/a> rendezv\u00e9nyek\u00e9rt felel\u0151s aleln\u00f6k <a href=\"mailto:hok.event@semmelweis.hu\" target=\"_blank\" rel=\"noopener\">E-mail<\/a> &nbsp; Feladat, v\u00edzi\u00f3: C\u00e9lunk, hogy a hallgat\u00f3i \u00e9letet \u00e9lm\u00e9nyekkel t\u00f6lts\u00fck meg, olyan rendezv\u00e9nyeket szervez\u00fcnk, amelyek az egyetem minden hallgat\u00f3j\u00e1nak az ig\u00e9nyeit lefedik. Fontosnak tartjuk az egyetemi hagyom\u00e1nyok meg\u0151rz\u00e9se mellett, innovat\u00edv \u00fajszer\u0171 rendezv\u00e9nyek szervez\u00e9s\u00e9t, ezzel is sz\u00ednes\u00edtve a m\u00e1r \u00edgy is el\u00e9g gazdag egyetemi rendezv\u00e9nypalett\u00e1t. A legfontosabb rendezv\u00e9nyeink k\u00f6z\u00e9 tartozik a J\u00e9gfarsang, a &hellip;<\/p>\n","protected":false},"author":101158,"featured_media":0,"parent":7468,"menu_order":5,"comment_status":"closed","ping_status":"closed","template":"","meta":{"_acf_changed":false,"footnotes":""},"categories":[],"tags":[],"class_list":["post-7477","page","type-page","status-publish","hentry"],"acf":[],"_links":{"self":[{"href":"https:\/\/semmelweis.hu\/hok\/wp-json\/wp\/v2\/pages\/7477","targetHints":{"allow":["GET"]}}],"collection":[{"href":"https:\/\/semmelweis.hu\/hok\/wp-json\/wp\/v2\/pages"}],"about":[{"href":"https:\/\/semmelweis.hu\/hok\/wp-json\/wp\/v2\/types\/page"}],"author":[{"embeddable":true,"href":"https:\/\/semmelweis.hu\/hok\/wp-json\/wp\/v2\/users\/101158"}],"replies":[{"embeddable":true,"href":"https:\/\/semmelweis.hu\/hok\/wp-json\/wp\/v2\/comments?post=7477"}],"version-history":[{"count":11,"href":"https:\/\/semmelweis.hu\/hok\/wp-json\/wp\/v2\/pages\/7477\/revisions"}],"predecessor-version":[{"id":18806,"href":"https:\/\/semmelweis.hu\/hok\/wp-json\/wp\/v2\/pages\/7477\/revisions\/18806"}],"up":[{"embeddable":true,"href":"https:\/\/semmelweis.hu\/hok\/wp-json\/wp\/v2\/pages\/7468"}],"wp:attachment":[{"href":"https:\/\/semmelweis.hu\/hok\/wp-json\/wp\/v2\/media?parent=7477"}],"wp:term":[{"taxonomy":"category","embeddable":true,"href":"https:\/\/semmelweis.hu\/hok\/wp-json\/wp\/v2\/categories?post=7477"},{"taxonomy":"post_tag","embeddable":true,"href":"https:\/\/semmelweis.hu\/hok\/wp-json\/wp\/v2\/tags?post=7477"}],"curies":[{"name":"wp","href":"https:\/\/api.w.org\/{rel}","templated":true}]}}