{"id":7473,"date":"2018-11-16T22:39:56","date_gmt":"2018-11-16T21:39:56","guid":{"rendered":"http:\/\/semmelweis.hu\/hok\/?page_id=7473"},"modified":"2025-08-29T11:58:01","modified_gmt":"2025-08-29T09:58:01","slug":"kollegiumi-bizottsag","status":"publish","type":"page","link":"https:\/\/semmelweis.hu\/hok\/rolunk\/bizottsagok\/kollegiumi-bizottsag\/","title":{"rendered":"Koll\u00e9giumi Bizotts\u00e1g"},"content":{"rendered":"<h3><img loading=\"lazy\" decoding=\"async\" class=\"size-medium wp-image-18613 alignleft\" src=\"https:\/\/semmelweis.hu\/hok\/files\/2025\/07\/Sarkany-Fanni-200x300.jpg\" alt=\"\" width=\"200\" height=\"300\" srcset=\"https:\/\/semmelweis.hu\/hok\/files\/2025\/07\/Sarkany-Fanni-200x300.jpg 200w, https:\/\/semmelweis.hu\/hok\/files\/2025\/07\/Sarkany-Fanni-683x1024.jpg 683w, https:\/\/semmelweis.hu\/hok\/files\/2025\/07\/Sarkany-Fanni-768x1152.jpg 768w, https:\/\/semmelweis.hu\/hok\/files\/2025\/07\/Sarkany-Fanni-1024x1536.jpg 1024w, https:\/\/semmelweis.hu\/hok\/files\/2025\/07\/Sarkany-Fanni-1366x2048.jpg 1366w, https:\/\/semmelweis.hu\/hok\/files\/2025\/07\/Sarkany-Fanni-753x1129.jpg 753w, https:\/\/semmelweis.hu\/hok\/files\/2025\/07\/Sarkany-Fanni-scaled.jpg 1707w\" sizes=\"auto, (max-width: 200px) 100vw, 200px\" \/><\/h3>\n<h3><a href=\"https:\/\/semmelweis.hu\/hok\/atlathatosag\/beszamolok\/\" target=\"_blank\" rel=\"noopener\"><strong>S\u00e1rk\u00e1ny Fanni<\/strong><\/a><\/h3>\n<h5><em>bizotts\u00e1gi vezet\u0151<\/em><\/h5>\n<p><a href=\"mailto:hok.dormitory@semmelweis.hu\" target=\"_blank\" rel=\"noopener\">E-mail<\/a><\/p>\n<p>&nbsp;<\/p>\n<hr \/>\n<h2><img loading=\"lazy\" decoding=\"async\" class=\"alignleft\" src=\"https:\/\/lh3.googleusercontent.com\/pw\/AIL4fc-CqeA4H36J_GJIOrtmDP6ntaX3l5sGGu8DI0W52kWe9nWQZB-DLQpSmeDsa4lEZxkNZU6eQh8X85A1rS2F5CWKi31kEYvxMWvEOwP9xA2ZQgO03aTJ2BElVEGlGnthwKMgOJ2G71Mgpl87ntJSge0U=w618-h866-s-no?authuser=1\" width=\"150\" height=\"210\" \/><\/h2>\n<h3><strong><a href=\"https:\/\/semmelweis.hu\/hok\/atlathatosag\/beszamolok\/\" target=\"_blank\" rel=\"noopener\">Vakles \u00c1gnes<\/a><\/strong><\/h3>\n<h5><em>Balassa KAB vezet\u0151<\/em><\/h5>\n<p><a href=\"vakles.agnes@stud.semmelweis.hu\" target=\"_blank\" rel=\"noopener\">E-mail<\/a><\/p>\n<hr \/>\n<h2><img loading=\"lazy\" decoding=\"async\" class=\"alignleft\" src=\"https:\/\/lh3.googleusercontent.com\/pw\/AIL4fc-CqeA4H36J_GJIOrtmDP6ntaX3l5sGGu8DI0W52kWe9nWQZB-DLQpSmeDsa4lEZxkNZU6eQh8X85A1rS2F5CWKi31kEYvxMWvEOwP9xA2ZQgO03aTJ2BElVEGlGnthwKMgOJ2G71Mgpl87ntJSge0U=w618-h866-s-no?authuser=1\" width=\"150\" height=\"210\" \/><\/h2>\n<h3><strong><a href=\"https:\/\/semmelweis.hu\/hok\/atlathatosag\/beszamolok\/\" target=\"_blank\" rel=\"noopener\">Csord\u00e1s Vikt\u00f3ria<\/a><\/strong><\/h3>\n<h5><em>B\u00f3kay KAB vezet\u0151<\/em><\/h5>\n<p><a href=\"csordas.viktoria@stud.semmelweis.hu\" target=\"_blank\" rel=\"noopener\">E-mail<\/a><\/p>\n<hr \/>\n<h2><img loading=\"lazy\" decoding=\"async\" class=\"alignleft\" src=\"https:\/\/lh3.googleusercontent.com\/pw\/AIL4fc-CqeA4H36J_GJIOrtmDP6ntaX3l5sGGu8DI0W52kWe9nWQZB-DLQpSmeDsa4lEZxkNZU6eQh8X85A1rS2F5CWKi31kEYvxMWvEOwP9xA2ZQgO03aTJ2BElVEGlGnthwKMgOJ2G71Mgpl87ntJSge0U=w618-h866-s-no?authuser=1\" width=\"150\" height=\"210\" \/><\/h2>\n<h3><strong><a href=\"https:\/\/semmelweis.hu\/hok\/atlathatosag\/beszamolok\/\" target=\"_blank\" rel=\"noopener\">Feh\u00e9r B\u00e9la Arnold<\/a><\/strong><\/h3>\n<h5><em>K\u00e1tai KAB vezet\u0151<\/em><\/h5>\n<p><a href=\"feher.bela@stud.semmelweis.hu\" target=\"_blank\" rel=\"noopener\">E-mail<\/a><\/p>\n<hr \/>\n<h2><img loading=\"lazy\" decoding=\"async\" class=\"alignleft\" src=\"https:\/\/lh3.googleusercontent.com\/pw\/AIL4fc-CqeA4H36J_GJIOrtmDP6ntaX3l5sGGu8DI0W52kWe9nWQZB-DLQpSmeDsa4lEZxkNZU6eQh8X85A1rS2F5CWKi31kEYvxMWvEOwP9xA2ZQgO03aTJ2BElVEGlGnthwKMgOJ2G71Mgpl87ntJSge0U=w618-h866-s-no?authuser=1\" width=\"150\" height=\"210\" \/><\/h2>\n<h3><strong><a href=\"https:\/\/semmelweis.hu\/hok\/atlathatosag\/beszamolok\/\" target=\"_blank\" rel=\"noopener\">Reza-Moazen S\u00e1ra<\/a><\/strong><\/h3>\n<h5><em>Markusovszky KAB vezet\u0151<\/em><\/h5>\n<p><a href=\"mailto:hok.dormitory@semmelweis.hu\" target=\"_blank\" rel=\"noopener\">E-mail<\/a><\/p>\n<hr \/>\n<div class=\"keretes w-100\">\n<p><strong>Feladat, v\u00edzi\u00f3:<\/strong><\/p>\n<p>A hallgat\u00f3k koll\u00e9giumi k\u00f6z\u00f6ss\u00e9gi \u00e9let\u00e9nek \u00f6sszehangol\u00e1s\u00e1ra, a koll\u00e9gista hallgat\u00f3k egyedi \u00e9rdekk\u00e9pviselet\u00e9re l\u00e9trehozott bizotts\u00e1g.<\/p>\n<p>A bizotts\u00e1g tagjai a bizotts\u00e1gi vezet\u0151 \u00e9s a Koll\u00e9giumi Albizotts\u00e1gok vezet\u0151i.<br \/>\nA Koll\u00e9giumi Bizotts\u00e1g alatt a Koll\u00e9giumi Albizotts\u00e1gok m\u0171k\u00f6dnek az egyes koll\u00e9giumoknak megfelel\u0151en.<\/p>\n<p><span style=\"font-size: 1rem\">Amennyiben k\u00e9rd\u00e9sed, \u00f6tleted van, jelentkezn\u00e9l hozz\u00e1nk, vagy seg\u00edteni tudunk a sz\u00e1modra, \u00fagy keress minket bizalommal a <\/span><a href=\"mailto:hok.dormitory@semmelweis.hu\">hok.dormitory@semmelweis.hu<\/a><span style=\"font-size: 1rem\"> c\u00edmen!<\/span><\/p>\n<\/div>\n<hr \/>\n<div class=\"exp-col-content-holder\" style=\"text-align: center\"><a class=\"expand-cnt-link\" href=\"#\">A Bizotts\u00e1g tagjai<\/a><\/p>\n<div class=\"hidden-content\">\n<p><span style=\"font-size: 14pt\">A hallgat\u00f3k n\u00e9vvel ell\u00e1tott mapp\u00e1i, amikben a havi k\u00f6z\u00e9leti besz\u00e1mol\u00f3k \u00e9s a tiszts\u00e9gvisel\u0151k p\u00e1ly\u00e1zati dokumentumai tal\u00e1lhat\u00f3k, <a href=\"https:\/\/unisemmelweis.sharepoint.com\/:f:\/t\/Projekt_HK-StudentsUnion\/EvqCCU14w3VLgGm7GLFM-uYBN9MkR3bMmUw6Ob7hE6u19w\" target=\"_blank\" rel=\"noopener\">ezen a linken<\/a> kereszt\u00fcl \u00e9rhet\u0151k el az egyetemi hozz\u00e1f\u00e9r\u00e9ssel rendelkez\u0151k sz\u00e1m\u00e1ra. A keres\u0151s\u00e1v m\u0171k\u00f6dik, annak seg\u00edts\u00e9g\u00e9vel k\u00f6nnyen megtal\u00e1lhat\u00f3k c\u00e9lzottan a besz\u00e1mol\u00f3k.<\/span><br \/>\n<span style=\"font-size: 14pt\">A k\u00fcls\u0151 lek\u00e9r\u00e9sek automatiz\u00e1lt biztos\u00edt\u00e1sa folyamatban van. Am\u00edg ez nem el\u00e9rhet\u0151, <a href=\"mailto:hok.secretary@semmelweis.hu\">ezen a c\u00edmen<\/a> lehet a besz\u00e1mol\u00f3kat ig\u00e9nyelni.<\/span><\/p>\n<p>&nbsp;<\/p>\n<h4 style=\"text-align: center\">A Koll\u00e9giumi Albizotts\u00e1gok tagjai:<\/h4>\n<h6 style=\"text-align: center\"><strong>Balassa J\u00e1nos Koll\u00e9gium<\/strong><\/h6>\n<p style=\"text-align: center\">Finta Patrik<br \/>\nHalmai Anna Laura<br \/>\nHusz\u00e1r Zs\u00f3fia<br \/>\nImre Zs\u00f3fia<br \/>\nKov\u00e1cs P\u00e9ter<br \/>\nMoln\u00e1r Julianna<br \/>\nP\u00e1kozdi Zsolt Bal\u00e1zs<br \/>\nPusk\u00e1s M\u00e1t\u00e9<br \/>\nSzak\u00e1l Martina<\/p>\n<p>&nbsp;<\/p>\n<h6 style=\"text-align: center\"><strong>id. B\u00f3kay J\u00e1nos Koll\u00e9gium<\/strong><\/h6>\n<p>Horv\u00e1th Zs\u00f3fia<\/p>\n<p>&nbsp;<\/p>\n<h6 style=\"text-align: center\"><strong>K\u00e1tai G\u00e1bor Koll\u00e9gium<\/strong><\/h6>\n<p>Cs\u00e1nyi Csenge<br \/>\nSz\u00e9kely Beatrice T\u00edmea<\/p>\n<p>&nbsp;<\/p>\n<h6 style=\"text-align: center\"><strong>Markusovszky Lajos Koll\u00e9gium<\/strong><\/h6>\n<p>Csord\u00e1s Andrea<br \/>\nFeh\u00e9r Bal\u00e1zs<br \/>\nHegyesi D\u00e1niel<br \/>\nK\u00e1lovics N\u00f3ra<br \/>\nKosik Ren\u00e1ta Ivett<br \/>\nMur\u00e1nyi Lili<br \/>\nP\u00e1l Rich\u00e1rd J\u00f3zsef<br \/>\nSzab\u00f3 R\u00e9ka<br \/>\nSz\u00fccs Vilmos<\/div>\n<\/div>\n<p>&nbsp;<\/p>\n<p>&nbsp;<\/p>\n<blockquote class=\"wp-embedded-content\" data-secret=\"4raYXkQeSC\"><p><a href=\"https:\/\/semmelweis.hu\/hok\/palyazatok\/kollegiumi-palyazat\/\">Koll\u00e9giumi p\u00e1ly\u00e1zat<\/a><\/p><\/blockquote>\n<p><iframe loading=\"lazy\" class=\"wp-embedded-content\" sandbox=\"allow-scripts\" security=\"restricted\" style=\"position: absolute; visibility: hidden;\" title=\"&#8220;Koll\u00e9giumi p\u00e1ly\u00e1zat&#8221; &#8212; Hallgat\u00f3i \u00d6nkorm\u00e1nyzat\" src=\"https:\/\/semmelweis.hu\/hok\/palyazatok\/kollegiumi-palyazat\/embed\/#?secret=mo2cCeNbUm#?secret=4raYXkQeSC\" data-secret=\"4raYXkQeSC\" width=\"600\" height=\"338\" frameborder=\"0\" marginwidth=\"0\" marginheight=\"0\" scrolling=\"no\"><\/iframe><\/p>\n<blockquote class=\"wp-embedded-content\" data-secret=\"xf1llWc4yb\"><p><a href=\"https:\/\/semmelweis.hu\/hok\/hasznos\/hallgatoi-terek-szolgaltatasok\/egyetemi-kollegiumok\/\">Koll\u00e9giumok<\/a><\/p><\/blockquote>\n<p><iframe loading=\"lazy\" class=\"wp-embedded-content\" sandbox=\"allow-scripts\" security=\"restricted\" style=\"position: absolute; visibility: hidden;\" title=\"&#8220;Koll\u00e9giumok&#8221; &#8212; Hallgat\u00f3i \u00d6nkorm\u00e1nyzat\" src=\"https:\/\/semmelweis.hu\/hok\/hasznos\/hallgatoi-terek-szolgaltatasok\/egyetemi-kollegiumok\/embed\/#?secret=hTSjlo2CiW#?secret=xf1llWc4yb\" data-secret=\"xf1llWc4yb\" width=\"600\" height=\"338\" frameborder=\"0\" marginwidth=\"0\" marginheight=\"0\" scrolling=\"no\"><\/iframe><\/p>\n","protected":false},"excerpt":{"rendered":"<p><a href=\"https:\/\/semmelweis.hu\/hok\/atlathatosag\/beszamolok\/\" target=\"_blank\" rel=\"noopener\">S\u00e1rk\u00e1ny Fanni<\/a> bizotts\u00e1gi vezet\u0151 <a href=\"mailto:hok.dormitory@semmelweis.hu\" target=\"_blank\" rel=\"noopener\">E-mail<\/a> &nbsp; <a href=\"https:\/\/semmelweis.hu\/hok\/atlathatosag\/beszamolok\/\" target=\"_blank\" rel=\"noopener\">Vakles \u00c1gnes<\/a> Balassa KAB vezet\u0151 <a href=\"vakles.agnes@stud.semmelweis.hu\" target=\"_blank\" rel=\"noopener\">E-mail<\/a> <a href=\"https:\/\/semmelweis.hu\/hok\/atlathatosag\/beszamolok\/\" target=\"_blank\" rel=\"noopener\">Csord\u00e1s Vikt\u00f3ria<\/a> B\u00f3kay KAB vezet\u0151 <a href=\"csordas.viktoria@stud.semmelweis.hu\" target=\"_blank\" rel=\"noopener\">E-mail<\/a> <a href=\"https:\/\/semmelweis.hu\/hok\/atlathatosag\/beszamolok\/\" target=\"_blank\" rel=\"noopener\">Feh\u00e9r B\u00e9la Arnold<\/a> K\u00e1tai KAB vezet\u0151 <a href=\"feher.bela@stud.semmelweis.hu\" target=\"_blank\" rel=\"noopener\">E-mail<\/a> <a href=\"https:\/\/semmelweis.hu\/hok\/atlathatosag\/beszamolok\/\" target=\"_blank\" rel=\"noopener\">Reza-Moazen S\u00e1ra<\/a> Markusovszky KAB vezet\u0151 <a href=\"mailto:hok.dormitory@semmelweis.hu\" target=\"_blank\" rel=\"noopener\">E-mail<\/a> Feladat, v\u00edzi\u00f3: A hallgat\u00f3k koll\u00e9giumi k\u00f6z\u00f6ss\u00e9gi \u00e9let\u00e9nek \u00f6sszehangol\u00e1s\u00e1ra, a koll\u00e9gista hallgat\u00f3k egyedi \u00e9rdekk\u00e9pviselet\u00e9re l\u00e9trehozott bizotts\u00e1g. A bizotts\u00e1g tagjai a bizotts\u00e1gi vezet\u0151 \u00e9s a Koll\u00e9giumi Albizotts\u00e1gok vezet\u0151i. A Koll\u00e9giumi Bizotts\u00e1g alatt a Koll\u00e9giumi Albizotts\u00e1gok m\u0171k\u00f6dnek az egyes koll\u00e9giumoknak megfelel\u0151en. Amennyiben k\u00e9rd\u00e9sed, &hellip;<\/p>\n","protected":false},"author":101158,"featured_media":0,"parent":7468,"menu_order":1,"comment_status":"closed","ping_status":"closed","template":"","meta":{"_acf_changed":false,"footnotes":""},"categories":[],"tags":[],"class_list":["post-7473","page","type-page","status-publish","hentry"],"acf":[],"_links":{"self":[{"href":"https:\/\/semmelweis.hu\/hok\/wp-json\/wp\/v2\/pages\/7473","targetHints":{"allow":["GET"]}}],"collection":[{"href":"https:\/\/semmelweis.hu\/hok\/wp-json\/wp\/v2\/pages"}],"about":[{"href":"https:\/\/semmelweis.hu\/hok\/wp-json\/wp\/v2\/types\/page"}],"author":[{"embeddable":true,"href":"https:\/\/semmelweis.hu\/hok\/wp-json\/wp\/v2\/users\/101158"}],"replies":[{"embeddable":true,"href":"https:\/\/semmelweis.hu\/hok\/wp-json\/wp\/v2\/comments?post=7473"}],"version-history":[{"count":14,"href":"https:\/\/semmelweis.hu\/hok\/wp-json\/wp\/v2\/pages\/7473\/revisions"}],"predecessor-version":[{"id":18799,"href":"https:\/\/semmelweis.hu\/hok\/wp-json\/wp\/v2\/pages\/7473\/revisions\/18799"}],"up":[{"embeddable":true,"href":"https:\/\/semmelweis.hu\/hok\/wp-json\/wp\/v2\/pages\/7468"}],"wp:attachment":[{"href":"https:\/\/semmelweis.hu\/hok\/wp-json\/wp\/v2\/media?parent=7473"}],"wp:term":[{"taxonomy":"category","embeddable":true,"href":"https:\/\/semmelweis.hu\/hok\/wp-json\/wp\/v2\/categories?post=7473"},{"taxonomy":"post_tag","embeddable":true,"href":"https:\/\/semmelweis.hu\/hok\/wp-json\/wp\/v2\/tags?post=7473"}],"curies":[{"name":"wp","href":"https:\/\/api.w.org\/{rel}","templated":true}]}}