{"id":7471,"date":"2018-11-16T22:36:01","date_gmt":"2018-11-16T21:36:01","guid":{"rendered":"http:\/\/semmelweis.hu\/hok\/?page_id=7471"},"modified":"2025-08-29T14:28:48","modified_gmt":"2025-08-29T12:28:48","slug":"szocialis-bizottsag","status":"publish","type":"page","link":"https:\/\/semmelweis.hu\/hok\/rolunk\/bizottsagok\/szocialis-bizottsag\/","title":{"rendered":"Szoci\u00e1lis Bizotts\u00e1g"},"content":{"rendered":"<h2><img loading=\"lazy\" decoding=\"async\" class=\"alignleft\" src=\"https:\/\/semmelweis.hu\/hok\/files\/2024\/08\/Gal-Petra-scaled.jpg\" width=\"200\" height=\"300\" \/><a href=\"https:\/\/semmelweis.hu\/hok\/atlathatosag\/beszamolok\/\" target=\"_blank\" rel=\"noopener\"><strong>G\u00e1l Petra<\/strong><\/a><\/h2>\n<h5><em>bizotts\u00e1gi vezet\u0151<\/em><\/h5>\n<p><a href=\"mailto:hok.applications@semmelweis.hu\" target=\"_blank\" rel=\"noopener\">E-mail<\/a><\/p>\n<hr \/>\n<div class=\"keretes w-100\">\n<p><strong>Feladat, v\u00edzi\u00f3:<\/strong><\/p>\n<p>A Szoci\u00e1lis Bizotts\u00e1g felvil\u00e1gos\u00edt\u00e1st ny\u00fajt a megp\u00e1ly\u00e1zhat\u00f3 szoci\u00e1lis \u00f6szt\u00f6nd\u00edjakkal kapcsolatban, illetve el\u0151k\u00e9sz\u00edti a p\u00e1ly\u00e1zatokat a Szoci\u00e1lis \u00e9s Es\u00e9lyegyenl\u0151s\u00e9gi Bizotts\u00e1gnak elb\u00edr\u00e1l\u00e1sra.<\/p>\n<p>Amennyiben b\u00e1rmilyen k\u00e9rd\u00e9setek felmer\u00fcl a p\u00e1ly\u00e1zatokkal, az adatlap kit\u00f6lt\u00e9s\u00e9vel, a csatoland\u00f3 dokumentumokkal kapcsolatban, forduljatok hozz\u00e1nk bizalommal a <a href=\"mailto:hok.applications@semmelweis.hu\"><em>hok.applications@semmelweis.hu<\/em><\/a> c\u00edmen kereszt\u00fcl.<\/p>\n<p>Ha felkeltette az \u00e9rdekl\u0151d\u00e9sedet \u00e9s sz\u00edvesen bekapcsol\u00f3dn\u00e1l a bizotts\u00e1g munk\u00e1j\u00e1ba, \u00f6r\u00f6mmel v\u00e1runk.<\/p>\n<\/div>\n<div>    \r\n    <div id=\"import-title\">\r\n      \r\n      <div class=\"section-row row my-2 pr-0 ml-0 mb-3\">\r\n        <div class=\"col-12 col-md-auto section-title\">\r\n          <h2 style=\"margin-top: 0;\"><\/h2>\r\n        <\/div>\r\n        <div class=\"col section-divider px-0 mx-2 event-mobil-hidden d-none d-md-block\"><\/div>\r\n        <div class=\"col col-md-auto section-link text-uppercase px-0 event-mobil-hidden d-none d-md-block mr-5\">\r\n                      <h5 class=\"m-0\" style=\"width: fit-content;\"><a href=\"https:\/\/semmelweis.hu\/hok\/tag\/szocpalyazatt\/\" target=\"_self\">\u00d6sszes cikk<\/a><\/h5>\r\n                  <\/div>\r\n      <\/div>\r\n        \r\n    <\/div>\r\n\r\n\r\n    <div class=\"import-posts row ml-0 mr-0\">\r\n      \r\n\r\n      \r\n\r\n        <article class=\"list-format post-12328 page type-page status-publish has-post-thumbnail hentry category-archiv tag-palyod tag-szocpalyazatt\">\r\n          <div class=\"row mb-2 mx-0 p-2 mr-2 mr-lg-0\" style=\"border: 1px solid #DFE3E6;\">\r\n            \r\n            <div class=\"col px-normal px-lg-0\">\r\n              <div class=\"row w-100 mx-0\">\r\n                \r\n                  <div class=\"col-12 col-lg-4 pl-0 pr-1 pr-md-2\">\r\n                    <div class=\"img-container w-100 mt-2 mt-md-0 mb-2 mb-md-0 \">\r\n                      <img loading=\"lazy\" decoding=\"async\" width=\"300\" height=\"200\" src=\"https:\/\/semmelweis.hu\/hok\/files\/2021\/11\/palyaztokosztondijak-szocod-300x200.jpg\" class=\"attachment-medium size-medium wp-post-image\" alt=\"\" srcset=\"https:\/\/semmelweis.hu\/hok\/files\/2021\/11\/palyaztokosztondijak-szocod-300x200.jpg 300w, https:\/\/semmelweis.hu\/hok\/files\/2021\/11\/palyaztokosztondijak-szocod-203x135.jpg 203w, https:\/\/semmelweis.hu\/hok\/files\/2021\/11\/palyaztokosztondijak-szocod.jpg 500w\" sizes=\"auto, (max-width: 300px) 100vw, 300px\" \/>                    <\/div>\r\n                  <\/div>\r\n\r\n                                <div class=\"entry-summary col-12 col-lg-8 px-0\">\r\n                  <div class=\"col-12 mb-2 px-0\">\r\n                    <h3 class=\"entry-title mb-1\"><a target=\"_self\" href=\"https:\/\/semmelweis.hu\/studentsupport\/schopf-merei-agost-osztondij-korabban-rendszeres-szocialis-osztondij\/\">Szoci\u00e1lis \u00f6szt\u00f6nd\u00edjak<\/a><\/h3>\r\n                    <h6 class=\"entry-meta text-uppercase\">\r\n                      <time class=\"mr-3\" datetime=\"2021-10-27T14:59:07+00:00\">2021. okt\u00f3ber 27.  szerda 16:59<\/time>\r\n                    <\/h6>\r\n                  <\/div>\r\n                  <p>Ezen a mindig friss\u00fcl\u0151 oldalon \u00e9ritek el az aktu\u00e1lis p\u00e1ly\u00e1zati ki\u00edr\u00e1st \u00e9s a csatoland\u00f3 dokumentumok list\u00e1j\u00e1t. Megtal\u00e1lhatj\u00e1tok itt a kit\u00f6lt\u00e9si \u00fatmutat\u00f3nkat, mint\u00e1t n\u00e9h\u00e1ny nyilatkozathoz \u00e9s a GYIK-et is. A k\u00fcl\u00f6nb\u00f6z\u0151 szoci\u00e1lis \u00f6szt\u00f6nd\u00edjakr\u00f3l is olvashattok egy kis \u00f6sszefoglal\u00f3t. A rendk\u00edv\u00fcli szoci\u00e1lis \u00f6szt\u00f6nd\u00edj p\u00e1ly\u00e1zati adatlapja is itt \u00e9rhet\u0151 el.<\/p>\n                <\/div>\r\n              <\/div>\r\n            <\/div>\r\n          <\/div>\r\n        <\/article>\r\n        <hr \/>\r\n                  <div class=\"section-row row w-100 mt-2 mb-2\">\r\n        <div class=\"col-7 section-divider px-0 mx-2 d-md-none\"><\/div>\r\n          <div class=\"col-4 d-block d-md-none text-uppercase px-0 section-link ml-2\">\r\n            <h5 class=\"m-0\" style=\"width: fit-content;\"><a href=\"https:\/\/semmelweis.hu\/hok\/tag\/\/\" target=\"_self\"> \u00d6sszes cikk><\/a><\/h5>\r\n            \r\n        <\/div>\r\n      <\/div>\r\n\r\n    <\/div><!-- \/.import-posts -->\r\n\r\n<\/div>\n<div class=\"exp-col-content-holder\" style=\"text-align: center\"><a class=\"expand-cnt-link\" href=\"#\">A Bizotts\u00e1g tagjai<\/a><\/p>\n<div class=\"hidden-content\">\n<p>A hallgat\u00f3k n\u00e9vvel ell\u00e1tott mapp\u00e1i, amikben a havi k\u00f6z\u00e9leti besz\u00e1mol\u00f3k \u00e9s a tiszts\u00e9gvisel\u0151k p\u00e1ly\u00e1zati dokumentumai tal\u00e1lhat\u00f3k, <a href=\"https:\/\/unisemmelweis.sharepoint.com\/:f:\/t\/Projekt_HK-StudentsUnion\/EvqCCU14w3VLgGm7GLFM-uYBN9MkR3bMmUw6Ob7hE6u19w\" target=\"_blank\" rel=\"noopener\">ezen a linken<\/a> kereszt\u00fcl \u00e9rhet\u0151k el az egyetemi hozz\u00e1f\u00e9r\u00e9ssel rendelkez\u0151k sz\u00e1m\u00e1ra. A keres\u0151s\u00e1v m\u0171k\u00f6dik, annak seg\u00edts\u00e9g\u00e9vel k\u00f6nnyen megtal\u00e1lhat\u00f3k c\u00e9lzottan a besz\u00e1mol\u00f3k.<br \/>\nA k\u00fcls\u0151 lek\u00e9r\u00e9sek automatiz\u00e1lt biztos\u00edt\u00e1sa folyamatban van. Am\u00edg ez nem el\u00e9rhet\u0151, <a href=\"mailto:hok.secretary@semmelweis.hu\">ezen a c\u00edmen<\/a> lehet a besz\u00e1mol\u00f3kat ig\u00e9nyelni.<\/p>\n<p>Afonyi Johanna Blanka<br \/>\nB\u00e1ti R\u00f3za<br \/>\nBeke Bianka<br \/>\nBittmann Panna<br \/>\nDebreczeny Lilla Julianna<br \/>\nDiny\u00e9si Diana<br \/>\nEl-Assaf Ter\u00e9zia<br \/>\nHoffmann R\u00e9ka Mirtill<br \/>\nKov\u00e1cs Karina<br \/>\nL\u00e1szl\u00f3 Lilla<br \/>\nMarton Korinna<br \/>\nNagy Imre Rich\u00e1rd<br \/>\nNagy Klementina<br \/>\nNagyap\u00e1ti Kl\u00e1ra<br \/>\nNeuberger J\u00e1zmin<br \/>\nP\u00e1lfi Fruzsina Karina<br \/>\nSolymos Zolta <br \/>\nSzab\u00f3 Nikolett<br \/>\nSzil\u00e1gyi P\u00e9ter<br \/>\nSzolnoki Evelin<br \/>\nTokai Vikt\u00f3ria Laura<br \/>\nVer\u00e9b Gergely<\/div>\n<\/div>\n<p style=\"text-align: center\">\u00a0<\/p>\n","protected":false},"excerpt":{"rendered":"<p>A p\u00e1ly\u00e1zati ki\u00edr\u00e1s, pontoz\u00e1si szab\u00e1lyzat, seg\u00e9dletek el\u00e9rhet\u0151k itt: <a href=\"https:\/\/semmelweis.hu\/hok\/files\/2025\/09\/Rendszeres-szocialis-osztondij-palyazati-kiiras-2025-26-osz.pdf\">P\u00e1ly\u00e1zati ki\u00edr\u00e1s szoci\u00e1lis pontmeghat\u00e1roz\u00e1sra rendszeres szoci\u00e1lis \u00f6szt\u00f6nd\u00edj c\u00e9lj\u00e1b\u00f3l a 2025\/2026 I. f\u00e9l\u00e9vre<\/a> <a href=\"https:\/\/semmelweis.hu\/hok\/files\/2022\/12\/Csatolando-dokumentumok-listaja-2022dec.pdf\" target=\"_blank\" rel=\"noopener\">Csatoland\u00f3 dokumentumok list\u00e1ja \u00e9s a kaphat\u00f3 pontok (TJSZ 1. mell\u00e9klet)<\/a> <a href=\"https:\/\/semmelweis.hu\/hok\/2023\/01\/22\/a-teritesi-es-juttatasi-szabalyzat-modositasa\/\" target=\"_blank\" rel=\"noopener\">Inform\u00e1ci\u00f3k a csatoland\u00f3 dokumentumok list\u00e1j\u00e1nak 2022. novemberi m\u00f3dos\u00edt\u00e1s\u00e1r\u00f3l<\/a> ! <a href=\"https:\/\/semmelweis.hu\/hok\/files\/2023\/09\/Informaciok-tanuloi-jogviszony-igazolasanak-modositasarol.pdf\" target=\"_blank\" rel=\"noopener\">Inform\u00e1ci\u00f3k tanul\u00f3i jogviszony igazol\u00e1s\u00e1nak m\u00f3dos\u00edt\u00e1s\u00e1r\u00f3l<\/a> ! <a href=\"https:\/\/unisemmelweis.sharepoint.com\/:f:\/t\/Projekt_HK-StudentsUnion\/Ep3uD-TId4tEmkcwiPF7F9QBYiPNaLMQPqY0rYXX0xJzvg?e=GYYYKC\" target=\"_blank\" rel=\"noopener\">\u00datmutat\u00f3 a szoci\u00e1lis adatlap kit\u00f6lt\u00e9s\u00e9hez \u00e9s seg\u00e9dlet az ellen\u0151rz\u00e9shez<\/a> <a href=\"https:\/\/semmelweis.hu\/hok\/palyazatok\/szocialis-osztondijak\/#szocgyik\">Gyakran ism\u00e9tl\u0151d\u0151 k\u00e9rd\u00e9sek<\/a> <a href=\"https:\/\/unisemmelweis.sharepoint.com\/:f:\/t\/Projekt_HK-StudentsUnion\/Es0Neqw2gVlBuntop23p9PoBVIcCllsGvUsXGM49zhGsxA?e=2ha49w\" target=\"_blank\" rel=\"noopener\">Nyilatkozatmint\u00e1k<\/a> <a href=\"https:\/\/semmelweis.hu\/hok\/files\/2023\/02\/szocialis-adatlap-ellenorzolista-2023febr.jpg\" target=\"_blank\" rel=\"noopener\">Checklist az adatlaphoz<\/a> <a href=\"https:\/\/semmelweis.hu\/hok\/files\/2019\/03\/Jogorvoslati-k%C3%A9relem.pdf\" target=\"_blank\" rel=\"noopener\">Jogorvoslati k\u00e9relem formanyomtatv\u00e1ny<\/a> Kapcsolat, el\u00e9rhet\u0151s\u00e9g: <a href=\"mailto:hok.applications@semmelweis.hu\"> hok.applications@semmelweis.hu<\/a> A hallgat\u00f3i juttat\u00e1sokat, ezek felt\u00e9telrendszer\u00e9t a <a href=\"https:\/\/semmelweis.hu\/jogigfoig\/dokumentumtar\/szabalyzattar\/szervezeti-es-mukodesi-szabalyzat\/\" target=\"_blank\" rel=\"noopener noreferrer\">Semmelweis Egyetem Szervezeti \u00e9s M\u0171k\u00f6d\u00e9si Szab\u00e1lyzat<\/a> \u2013 III. k\u00f6nyv Hallgat\u00f3i K\u00f6vetelm\u00e9nyrendszer \u2013 4. r\u00e9sz T\u00e9r\u00edt\u00e9si \u00e9s Juttat\u00e1si Szab\u00e1lyzat (a tov\u00e1bbiakban TJSZ) r\u00f6gz\u00edti. A p\u00e1ly\u00e1zatokat a <a href=\"https:\/\/semmelweis.hu\/bizottsagok\/allando-bizottsagok\/egyetem-egeszere-feladat-es-hataskorrel-rendelkezo-bizottsagok\/hallgatok-szocialis-es-eselyegyenlosegi-ugyeivel-foglalkozo-bizottsag\/\" target=\"_blank\" rel=\"noopener\">Szoci\u00e1lis \u00e9s Es\u00e9lyegyenl\u0151s\u00e9gi Bizotts\u00e1g<\/a> hirdeti meg \u00e9s b\u00edr\u00e1lja el. <a id=\"szocgyik\"><\/a> A Semmelweis Egyetemen megp\u00e1ly\u00e1zhat\u00f3 szoci\u00e1lis alap\u00fa \u00f6szt\u00f6nd\u00edjak: Rendszeres szoci\u00e1lis \u00f6szt\u00f6nd\u00edj: Sch\u00f6pf-Merei \u00c1gost \u00d6szt\u00f6nd\u00edj &hellip;<\/p>\n","protected":false},"author":101158,"featured_media":0,"parent":7468,"menu_order":6,"comment_status":"closed","ping_status":"closed","template":"","meta":{"_acf_changed":false,"footnotes":""},"categories":[],"tags":[],"class_list":["post-7471","page","type-page","status-publish","hentry"],"acf":[],"_links":{"self":[{"href":"https:\/\/semmelweis.hu\/hok\/wp-json\/wp\/v2\/pages\/7471","targetHints":{"allow":["GET"]}}],"collection":[{"href":"https:\/\/semmelweis.hu\/hok\/wp-json\/wp\/v2\/pages"}],"about":[{"href":"https:\/\/semmelweis.hu\/hok\/wp-json\/wp\/v2\/types\/page"}],"author":[{"embeddable":true,"href":"https:\/\/semmelweis.hu\/hok\/wp-json\/wp\/v2\/users\/101158"}],"replies":[{"embeddable":true,"href":"https:\/\/semmelweis.hu\/hok\/wp-json\/wp\/v2\/comments?post=7471"}],"version-history":[{"count":12,"href":"https:\/\/semmelweis.hu\/hok\/wp-json\/wp\/v2\/pages\/7471\/revisions"}],"predecessor-version":[{"id":18809,"href":"https:\/\/semmelweis.hu\/hok\/wp-json\/wp\/v2\/pages\/7471\/revisions\/18809"}],"up":[{"embeddable":true,"href":"https:\/\/semmelweis.hu\/hok\/wp-json\/wp\/v2\/pages\/7468"}],"wp:attachment":[{"href":"https:\/\/semmelweis.hu\/hok\/wp-json\/wp\/v2\/media?parent=7471"}],"wp:term":[{"taxonomy":"category","embeddable":true,"href":"https:\/\/semmelweis.hu\/hok\/wp-json\/wp\/v2\/categories?post=7471"},{"taxonomy":"post_tag","embeddable":true,"href":"https:\/\/semmelweis.hu\/hok\/wp-json\/wp\/v2\/tags?post=7471"}],"curies":[{"name":"wp","href":"https:\/\/api.w.org\/{rel}","templated":true}]}}