{"id":7040,"date":"2018-10-17T17:42:30","date_gmt":"2018-10-17T15:42:30","guid":{"rendered":"http:\/\/semmelweis.hu\/hok\/?page_id=7040"},"modified":"2025-10-28T18:25:53","modified_gmt":"2025-10-28T17:25:53","slug":"hok-aok-tanulmanyi-informaciok","status":"publish","type":"page","link":"https:\/\/semmelweis.hu\/hok\/rolunk\/bizottsagok\/oktatasi-bizottsag\/hok-aok-tanulmanyi-informaciok\/","title":{"rendered":"Gyakori k\u00e9rd\u00e9sek \u2013 \u00c1OK hallgat\u00f3inak"},"content":{"rendered":"<div class=\"entry-content\">\n<h2 style=\"text-align: center\"><em><strong>Ez az oldal jelenleg friss\u00edt\u00e9s, illetve aktualiz\u00e1l\u00e1s alatt \u00e1ll. K\u00f6sz\u00f6nj\u00fck a meg\u00e9rt\u00e9seteket \u00e9s t\u00fcrelmeteket!<\/strong><\/em><\/h2>\n<p style=\"text-align: center\"><strong><a href=\"https:\/\/semmelweis.hu\/hok\/elerhetoseg\/irj-nekunk\/\">B\u00e1rmilyen k\u00e9rd\u00e9ssel fordulj id\u0151k\u00f6zben hozz\u00e1nk bizalommal!<\/a><\/strong><\/p>\n<\/div>\n","protected":false},"excerpt":{"rendered":"<p>Ez az oldal jelenleg friss\u00edt\u00e9s, illetve aktualiz\u00e1l\u00e1s alatt \u00e1ll. K\u00f6sz\u00f6nj\u00fck a meg\u00e9rt\u00e9seteket \u00e9s t\u00fcrelmeteket!<br \/>\n<a href=\"https:\/\/semmelweis.hu\/hok\/elerhetoseg\/irj-nekunk\/\">B\u00e1rmilyen k\u00e9rd\u00e9ssel fordulj id\u0151k\u00f6zben hozz\u00e1nk bizalommal!<\/a><\/p>\n","protected":false},"author":101158,"featured_media":0,"parent":7463,"menu_order":1,"comment_status":"closed","ping_status":"closed","template":"","meta":{"_acf_changed":false,"footnotes":""},"categories":[],"tags":[],"class_list":["post-7040","page","type-page","status-publish","hentry"],"acf":[],"_links":{"self":[{"href":"https:\/\/semmelweis.hu\/hok\/wp-json\/wp\/v2\/pages\/7040","targetHints":{"allow":["GET"]}}],"collection":[{"href":"https:\/\/semmelweis.hu\/hok\/wp-json\/wp\/v2\/pages"}],"about":[{"href":"https:\/\/semmelweis.hu\/hok\/wp-json\/wp\/v2\/types\/page"}],"author":[{"embeddable":true,"href":"https:\/\/semmelweis.hu\/hok\/wp-json\/wp\/v2\/users\/101158"}],"replies":[{"embeddable":true,"href":"https:\/\/semmelweis.hu\/hok\/wp-json\/wp\/v2\/comments?post=7040"}],"version-history":[{"count":12,"href":"https:\/\/semmelweis.hu\/hok\/wp-json\/wp\/v2\/pages\/7040\/revisions"}],"predecessor-version":[{"id":19029,"href":"https:\/\/semmelweis.hu\/hok\/wp-json\/wp\/v2\/pages\/7040\/revisions\/19029"}],"up":[{"embeddable":true,"href":"https:\/\/semmelweis.hu\/hok\/wp-json\/wp\/v2\/pages\/7463"}],"wp:attachment":[{"href":"https:\/\/semmelweis.hu\/hok\/wp-json\/wp\/v2\/media?parent=7040"}],"wp:term":[{"taxonomy":"category","embeddable":true,"href":"https:\/\/semmelweis.hu\/hok\/wp-json\/wp\/v2\/categories?post=7040"},{"taxonomy":"post_tag","embeddable":true,"href":"https:\/\/semmelweis.hu\/hok\/wp-json\/wp\/v2\/tags?post=7040"}],"curies":[{"name":"wp","href":"https:\/\/api.w.org\/{rel}","templated":true}]}}