{"id":6334,"date":"2018-10-11T21:25:15","date_gmt":"2018-10-11T19:25:15","guid":{"rendered":"http:\/\/semmelweis.hu\/hok\/?page_id=6334"},"modified":"2025-12-14T21:07:56","modified_gmt":"2025-12-14T20:07:56","slug":"ontevekeny-csoportok","status":"publish","type":"page","link":"https:\/\/semmelweis.hu\/hok\/atlathatosag\/ontevekeny-csoportok\/","title":{"rendered":"\u00d6ntev\u00e9keny csoportok"},"content":{"rendered":"<div>\n<p>A Hallgat\u00f3i \u00d6nkorm\u00e1nyzat fel\u00fcgyeletet gyakorol az Egyetem k\u00f6z\u00e9leti tev\u00e9kenys\u00e9g\u00e9ben r\u00e9szvev\u0151 k\u00fcl\u00f6nb\u00f6z\u0151 csoportok felett. Ezen fel\u00fcgyeleti jog\u00e1t a K\u00fcld\u00f6ttgy\u0171l\u00e9s \u00e1ltal elfogadott, \u00e9s a rektor \u00e1ltal j\u00f3v\u00e1hagyott szab\u00e1lyzat alapj\u00e1n gyakorolja. Amennyiben az ilyen csoportosul\u00e1sok els\u0151dleges c\u00e9lja a Semmelweis Egyetem nemzetk\u00f6zi hallgat\u00f3inak \u00e9rdekk\u00e9pviselete, \u00fagy azok felett a fel\u00fcgyeletet a nemzetk\u00f6zi k\u00e9pz\u00e9sek\u00e9rt felel\u0151s rektorhelyettes gyakorolja azzal, hogy a nyilv\u00e1ntart\u00e1sukra \u00e9s a m\u0171k\u00f6d\u00e9s\u00fck felf\u00fcggeszt\u00e9s\u00e9re egyebekben azonos szab\u00e1lyok vonatkoznak.<\/p>\n<p>A Hallgat\u00f3i \u00d6nkorm\u00e1nyzat ezzel kapcsolatos feladatait a <a href=\"https:\/\/semmelweis.hu\/jogigfoig\/dokumentumtar\/szabalyzattar\/szervezeti-es-mukodesi-szabalyzat\/\" target=\"_blank\" rel=\"noopener\">Semmelweis Egyetem Szervezeti \u00e9s M\u0171k\u00f6d\u00e9si Szab\u00e1lyzat Szab\u00e1lyzat<\/a> I.1. R\u00e9sz\u00e9nek 126. \u00a7-a tartalmazza.<\/p>\n<p>A K\u00fcld\u00f6ttgy\u0171l\u00e9s \u00e9s a Rektor \u00e1ltal elfogadott jelenleg hat\u00e1lyos szab\u00e1lyzat el\u00e9rhet\u0151 <a href=\"https:\/\/semmelweis.hu\/hok\/files\/2021\/06\/Nyilvantartasi-es-felugyeleti-szabalyzat.pdf\" target=\"_blank\" rel=\"noopener\">itt<\/a>.<\/p>\n<\/div>\n<p>Az \u00f6ntev\u00e9keny csoportokr\u00f3l a Hallgat\u00f3i \u00d6nkorm\u00e1nyzat az egyetemi polg\u00e1rok sz\u00e1m\u00e1ra nyilv\u00e1nos nyilv\u00e1ntart\u00e1st vezet, melyek list\u00e1ja itt el\u00e9rhet\u0151.<br \/>\nAz oldal alj\u00e1n megtal\u00e1lhat\u00f3 a nyilv\u00e1ntart\u00e1sba v\u00e9teli k\u00e9relem.<\/p>\n<h4><strong><a href=\"https:\/\/iocs.hu\/\" target=\"_blank\" rel=\"noopener\"><img loading=\"lazy\" decoding=\"async\" class=\"alignleft\" src=\"https:\/\/semmelweis.hu\/hok\/files\/2019\/03\/26731490_140448889955381_6114953311529589771_n-300x300.jpg\" alt=\"\" width=\"150\" height=\"150\" \/><\/a>Instruktor \u00d6ntev\u00e9keny Csoport (I\u00d6CS)<\/strong><\/h4>\n<p><a href=\"https:\/\/iocs.hu\/\" target=\"_blank\" rel=\"noopener\">Honlap<\/a>\u00a0\u00a0\u00a0\u00a0 <a href=\"https:\/\/www.facebook.com\/instruktorok\/\" target=\"_blank\" rel=\"noopener\">Facebook<\/a>\u00a0\u00a0\u00a0\u00a0 <a href=\"https:\/\/www.instagram.com\/iocs_official\/\" target=\"_blank\" rel=\"noopener\">Instagram<\/a><\/p>\n<div class=\"exp-col-content-holder\"><span style=\"font-size: 14pt\"><a class=\"expand-cnt-link\" href=\"#\"><span style=\"font-size: 14pt\">Bemutatkoz\u00e1s<\/span><\/a><\/span><\/p>\n<div class=\"hidden-content\">\n<p class=\"hiddenContentp\">\n<!-- iframe plugin v.4.9 wordpress.org\/plugins\/iframe\/ -->\n<iframe loading=\"lazy\" src=\"https:\/\/drive.google.com\/file\/d\/1_x7XTBpClo6FtJoR0lFWIpoEFrBPXKHS\/preview\" width=\"640\" height=\"480\" allow=\"autoplay\" scrolling=\"yes\" class=\"iframe-class\" frameborder=\"0\"><\/iframe>\n<\/p>\n<\/div>\n<p>&nbsp;<\/p>\n<\/div>\n<h4><strong><a href=\"https:\/\/semmelweis.hu\/boe\/\" target=\"_blank\" rel=\"noopener\"><img loading=\"lazy\" decoding=\"async\" class=\"alignleft\" src=\"https:\/\/semmelweis.hu\/hok\/files\/2019\/03\/50459947_10156564598073961_8819987823651192832_n.jpg\" alt=\"\" width=\"150\" height=\"150\" \/><\/a>Budapesti Orvostanhallgat\u00f3k Egyes\u00fclete (BOE)<br \/>\n<\/strong><\/h4>\n<p><a href=\"https:\/\/semmelweis.hu\/boe\" target=\"_blank\" rel=\"noopener\">Honlap<\/a>\u00a0\u00a0\u00a0\u00a0 <a href=\"https:\/\/hu-hu.facebook.com\/moszboe\/\" target=\"_blank\" rel=\"noopener\">Facebook<\/a>\u00a0\u00a0\u00a0\u00a0 <a href=\"https:\/\/www.instagram.com\/budapestmedicalstudents\/\" target=\"_blank\" rel=\"noopener\">Instagram<\/a> \u00a0\u00a0\u00a0 <a href=\"https:\/\/hu.linkedin.com\/company\/budapest-medical-students-association\" target=\"_blank\" rel=\"noopener\">LinkedIn<\/a><\/p>\n<div class=\"exp-col-content-holder\"><a class=\"expand-cnt-link\" href=\"#\"><span style=\"font-size: 14pt\">Bemutatkoz\u00e1s<\/span><\/a><\/p>\n<div class=\"hidden-content\">\n<p class=\"hiddenContentp\">\n<!-- iframe plugin v.4.9 wordpress.org\/plugins\/iframe\/ -->\n<iframe loading=\"lazy\" src=\"https:\/\/drive.google.com\/file\/d\/1vNbbAJaZfMbzKPYYFVujwSi29PQrQfjg\/preview\" width=\"640\" height=\"480\" allow=\"autoplay\" scrolling=\"yes\" class=\"iframe-class\" frameborder=\"0\"><\/iframe>\n<\/p>\n<\/div>\n<\/div>\n<h4><strong><a href=\"https:\/\/hupsa.org\/\" target=\"_blank\" rel=\"noopener\"><img loading=\"lazy\" decoding=\"async\" class=\"alignleft\" src=\"https:\/\/semmelweis.hu\/hok\/files\/2019\/03\/23472260_1520713011310398_5845621749534851786_n.jpg\" alt=\"\" width=\"150\" height=\"150\" \/><\/a>Magyar Gy\u00f3gyszer\u00e9szhallgat\u00f3k Egyes\u00fclete (HuPSA)<\/strong><\/h4>\n<p><a href=\"https:\/\/hupsa.org\/\" target=\"_blank\" rel=\"noopener\">Honlap<\/a>\u00a0\u00a0\u00a0\u00a0 <a href=\"https:\/\/www.facebook.com\/HUPSA\/\" target=\"_blank\" rel=\"noopener\">Facebook<\/a>\u00a0\u00a0\u00a0\u00a0 <a href=\"https:\/\/www.instagram.com\/hupsaofficial\/\" target=\"_blank\" rel=\"noopener\">Instagram<\/a><\/p>\n<div class=\"exp-col-content-holder\"><a class=\"expand-cnt-link\" href=\"#\"><span style=\"font-size: 14pt\">Bemutatkoz\u00e1s<\/span><\/a><\/p>\n<div class=\"hidden-content\">\n<p class=\"hiddenContentp\">\n<!-- iframe plugin v.4.9 wordpress.org\/plugins\/iframe\/ -->\n<iframe loading=\"lazy\" src=\"https:\/\/drive.google.com\/file\/d\/1QAEQ3xfpjuyq5h24BBGeLW0yYSeiWYz4\/preview\" width=\"640\" height=\"480\" allow=\"autoplay\" scrolling=\"yes\" class=\"iframe-class\" frameborder=\"0\"><\/iframe>\n<\/p>\n<\/div>\n<\/div>\n<h4 style=\"text-align: left\"><strong><a href=\"https:\/\/www.facebook.com\/mfhestudent\/\" target=\"_blank\" rel=\"noopener\"><img loading=\"lazy\" decoding=\"async\" class=\"alignleft\" src=\"https:\/\/semmelweis.hu\/hok\/files\/2019\/03\/51042659_2312703325618445_3815568591223259136_n.jpg\" alt=\"\" width=\"150\" height=\"150\" \/><\/a>Magyar Fogorvostanhallgat\u00f3k Egyes\u00fclete (MFHE)<\/strong><\/h4>\n<p style=\"text-align: left\"><a href=\"https:\/\/www.facebook.com\/mfhestudent\/\" target=\"_blank\" rel=\"noopener\">Facebook<\/a>\u00a0\u00a0\u00a0\u00a0 <a href=\"https:\/\/www.facebook.com\/groups\/mfhe.student\/\" target=\"_blank\" rel=\"noopener\">Facebook Csoport<\/a><\/p>\n<div class=\"exp-col-content-holder\" style=\"text-align: left\"><a class=\"expand-cnt-link\" href=\"#\"><span style=\"font-size: 14pt\">Bemutatkoz\u00e1s<\/span><\/a><\/p>\n<div class=\"hidden-content\">\n<p class=\"hiddenContentp\">\n<!-- iframe plugin v.4.9 wordpress.org\/plugins\/iframe\/ -->\n<iframe loading=\"lazy\" src=\"https:\/\/drive.google.com\/file\/d\/1e3A0_qW9ysmk7Ygl7n7HI6THJazZjo9F\/preview\" width=\"640\" height=\"480\" allow=\"autoplay\" scrolling=\"yes\" class=\"iframe-class\" frameborder=\"0\"><\/iframe>\n<\/p>\n<\/div>\n<\/div>\n<h4 style=\"text-align: left\"><strong><a href=\"https:\/\/semmelweisissa.com\/\" target=\"_blank\" rel=\"noopener\"><img loading=\"lazy\" decoding=\"async\" class=\"alignleft\" src=\"https:\/\/semmelweis.hu\/hok\/files\/2019\/03\/43879342_115822296065649_3063378307111190528_n.jpg\" alt=\"\" width=\"150\" height=\"150\" \/><\/a>International Semmelweis Student Association (ISSA)<\/strong><\/h4>\n<p style=\"text-align: left\"><a href=\"https:\/\/semmelweisissa.com\/\" target=\"_blank\" rel=\"noopener\">Honlap<\/a>\u00a0\u00a0\u00a0\u00a0 <a href=\"https:\/\/www.facebook.com\/ISSA.International.Semmelweis.Student.Association\" target=\"_blank\" rel=\"noopener\">Facebook<\/a>\u00a0\u00a0\u00a0\u00a0 <a href=\"https:\/\/www.instagram.com\/semmelweis.issa\/\" target=\"_blank\" rel=\"noopener\">Instagram<\/a><\/p>\n<div class=\"exp-col-content-holder\" style=\"text-align: left\"><a class=\"expand-cnt-link\" href=\"#\"><span style=\"font-size: 14pt\">Bemutatkoz\u00e1s<\/span><\/a><\/p>\n<div class=\"hidden-content\">\n<p class=\"hiddenContentp\">\n<!-- iframe plugin v.4.9 wordpress.org\/plugins\/iframe\/ -->\n<iframe loading=\"lazy\" src=\"https:\/\/drive.google.com\/file\/d\/15PO0abMDvyX8fNVYN9p_8Ya-sWdp2XW6\/preview\" width=\"640\" height=\"480\" allow=\"autoplay\" scrolling=\"yes\" class=\"iframe-class\" frameborder=\"0\"><\/iframe>\n<\/p>\n<\/div>\n<\/div>\n<h4 style=\"text-align: left\"><strong><a href=\"https:\/\/dsvs-semmelweis.de\/\" target=\"_blank\" rel=\"noopener\"><img loading=\"lazy\" decoding=\"async\" class=\"alignleft\" src=\"https:\/\/semmelweis.hu\/hok\/files\/2019\/03\/999448_509944569084719_1690240811_n.png\" alt=\"\" width=\"150\" height=\"150\" \/><\/a>Deutschsprachige Studentenvertretung Semmelweis (DSVS)<\/strong><\/h4>\n<p style=\"text-align: left\"><a href=\"https:\/\/dsvs-semmelweis.de\/\" target=\"_blank\" rel=\"noopener\">Honlap<\/a>\u00a0\u00a0\u00a0\u00a0 <a href=\"https:\/\/www.facebook.com\/DSVSBudapest\" target=\"_blank\" rel=\"noopener\">Facebook<\/a>\u00a0\u00a0\u00a0\u00a0 <a href=\"https:\/\/www.instagram.com\/semmelweis.dsvs\/\" target=\"_blank\" rel=\"noopener\">Instagram<\/a><\/p>\n<div class=\"exp-col-content-holder\" style=\"text-align: left\"><span style=\"font-size: 14pt\"><a class=\"expand-cnt-link\" href=\"#\"><span style=\"font-size: 8pt\"><span style=\"font-size: 14pt\">B<\/span><\/span><span style=\"font-size: 14pt\">emutatkoz\u00e1s<\/span><\/a><\/span><\/p>\n<div class=\"hidden-content\">\n<p class=\"hiddenContentp\">\n<!-- iframe plugin v.4.9 wordpress.org\/plugins\/iframe\/ -->\n<iframe loading=\"lazy\" src=\"https:\/\/drive.google.com\/file\/d\/1ul3l2OJC5WrSwgKqyVrtptegGxcqxxHU\/preview\" width=\"640\" height=\"480\" allow=\"autoplay\" scrolling=\"yes\" class=\"iframe-class\" frameborder=\"0\"><\/iframe>\n<\/p>\n<\/div>\n<\/div>\n<div><img loading=\"lazy\" decoding=\"async\" class=\"wp-image-19162 alignleft\" src=\"https:\/\/semmelweis.hu\/hok\/files\/2025\/12\/SHH-LOGO-DARK-BLUE-1_page-0001.jpg\" alt=\"\" width=\"148\" height=\"148\" \/><\/p>\n<h4 style=\"text-align: left\"><strong>STUDENTS FOR HEALTH HUMANITIES (SHH)<\/strong><\/h4>\n<p style=\"text-align: left\"><a href=\"https:\/\/healthhumanities.wixsite.com\/students\" target=\"_blank\" rel=\"noopener\">Honlap<\/a>\u00a0\u00a0\u00a0\u00a0 <a href=\"https:\/\/www.facebook.com\/profile.php?id=61576252839104\" target=\"_blank\" rel=\"noopener\">Facebook<\/a>\u00a0\u00a0\u00a0\u00a0 <a href=\"https:\/\/www.instagram.com\/shhsemmelweis\">Instagram<\/a><\/p>\n<div class=\"exp-col-content-holder\" style=\"text-align: left\"><span style=\"font-size: 14pt\"><a class=\"expand-cnt-link\" href=\"#\"><span style=\"font-size: 8pt\"><span style=\"font-size: 14pt\">B<\/span><\/span><span style=\"font-size: 14pt\">emutatkoz\u00e1s<\/span><\/a><\/span><\/p>\n<div class=\"hidden-content\">\n<p class=\"hiddenContentp\">\n<!-- iframe plugin v.4.9 wordpress.org\/plugins\/iframe\/ -->\n<iframe loading=\"lazy\" src=\"https:\/\/drive.google.com\/file\/d\/1T5Imb7BB2oGt9z4FMfqr2QMnO4wyFU0u\/preview\" width=\"640\" height=\"480\" allow=\"autoplay\" scrolling=\"yes\" class=\"iframe-class\" frameborder=\"0\"><\/iframe>\n<\/p>\n<\/div>\n<hr \/>\n<div class=\"exp-col-content-holder\" style=\"text-align: left\"><a class=\"expand-cnt-link\" href=\"#\">Nyilv\u00e1ntart\u00e1sba veszek egy \u00f6ntev\u00e9keny csoportot!<\/a><\/p>\n<div class=\"hidden-content\">\n<p class=\"hiddenContentp\">\n<div class=\"wpcf7 no-js\" id=\"wpcf7-f10943-o1\" lang=\"hu-HU\" dir=\"ltr\" data-wpcf7-id=\"10943\">\n<div class=\"screen-reader-response\"><p role=\"status\" aria-live=\"polite\" aria-atomic=\"true\"><\/p> <ul><\/ul><\/div>\n<form action=\"\/hok\/wp-json\/wp\/v2\/pages\/6334#wpcf7-f10943-o1\" method=\"post\" class=\"wpcf7-form init\" aria-label=\"Kapcsolatfelv\u00e9teli \u0171rlap\" enctype=\"multipart\/form-data\" novalidate=\"novalidate\" data-status=\"init\">\n<div style=\"display: none;\">\n<input type=\"hidden\" name=\"_wpcf7\" value=\"10943\" \/>\n<input type=\"hidden\" name=\"_wpcf7_version\" value=\"6.0.5\" \/>\n<input type=\"hidden\" name=\"_wpcf7_locale\" value=\"hu_HU\" \/>\n<input type=\"hidden\" name=\"_wpcf7_unit_tag\" value=\"wpcf7-f10943-o1\" \/>\n<input type=\"hidden\" name=\"_wpcf7_container_post\" value=\"0\" \/>\n<input type=\"hidden\" name=\"_wpcf7_posted_data_hash\" value=\"\" \/>\n<input type=\"hidden\" name=\"_wpcf7_recaptcha_response\" value=\"\" \/>\n<\/div>\n<p><label> <b>Az \u00f6ntev\u00e9keny csoport teljes neve<\/b> [k\u00f6telez\u0151]<br \/>\n<span class=\"wpcf7-form-control-wrap\" data-name=\"ocsteljn\"><input size=\"40\" maxlength=\"400\" class=\"wpcf7-form-control wpcf7-text wpcf7-validates-as-required\" aria-required=\"true\" aria-invalid=\"false\" value=\"\" type=\"text\" name=\"ocsteljn\" \/><\/span> <\/label>\n<\/p>\n<p><label> <b>Az \u00f6ntev\u00e9keny csoport r\u00f6vid\u00edtett neve<\/b><br \/>\n<span class=\"wpcf7-form-control-wrap\" data-name=\"ocsrovn\"><input size=\"40\" maxlength=\"400\" class=\"wpcf7-form-control wpcf7-text\" aria-invalid=\"false\" value=\"\" type=\"text\" name=\"ocsrovn\" \/><\/span> <\/label>\n<\/p>\n<p><label> <b>Az \u00f6ntev\u00e9keny csoport k\u00f6zponti e-mail-c\u00edme<\/b> [k\u00f6telez\u0151]<br \/>\n<span class=\"wpcf7-form-control-wrap\" data-name=\"ocsemail\"><input size=\"40\" maxlength=\"400\" class=\"wpcf7-form-control wpcf7-text wpcf7-validates-as-required\" aria-required=\"true\" aria-invalid=\"false\" value=\"\" type=\"text\" name=\"ocsemail\" \/><\/span> <\/label>\n<\/p>\n<p><label> <b>Az \u00f6ntev\u00e9keny csoport \u00e1ltal kezelt honlapok \u00e9s k\u00f6z\u00f6ss\u00e9gi oldalak c\u00edmei <i>(k\u00fcl\u00f6n sorban felt\u00fcntetve)<\/i><\/b> [legal\u00e1bb az els\u0151 k\u00f6telez\u0151]<br \/>\n<span class=\"wpcf7-form-control-wrap\" data-name=\"ocshonl\"><input size=\"40\" maxlength=\"400\" class=\"wpcf7-form-control wpcf7-text wpcf7-validates-as-required\" aria-required=\"true\" aria-invalid=\"false\" value=\"\" type=\"text\" name=\"ocshonl\" \/><\/span> <\/label><br \/>\n<label> <span class=\"wpcf7-form-control-wrap\" data-name=\"ocshonl2\"><input size=\"40\" maxlength=\"400\" class=\"wpcf7-form-control wpcf7-text\" aria-invalid=\"false\" value=\"\" type=\"text\" name=\"ocshonl2\" \/><\/span> <\/label><br \/>\n<label> <span class=\"wpcf7-form-control-wrap\" data-name=\"ocshonl3\"><input size=\"40\" maxlength=\"400\" class=\"wpcf7-form-control wpcf7-text\" aria-invalid=\"false\" value=\"\" type=\"text\" name=\"ocshonl3\" \/><\/span> <\/label><br \/>\n<label> <span class=\"wpcf7-form-control-wrap\" data-name=\"ocshonl4\"><input size=\"40\" maxlength=\"400\" class=\"wpcf7-form-control wpcf7-text\" aria-invalid=\"false\" value=\"\" type=\"text\" name=\"ocshonl4\" \/><\/span> <\/label><br \/>\n<label> <span class=\"wpcf7-form-control-wrap\" data-name=\"ocshonl5\"><input size=\"40\" maxlength=\"400\" class=\"wpcf7-form-control wpcf7-text\" aria-invalid=\"false\" value=\"\" type=\"text\" name=\"ocshonl5\" \/><\/span> <\/label><br \/>\n<label> <span class=\"wpcf7-form-control-wrap\" data-name=\"ocshonl6\"><input size=\"40\" maxlength=\"400\" class=\"wpcf7-form-control wpcf7-text\" aria-invalid=\"false\" value=\"\" type=\"text\" name=\"ocshonl6\" \/><\/span> <\/label><br \/>\n<label> <span class=\"wpcf7-form-control-wrap\" data-name=\"ocshonl7\"><input size=\"40\" maxlength=\"400\" class=\"wpcf7-form-control wpcf7-text\" aria-invalid=\"false\" value=\"\" type=\"text\" name=\"ocshonl7\" \/><\/span> <\/label><br \/>\n<label> <span class=\"wpcf7-form-control-wrap\" data-name=\"ocshonl8\"><input size=\"40\" maxlength=\"400\" class=\"wpcf7-form-control wpcf7-text\" aria-invalid=\"false\" value=\"\" type=\"text\" name=\"ocshonl8\" \/><\/span> <\/label>\n<\/p>\n<p><label> <b>Az \u00f6ntev\u00e9keny csoport vezet\u0151inek neve, lakc\u00edme, e-mail-c\u00edme \u00e9s telefonsz\u00e1ma, a megb\u00edz\u00e1s kezdete \u00e9s v\u00e9ge <i>(amennyiben hat\u00e1rozatlan id\u0151re sz\u00f3l a megb\u00edz\u00e1s, \u00fagy az erre val\u00f3 utal\u00e1st a megb\u00edz\u00e1s kezdet\u00e9nek megjel\u00f6l\u00e9s\u00e9vel)<\/i><\/b> [k\u00f6telez\u0151]<br \/>\n<span style=\"font-size: 9pt;\"><i>P\u00e9ld\u00e1ul:<\/i> Minta Alad\u00e1r; 1055 Budapest, P\u00e9lda utca 1.; minta.aladar@gmail.com; 06-20-123-4567; megb\u00edz\u00e1s kezdete: 2021. janu\u00e1r 1.; megb\u00edz\u00e1s v\u00e9ge: 2022. janu\u00e1r 1.<\/span><br \/>\n(max. f\u00e1jlm\u00e9ret: 512 kB, f\u00e1jlt\u00edpusok: .xls, .xlsx, .ods, .csv)<br \/>\n<span class=\"wpcf7-form-control-wrap\" data-name=\"ocsvez\"><input size=\"40\" class=\"wpcf7-form-control wpcf7-file wpcf7-validates-as-required\" accept=\".xls,.xlsx,.ods,.csv\" aria-required=\"true\" aria-invalid=\"false\" type=\"file\" name=\"ocsvez\" \/><\/span> <\/label>\n<\/p>\n<p><b>Az \u00f6ntev\u00e9keny csoport rendezv\u00e9nyszervez\u00e9s eset\u00e9n a hozz\u00e1 k\u00f6thet\u0151 gazdas\u00e1gi t\u00e1rsas\u00e1g seg\u00edts\u00e9g\u00e9t ig\u00e9nybe veszi?<\/b> [k\u00f6telez\u0151]<br \/>\n<span class=\"wpcf7-form-control-wrap\" data-name=\"gazd\"><span class=\"wpcf7-form-control wpcf7-radio\"><span class=\"wpcf7-list-item first\"><input type=\"radio\" name=\"gazd\" value=\"Igen\" checked=\"checked\" \/><span class=\"wpcf7-list-item-label\">Igen<\/span><\/span><span class=\"wpcf7-list-item last\"><input type=\"radio\" name=\"gazd\" value=\"Nem\" \/><span class=\"wpcf7-list-item-label\">Nem<\/span><\/span><\/span><\/span>\n<\/p>\n<p><label> <b>Az \u00f6ntev\u00e9keny csoport tev\u00e9kenys\u00e9gi k\u00f6re \u00e9s tev\u00e9kenys\u00e9gi c\u00e9lja <i>(legfeljebb 5000 karakter)<\/i><\/b> [k\u00f6telez\u0151]<br \/>\n(max. f\u00e1jlm\u00e9ret: 1 MB, f\u00e1jlt\u00edpusok: .pdf, .doc, .docx)<br \/>\n<span class=\"wpcf7-form-control-wrap\" data-name=\"ocstev\"><input size=\"40\" class=\"wpcf7-form-control wpcf7-file wpcf7-validates-as-required\" accept=\".doc,.docx,.pdf\" aria-required=\"true\" aria-invalid=\"false\" type=\"file\" name=\"ocstev\" \/><\/span> <\/label>\n<\/p>\n<p><label> <b>Az \u00f6ntev\u00e9keny csoport szab\u00e1lyzata(i)<\/b><br \/>\n(max. f\u00e1jlm\u00e9ret: 2 MB, f\u00e1jlt\u00edpusok: .pdf, .doc, .docx):<br \/>\n<span class=\"wpcf7-form-control-wrap\" data-name=\"ocsszab\"><input size=\"40\" class=\"wpcf7-form-control wpcf7-file\" accept=\".pdf,.doc,.docx\" aria-invalid=\"false\" type=\"file\" name=\"ocsszab\" \/><\/span> <\/label><br \/>\n<label> <span class=\"wpcf7-form-control-wrap\" data-name=\"ocsszab2\"><input size=\"40\" class=\"wpcf7-form-control wpcf7-file\" accept=\".pdf,.doc,.docx\" aria-invalid=\"false\" type=\"file\" name=\"ocsszab2\" \/><\/span> <\/label><br \/>\n<label> <span class=\"wpcf7-form-control-wrap\" data-name=\"ocsszab3\"><input size=\"40\" class=\"wpcf7-form-control wpcf7-file\" accept=\".pdf,.doc,.docx\" aria-invalid=\"false\" type=\"file\" name=\"ocsszab3\" \/><\/span> <\/label><br \/>\n<label> <span class=\"wpcf7-form-control-wrap\" data-name=\"ocsszab4\"><input size=\"40\" class=\"wpcf7-form-control wpcf7-file\" accept=\".pdf,.doc,.docx\" aria-invalid=\"false\" type=\"file\" name=\"ocsszab4\" \/><\/span> <\/label>\n<\/p>\n<p><label> <b>Nyilv\u00e1ntart\u00e1sba v\u00e9teli k\u00e9relmet bek\u00fcld\u0151 neve<\/b> [k\u00f6telez\u0151]<br \/>\n<span class=\"wpcf7-form-control-wrap\" data-name=\"ocsbeknev\"><input size=\"40\" maxlength=\"400\" class=\"wpcf7-form-control wpcf7-text wpcf7-validates-as-required\" aria-required=\"true\" aria-invalid=\"false\" value=\"\" type=\"text\" name=\"ocsbeknev\" \/><\/span> <\/label>\n<\/p>\n<p><label> <b>Nyilv\u00e1ntart\u00e1sba v\u00e9teli k\u00e9relmet bek\u00fcld\u0151 e-mail-c\u00edme<\/b> [k\u00f6telez\u0151]<br \/>\n<span class=\"wpcf7-form-control-wrap\" data-name=\"ocsbekmail\"><input size=\"40\" maxlength=\"400\" class=\"wpcf7-form-control wpcf7-email wpcf7-validates-as-required wpcf7-text wpcf7-validates-as-email\" aria-required=\"true\" aria-invalid=\"false\" value=\"\" type=\"email\" name=\"ocsbekmail\" \/><\/span> <\/label>\n<\/p>\n<p><input class=\"wpcf7-form-control wpcf7-submit has-spinner\" type=\"submit\" value=\"Bek\u00fcld\u00e9s\" \/>\n<\/p><div class=\"wpcf7-response-output\" aria-hidden=\"true\"><\/div>\n<\/form>\n<\/div>\n<\/p>\n<\/div>\n<\/div>\n<p style=\"text-align: center\">\u00a0<\/p>\n<p>&nbsp;<\/p>\n<\/div>\n<\/div>\n","protected":false},"excerpt":{"rendered":"<p>A Hallgat\u00f3i \u00d6nkorm\u00e1nyzat fel\u00fcgyeletet gyakorol az Egyetem k\u00f6z\u00e9leti tev\u00e9kenys\u00e9g\u00e9ben r\u00e9szvev\u0151 k\u00fcl\u00f6nb\u00f6z\u0151 csoportok felett. Ezen fel\u00fcgyeleti jog\u00e1t a K\u00fcld\u00f6ttgy\u0171l\u00e9s \u00e1ltal elfogadott, \u00e9s a rektor \u00e1ltal j\u00f3v\u00e1hagyott szab\u00e1lyzat alapj\u00e1n gyakorolja. Amennyiben az ilyen csoportosul\u00e1sok els\u0151dleges c\u00e9lja a Semmelweis Egyetem nemzetk\u00f6zi hallgat\u00f3inak \u00e9rdekk\u00e9pviselete, \u00fagy azok felett a fel\u00fcgyeletet a nemzetk\u00f6zi k\u00e9pz\u00e9sek\u00e9rt felel\u0151s rektorhelyettes gyakorolja azzal, hogy a nyilv\u00e1ntart\u00e1sukra &hellip;<\/p>\n","protected":false},"author":101158,"featured_media":0,"parent":7121,"menu_order":6,"comment_status":"closed","ping_status":"closed","template":"","meta":{"_acf_changed":false,"footnotes":""},"categories":[],"tags":[],"class_list":["post-6334","page","type-page","status-publish","hentry"],"acf":[],"_links":{"self":[{"href":"https:\/\/semmelweis.hu\/hok\/wp-json\/wp\/v2\/pages\/6334","targetHints":{"allow":["GET"]}}],"collection":[{"href":"https:\/\/semmelweis.hu\/hok\/wp-json\/wp\/v2\/pages"}],"about":[{"href":"https:\/\/semmelweis.hu\/hok\/wp-json\/wp\/v2\/types\/page"}],"author":[{"embeddable":true,"href":"https:\/\/semmelweis.hu\/hok\/wp-json\/wp\/v2\/users\/101158"}],"replies":[{"embeddable":true,"href":"https:\/\/semmelweis.hu\/hok\/wp-json\/wp\/v2\/comments?post=6334"}],"version-history":[{"count":12,"href":"https:\/\/semmelweis.hu\/hok\/wp-json\/wp\/v2\/pages\/6334\/revisions"}],"predecessor-version":[{"id":19164,"href":"https:\/\/semmelweis.hu\/hok\/wp-json\/wp\/v2\/pages\/6334\/revisions\/19164"}],"up":[{"embeddable":true,"href":"https:\/\/semmelweis.hu\/hok\/wp-json\/wp\/v2\/pages\/7121"}],"wp:attachment":[{"href":"https:\/\/semmelweis.hu\/hok\/wp-json\/wp\/v2\/media?parent=6334"}],"wp:term":[{"taxonomy":"category","embeddable":true,"href":"https:\/\/semmelweis.hu\/hok\/wp-json\/wp\/v2\/categories?post=6334"},{"taxonomy":"post_tag","embeddable":true,"href":"https:\/\/semmelweis.hu\/hok\/wp-json\/wp\/v2\/tags?post=6334"}],"curies":[{"name":"wp","href":"https:\/\/api.w.org\/{rel}","templated":true}]}}