{"id":516,"date":"2017-05-23T10:19:10","date_gmt":"2017-05-23T08:19:10","guid":{"rendered":"http:\/\/semmelweis.hu\/hok\/?page_id=516"},"modified":"2026-02-18T18:43:25","modified_gmt":"2026-02-18T17:43:25","slug":"beszamolok","status":"publish","type":"page","link":"https:\/\/semmelweis.hu\/hok\/atlathatosag\/beszamolok\/","title":{"rendered":"Besz\u00e1mol\u00f3k \u00e9s k\u00f6z\u00e9leti \u00f6szt\u00f6nd\u00edjak"},"content":{"rendered":"<p>Az egyes H\u00d6K k\u00f6tel\u00e9k\u00e9ben dolgoz\u00f3 hallgat\u00f3k besz\u00e1mol\u00f3it a nev\u00fcknek megfelel\u0151 mapp\u00e1ban tal\u00e1lhatj\u00e1tok meg havi bont\u00e1sban.<\/p>\n<p>Amennyiben egy H\u00d6K k\u00f6tel\u00e9k\u00e9ben dolgoz\u00f3 hallgat\u00f3 besz\u00e1mol\u00f3j\u00e1t nem tal\u00e1lj\u00e1tok, k\u00e9rj\u00fck jelezz\u00e9tek fel\u00e9nk e-mailben <a href=\"mailto:hok.secretary@semmelweis.hu\">itt<\/a>.<\/p>\n<p style=\"text-align: center\"><a href=\"https:\/\/semmelweis.hu\/hok\/palyazatok\/kozeleti-osztondij\/\" target=\"_blank\" rel=\"noopener\">Semmelweis Egyetem Szent\u00e1gothai J\u00e1nos \u00d6szt\u00f6nd\u00edj\u00e1nak (a k\u00f6z\u00e9leti \u00f6szt\u00f6nd\u00edjnak) a p\u00e1ly\u00e1zati ki\u00edr\u00e1sa el\u00e9rhet\u0151 itt<\/a><\/p>\n<p>&nbsp;<\/p>\n<p><span style=\"font-size: 18pt\"><strong>Besz\u00e1mol\u00f3k<\/strong><\/span><\/p>\n<div class=\"keretes w-100\">\n<p>A k\u00f6z\u00e9leti besz\u00e1mol\u00f3kat 2023 m\u00e1rcius\u00e1t\u00f3l az egyetemi O365 fel\u00fcletre kell a hallgat\u00f3knak felt\u00f6lteni\u00fck.<\/p>\n<\/div>\n<p>A hallgat\u00f3k n\u00e9vvel ell\u00e1tott mapp\u00e1i, amikben a havi k\u00f6z\u00e9leti besz\u00e1mol\u00f3k \u00e9s a tiszts\u00e9gvisel\u0151k p\u00e1ly\u00e1zati dokumentumai tal\u00e1lhat\u00f3k, <a href=\"https:\/\/unisemmelweis.sharepoint.com\/:f:\/t\/Projekt_HK-StudentsUnion\/IgD6gglNeMN1S4BpuxixTPrmAQTUwM1wFGD-mrusQROvVUU?e=boY0ug\" target=\"_blank\" rel=\"noopener\">ezen a linken<\/a> kereszt\u00fcl \u00e9rhet\u0151k el az egyetemi hozz\u00e1f\u00e9r\u00e9ssel rendelkez\u0151k sz\u00e1m\u00e1ra. A keres\u0151s\u00e1v m\u0171k\u00f6dik, annak seg\u00edts\u00e9g\u00e9vel k\u00f6nnyen megtal\u00e1lhat\u00f3k c\u00e9lzottan a besz\u00e1mol\u00f3k.<\/p>\n<p>A k\u00fcls\u0151 lek\u00e9r\u00e9sek automatiz\u00e1lt biztos\u00edt\u00e1sa folyamatban van. Am\u00edg ez nem el\u00e9rhet\u0151, <a href=\"mailto:hok.secretary@semmelweis.hu\">ezen a c\u00edmen<\/a> lehet a besz\u00e1mol\u00f3kat ig\u00e9nyelni.<\/p>\n<p>&nbsp;<\/p>\n<p>A kor\u00e1bbi, Google Drive-ra felt\u00f6lt\u00f6tt besz\u00e1mol\u00f3k \u00e1thelyez\u00e9sre ker\u00fcltek az O365 fel\u00fcletre, de tov\u00e1bbra is el\u00e9rhet\u0151ek a 2023 m\u00e1rciusa el\u0151tti besz\u00e1mol\u00f3k <a href=\"https:\/\/drive.google.com\/drive\/folders\/13gxcNnOPrH4QD3nldXugKZOd-1rbOZ0Z\" target=\"_blank\" rel=\"noopener\">itt<\/a>.<\/p>\n<p>&nbsp;<\/p>\n<p><span style=\"font-size: 18pt\"><strong>K\u00f6z\u00e9leti \u00f6szt\u00f6nd\u00edjak<\/strong><\/span><\/p>\n<p>A k\u00f6z\u00e9leti \u00f6szt\u00f6nd\u00edjak m\u00e9rt\u00e9k\u00e9t a <a href=\"https:\/\/semmelweis.hu\/hok\/files\/2026\/02\/27084_KSHOK_2026_Az-SE-HOK-KUldottgyulesenek-1_2026.II_.12.-SE-HOK-KGY.-sz.-hatarozata-a-kozeleti-osztondijak-mertekenek-modositasarol.pdf\" target=\"_blank\" rel=\"noopener\">1\/2026.(II.13.) SE H\u00d6K KGY sz. hat\u00e1rozat<\/a> az al\u00e1bbiakban hat\u00e1rozza meg:<\/p>\n<p>&#8211; H\u00d6K eln\u00f6k: a mindenkori \u00e9ves hallgat\u00f3i normat\u00edva \u00f6sszeg\u00e9nek legfeljebb 170%-a<br \/>\n&#8211; H\u00d6K aleln\u00f6k: a mindenkori \u00e9ves hallgat\u00f3i normat\u00edva \u00f6sszeg\u00e9nek legfeljebb 145%-a<br \/>\n&#8211; H\u00d6K kari vezet\u0151: a mindenkori \u00e9ves hallgat\u00f3i normat\u00edva \u00f6sszeg\u00e9nek legfeljebb 110%-a<br \/>\n&#8211; H\u00d6K bizotts\u00e1gi vezet\u0151: a mindenkori \u00e9ves hallgat\u00f3i normat\u00edva \u00f6sszeg\u00e9nek legfeljebb 110%-a<br \/>\n&#8211; H\u00d6K eln\u00f6ki megb\u00edzott: a mindenkori \u00e9ves hallgat\u00f3i normat\u00edva \u00f6sszeg\u00e9nek legfeljebb 110%-a<br \/>\n&#8211; H\u00d6K Titk\u00e1r: a mindenkori \u00e9ves hallgat\u00f3i normat\u00edva \u00f6sszeg\u00e9nek legfeljebb 110%-a<br \/>\n&#8211; H\u00d6K V\u00e1laszt\u00e1si k\u00e9pvisel\u0151 (kiz\u00e1r\u00f3lag a H\u00d6K v\u00e1laszt\u00e1sok idej\u00e9re): a mindenkori \u00e9ves hallgat\u00f3i normat\u00edva \u00f6sszeg\u00e9nek legfeljebb 80%-a.<br \/>\n&#8211; Az \u00e1ltal\u00e1nos hallgat\u00f3i k\u00f6z\u00e9leti tev\u00e9kenys\u00e9gek d\u00edjaz\u00e1sa pontrendszerhez k\u00f6t\u0151dik, melyben a hallgat\u00f3 a k\u00f6z\u00e9leti feladatjegyz\u00e9k szerint meghat\u00e1rozott feladatok elv\u00e9gz\u00e9se eset\u00e9n meghat\u00e1rozott mennyis\u00e9g\u0171 ponttal d\u00edjazhat\u00f3. A hallgat\u00f3 a mindenkori \u00e9ves hallgat\u00f3i normat\u00edva \u00f6sszege 0,9%-\u00e1nak a h\u00f3nap sor\u00e1n szerzett pontjaival alkotott szorzat\u00e1ra jogosult.<\/p>\n<p>Az egy f\u0151re jut\u00f3 hallgat\u00f3i normat\u00edva \u00f6sszeg\u00e9t a 2011. \u00e9vi CCIV. t\u00f6rv\u00e9ny (Nftv.) 166 600 Ft\/\u00e9vben \u00e1llap\u00edtja meg.<\/p>\n<p>&nbsp;<\/p>\n<div class=\"exp-col-content-holder\"><a class=\"expand-cnt-link\" href=\"#\">Hogyan tudok k\u00f6z\u00e9leti \u00f6szt\u00f6nd\u00edjra p\u00e1ly\u00e1zni?<\/a><\/p>\n<div class=\"hidden-content\">\n<p class=\"hiddenContentp\">A k\u00f6z\u00e9leti \u00f6szt\u00f6nd\u00edjra olyan hallgat\u00f3k p\u00e1ly\u00e1zhatnak, akik a p\u00e1ly\u00e1z\u00e1si hat\u00e1rid\u0151 el\u0151tti id\u0151szakban a Semmelweis Egyetem k\u00f6tel\u00e9k\u00e9ben v\u00e9geztek k\u00f6z\u00f6ss\u00e9gi munk\u00e1t. A p\u00e1ly\u00e1zatot a NEPTUN Rendszeren kereszt\u00fcl lehet leadni az \u00dcgyint\u00e9z\u00e9s -&gt; K\u00e9rv\u00e9nyek -&gt; Kit\u00f6lthet\u0151 k\u00e9rv\u00e9nyek men\u00fcpontn\u00e1l a p\u00e1ly\u00e1zati id\u0151szakban. A p\u00e1ly\u00e1zat \u00e9rv\u00e9nyess\u00e9g\u00e9nek alapvet\u0151 felt\u00e9tele az elv\u00e9gzett munk\u00e1r\u00f3l k\u00e9sz\u00edtett besz\u00e1mol\u00f3 csatol\u00e1sa. Ennek pontos menet\u00e9t elolvashatj\u00e1tok <a href=\"https:\/\/unisemmelweis.sharepoint.com\/:f:\/t\/Projekt_HK-StudentsUnion\/Emv4yS__IDRClJhcJyAj2l0BV8oR4tBZQU7sQMpMZhkIGQ\">itt<\/a>.<\/p>\n<\/div>\n<\/div>\n<p>&nbsp;<\/p>\n","protected":false},"excerpt":{"rendered":"<p>Az egyes H\u00d6K k\u00f6tel\u00e9k\u00e9ben dolgoz\u00f3 hallgat\u00f3k besz\u00e1mol\u00f3it a nev\u00fcknek megfelel\u0151 mapp\u00e1ban tal\u00e1lhatj\u00e1tok meg havi bont\u00e1sban. Amennyiben egy H\u00d6K k\u00f6tel\u00e9k\u00e9ben dolgoz\u00f3 hallgat\u00f3 besz\u00e1mol\u00f3j\u00e1t nem tal\u00e1lj\u00e1tok, k\u00e9rj\u00fck jelezz\u00e9tek fel\u00e9nk e-mailben <a href=\"mailto:hok.secretary@semmelweis.hu\">itt<\/a> . <a href=\"https:\/\/semmelweis.hu\/hok\/palyazatok\/kozeleti-osztondij\/\" target=\"_blank\" rel=\"noopener\">Semmelweis Egyetem Szent\u00e1gothai J\u00e1nos \u00d6szt\u00f6nd\u00edj\u00e1nak (a k\u00f6z\u00e9leti \u00f6szt\u00f6nd\u00edjnak) a p\u00e1ly\u00e1zati ki\u00edr\u00e1sa el\u00e9rhet\u0151 itt<\/a> &nbsp; Besz\u00e1mol\u00f3k A k\u00f6z\u00e9leti besz\u00e1mol\u00f3kat 2023 m\u00e1rcius\u00e1t\u00f3l az egyetemi O365 fel\u00fcletre kell a hallgat\u00f3knak felt\u00f6lteni\u00fck. A hallgat\u00f3k n\u00e9vvel ell\u00e1tott mapp\u00e1i, amikben a havi k\u00f6z\u00e9leti besz\u00e1mol\u00f3k \u00e9s &hellip;<\/p>\n","protected":false},"author":101156,"featured_media":0,"parent":7121,"menu_order":2,"comment_status":"closed","ping_status":"closed","template":"","meta":{"_acf_changed":false,"footnotes":""},"categories":[],"tags":[],"class_list":["post-516","page","type-page","status-publish","hentry"],"acf":[],"_links":{"self":[{"href":"https:\/\/semmelweis.hu\/hok\/wp-json\/wp\/v2\/pages\/516","targetHints":{"allow":["GET"]}}],"collection":[{"href":"https:\/\/semmelweis.hu\/hok\/wp-json\/wp\/v2\/pages"}],"about":[{"href":"https:\/\/semmelweis.hu\/hok\/wp-json\/wp\/v2\/types\/page"}],"author":[{"embeddable":true,"href":"https:\/\/semmelweis.hu\/hok\/wp-json\/wp\/v2\/users\/101156"}],"replies":[{"embeddable":true,"href":"https:\/\/semmelweis.hu\/hok\/wp-json\/wp\/v2\/comments?post=516"}],"version-history":[{"count":13,"href":"https:\/\/semmelweis.hu\/hok\/wp-json\/wp\/v2\/pages\/516\/revisions"}],"predecessor-version":[{"id":19303,"href":"https:\/\/semmelweis.hu\/hok\/wp-json\/wp\/v2\/pages\/516\/revisions\/19303"}],"up":[{"embeddable":true,"href":"https:\/\/semmelweis.hu\/hok\/wp-json\/wp\/v2\/pages\/7121"}],"wp:attachment":[{"href":"https:\/\/semmelweis.hu\/hok\/wp-json\/wp\/v2\/media?parent=516"}],"wp:term":[{"taxonomy":"category","embeddable":true,"href":"https:\/\/semmelweis.hu\/hok\/wp-json\/wp\/v2\/categories?post=516"},{"taxonomy":"post_tag","embeddable":true,"href":"https:\/\/semmelweis.hu\/hok\/wp-json\/wp\/v2\/tags?post=516"}],"curies":[{"name":"wp","href":"https:\/\/api.w.org\/{rel}","templated":true}]}}