{"id":17134,"date":"2024-04-24T12:44:25","date_gmt":"2024-04-24T10:44:25","guid":{"rendered":"https:\/\/semmelweis.hu\/hok\/?page_id=17134"},"modified":"2024-06-05T22:54:30","modified_gmt":"2024-06-05T20:54:30","slug":"magyar-pulmonologiai-alapitvany-osztondija","status":"publish","type":"page","link":"https:\/\/semmelweis.hu\/hok\/palyazatok\/magyar-pulmonologiai-alapitvany-osztondija\/","title":{"rendered":"Magyar Pulmonol\u00f3giai Alap\u00edtv\u00e1ny \u00f6szt\u00f6nd\u00edja"},"content":{"rendered":"<p>Az \u00f6szt\u00f6nd\u00edj c\u00e9lja:<\/p>\n<ul>\n<li>a t\u00fcd\u0151gy\u00f3gy\u00e1szat ir\u00e1nt \u00e9rdekl\u0151d\u0151 egyetemi hallgat\u00f3k gyakorlati k\u00e9pz\u0151helyen t\u00f6rt\u00e9n\u0151 fogad\u00e1sa, melynek sor\u00e1n megismerkednek a pulmonol\u00f3giai betegell\u00e1t\u00e1s gyakorlat\u00e1val, valamint olyan pulmonol\u00f3giai tev\u00e9kenys\u00e9gekkel, melyeket az egyetemi k\u00e9pz\u00e9s alatt nem, vagy nem kell\u0151 m\u00e9lys\u00e9g\u00e9ben oktatnak<\/li>\n<li>a feln\u0151tt t\u00fcd\u0151gy\u00f3gy\u00e1sz ut\u00e1np\u00f3tl\u00e1s nevel\u00e9s t\u00e1mogat\u00e1sa<\/li>\n<\/ul>\n<p>Id\u0151tartam: 4 hetes ny\u00e1ri gyakorlat<\/p>\n<p>\u00c9venk\u00e9nt elnyerhet\u0151 \u00f6szt\u00f6nd\u00edjak:<\/p>\n<ul>\n<li>egyetemenk\u00e9nt 2 f\u0151<\/li>\n<li>tov\u00e1bbi 2 helyre p\u00e1ly\u00e1zhatnak hat\u00e1ron t\u00fali magyar hallgat\u00f3k is (k\u00e9pz\u00e9s\u00fck csak egyetemt\u0151l f\u00fcggetlen k\u00e9pz\u0151helyen val\u00f3sulhat meg)<\/li>\n<\/ul>\n<p>Az \u00f6szt\u00f6nd\u00edj felt\u00e9tele:<\/p>\n<ul>\n<li>a belgy\u00f3gy\u00e1szati propedeutika tant\u00e1rgy teljes\u00edt\u00e9se (illetve hat\u00e1ron t\u00fali hallgat\u00f3k eset\u00e9n<br \/>\nennek megfelel\u0151 min. egy f\u00e9l\u00e9ves t\u00e1rgy teljes\u00edt\u00e9se)<\/li>\n<\/ul>\n<p>A t\u00e1mogat\u00e1s \u00f6sszege:<\/p>\n<ul>\n<li>egyetemi klinik\u00e1n t\u00f6lt\u00f6tt gyakorlat eset\u00e9n 100 000 (egysz\u00e1zezer) forint<\/li>\n<li>egy\u00e9b k\u00e9pz\u0151helyen t\u00f6lt\u00f6tt gyakorlat eset\u00e9n 200 000 (kett\u0151sz\u00e1zezer) forint<\/li>\n<\/ul>\n<p>Ig\u00e9ny eset\u00e9n a gyakorlaton r\u00e9szt vev\u0151 hallgat\u00f3k sz\u00e1ll\u00e1s\u00e1r\u00f3l a fogad\u00f3 k\u00e9pz\u0151hely gondoskodik.<br \/>\nEgy hallgat\u00f3 egy alkalommal r\u00e9szes\u00fclhet \u00f6szt\u00f6nd\u00edjban.<\/p>\n<p>B\u00edr\u00e1lati szempontok:<\/p>\n<ul>\n<li>a hallgat\u00f3 motiv\u00e1ci\u00f3ja<\/li>\n<li>a pulmonol\u00f3gia tant\u00e1rgy teljes\u00edt\u00e9se el\u0151nyt jelent, de nem felt\u00e9tel<\/li>\n<li>belgy\u00f3gy\u00e1szat (propedeutika \u00e9s egy\u00e9b szak\u00e1gak) valamint pulmonol\u00f3gia t\u00e1rgyb\u00f3l szerzett \u00e9rdemjegy<\/li>\n<li>egy\u00e9b klinikai, kutat\u00e1si vagy egyetemi aktivit\u00e1s<\/li>\n<\/ul>\n<p>Bek\u00fcldend\u0151 dokumentumok:<\/p>\n<ul>\n<li>\u00f6n\u00e9letrajz, k\u00fcl\u00f6n kiemelve a belgy\u00f3gy\u00e1szati t\u00e1rgyakb\u00f3l \u00e9s pulmonol\u00f3gi\u00e1b\u00f3l szerzett \u00e9rdemjegyeket, valamint a kor\u00e1bbi tudom\u00e1nyos rendezv\u00e9nyen tartott el\u0151ad\u00e1sokat \u00e9s tudom\u00e1nyos publik\u00e1ci\u00f3kat<\/li>\n<li>motiv\u00e1ci\u00f3s lev\u00e9l<\/li>\n<li>k\u00eds\u00e9r\u0151lev\u00e9l megjel\u00f6lve a gyakorlat hely\u00e9t \u00e9s tervezett idej\u00e9t<\/li>\n<\/ul>\n<p>A gyakorlatot k\u00f6vet\u0151 4 h\u00e9ten bel\u00fcl a tapasztalatokr\u00f3l k\u00e9rj\u00fck besz\u00e1mol\u00f3 beny\u00fajt\u00e1s\u00e1t a Magyar T\u00fcd\u0151gy\u00f3gy\u00e1sz T\u00e1sas\u00e1g eln\u00f6ks\u00e9ge \u00e9s az Ifj\u00fas\u00e1gi Szekci\u00f3 fel\u00e9.<\/p>\n<p>A dokumentumokat a Magyar Pulmonol\u00f3giai Alap\u00edtv\u00e1ny Titk\u00e1rs\u00e1g\u00e1nak kell c\u00edmezni (Mikoss M\u00e1ria, <a href=\"mailto:mikoss@koranyi.hu\" target=\"_blank\" rel=\"noopener\">mikoss@koranyi.hu<\/a>).<\/p>\n<p><strong>Jelentkez\u00e9si hat\u00e1rid\u0151:<\/strong> minden \u00e9v j\u00fanius 30.<\/p>\n<p>Kedvcsin\u00e1l\u00f3 vide\u00f3 megtekinthet\u0151 <a href=\"https:\/\/vimeo.com\/427769534\" target=\"_blank\" rel=\"noopener\">ITT<\/a>.<\/p>\n<p><span lang=\"de\">Ha b\u00e1rkinek seg\u00edts\u00e9gre lenne sz\u00fcks\u00e9ge a p\u00e1ly\u00e1zattal kapcsolatban, akkor b\u00e1tran \u00edr<\/span>j<span lang=\"de\">on a<\/span> Magyar T\u00fcd\u0151gy\u00f3gy\u00e1sz T\u00e1rsas\u00e1g titk\u00e1rs\u00e1g\u00e1nak (<a href=\"mailto:mtt.titkarsag@koranyi.hu\">mtt.titkarsag@koranyi.hu<\/a>), vagy az MTT Ifj\u00fas\u00e1gi Szekci\u00f3 vezet\u0151s\u00e9g\u00e9nek (<span lang=\"de\"><a href=\"mailto:czibulaeszter@gmail.com\">czibulaeszter@gmail.com<\/a><\/span>,\u00a0<a href=\"mailto:ifjusagiszekciomtt@gmail.com\">ifjusagiszekciomtt@gmail.com<\/a>)\u00a0<span lang=\"de\">e-mail c\u00edm\u00e9re.<\/span><\/p>\n","protected":false},"excerpt":{"rendered":"<p>Az \u00f6szt\u00f6nd\u00edj c\u00e9lja: a t\u00fcd\u0151gy\u00f3gy\u00e1szat ir\u00e1nt \u00e9rdekl\u0151d\u0151 egyetemi hallgat\u00f3k gyakorlati k\u00e9pz\u0151helyen t\u00f6rt\u00e9n\u0151 fogad\u00e1sa, melynek sor\u00e1n megismerkednek a pulmonol\u00f3giai betegell\u00e1t\u00e1s gyakorlat\u00e1val, valamint olyan pulmonol\u00f3giai tev\u00e9kenys\u00e9gekkel, melyeket az egyetemi k\u00e9pz\u00e9s alatt nem, vagy nem kell\u0151 m\u00e9lys\u00e9g\u00e9ben oktatnak a feln\u0151tt t\u00fcd\u0151gy\u00f3gy\u00e1sz ut\u00e1np\u00f3tl\u00e1s nevel\u00e9s t\u00e1mogat\u00e1sa Id\u0151tartam: 4 hetes ny\u00e1ri gyakorlat \u00c9venk\u00e9nt elnyerhet\u0151 \u00f6szt\u00f6nd\u00edjak: egyetemenk\u00e9nt 2 f\u0151 tov\u00e1bbi 2 helyre &hellip;<\/p>\n","protected":false},"author":102121,"featured_media":17135,"parent":12323,"menu_order":17,"comment_status":"closed","ping_status":"closed","template":"","meta":{"_acf_changed":false,"footnotes":""},"categories":[],"tags":[584],"class_list":["post-17134","page","type-page","status-publish","has-post-thumbnail","hentry","tag-palyod"],"acf":[],"_links":{"self":[{"href":"https:\/\/semmelweis.hu\/hok\/wp-json\/wp\/v2\/pages\/17134","targetHints":{"allow":["GET"]}}],"collection":[{"href":"https:\/\/semmelweis.hu\/hok\/wp-json\/wp\/v2\/pages"}],"about":[{"href":"https:\/\/semmelweis.hu\/hok\/wp-json\/wp\/v2\/types\/page"}],"author":[{"embeddable":true,"href":"https:\/\/semmelweis.hu\/hok\/wp-json\/wp\/v2\/users\/102121"}],"replies":[{"embeddable":true,"href":"https:\/\/semmelweis.hu\/hok\/wp-json\/wp\/v2\/comments?post=17134"}],"version-history":[{"count":1,"href":"https:\/\/semmelweis.hu\/hok\/wp-json\/wp\/v2\/pages\/17134\/revisions"}],"predecessor-version":[{"id":17136,"href":"https:\/\/semmelweis.hu\/hok\/wp-json\/wp\/v2\/pages\/17134\/revisions\/17136"}],"up":[{"embeddable":true,"href":"https:\/\/semmelweis.hu\/hok\/wp-json\/wp\/v2\/pages\/12323"}],"wp:featuredmedia":[{"embeddable":true,"href":"https:\/\/semmelweis.hu\/hok\/wp-json\/wp\/v2\/media\/17135"}],"wp:attachment":[{"href":"https:\/\/semmelweis.hu\/hok\/wp-json\/wp\/v2\/media?parent=17134"}],"wp:term":[{"taxonomy":"category","embeddable":true,"href":"https:\/\/semmelweis.hu\/hok\/wp-json\/wp\/v2\/categories?post=17134"},{"taxonomy":"post_tag","embeddable":true,"href":"https:\/\/semmelweis.hu\/hok\/wp-json\/wp\/v2\/tags?post=17134"}],"curies":[{"name":"wp","href":"https:\/\/api.w.org\/{rel}","templated":true}]}}