{"id":16960,"date":"2024-02-26T00:07:49","date_gmt":"2024-02-25T23:07:49","guid":{"rendered":"https:\/\/semmelweis.hu\/hok\/?page_id=16960"},"modified":"2024-04-03T16:53:38","modified_gmt":"2024-04-03T14:53:38","slug":"nemet-nyelvu-tanfolyamok","status":"publish","type":"page","link":"https:\/\/semmelweis.hu\/hok\/hirdetesek\/a-szaknyelvi-intezet-tanfolyamai-kepzesei\/nemet-nyelvu-tanfolyamok\/","title":{"rendered":"N\u00e9met nyelv\u0171 tanfolyamok"},"content":{"rendered":"<div class=\"responsive-tabs\">\n<h2 class=\"tabtitle\">Online PROFEX (B2)<\/h2>\n<div class=\"tabcontent\">\n\n<div class=\"keretes w-100\">\n<h5 style=\"text-align: center\">A jelentkez\u00e9si hat\u00e1rid\u0151 lej\u00e1rt.<\/h5>\n<\/div>\n<p>ONLINE PROFEX orvosi szaknyelvi vizsgafelk\u00e9sz\u00edt\u0151 tanfolyamot ind\u00edt N\u00c9MET nyelvb\u0151l (B2) a Semmelweis Egyetem Szaknyelvi Int\u00e9zete 2024 m\u00e1rcius\u00e1ban.<\/p>\n<p>A 30 \u00f3r\u00e1s, ONLINE tanfolyam c\u00e9lja:<\/p>\n<ul>\n<li>komplex felk\u00e9sz\u00edt\u00e9s az \u00edr\u00e1sbeli \u00e9s a sz\u00f3beli PROFEX vizsg\u00e1ra,<\/li>\n<li>pr\u00f3bavizsga sikeres teljes\u00edt\u00e9se a modul z\u00e1r\u00e1sak\u00e9nt, ahol a hallgat\u00f3 objekt\u00edv \u00e9rt\u00e9kel\u00e9st kap a vizsg\u00e1n el\u00e9rt eredm\u00e9ny\u00e9r\u0151l.<\/li>\n<\/ul>\n<p>Aj\u00e1nljuk<\/p>\n<ul>\n<li>a Semmelweis Egyetem hallgat\u00f3inak, dolgoz\u00f3inak, k\u00fcls\u0151s \u00e9rdekl\u0151d\u0151knek,<\/li>\n<li>B1 szint\u0171 nyelvtud\u00e1ssal rendelkez\u0151knek,<\/li>\n<li>azoknak, akik a 2024. \u00e1prilisi PROFEX vizsg\u00e1ra szeretn\u00e9nek jelentkezni.<\/li>\n<\/ul>\n<p>Tanfolyam r\u00e9szletek:<\/p>\n<ul>\n<li>6 alkalom, 5 \u00f3ra\/alkalom, 100% online,<\/li>\n<li>2024. 03.08-04.12. k\u00f6z\u00f6tt, minden p\u00e9nteken 16.00-t\u00f3l,<\/li>\n<li>tanfolyam d\u00edja: 65.000 Ft,*<\/li>\n<li><strong>regisztr\u00e1ci\u00f3s \u00e9s befizet\u00e9si hat\u00e1rid\u0151: 2024.03.05.<\/strong><\/li>\n<\/ul>\n<p>Regisztr\u00e1ci\u00f3 itt:<br \/>\n<a href=\"https:\/\/forms.office.com\/e\/GrUgB0VDy5?origin=lprLink\" target=\"_blank\" rel=\"noopener\">https:\/\/forms.office.com\/e\/GrUgB0VDy5?origin=lprLink<\/a><\/p>\n<p>*20% kedvezm\u00e9ny Semmelweis Polg\u00e1rok r\u00e9sz\u00e9re<br \/>\n*10% kedvezm\u00e9ny Semmelweis Alumni tagoknak<\/p>\n<p>El\u00e9rhet\u0151s\u00e9g:<br \/>\n<a href=\"mailto:lsp@semmelweis.hu\" target=\"_blank\" rel=\"noopener\">lsp@semmelweis.hu<\/a><br \/>\n<a href=\"https:\/\/www.facebook.com\/szaknyelviintezet?__cft__[0]=AZW6Fq5apqtDD3LIBDxGVrju-KImlG8ZFn67ByI9sB8390t5FmDnMpZtbXsF6GNEoC6ixay4DLIdq7tq-LPE51Xk9U-dqGKQ3wTYaJp_XKX0a35CcQMUva4UR953P6je5qOe5LGG4UwZkQtbRJorxXjC&amp;__tn__=-]K-R\" target=\"_blank\" rel=\"noopener\">Semmelweis Egyetem Szaknyelvi Int\u00e9zet<\/a><\/p>\n\n<\/div><h2 class=\"tabtitle\">Online eg\u00e9szs\u00e9g\u00fcgyi n\u00e9met szaknyelv (B2-C1)<\/h2>\n<div class=\"tabcontent\">\n\n<div class=\"keretes w-100\">\n<h5 style=\"text-align: center\">A jelentkez\u00e9si hat\u00e1rid\u0151 lej\u00e1rt.<\/h5>\n<\/div>\n<p>ONLINE EG\u00c9SZS\u00c9G\u00dcGYI N\u00c9MET SZAKNYELV (B2-C1) tanfolyamot ind\u00edt a Semmelweis Egyetem Szaknyelvi Int\u00e9zete 2024. m\u00e1rcius 21-\u00e9n.<\/p>\n<p>A 40 \u00f3r\u00e1s, ONLINE k\u00e9pz\u00e9s<\/p>\n<ul>\n<li>betekint\u00e9st ny\u00fajt a legfontosabb orvosi szakter\u00fcletek terminol\u00f3gi\u00e1j\u00e1ba,<\/li>\n<li>orvosi szaksz\u00f3kincsen alapul\u00f3 nyelvtani rendszerez\u00e9st biztos\u00edt,<\/li>\n<li>a szaknyelvi kommunik\u00e1ci\u00f3s \u00e9s dokument\u00e1ci\u00f3s k\u00e9szs\u00e9gek fejleszt\u00e9s\u00e9t seg\u00edti.<\/li>\n<\/ul>\n<p>V\u00e1rjuk azokat az \u00e9rdekl\u0151d\u0151ket, akik<\/p>\n<ul>\n<li>szeretn\u00e9nek szaknyelvi ismereteket szerezni, esetleg megl\u00e9v\u0151 tud\u00e1sukat szeretn\u00e9k felfriss\u00edteni, kieg\u00e9sz\u00edteni,<\/li>\n<li>az Eg\u00e9szs\u00e9gtudom\u00e1nyi szakford\u00edt\u00f3- \u00e9s tolm\u00e1cs szakir\u00e1ny\u00fa k\u00e9pz\u00e9s\u00fcnk ir\u00e1nt \u00e9rdekl\u0151dnek vagy m\u00e1r akt\u00edv hallgat\u00f3k.<\/li>\n<\/ul>\n<p><strong>Jelentkez\u00e9si-befizet\u00e9si hat\u00e1rid\u0151: 2024.03.14.<\/strong><\/p>\n<p>Regisztr\u00e1ci\u00f3 a tanfolyamra itt: <br \/>\n<a href=\"https:\/\/forms.office.com\/e\/kVE8um5tKi?origin=lprLink\" target=\"_blank\" rel=\"noopener\">https:\/\/forms.office.com\/e\/kVE8um5tKi?origin=lprLink<\/a><\/p>\n<p>El\u00e9rhet\u0151s\u00e9g:<br \/>\n<a href=\"mailto:lsp@semmelweis.hu\" target=\"_blank\" rel=\"noopener\">lsp@semmelweis.hu<\/a><br \/>\n<a href=\"https:\/\/www.facebook.com\/szaknyelviintezet?__cft__[0]=AZW6Fq5apqtDD3LIBDxGVrju-KImlG8ZFn67ByI9sB8390t5FmDnMpZtbXsF6GNEoC6ixay4DLIdq7tq-LPE51Xk9U-dqGKQ3wTYaJp_XKX0a35CcQMUva4UR953P6je5qOe5LGG4UwZkQtbRJorxXjC&amp;__tn__=-]K-R\" target=\"_blank\" rel=\"noopener\">Semmelweis Egyetem Szaknyelvi Int\u00e9zet<\/a><\/p>\n<\/div><\/div>\n","protected":false},"excerpt":{"rendered":"<p>A jelentkez\u00e9si hat\u00e1rid\u0151 lej\u00e1rt. ONLINE PROFEX orvosi szaknyelvi vizsgafelk\u00e9sz\u00edt\u0151 tanfolyamot ind\u00edt N\u00c9MET nyelvb\u0151l (B2) a Semmelweis Egyetem Szaknyelvi Int\u00e9zete 2024 m\u00e1rcius\u00e1ban. A 30 \u00f3r\u00e1s, ONLINE tanfolyam c\u00e9lja: komplex felk\u00e9sz\u00edt\u00e9s az \u00edr\u00e1sbeli \u00e9s a sz\u00f3beli PROFEX vizsg\u00e1ra, pr\u00f3bavizsga sikeres teljes\u00edt\u00e9se a modul z\u00e1r\u00e1sak\u00e9nt, ahol a hallgat\u00f3 objekt\u00edv \u00e9rt\u00e9kel\u00e9st kap a vizsg\u00e1n el\u00e9rt eredm\u00e9ny\u00e9r\u0151l. Aj\u00e1nljuk a Semmelweis &hellip;<\/p>\n","protected":false},"author":102121,"featured_media":0,"parent":16949,"menu_order":2,"comment_status":"closed","ping_status":"closed","template":"","meta":{"_acf_changed":false,"footnotes":""},"categories":[],"tags":[],"class_list":["post-16960","page","type-page","status-publish","hentry"],"acf":[],"_links":{"self":[{"href":"https:\/\/semmelweis.hu\/hok\/wp-json\/wp\/v2\/pages\/16960","targetHints":{"allow":["GET"]}}],"collection":[{"href":"https:\/\/semmelweis.hu\/hok\/wp-json\/wp\/v2\/pages"}],"about":[{"href":"https:\/\/semmelweis.hu\/hok\/wp-json\/wp\/v2\/types\/page"}],"author":[{"embeddable":true,"href":"https:\/\/semmelweis.hu\/hok\/wp-json\/wp\/v2\/users\/102121"}],"replies":[{"embeddable":true,"href":"https:\/\/semmelweis.hu\/hok\/wp-json\/wp\/v2\/comments?post=16960"}],"version-history":[{"count":7,"href":"https:\/\/semmelweis.hu\/hok\/wp-json\/wp\/v2\/pages\/16960\/revisions"}],"predecessor-version":[{"id":17084,"href":"https:\/\/semmelweis.hu\/hok\/wp-json\/wp\/v2\/pages\/16960\/revisions\/17084"}],"up":[{"embeddable":true,"href":"https:\/\/semmelweis.hu\/hok\/wp-json\/wp\/v2\/pages\/16949"}],"wp:attachment":[{"href":"https:\/\/semmelweis.hu\/hok\/wp-json\/wp\/v2\/media?parent=16960"}],"wp:term":[{"taxonomy":"category","embeddable":true,"href":"https:\/\/semmelweis.hu\/hok\/wp-json\/wp\/v2\/categories?post=16960"},{"taxonomy":"post_tag","embeddable":true,"href":"https:\/\/semmelweis.hu\/hok\/wp-json\/wp\/v2\/tags?post=16960"}],"curies":[{"name":"wp","href":"https:\/\/api.w.org\/{rel}","templated":true}]}}