{"id":16958,"date":"2024-02-26T00:00:09","date_gmt":"2024-02-25T23:00:09","guid":{"rendered":"https:\/\/semmelweis.hu\/hok\/?page_id=16958"},"modified":"2024-04-20T11:43:46","modified_gmt":"2024-04-20T09:43:46","slug":"angol-nyelvu-tanfolyamok","status":"publish","type":"page","link":"https:\/\/semmelweis.hu\/hok\/hirdetesek\/a-szaknyelvi-intezet-tanfolyamai-kepzesei\/angol-nyelvu-tanfolyamok\/","title":{"rendered":"Angol nyelv\u0171 tanfolyamok"},"content":{"rendered":"<div class=\"responsive-tabs\">\n<h2 class=\"tabtitle\">TELC vizsgafelk\u00e9sz\u00edt\u0151 tr\u00e9ning angol nyelven B2 \u00e9s C1 szinten<\/h2>\n<div class=\"tabcontent\">\n\n<p>A Semmelweis Egyetem Szaknyelvi Int\u00e9zete \u00e1ltal\u00e1nos TELC vizsgafelk\u00e9sz\u00edt\u0151 tr\u00e9ninget ind\u00edt ANGOL nyelven B2 \u00e9s C1 szinten.<\/p>\n<p>K\u00f6vetkez\u0151 vizsga<\/p>\n<ul>\n<li>d\u00e1tum: 2024. m\u00e1jus 25.<\/li>\n<li>regisztr\u00e1ci\u00f3s hat\u00e1rid\u0151: 2024. m\u00e1jus 3.<\/li>\n<li>tov\u00e1bbi vizsga inf\u00f3: <a href=\"https:\/\/telc.hu\/nyelvvizsga-idopontok-2023\/\" target=\"_blank\" rel=\"noopener\">https:\/\/telc.hu\/nyelvvizsga-idopontok-2023\/<\/a><\/li>\n<\/ul>\n<p>K\u00e9tnapos online vizsgafelk\u00e9sz\u00edt\u0151 tr\u00e9ning: strat\u00e9gia a sikeres vizsg\u00e1hoz<\/p>\n<ul style=\"list-style-type: square\">\n<li>B2 szint<\/li>\n<\/ul>\n<ul>\n<li style=\"list-style-type: none\">\n<ul style=\"list-style-type: circle\">\n<li>k\u00e9t nap, 4&#215;45 perc\/nap, 100% online, <\/li>\n<li>2024. m\u00e1jus 17. (sz\u00f3belire felk\u00e9sz\u00edt\u0151) \u00e9s m\u00e1jus 24. (\u00edr\u00e1sbelire felk\u00e9sz\u00edt\u0151),<\/li>\n<li>p\u00e9ntekenk\u00e9nt 16.00 &#8211; 19.00-ig,<\/li>\n<li>tr\u00e9ning d\u00edja: 18.000 Ft,* <\/li>\n<li><strong>regisztr\u00e1ci\u00f3s \u00e9s befizet\u00e9si hat\u00e1rid\u0151: 2024. m\u00e1jus 10.<\/strong><\/li>\n<\/ul>\n<\/li>\n<\/ul>\n<ul style=\"list-style-type: square\">\n<li>C1 szint<\/li>\n<\/ul>\n<ul>\n<li style=\"list-style-type: none\">\n<ul style=\"list-style-type: circle\">\n<li>2 alkalom, 4&#215;45 perc\/nap, 100% online, <\/li>\n<li>2024. m\u00e1jus 18. (sz\u00f3belire felk\u00e9sz\u00edt\u0151) \u00e9s m\u00e1jus 19. (\u00edr\u00e1sbelire felk\u00e9sz\u00edt\u0151), 9.00 &#8211; 12.00-ig<\/li>\n<li>tr\u00e9ning d\u00edja: 18.000 HUF,* <\/li>\n<li><strong>regisztr\u00e1ci\u00f3s \u00e9s befizet\u00e9si hat\u00e1rid\u0151: 2024. m\u00e1jus 10.<\/strong><\/li>\n<\/ul>\n<\/li>\n<\/ul>\n<p>Tanfolyam regisztr\u00e1ci\u00f3 itt: <br \/>\n<a href=\"https:\/\/forms.office.com\/e\/rY9uXqvLWM?origin=lprLink\" target=\"_blank\" rel=\"noopener\">https:\/\/forms.office.com\/e\/rY9uXqvLWM?origin=lprLink<\/a><\/p>\n<p>El\u00e9rhet\u0151s\u00e9g: <br \/>\n<a href=\"mailto:lsp@semmelweis.hu\" target=\"_blank\" rel=\"noopener\">lsp@semmelweis.hu<\/a><br \/>\n<a href=\"https:\/\/www.facebook.com\/szaknyelviintezet?__cft__[0]=AZW6Fq5apqtDD3LIBDxGVrju-KImlG8ZFn67ByI9sB8390t5FmDnMpZtbXsF6GNEoC6ixay4DLIdq7tq-LPE51Xk9U-dqGKQ3wTYaJp_XKX0a35CcQMUva4UR953P6je5qOe5LGG4UwZkQtbRJorxXjC&amp;__tn__=-]K-R\" target=\"_blank\" rel=\"noopener\">Semmelweis Egyetem Szaknyelvi Int\u00e9zet<\/a><\/p>\n<p>*20% kedvezm\u00e9ny Semmelweis Polg\u00e1rok r\u00e9sz\u00e9re<br \/>\n*10% kedvezm\u00e9ny Semmelweis Alumni tagoknak<\/p>\n\n<\/div><h2 class=\"tabtitle\">Online eg\u00e9szs\u00e9g\u00fcgyi angol szaknyelv (B1-B2)<\/h2>\n<div class=\"tabcontent\">\n\n<div class=\"keretes w-100\">\n<h5 style=\"text-align: center\">A jelentkez\u00e9si hat\u00e1rid\u0151 lej\u00e1rt.<\/h5>\n<\/div>\n<p>ONLINE EG\u00c9SZS\u00c9G\u00dcGYI ANGOL SZAKNYELV (B1-B2) tanfolyamot ind\u00edt a Semmelweis Egyetem Szaknyelvi Int\u00e9zete 2024. \u00e1prilis 10-\u00e9n.<\/p>\n<p>A 40 \u00f3r\u00e1s, ONLINE k\u00e9pz\u00e9s<\/p>\n<ul>\n<li>betekint\u00e9st ny\u00fajt a legfontosabb orvosi szakter\u00fcletek terminol\u00f3gi\u00e1j\u00e1ba,<\/li>\n<li>orvosi szaksz\u00f3kincsen alapul\u00f3 nyelvtani rendszerez\u00e9st biztos\u00edt,<\/li>\n<li>a szaknyelvi kommunik\u00e1ci\u00f3s \u00e9s dokument\u00e1ci\u00f3s k\u00e9szs\u00e9gek fejleszt\u00e9s\u00e9t seg\u00edti.<\/li>\n<\/ul>\n<p>V\u00e1rjuk azokat az \u00e9rdekl\u0151d\u0151ket, akik<\/p>\n<ul>\n<li>szeretn\u00e9nek szaknyelvi ismereteket szerezni, esetleg megl\u00e9v\u0151 tud\u00e1sukat szeretn\u00e9k felfriss\u00edteni, kieg\u00e9sz\u00edteni,<\/li>\n<li>az Eg\u00e9szs\u00e9gtudom\u00e1nyi szakford\u00edt\u00f3- \u00e9s tolm\u00e1cs szakir\u00e1ny\u00fa k\u00e9pz\u00e9s\u00fcnk ir\u00e1nt \u00e9rdekl\u0151dnek vagy m\u00e1r akt\u00edv hallgat\u00f3k.<\/li>\n<\/ul>\n<p><strong>Jelentkez\u00e9si-befizet\u00e9si hat\u00e1rid\u0151: 2024.04.03.<\/strong><\/p>\n<p>Regisztr\u00e1ci\u00f3 a tanfolyamra itt: <br \/>\n<a href=\"https:\/\/forms.office.com\/e\/ZXazDngG8e?origin=lprLink\" target=\"_blank\" rel=\"noopener\">https:\/\/forms.office.com\/e\/ZXazDngG8e?origin=lprLink<\/a><\/p>\n<p>El\u00e9rhet\u0151s\u00e9g:<br \/>\n<a href=\"mailto:lsp@semmelweis.hu\" target=\"_blank\" rel=\"noopener\">lsp@semmelweis.hu<\/a><br \/>\n<a href=\"https:\/\/www.facebook.com\/szaknyelviintezet?__cft__[0]=AZW6Fq5apqtDD3LIBDxGVrju-KImlG8ZFn67ByI9sB8390t5FmDnMpZtbXsF6GNEoC6ixay4DLIdq7tq-LPE51Xk9U-dqGKQ3wTYaJp_XKX0a35CcQMUva4UR953P6je5qOe5LGG4UwZkQtbRJorxXjC&amp;__tn__=-]K-R\" target=\"_blank\" rel=\"noopener\">Semmelweis Egyetem Szaknyelvi Int\u00e9zet<\/a><\/p>\n\n<\/div><h2 class=\"tabtitle\">Online \u00e1ltal\u00e1nos angol (B2)<\/h2>\n<div class=\"tabcontent\">\n\n<div class=\"keretes w-100\">\n<h5 style=\"text-align: center\">A jelentkez\u00e9si hat\u00e1rid\u0151 lej\u00e1rt.<\/h5>\n<\/div>\n<p>Online \u00c1LTAL\u00c1NOS ANGOL (B2) tanfolyamok indulnak 2024. \u00e1prilis 9-10-\u00e9n a Szaknyelvi Int\u00e9zetben:<\/p>\n<ul>\n<li>kezd\u0151 \u00e9s halad\u00f3 szinteken,<\/li>\n<li>besz\u00e9dk\u00f6zpont\u00fa online \u00f3r\u00e1kon,<\/li>\n<li>kommunik\u00e1ci\u00f3s k\u00e9szs\u00e9gek fejleszt\u00e9se.<\/li>\n<\/ul>\n<p>Aj\u00e1nljuk azoknak, akik:<\/p>\n<ul>\n<li>nyelvvizsg\u00e1ra k\u00e9sz\u00fclnek,<\/li>\n<li>\u00e9vek \u00f3ta nem haszn\u00e1lj\u00e1k a nyelvet \u00e9s szeretn\u00e9k felfriss\u00edteni a tud\u00e1sukat,<\/li>\n<li>magabiztosan szeretn\u00e9nek kommunik\u00e1lni.<\/li>\n<\/ul>\n<p><strong>Jelentkez\u00e9si-befizet\u00e9si hat\u00e1rid\u0151: 2024.04.03.<\/strong><\/p>\n<p>Regisztr\u00e1ci\u00f3 a tanfolyamra itt: <br \/>\n<a href=\"https:\/\/forms.office.com\/e\/1q7rZZnZ81?origin=lprLink\" target=\"_blank\" rel=\"noopener\">https:\/\/forms.office.com\/e\/1q7rZZnZ81?origin=lprLink<\/a><\/p>\n<p>El\u00e9rhet\u0151s\u00e9g:<br \/>\n<a href=\"mailto:lsp@semmelweis.hu\" target=\"_blank\" rel=\"noopener\">lsp@semmelweis.hu<\/a><br \/>\n<a href=\"https:\/\/www.facebook.com\/szaknyelviintezet?__cft__[0]=AZW6Fq5apqtDD3LIBDxGVrju-KImlG8ZFn67ByI9sB8390t5FmDnMpZtbXsF6GNEoC6ixay4DLIdq7tq-LPE51Xk9U-dqGKQ3wTYaJp_XKX0a35CcQMUva4UR953P6je5qOe5LGG4UwZkQtbRJorxXjC&amp;__tn__=-]K-R\" target=\"_blank\" rel=\"noopener\">Semmelweis Egyetem Szaknyelvi Int\u00e9zet<\/a><\/p>\n\n<\/div><h2 class=\"tabtitle\">Online PROFEX (B2)<\/h2>\n<div class=\"tabcontent\">\n\n<div class=\"keretes w-100\">\n<h5 style=\"text-align: center\">A jelentkez\u00e9si hat\u00e1rid\u0151 lej\u00e1rt.<\/h5>\n<\/div>\n<p>ONLINE PROFEX orvosi szaknyelvi vizsgafelk\u00e9sz\u00edt\u0151 tanfolyamot ind\u00edt ANGOL nyelvb\u0151l (B2) a Semmelweis Egyetem Szaknyelvi Int\u00e9zete 2024 m\u00e1rcius\u00e1ban.<\/p>\n<p>A 30 \u00f3r\u00e1s, ONLINE tanfolyam c\u00e9lja:<\/p>\n<ul>\n<li>komplex felk\u00e9sz\u00edt\u00e9s az \u00edr\u00e1sbeli \u00e9s a sz\u00f3beli PROFEX vizsg\u00e1ra,<\/li>\n<li>pr\u00f3bavizsga sikeres teljes\u00edt\u00e9se a modul z\u00e1r\u00e1sak\u00e9nt, ahol a hallgat\u00f3 objekt\u00edv \u00e9rt\u00e9kel\u00e9st kap a vizsg\u00e1n el\u00e9rt eredm\u00e9ny\u00e9r\u0151l.<\/li>\n<\/ul>\n<p>Aj\u00e1nljuk<\/p>\n<ul>\n<li>a Semmelweis Egyetem hallgat\u00f3inak, dolgoz\u00f3inak, k\u00fcls\u0151s \u00e9rdekl\u0151d\u0151knek,<\/li>\n<li>B1 szint\u0171 nyelvtud\u00e1ssal rendelkez\u0151knek,<\/li>\n<li>azoknak, akik a 2024. \u00e1prilisi PROFEX vizsg\u00e1ra szeretn\u00e9nek jelentkezni.<\/li>\n<\/ul>\n<p>Tanfolyam r\u00e9szletek:<\/p>\n<ul>\n<li>10 alkalom, heti 2&#215;3 \u00f3ra, 100% online,<\/li>\n<li>2024.03.06- 04.05. k\u00f6z\u00f6tt, minden szerd\u00e1n \u00e9s p\u00e9nteken 16.30-t\u00f3l,<\/li>\n<li>tanfolyam d\u00edja: 65.000 Ft,*<\/li>\n<li><strong>regisztr\u00e1ci\u00f3s \u00e9s befizet\u00e9si hat\u00e1rid\u0151: 2024.03.01.<\/strong><\/li>\n<\/ul>\n<p>Regisztr\u00e1ci\u00f3 itt:<br \/>\n<a href=\"https:\/\/forms.office.com\/e\/GrUgB0VDy5?origin=lprLink\" target=\"_blank\" rel=\"noopener\">https:\/\/forms.office.com\/e\/GrUgB0VDy5?origin=lprLink<\/a><\/p>\n<p>*20% kedvezm\u00e9ny Semmelweis Polg\u00e1rok r\u00e9sz\u00e9re<br \/>\n*10% kedvezm\u00e9ny Semmelweis Alumni tagoknak<\/p>\n<p>El\u00e9rhet\u0151s\u00e9g:<br \/>\n<a href=\"mailto:lsp@semmelweis.hu\" target=\"_blank\" rel=\"noopener\">lsp@semmelweis.hu<\/a><br \/>\n<a href=\"https:\/\/www.facebook.com\/szaknyelviintezet?__cft__[0]=AZW6Fq5apqtDD3LIBDxGVrju-KImlG8ZFn67ByI9sB8390t5FmDnMpZtbXsF6GNEoC6ixay4DLIdq7tq-LPE51Xk9U-dqGKQ3wTYaJp_XKX0a35CcQMUva4UR953P6je5qOe5LGG4UwZkQtbRJorxXjC&amp;__tn__=-]K-R\" target=\"_blank\" rel=\"noopener\">Semmelweis Egyetem Szaknyelvi Int\u00e9zet<\/a><\/p>\n<\/div><\/div>\n","protected":false},"excerpt":{"rendered":"<p>A Semmelweis Egyetem Szaknyelvi Int\u00e9zete \u00e1ltal\u00e1nos TELC vizsgafelk\u00e9sz\u00edt\u0151 tr\u00e9ninget ind\u00edt ANGOL nyelven B2 \u00e9s C1 szinten. K\u00f6vetkez\u0151 vizsga d\u00e1tum: 2024. m\u00e1jus 25. regisztr\u00e1ci\u00f3s hat\u00e1rid\u0151: 2024. m\u00e1jus 3. tov\u00e1bbi vizsga inf\u00f3: <a href=\"https:\/\/telc.hu\/nyelvvizsga-idopontok-2023\/\" target=\"_blank\" rel=\"noopener\">https:\/\/telc.hu\/nyelvvizsga-idopontok-2023\/<\/a> K\u00e9tnapos online vizsgafelk\u00e9sz\u00edt\u0151 tr\u00e9ning: strat\u00e9gia a sikeres vizsg\u00e1hoz B2 szint k\u00e9t nap, 4&#215;45 perc\/nap, 100% online, 2024. m\u00e1jus 17. (sz\u00f3belire felk\u00e9sz\u00edt\u0151) \u00e9s m\u00e1jus 24. (\u00edr\u00e1sbelire &hellip;<\/p>\n","protected":false},"author":102121,"featured_media":0,"parent":16949,"menu_order":1,"comment_status":"closed","ping_status":"closed","template":"","meta":{"_acf_changed":false,"footnotes":""},"categories":[],"tags":[],"class_list":["post-16958","page","type-page","status-publish","hentry"],"acf":[],"_links":{"self":[{"href":"https:\/\/semmelweis.hu\/hok\/wp-json\/wp\/v2\/pages\/16958","targetHints":{"allow":["GET"]}}],"collection":[{"href":"https:\/\/semmelweis.hu\/hok\/wp-json\/wp\/v2\/pages"}],"about":[{"href":"https:\/\/semmelweis.hu\/hok\/wp-json\/wp\/v2\/types\/page"}],"author":[{"embeddable":true,"href":"https:\/\/semmelweis.hu\/hok\/wp-json\/wp\/v2\/users\/102121"}],"replies":[{"embeddable":true,"href":"https:\/\/semmelweis.hu\/hok\/wp-json\/wp\/v2\/comments?post=16958"}],"version-history":[{"count":7,"href":"https:\/\/semmelweis.hu\/hok\/wp-json\/wp\/v2\/pages\/16958\/revisions"}],"predecessor-version":[{"id":17131,"href":"https:\/\/semmelweis.hu\/hok\/wp-json\/wp\/v2\/pages\/16958\/revisions\/17131"}],"up":[{"embeddable":true,"href":"https:\/\/semmelweis.hu\/hok\/wp-json\/wp\/v2\/pages\/16949"}],"wp:attachment":[{"href":"https:\/\/semmelweis.hu\/hok\/wp-json\/wp\/v2\/media?parent=16958"}],"wp:term":[{"taxonomy":"category","embeddable":true,"href":"https:\/\/semmelweis.hu\/hok\/wp-json\/wp\/v2\/categories?post=16958"},{"taxonomy":"post_tag","embeddable":true,"href":"https:\/\/semmelweis.hu\/hok\/wp-json\/wp\/v2\/tags?post=16958"}],"curies":[{"name":"wp","href":"https:\/\/api.w.org\/{rel}","templated":true}]}}