{"id":169,"date":"2016-10-11T22:57:13","date_gmt":"2016-10-11T20:57:13","guid":{"rendered":"http:\/\/semmelweis.hu\/hok\/?page_id=169"},"modified":"2023-06-11T17:29:01","modified_gmt":"2023-06-11T15:29:01","slug":"kuldottgyules","status":"publish","type":"page","link":"https:\/\/semmelweis.hu\/hok\/rolunk\/kuldottgyules\/","title":{"rendered":"H\u00d6K K\u00fcld\u00f6ttgy\u0171l\u00e9s"},"content":{"rendered":"<div class=\"keretes w-100\">\n<p style=\"text-align: left\"><span style=\"font-size: 14pt\">A K\u00fcld\u00f6ttgy\u0171l\u00e9s a Hallgat\u00f3i \u00d6nkorm\u00e1nyzat legf\u0151bb d\u00f6nt\u00e9shoz\u00f3 test\u00fclete.<\/span><\/p>\n<div class=\"page\" style=\"text-align: left\" title=\"Page 5\">\n<div class=\"layoutArea\">\n<div class=\"column\">\n<p>Az SE H\u00d6K K\u00fcld\u00f6ttgy\u0171l\u00e9s szavazati jog\u00fa tagjai:<br \/>\n&#8211; az SE H\u00d6K eln\u00f6ke, \u00e9s<br \/>\n&#8211; a k\u00fcld\u00f6ttgy\u0171l\u00e9si k\u00e9pvisel\u0151k.<\/p>\n<\/div>\n<\/div>\n<\/div>\n<p style=\"text-align: left\"><span style=\"font-size: 14pt\">Feladatk\u00f6re a H\u00d6K Alapszab\u00e1ly 7. \u00a7-a alapj\u00e1n meghat\u00e1rozott.<\/span><\/p>\n<\/div>\n<h4 style=\"text-align: center\"><span style=\"font-size: 14pt\"><strong>A K\u00dcLD\u00d6TTGY\u0170L\u00c9S TAGJAI:<\/strong><\/span><\/h4>\n<p style=\"text-align: center\">\n<table id=\"tablepress-35\" class=\"tablepress tablepress-id-35\">\n<thead>\n<tr class=\"row-1\">\n\t<th class=\"column-1\">N\u00e9v - Name<\/th><th class=\"column-2\">Mand\u00e1tum - Mandate (YYYY. MM. DD.)<\/th>\n<\/tr>\n<\/thead>\n<tbody class=\"row-striping row-hover\">\n<tr class=\"row-2\">\n\t<td class=\"column-1\">NAGY Imre Rich\u00e1rd<\/td><td class=\"column-2\">az SE H\u00d6K eln\u00f6ke<br \/>\r\npresident of the H\u00d6K<\/td>\n<\/tr>\n<tr class=\"row-3\">\n\t<td class=\"column-1\">Muskan AWASTHI<\/td><td class=\"column-2\">2026. 04. 02.<\/td>\n<\/tr>\n<tr class=\"row-4\">\n\t<td class=\"column-1\">DEZS\u0150 \u00c1d\u00e1m<\/td><td class=\"column-2\">2026. 04. 02.<\/td>\n<\/tr>\n<tr class=\"row-5\">\n\t<td class=\"column-1\">D\u00d6NG\u00d6L\u0150 L\u00e1szl\u00f3 M\u00e1t\u00e9<\/td><td class=\"column-2\">2025. 01. 27.<\/td>\n<\/tr>\n<tr class=\"row-6\">\n\t<td class=\"column-1\">EL-ASSAF Ter\u00e9zia<\/td><td class=\"column-2\">2026. 04. 02.<\/td>\n<\/tr>\n<tr class=\"row-7\">\n\t<td class=\"column-1\">FEJES Istv\u00e1n<\/td><td class=\"column-2\">2025. 01. 27.<\/td>\n<\/tr>\n<tr class=\"row-8\">\n\t<td class=\"column-1\">Raphael David FEURSTEIN<\/td><td class=\"column-2\">2026. 04. 02.<\/td>\n<\/tr>\n<tr class=\"row-9\">\n\t<td class=\"column-1\">H\u00c1RI Nikolett<\/td><td class=\"column-2\">2025. 01. 27.<\/td>\n<\/tr>\n<tr class=\"row-10\">\n\t<td class=\"column-1\">HEGED\u0170S Krist\u00f3f<\/td><td class=\"column-2\">2025. 01. 27.<\/td>\n<\/tr>\n<tr class=\"row-11\">\n\t<td class=\"column-1\">HOFFMANN R\u00e9ka Mirtill<\/td><td class=\"column-2\">2026. 04. 02.<\/td>\n<\/tr>\n<tr class=\"row-12\">\n\t<td class=\"column-1\">ILL\u00c9S Eszter<\/td><td class=\"column-2\">2026. 04. 02.<\/td>\n<\/tr>\n<tr class=\"row-13\">\n\t<td class=\"column-1\">IV\u00c1DY Krist\u00f3f<\/td><td class=\"column-2\">2025. 01. 27.<\/td>\n<\/tr>\n<tr class=\"row-14\">\n\t<td class=\"column-1\">KOV\u00c1CS Dorina<\/td><td class=\"column-2\">2026. 04. 02.<\/td>\n<\/tr>\n<tr class=\"row-15\">\n\t<td class=\"column-1\">LERNYEI Soma Bence<\/td><td class=\"column-2\">2025. 01. 27.<\/td>\n<\/tr>\n<tr class=\"row-16\">\n\t<td class=\"column-1\">Devarajulu MARIYAPPAN<\/td><td class=\"column-2\">2025. 01. 27.<\/td>\n<\/tr>\n<tr class=\"row-17\">\n\t<td class=\"column-1\">NEMES Maja Dorottya<\/td><td class=\"column-2\">2025. 01. 27.<\/td>\n<\/tr>\n<tr class=\"row-18\">\n\t<td class=\"column-1\">NYIR\u00c1DY Gr\u00e9ta Melitta<\/td><td class=\"column-2\">2026. 04. 02.<\/td>\n<\/tr>\n<tr class=\"row-19\">\n\t<td class=\"column-1\">Mohsen Jamil QURESHI<\/td><td class=\"column-2\">2025. 01. 27.<\/td>\n<\/tr>\n<tr class=\"row-20\">\n\t<td class=\"column-1\">SZIL\u00c1GYI P\u00e9ter<\/td><td class=\"column-2\">2026. 04. 02.<\/td>\n<\/tr>\n<tr class=\"row-21\">\n\t<td class=\"column-1\">SZ\u00dcR\u00d6S M\u00e1t\u00e9<\/td><td class=\"column-2\">2026. 04. 02.<\/td>\n<\/tr>\n<\/tbody>\n<\/table>\n<\/p>\n<p style=\"text-align: right\"><span style=\"font-size: 12pt\">A tags\u00e1gi t\u00e1bl\u00e1zat legutols\u00f3 m\u00f3dos\u00edt\u00e1s\u00e1nak ideje: 2026-04-14 15:17:34.<\/span><\/p>\n<div class=\"fontos_div w-100\">\n<ul>\n<li>A K\u00fcld\u00f6ttgy\u0171l\u00e9s \u00fcl\u00e9sei az Alapszab\u00e1ly \u00fcgyrendj\u00e9ben foglalt kiv\u00e9telekkel nyilv\u00e1nosak az SE H\u00d6K tagjai sz\u00e1m\u00e1ra, akik szavazati \u00e9s tan\u00e1cskoz\u00e1si jog n\u00e9lk\u00fcl vehetnek r\u00e9szt a nyilv\u00e1nos \u00fcl\u00e9seken. Az id\u0151pontok \u00e9s a jelentkez\u00e9si lehet\u0151s\u00e9g <a href=\"https:\/\/semmelweis.hu\/hok\/atlathatosag\/ulesek\/\" target=\"_blank\" rel=\"noopener noreferrer\">itt<\/a> \u00e9rhet\u0151 el.<\/li>\n<li>Az \u00fcl\u00e9sek jegyz\u0151k\u00f6nyvei \u00e9s az K\u00fcld\u00f6ttgy\u0171l\u00e9s hat\u00e1rozatai <a href=\"https:\/\/semmelweis.hu\/hok\/atlathatosag\/jegyzokonyvek-es-hatarozatok\/\" target=\"_blank\" rel=\"noopener noreferrer\">itt<\/a> \u00e9rhet\u0151ek el.<\/li>\n<\/ul>\n<\/div>\n","protected":false},"excerpt":{"rendered":"<p>A K\u00fcld\u00f6ttgy\u0171l\u00e9s a Hallgat\u00f3i \u00d6nkorm\u00e1nyzat legf\u0151bb d\u00f6nt\u00e9shoz\u00f3 test\u00fclete. Az SE H\u00d6K K\u00fcld\u00f6ttgy\u0171l\u00e9s szavazati jog\u00fa tagjai: &#8211; az SE H\u00d6K eln\u00f6ke, \u00e9s &#8211; a k\u00fcld\u00f6ttgy\u0171l\u00e9si k\u00e9pvisel\u0151k. Feladatk\u00f6re a H\u00d6K Alapszab\u00e1ly 7. \u00a7-a alapj\u00e1n meghat\u00e1rozott. A K\u00dcLD\u00d6TTGY\u0170L\u00c9S TAGJAI: A tags\u00e1gi t\u00e1bl\u00e1zat legutols\u00f3 m\u00f3dos\u00edt\u00e1s\u00e1nak ideje: . A K\u00fcld\u00f6ttgy\u0171l\u00e9s \u00fcl\u00e9sei az Alapszab\u00e1ly \u00fcgyrendj\u00e9ben foglalt kiv\u00e9telekkel nyilv\u00e1nosak az SE H\u00d6K &hellip;<\/p>\n","protected":false},"author":101156,"featured_media":0,"parent":36,"menu_order":2,"comment_status":"closed","ping_status":"closed","template":"","meta":{"_acf_changed":false,"footnotes":""},"categories":[],"tags":[],"class_list":["post-169","page","type-page","status-publish","hentry"],"acf":[],"_links":{"self":[{"href":"https:\/\/semmelweis.hu\/hok\/wp-json\/wp\/v2\/pages\/169","targetHints":{"allow":["GET"]}}],"collection":[{"href":"https:\/\/semmelweis.hu\/hok\/wp-json\/wp\/v2\/pages"}],"about":[{"href":"https:\/\/semmelweis.hu\/hok\/wp-json\/wp\/v2\/types\/page"}],"author":[{"embeddable":true,"href":"https:\/\/semmelweis.hu\/hok\/wp-json\/wp\/v2\/users\/101156"}],"replies":[{"embeddable":true,"href":"https:\/\/semmelweis.hu\/hok\/wp-json\/wp\/v2\/comments?post=169"}],"version-history":[{"count":13,"href":"https:\/\/semmelweis.hu\/hok\/wp-json\/wp\/v2\/pages\/169\/revisions"}],"predecessor-version":[{"id":15371,"href":"https:\/\/semmelweis.hu\/hok\/wp-json\/wp\/v2\/pages\/169\/revisions\/15371"}],"up":[{"embeddable":true,"href":"https:\/\/semmelweis.hu\/hok\/wp-json\/wp\/v2\/pages\/36"}],"wp:attachment":[{"href":"https:\/\/semmelweis.hu\/hok\/wp-json\/wp\/v2\/media?parent=169"}],"wp:term":[{"taxonomy":"category","embeddable":true,"href":"https:\/\/semmelweis.hu\/hok\/wp-json\/wp\/v2\/categories?post=169"},{"taxonomy":"post_tag","embeddable":true,"href":"https:\/\/semmelweis.hu\/hok\/wp-json\/wp\/v2\/tags?post=169"}],"curies":[{"name":"wp","href":"https:\/\/api.w.org\/{rel}","templated":true}]}}