{"id":16803,"date":"2024-01-31T12:16:07","date_gmt":"2024-01-31T11:16:07","guid":{"rendered":"https:\/\/semmelweis.hu\/hok\/?page_id=16803"},"modified":"2026-01-14T18:20:49","modified_gmt":"2026-01-14T17:20:49","slug":"adatvedelem","status":"publish","type":"page","link":"https:\/\/semmelweis.hu\/hok\/adatvedelem\/","title":{"rendered":"Adatv\u00e9delem"},"content":{"rendered":"<div class=\"keretes w-100\" style=\"text-align: center\">\n<p>&nbsp;<\/p>\n<p style=\"text-align: center\"><strong><a href=\"https:\/\/semmelweis.hu\/hok\/files\/2026\/01\/3059-3_KSHOK_2026_Adatkezelesi-tajekoztato.pdf\" target=\"_blank\" rel=\"noopener\">Adatkezel\u00e9si t\u00e1j\u00e9koztat\u00f3 2026<\/a><\/strong><\/p>\n<p style=\"text-align: center\"><a href=\"https:\/\/semmelweis.hu\/hok\/files\/2026\/01\/3059_KSHOK_2026_1.-Adatkezelesi-nyilvantartas-ADL-2026.-HOK_kesz.xlsx\" target=\"_blank\" rel=\"noopener\"><strong>Adatkezele\u0301si nyilva\u0301ntarta\u0301s 2026<\/strong><\/a><\/p>\n<p><a href=\"https:\/\/semmelweis.hu\/hok\/files\/2025\/11\/Adatkezelesi-taj.-hallgatoi-felulettel-kapcsolatban.pdf\"><strong>Adatkezel\u00e9si t\u00e1j\u00e9koztat\u00f3 &#8211; Hallgat\u00f3i bejelent\u0151 2025<\/strong><\/a><\/p>\n<hr \/>\n<p style=\"text-align: center\"><em>Arch\u00edv dokumentumok:<\/em><\/p>\n<p><strong><a href=\"https:\/\/semmelweis.hu\/hok\/files\/2025\/11\/112160-2_KSHOK_2025_Adatkezelesi-tajekoztato-2025_2-HOK-uj-elnokseggel.pdf\" target=\"_blank\" rel=\"noopener\">Adatkezel\u00e9si t\u00e1j\u00e9koztat\u00f3 2025<\/a><\/strong><\/p>\n<p><a href=\"https:\/\/semmelweis.hu\/hok\/files\/2025\/11\/112160_KSHOK_2025_1.-Adatkezelesi-nyilvantartas-ADL-2025_2-HOK_kesz.xlsx\" target=\"_blank\" rel=\"noopener\"><strong>Adatkezele\u0301si nyilva\u0301ntarta\u0301s 2025<\/strong><\/a><\/p>\n<hr \/>\n<p style=\"text-align: center\"><strong><a href=\"https:\/\/semmelweis.hu\/hok\/files\/2024\/01\/Adatkezelesi-tajekoztato-2024.pdf\" target=\"_blank\" rel=\"noopener\">Adatkezel\u00e9si t\u00e1j\u00e9koztat\u00f3 2024<\/a><\/strong><\/p>\n<p style=\"text-align: center\"><a href=\"https:\/\/semmelweis.hu\/hok\/files\/2024\/02\/Adatkezele\u0301si-nyilva\u0301ntarta\u0301s-ADL-2024-3.xlsx\" target=\"_blank\" rel=\"noopener\"><strong>Adatkezele\u0301si nyilva\u0301ntarta\u0301s 2024<\/strong><\/a><\/p>\n<p style=\"text-align: center\"><a href=\"https:\/\/semmelweis.hu\/hok\/files\/2023\/10\/ADATKEZELESI-TAJEKOZTATO-Hallgatoi-bejelento-felulet_2023_10_03.pdf\"><strong>Adatkezel\u00e9si t\u00e1j\u00e9koztat\u00f3 &#8211; Hallgat\u00f3i bejelent\u0151 2024<\/strong><\/a><\/p>\n<p style=\"text-align: center\">\u00a0<\/p>\n<\/div>\n","protected":false},"excerpt":{"rendered":"<p>&nbsp;<br \/>\n<a href=\"https:\/\/semmelweis.hu\/hok\/files\/2026\/01\/3059-3_KSHOK_2026_Adatkezelesi-tajekoztato.pdf\" target=\"_blank\" rel=\"noopener\">Adatkezel\u00e9si t\u00e1j\u00e9koztat\u00f3 2026<\/a><br \/>\n<a href=\"https:\/\/semmelweis.hu\/hok\/files\/2026\/01\/3059_KSHOK_2026_1.-Adatkezelesi-nyilvantartas-ADL-2026.-HOK_kesz.xlsx\" target=\"_blank\" rel=\"noopener\">Adatkezele\u0301si nyilva\u0301ntarta\u0301s 2026<\/a><br \/>\n<a href=\"https:\/\/semmelweis.hu\/hok\/files\/2025\/11\/Adatkezelesi-taj.-hallgatoi-felulettel-kapcsolatban.pdf\">Adatkezel\u00e9si t\u00e1j\u00e9koztat\u00f3 &#8211; Hallgat\u00f3i bejelent\u0151 2025<\/a><\/p>\n<p>Arch\u00edv dokumentumok:<br \/>\n<a href=\"https:\/\/semmelweis.hu\/hok\/files\/2025\/11\/112160-2_KSHOK_2025_Adatkezelesi-tajekoztato-2025_2-HOK-uj-elnokseggel.pdf\" target=\"_blank\" rel=\"noopener\">Adatkezel\u00e9si t\u00e1j\u00e9koztat\u00f3 2025<\/a><br \/>\n<a href=\"https:\/\/semmelweis.hu\/hok\/files\/2025\/11\/112160_KSHOK_2025_1.-Adatkezelesi-nyilvantartas-ADL-2025_2-HOK_kesz.xlsx\" target=\"_blank\" rel=\"noopener\">Adatkezele\u0301si nyilva\u0301ntarta\u0301s 2025<\/a><\/p>\n<p><a href=\"https:\/\/semmelweis.hu\/hok\/files\/2024\/01\/Adatkezelesi-tajekoztato-2024.pdf\" target=\"_blank\" rel=\"noopener\">Adatkezel\u00e9si t\u00e1j\u00e9koztat\u00f3 2024<\/a><br \/>\n<a href=\"https:\/\/semmelweis.hu\/hok\/files\/2024\/02\/Adatkezele\u0301si-nyilva\u0301ntarta\u0301s-ADL-2024-3.xlsx\" target=\"_blank\" rel=\"noopener\">Adatkezele\u0301si nyilva\u0301ntarta\u0301s 2024<\/a><br \/>\n<a href=\"https:\/\/semmelweis.hu\/hok\/files\/2023\/10\/ADATKEZELESI-TAJEKOZTATO-Hallgatoi-bejelento-felulet_2023_10_03.pdf\">Adatkezel\u00e9si t\u00e1j\u00e9koztat\u00f3 &#8211; Hallgat\u00f3i bejelent\u0151 2024<\/a><br \/>\n\u00a0<\/p>\n","protected":false},"author":102121,"featured_media":0,"parent":0,"menu_order":0,"comment_status":"closed","ping_status":"closed","template":"","meta":{"_acf_changed":false,"footnotes":""},"categories":[],"tags":[],"class_list":["post-16803","page","type-page","status-publish","hentry"],"acf":[],"_links":{"self":[{"href":"https:\/\/semmelweis.hu\/hok\/wp-json\/wp\/v2\/pages\/16803","targetHints":{"allow":["GET"]}}],"collection":[{"href":"https:\/\/semmelweis.hu\/hok\/wp-json\/wp\/v2\/pages"}],"about":[{"href":"https:\/\/semmelweis.hu\/hok\/wp-json\/wp\/v2\/types\/page"}],"author":[{"embeddable":true,"href":"https:\/\/semmelweis.hu\/hok\/wp-json\/wp\/v2\/users\/102121"}],"replies":[{"embeddable":true,"href":"https:\/\/semmelweis.hu\/hok\/wp-json\/wp\/v2\/comments?post=16803"}],"version-history":[{"count":11,"href":"https:\/\/semmelweis.hu\/hok\/wp-json\/wp\/v2\/pages\/16803\/revisions"}],"predecessor-version":[{"id":19223,"href":"https:\/\/semmelweis.hu\/hok\/wp-json\/wp\/v2\/pages\/16803\/revisions\/19223"}],"wp:attachment":[{"href":"https:\/\/semmelweis.hu\/hok\/wp-json\/wp\/v2\/media?parent=16803"}],"wp:term":[{"taxonomy":"category","embeddable":true,"href":"https:\/\/semmelweis.hu\/hok\/wp-json\/wp\/v2\/categories?post=16803"},{"taxonomy":"post_tag","embeddable":true,"href":"https:\/\/semmelweis.hu\/hok\/wp-json\/wp\/v2\/tags?post=16803"}],"curies":[{"name":"wp","href":"https:\/\/api.w.org\/{rel}","templated":true}]}}