{"id":16221,"date":"2023-11-14T11:00:58","date_gmt":"2023-11-14T10:00:58","guid":{"rendered":"https:\/\/semmelweis.hu\/hok\/?page_id=16221"},"modified":"2024-09-03T16:18:14","modified_gmt":"2024-09-03T14:18:14","slug":"kedvezmenyek-esemenyek","status":"publish","type":"page","link":"https:\/\/semmelweis.hu\/hok\/kedvezmenyek-esemenyek\/","title":{"rendered":"Kedvezm\u00e9nyek, esem\u00e9nyek"},"content":{"rendered":"<h1>Kedvezm\u00e9nyek<\/h1>\n<p>Ezen az oldalon k\u00fcl\u00f6nb\u00f6z\u0151 kedvezm\u00e9nyeket tal\u00e1lhattok, melyekben a Semmelweis Egyetem hallgat\u00f3jak\u00e9nt r\u00e9szes\u00fclhettek.<br \/>\nIgyeksz\u00fcnk min\u00e9l t\u00f6bb ilyen kedvezm\u00e9nyt kialak\u00edtani.<\/p>\n<h2>Oktat\u00e1s, tanul\u00e1s<\/h2>\n<div class=\"exp-col-content-holder\"><a class=\"expand-cnt-link\" href=\"#\">Hamarosan tov\u00e1bbi tartalmakkal jelentkez\u00fcnk<\/a><\/p>\n<div class=\"hidden-content\">\n<p class=\"hiddenContentp\">\u00a0<\/p>\n<\/div>\n<\/div>\n<h2>Versenyek<\/h2>\n<div class=\"exp-col-content-holder\"><a class=\"expand-cnt-link\" href=\"#\">Hamarosan tov\u00e1bbi tartalmakkal jelentkez\u00fcnk<\/a><\/p>\n<div class=\"hidden-content\">\n<p class=\"hiddenContentp\">\u00a0<\/p>\n<\/div>\n<\/div>\n<h2>Sz\u00e1ll\u00e1s, Utaz\u00e1s<\/h2>\n<div class=\"exp-col-content-holder\"><a class=\"expand-cnt-link\" href=\"#\">Hamarosan tov\u00e1bbi tartalmakkal jelentkez\u00fcnk<\/a><\/p>\n<div class=\"hidden-content\">\n<p class=\"hiddenContentp\">\u00a0<\/p>\n<\/div>\n<\/div>\n<h3>\n<\/h3>\n<p>&nbsp;<\/p>\n<p>&nbsp;<\/p>\n<p>&nbsp;<\/p>\n<h1>Egy\u00e9b Esem\u00e9nyek<\/h1>\n<div class=\"exp-col-content-holder\"><a class=\"expand-cnt-link\" href=\"#\">Hamarosan tov\u00e1bbi tartalmakkal jelentkez\u00fcnk<br \/>\n<\/a><\/p>\n<div class=\"hidden-content\">\n<p class=\"hiddenContentp\">\u00a0<\/p>\n<\/div>\n<\/div>\n<p>&nbsp;<\/p>\n<p>&nbsp;<\/p>\n","protected":false},"excerpt":{"rendered":"<p>Kedvezm\u00e9nyek<br \/>\nEzen az oldalon k\u00fcl\u00f6nb\u00f6z\u0151 kedvezm\u00e9nyeket tal\u00e1lhattok, melyekben a Semmelweis Egyetem hallgat\u00f3jak\u00e9nt r\u00e9szes\u00fclhettek.<br \/>\nIgyeksz\u00fcnk min\u00e9l t\u00f6bb ilyen kedvezm\u00e9nyt kialak\u00edtani.<br \/>\nOktat\u00e1s, tanul\u00e1s<br \/>\n<a class=\"expand-cnt-link\" href=\"#\">Hamarosan tov\u00e1bbi tartalmakkal jelentkez\u00fcnk<\/a><\/p>\n<p>\u00a0<\/p>\n<p>Versenyek<br \/>\n<a class=\"expand-cnt-link\" href=\"#\">Hamarosan tov\u00e1bbi tartalmakkal jelentkez\u00fcnk<\/a><\/p>\n<p>\u00a0<\/p>\n<p>Sz\u00e1ll\u00e1s, Utaz\u00e1s<br \/>\n<a class=\"expand-cnt-link\" href=\"#\">Hamarosan tov\u00e1bbi tartalmakkal jelentkez\u00fcnk<\/a><\/p>\n<p>\u00a0<\/p>\n<p>&nbsp;<br \/>\n&nbsp;<br \/>\n&nbsp;<br \/>\nEgy\u00e9b Esem\u00e9nyek<br \/>\n<a class=\"expand-cnt-link\" href=\"#\">Hamarosan tov\u00e1bbi tartalmakkal jelentkez\u00fcnk<br \/>\n<\/a><\/p>\n<p>\u00a0<\/p>\n<p>&nbsp;<br \/>\n&nbsp;<\/p>\n","protected":false},"author":102092,"featured_media":0,"parent":0,"menu_order":0,"comment_status":"closed","ping_status":"closed","template":"","meta":{"_acf_changed":false,"footnotes":""},"categories":[],"tags":[],"class_list":["post-16221","page","type-page","status-publish","hentry"],"acf":[],"_links":{"self":[{"href":"https:\/\/semmelweis.hu\/hok\/wp-json\/wp\/v2\/pages\/16221","targetHints":{"allow":["GET"]}}],"collection":[{"href":"https:\/\/semmelweis.hu\/hok\/wp-json\/wp\/v2\/pages"}],"about":[{"href":"https:\/\/semmelweis.hu\/hok\/wp-json\/wp\/v2\/types\/page"}],"author":[{"embeddable":true,"href":"https:\/\/semmelweis.hu\/hok\/wp-json\/wp\/v2\/users\/102092"}],"replies":[{"embeddable":true,"href":"https:\/\/semmelweis.hu\/hok\/wp-json\/wp\/v2\/comments?post=16221"}],"version-history":[{"count":7,"href":"https:\/\/semmelweis.hu\/hok\/wp-json\/wp\/v2\/pages\/16221\/revisions"}],"predecessor-version":[{"id":17681,"href":"https:\/\/semmelweis.hu\/hok\/wp-json\/wp\/v2\/pages\/16221\/revisions\/17681"}],"wp:attachment":[{"href":"https:\/\/semmelweis.hu\/hok\/wp-json\/wp\/v2\/media?parent=16221"}],"wp:term":[{"taxonomy":"category","embeddable":true,"href":"https:\/\/semmelweis.hu\/hok\/wp-json\/wp\/v2\/categories?post=16221"},{"taxonomy":"post_tag","embeddable":true,"href":"https:\/\/semmelweis.hu\/hok\/wp-json\/wp\/v2\/tags?post=16221"}],"curies":[{"name":"wp","href":"https:\/\/api.w.org\/{rel}","templated":true}]}}