{"id":162,"date":"2016-10-11T22:55:48","date_gmt":"2016-10-11T20:55:48","guid":{"rendered":"http:\/\/semmelweis.hu\/hok\/?page_id=162"},"modified":"2025-11-02T13:59:36","modified_gmt":"2025-11-02T12:59:36","slug":"felepites","status":"publish","type":"page","link":"https:\/\/semmelweis.hu\/hok\/rolunk\/felepites\/","title":{"rendered":"A H\u00d6K fel\u00e9p\u00edt\u00e9se"},"content":{"rendered":"<p><img loading=\"lazy\" decoding=\"async\" class=\"alignleft\" src=\"https:\/\/lh3.googleusercontent.com\/pw\/AL9nZEUzRjF3vHVtYcZfHoY9u4hHzxhUy2uWt_Gf6LVyjBPOjpObjImKTyOBXwvXe7mAgztzdMrfF0e1vbYHgsmdDNrdta6Pzz5w3Pg2iP_bV-ZwoN6k7-AWTttbjR8OQOTN_TIizdI6GU-UFS3n_qqMIWAF=w574-h943-no?authuser=0\" alt=\"\" width=\"574\" height=\"943\" \/><\/p>\n<p align=\"center\"><strong><span lang=\"HU\">A H\u00d6K STRUKT\u00daR\u00c1JA<\/span><\/strong><\/p>\n<p><span lang=\"HU\">A Hallgat\u00f3i \u00d6nkorm\u00e1nyzat (H\u00d6K) a Semmelweis Egyetem hallgat\u00f3i \u00e9rdekk\u00e9pviselet\u00e9\u00e9rt \u00e9s <a href=\"https:\/\/semmelweis.hu\/hok\/hasznos\/hallgatoi-terek-szolgaltatasok\/\" target=\"_blank\" rel=\"noopener\">szolg\u00e1ltat\u00e1sai\u00e9rt<\/a> felel\u0151s szervezete.<\/span><\/p>\n<p><span lang=\"HU\">A H\u00d6K k\u00e9pviseli a hallgat\u00f3k szav\u00e1t az egyetemi b\u00fcrokr\u00e1cia zaj\u00e1ban, felm\u00e9ri \u00e9s megjelen\u00edti az Egyetem, valamint annak vezet\u00e9se fel\u00e9 a hallgat\u00f3k v\u00e9lem\u00e9ny\u00e9t; k\u00e9pviseli a hallgat\u00f3s\u00e1got a f\u0151bb <a href=\"https:\/\/semmelweis.hu\/hok\/rolunk\/erdekkepviselet\/\" target=\"_blank\" rel=\"noopener\">egyetemi d\u00f6nt\u00e9shoz\u00f3 test\u00fcletekben<\/a>. K\u00e9pvisel\u0151ink tan\u00e1csot adnak az arra r\u00e1szorul\u00f3 di\u00e1kt\u00e1rsaiknak, legyen sz\u00f3 tanulm\u00e1nyi vagy szoci\u00e1lis k\u00e9rd\u00e9sekr\u0151l, bizotts\u00e1gaink dolgoz\u00f3i pedig rendezv\u00e9nyeket szerveznek \u00e9s innovat\u00edv \u00f6tleteket igyekeznek megval\u00f3s\u00edtani.<\/span><\/p>\n<p><strong><span lang=\"HU\">A Hallgat\u00f3i \u00d6nkorm\u00e1nyzat tagja minden, az Egyetemen tanul\u00f3, akt\u00edv hallgat\u00f3i jogviszonnyal rendelkez\u0151 di\u00e1k.<\/span><\/strong><span lang=\"HU\">\u00a0Ahhoz, hogy akt\u00edvan r\u00e9szt vegy\u00e9l a H\u00d6K munk\u00e1j\u00e1ban, <a href=\"https:\/\/semmelweis.hu\/hok\/csatlakozz-hozzank\/\">ezen a linken<\/a> jelentkezz egy bizotts\u00e1gba! B\u00e1rmely lelkes, tenni akar\u00f3 vagy ak\u00e1r csak a H\u00d6K munk\u00e1ja fel\u0151l \u00e9rdekl\u0151d\u0151 hallgat\u00f3t\u00e1rsunkat szeretettel v\u00e1runk k\u00f6reinkben!<\/span><\/p>\n<p><span lang=\"HU\">A Hallgat\u00f3i \u00d6nkorm\u00e1nyzat legfontosabb test\u00fcletei a K\u00fcld\u00f6ttgy\u0171l\u00e9s \u00e9s az Eln\u00f6ks\u00e9g.<\/span><\/p>\n<p><span lang=\"HU\">A <a href=\"https:\/\/semmelweis.hu\/hok\/rolunk\/hok-kozponti-testuletek\/kuldottgyules\/\" target=\"_blank\" rel=\"noopener\">K\u00fcld\u00f6ttgy\u0171l\u00e9s<\/a> a H\u00d6K demokratikus alapon m\u0171k\u00f6d\u0151, legf\u0151bb d\u00f6nt\u00e9shoz\u00f3 test\u00fclete, ahova v\u00e1laszt\u00e1s \u00fatj\u00e1n ker\u00fclnek be tagjai. A K\u00fcld\u00f6ttgy\u0171l\u00e9sben sz\u00fcletett d\u00f6nt\u00e9sek a H\u00d6K kollekt\u00edv v\u00e9lem\u00e9ny\u00e9t jelentik, mely d\u00f6nt\u00e9seket a H\u00d6K megfelel\u0151 k\u00e9pvisel\u0151i az Egyetem t\u00f6bbi szervezeti egys\u00e9ge fel\u00e9 is tolm\u00e1csolnak.<\/span><\/p>\n<p><span lang=\"HU\">Az <a href=\"https:\/\/semmelweis.hu\/hok\/rolunk\/hok-kozponti-testuletek\/elnokseg\/\" target=\"_blank\" rel=\"noopener\">Eln\u00f6ks\u00e9g<\/a> tagjai a H\u00d6K eln\u00f6k \u00e9s aleln\u00f6k\u00f6k, a kari vezet\u0151k, a bizotts\u00e1gi vezet\u0151k \u00e9s eln\u00f6ki megb\u00edzottak, valamint a titk\u00e1r. \u0150k felelnek a H\u00d6K \u00e1lland\u00f3 \u00e9s id\u0151szakos feladatainak elv\u00e9gz\u00e9s\u00e9\u00e9rt, valamint az innovat\u00edv \u00f6tletek megfogalmaz\u00e1s\u00e1\u00e9rt is. <\/span><\/p>\n<p><span lang=\"HU\">A <a href=\"https:\/\/semmelweis.hu\/hok\/rolunk\/hok-kozponti-testuletek\/bizottsagok\/\" target=\"_blank\" rel=\"noopener\">bizotts\u00e1g<\/a>i vezet\u0151k a bizotts\u00e1g tagjaival egy\u00fcttm\u0171k\u00f6dve egy k\u00f6z\u00f6s c\u00e9l\u00e9rt dolgoznak, rendezv\u00e9nyek szervez\u00e9s\u00e9t, a k\u00fclf\u00f6ldi hallgat\u00f3k k\u00e9pviselet\u00e9t vagy a koll\u00e9giumi hallgat\u00f3i \u00e9let fejleszt\u00e9s\u00e9t v\u00e9gzik.<\/span><\/p>\n<p><span lang=\"HU\">A <a href=\"https:\/\/semmelweis.hu\/hok\/rolunk\/hok-kozponti-testuletek\/bizottsagok\/oktatasi-bizottsag\/\" target=\"_blank\" rel=\"noopener\">kari vezet\u0151k \u00e9s \u00e9vfolyamk\u00e9pvisel\u0151k<\/a> r\u00e9v\u00e9n a H\u00d6K-ben az Egyetem mind a hat kara (\u00c1OK, EKK, ETK, FOK, GYTK, PAK) reprezent\u00e1lja mag\u00e1t. \u0150k v\u00e9gzik az adott kar specifikus feladatait, k\u00e9pviselik a kar hallgat\u00f3it munk\u00e1juk sor\u00e1n \u00e9s a Kari Tan\u00e1csokban is.<\/span><\/p>\n<p><span lang=\"HU\">A H\u00d6K k\u00f6zponti irod\u00e1ja a\u00a0<strong>Nagyv\u00e1rad t\u00e9ri Elm\u00e9leti T\u00f6mbben (NET)<\/strong>\u00a0tal\u00e1lhat\u00f3, de ezen k\u00edv\u00fcl \u00fczemeltet\u00fcnk hallgat\u00f3i irod\u00e1t az ETK \u00e9p\u00fclet\u00e9ben is. A szervezet di\u00e1kcentrumot, tanul\u00f3- \u00e9s t\u00e1rsalg\u00f3helyis\u00e9get is tart fenn a hallgat\u00f3knak. <\/span><\/p>\n","protected":false},"excerpt":{"rendered":"<p>A Hallgat\u00f3i \u00d6nkorm\u00e1nyzat (H\u00d6K) a Semmelweis Egyetem hallgat\u00f3i \u00e9rdekk\u00e9pviselet\u00e9\u00e9rt \u00e9s szolg\u00e1ltat\u00e1sai\u00e9rt felel\u0151s szervezete.<\/p>\n<p>A H\u00d6K a hallgat\u00f3k \u00e1ltal v\u00e1lasztott k\u00e9pvisel\u0151kb\u0151l \u00e1ll\u00f3 test\u00fclet, amely felm\u00e9ri \u00e9s megjelen\u00edti az Egyetem, valamint annak vezet\u00e9se fel\u00e9 a hallgat\u00f3k v\u00e9lem\u00e9ny\u00e9t; k\u00e9pviseli a hallgat\u00f3s\u00e1got a f\u0151bb egyetemi d\u00f6nt\u00e9shoz\u00f3 test\u00fcletekben, valamint szolg\u00e1ltat\u00e1sokat ny\u00fajt a hallgat\u00f3k r\u00e9sz\u00e9re.<\/p>\n","protected":false},"author":101156,"featured_media":11048,"parent":36,"menu_order":1,"comment_status":"closed","ping_status":"closed","template":"template-fullwidth.php","meta":{"_acf_changed":false,"footnotes":""},"categories":[],"tags":[],"class_list":["post-162","page","type-page","status-publish","has-post-thumbnail","hentry"],"acf":[],"_links":{"self":[{"href":"https:\/\/semmelweis.hu\/hok\/wp-json\/wp\/v2\/pages\/162","targetHints":{"allow":["GET"]}}],"collection":[{"href":"https:\/\/semmelweis.hu\/hok\/wp-json\/wp\/v2\/pages"}],"about":[{"href":"https:\/\/semmelweis.hu\/hok\/wp-json\/wp\/v2\/types\/page"}],"author":[{"embeddable":true,"href":"https:\/\/semmelweis.hu\/hok\/wp-json\/wp\/v2\/users\/101156"}],"replies":[{"embeddable":true,"href":"https:\/\/semmelweis.hu\/hok\/wp-json\/wp\/v2\/comments?post=162"}],"version-history":[{"count":14,"href":"https:\/\/semmelweis.hu\/hok\/wp-json\/wp\/v2\/pages\/162\/revisions"}],"predecessor-version":[{"id":19052,"href":"https:\/\/semmelweis.hu\/hok\/wp-json\/wp\/v2\/pages\/162\/revisions\/19052"}],"up":[{"embeddable":true,"href":"https:\/\/semmelweis.hu\/hok\/wp-json\/wp\/v2\/pages\/36"}],"wp:featuredmedia":[{"embeddable":true,"href":"https:\/\/semmelweis.hu\/hok\/wp-json\/wp\/v2\/media\/11048"}],"wp:attachment":[{"href":"https:\/\/semmelweis.hu\/hok\/wp-json\/wp\/v2\/media?parent=162"}],"wp:term":[{"taxonomy":"category","embeddable":true,"href":"https:\/\/semmelweis.hu\/hok\/wp-json\/wp\/v2\/categories?post=162"},{"taxonomy":"post_tag","embeddable":true,"href":"https:\/\/semmelweis.hu\/hok\/wp-json\/wp\/v2\/tags?post=162"}],"curies":[{"name":"wp","href":"https:\/\/api.w.org\/{rel}","templated":true}]}}