{"id":15448,"date":"2023-08-21T12:13:41","date_gmt":"2023-08-21T10:13:41","guid":{"rendered":"https:\/\/semmelweis.hu\/hok\/?page_id=15448"},"modified":"2026-03-04T07:53:41","modified_gmt":"2026-03-04T06:53:41","slug":"egykori-elnokeink","status":"publish","type":"page","link":"https:\/\/semmelweis.hu\/hok\/rolunk\/egykori-elnokeink\/","title":{"rendered":"Egykori eln\u00f6keink"},"content":{"rendered":"<h3 style=\"text-align: center\">A Hallgat\u00f3i \u00d6nkorm\u00e1nyzat egykori eln\u00f6kei<\/h3>\n<p>&nbsp;<\/p>\n<p>Gecsey R\u00e9ka Csenge (2023. j\u00falius)<\/p>\n<p>&#8230;<\/p>\n<p>Heged\u00fcs Tam\u00e1s (2019. janu\u00e1r)<\/p>\n<p>K\u00f3sa L\u00e1szl\u00f3 (2018)<\/p>\n<p>Budai Marcell (2016)<\/p>\n<p>&#8230;<\/p>\n<p>V\u00e1mosi P\u00e9ter (2012)<\/p>\n<p>Sz\u00e9cs\u00e9nyi-Nagy Bal\u00e1zs (2008)<\/p>\n<p>V\u00e9gv\u00e1ri Tam\u00e1s (2008)<\/p>\n<p>Bittmann Bal\u00e1zs (2007)<\/p>\n<p>Szkal\u00e1k Attila megb\u00edzott eln\u00f6k (2006)<\/p>\n<p>Ferentzi Bal\u00e1zs megb\u00edzott eln\u00f6k (2005)<\/p>\n<p>Nagy P\u00e9ter Oliv\u00e9r (2004. szeptember)<\/p>\n<p>Tak\u00e1cs P\u00e9ter (2004. augusztus)<\/p>\n<p>Kov\u00e1cs P\u00e9ter (2001. szeptember)<\/p>\n<p>Terebessy Andr\u00e1s (2000. december)<\/p>\n<p>Cserny \u00c1d\u00e1m (2000. janu\u00e1r)<\/p>\n<p>Horv\u00e1th Orsolya (1999. december)<\/p>\n<p>T\u00f3tth \u00c1rp\u00e1d (1998. m\u00e1rcius)<\/p>\n<p>F\u00fcle Bal\u00e1zs (1997.)<\/p>\n<p>Melegh \u00c9va (1995. december)<\/p>\n<p>T\u00f3tth \u00c1rp\u00e1d (1995. febru\u00e1r)<\/p>\n<p>Kont\u00e1r \u00c1gnes (1993. febru\u00e1r)<\/p>\n<p>Juh\u00e1sz Istv\u00e1n (1993. janu\u00e1r)<\/p>\n<p>Stubnya Guszt\u00e1v (1992. \u00e1prilis)<\/p>\n<p>Ken\u00e9z Attila (1991. j\u00falius)<\/p>\n<p>Gilly Gyula (1989.)<\/p>\n","protected":false},"excerpt":{"rendered":"<p>A Hallgat\u00f3i \u00d6nkorm\u00e1nyzat egykori eln\u00f6kei &nbsp; Gecsey R\u00e9ka Csenge (2023. j\u00falius) &#8230; Heged\u00fcs Tam\u00e1s (2019. janu\u00e1r) K\u00f3sa L\u00e1szl\u00f3 (2018) Budai Marcell (2016) &#8230; V\u00e1mosi P\u00e9ter (2012) Sz\u00e9cs\u00e9nyi-Nagy Bal\u00e1zs (2008) V\u00e9gv\u00e1ri Tam\u00e1s (2008) Bittmann Bal\u00e1zs (2007) Szkal\u00e1k Attila megb\u00edzott eln\u00f6k (2006) Ferentzi Bal\u00e1zs megb\u00edzott eln\u00f6k (2005) Nagy P\u00e9ter Oliv\u00e9r (2004. szeptember) Tak\u00e1cs P\u00e9ter (2004. augusztus) Kov\u00e1cs &hellip;<\/p>\n","protected":false},"author":101673,"featured_media":0,"parent":36,"menu_order":6,"comment_status":"closed","ping_status":"closed","template":"","meta":{"_acf_changed":false,"footnotes":""},"categories":[],"tags":[],"class_list":["post-15448","page","type-page","status-publish","hentry"],"acf":[],"_links":{"self":[{"href":"https:\/\/semmelweis.hu\/hok\/wp-json\/wp\/v2\/pages\/15448","targetHints":{"allow":["GET"]}}],"collection":[{"href":"https:\/\/semmelweis.hu\/hok\/wp-json\/wp\/v2\/pages"}],"about":[{"href":"https:\/\/semmelweis.hu\/hok\/wp-json\/wp\/v2\/types\/page"}],"author":[{"embeddable":true,"href":"https:\/\/semmelweis.hu\/hok\/wp-json\/wp\/v2\/users\/101673"}],"replies":[{"embeddable":true,"href":"https:\/\/semmelweis.hu\/hok\/wp-json\/wp\/v2\/comments?post=15448"}],"version-history":[{"count":10,"href":"https:\/\/semmelweis.hu\/hok\/wp-json\/wp\/v2\/pages\/15448\/revisions"}],"predecessor-version":[{"id":19319,"href":"https:\/\/semmelweis.hu\/hok\/wp-json\/wp\/v2\/pages\/15448\/revisions\/19319"}],"up":[{"embeddable":true,"href":"https:\/\/semmelweis.hu\/hok\/wp-json\/wp\/v2\/pages\/36"}],"wp:attachment":[{"href":"https:\/\/semmelweis.hu\/hok\/wp-json\/wp\/v2\/media?parent=15448"}],"wp:term":[{"taxonomy":"category","embeddable":true,"href":"https:\/\/semmelweis.hu\/hok\/wp-json\/wp\/v2\/categories?post=15448"},{"taxonomy":"post_tag","embeddable":true,"href":"https:\/\/semmelweis.hu\/hok\/wp-json\/wp\/v2\/tags?post=15448"}],"curies":[{"name":"wp","href":"https:\/\/api.w.org\/{rel}","templated":true}]}}