{"id":15428,"date":"2023-07-06T15:18:11","date_gmt":"2023-07-06T13:18:11","guid":{"rendered":"https:\/\/semmelweis.hu\/hok\/?page_id=15428"},"modified":"2023-10-30T01:13:20","modified_gmt":"2023-10-30T00:13:20","slug":"diakhitel","status":"publish","type":"page","link":"https:\/\/semmelweis.hu\/hok\/hasznos\/diakhitel\/","title":{"rendered":"Di\u00e1khitel"},"content":{"rendered":"<div class=\"col-xs-12 title-wrapper\">\n<div class=\"col-xs-12 subpage-description\">\n<p><img decoding=\"async\" class=\"size-medium wp-image-15760 aligncenter\" src=\"https:\/\/diakhitel.hu\/wp-content\/uploads\/2023\/06\/diakhitel_alap_logo_header_v1.svg\" \/><\/p>\n<p><strong>DI\u00c1KHITEL \u2013 Biztos p\u00e9nz\u00fcgyi h\u00e1tt\u00e9r tanulm\u00e1nyaidhoz<\/strong><\/p>\n<\/div>\n<div class=\"col-xs-12 subpage-description\">\n<p>H\u00e9tk\u00f6znapi meg\u00e9lhet\u00e9sedhez szeretn\u00e9l p\u00e9nz\u00fcgyi seg\u00edts\u00e9get? Akkor a szabad felhaszn\u00e1l\u00e1s\u00fa <strong>Di\u00e1khitel1<\/strong>-re van sz\u00fcks\u00e9ged. Ha az \u00f6nk\u00f6lts\u00e9gedet finansz\u00edrozn\u00e1d, akkor a <strong>Di\u00e1khitel2<\/strong> ny\u00fajt sz\u00e1modra t\u00f6k\u00e9letes megold\u00e1st.<\/p>\n<p>Tanulm\u00e1nyaidhoz v\u00e1laszd a legkedvez\u0151bb p\u00e9nz\u00fcgyi seg\u00edts\u00e9get \u00e9s v\u00e1ltsd val\u00f3ra terveidet a di\u00e1khitellel.<\/p>\n<p><strong>Amit a\u00a0Di\u00e1khitel1-r\u0151l tudnod kell:<\/strong><\/p>\n<ul>\n<li>Szabadon, b\u00e1rmire k\u00f6ltheted.<\/li>\n<li>15 000 Ft-t\u00f3l 150 000 Ft-ig terjed\u0151 havi \u00f6sszeget vehetsz fel.<\/li>\n<li>Tanulm\u00e1nyi f\u00e9l\u00e9venk\u00e9nt ak\u00e1r 750 000 Ft-hoz is hozz\u00e1juthatsz.<\/li>\n<li>A k\u00e9rt \u00f6sszeget havonta, vagy f\u00e9l\u00e9vente egy \u00f6sszegben is megkaphatod.<\/li>\n<li>A tanulm\u00e1nyaid alatt b\u00e1rmikor ig\u00e9nyelheted.<\/li>\n<li>A kamat mind\u00f6ssze 7,99%, rejtett k\u00f6lts\u00e9gek n\u00e9lk\u00fcl.<\/li>\n<\/ul>\n<p><strong>Tov\u00e1bbi r\u00e9szletek\u00e9rt kattints\u00a0<a href=\"https:\/\/diakhitel.hu\/diakhitel1\" target=\"_blank\" rel=\"noopener\">IDE<\/a>!<\/strong><\/p>\n<p><strong>Amit a\u00a0Di\u00e1khitel2-r\u0151l tudnod kell:<\/strong><\/p>\n<ul>\n<li>A k\u00e9pz\u00e9si k\u00f6lts\u00e9gedet finansz\u00edrozhatod bel\u0151le.<\/li>\n<li>A tanulm\u00e1nyaid alatt b\u00e1rmikor ig\u00e9nyelheted.<\/li>\n<li>Kamatmentes, nincsenek rejtett k\u00f6lts\u00e9gek.<\/li>\n<li>Legfeljebb a k\u00e9pz\u00e9sed \u00f6nk\u00f6lts\u00e9gi d\u00edj\u00e1nak megfelel\u0151 \u00f6sszeget veheted fel.<\/li>\n<li>A Di\u00e1khitel2-t az oktat\u00e1si int\u00e9zm\u00e9nynek utaljuk, \u00edgy az ig\u00e9nyl\u00e9s ut\u00e1n m\u00e1r nincs teend\u0151d.<\/li>\n<\/ul>\n<p><strong>Tov\u00e1bbi r\u00e9szletek\u00e9rt kattints\u00a0<a href=\"https:\/\/diakhitel.hu\/diakhitel2\" target=\"_blank\" rel=\"noopener\">IDE<\/a>!<\/strong><\/p>\n<p><strong>IG\u00c9NYELD A DI\u00c1KHITELT ONLINE, PERCEK ALATT A\u00a0<a href=\"https:\/\/neptunweb.semmelweis.hu\/hallgato\/login.aspx\" target=\"_blank\" rel=\"noopener\">NEPTUN RENDSZERBEN<\/a>, VAGY A\u00a0<a href=\"https:\/\/diakhiteldirekt.hu\/\" target=\"_blank\" rel=\"noopener\">WWW.DIAKHITELDIREKT.HU<\/a>\u00a0OLDALON.<\/strong><\/p>\n<p><strong>DI\u00c1KHITEL SZ\u00c1MLA <\/strong><\/p>\n<p><strong>Kevesebb k\u00f6lts\u00e9g, t\u00f6bb lehet\u0151s\u00e9g! Ig\u00e9nyelj di\u00e1khitelt kedvezm\u00e9nyes sz\u00e1mlavezet\u00e9ssel.<\/strong><\/p>\n<p>2023 j\u00falius\u00e1t\u00f3l k\u00f6lts\u00e9geid cs\u00f6kkent\u00e9se \u00e9rdek\u00e9ben kedvezm\u00e9nyes sz\u00e1mlavezet\u00e9si szolg\u00e1ltat\u00e1s \u00e9rhet\u0151 el Di\u00e1khitel Sz\u00e1mla n\u00e9ven, melyet p\u00e9nz\u00fcgyi partnereink az Erste Bank, Gr\u00e1nit Bank, MBH Bank \u00e9s OTP Bank biztos\u00edtanak sz\u00e1modra.<\/p>\n<p>Ett\u0151l az id\u0151pontt\u00f3l kezdve, ha \u00faj, szabad felhaszn\u00e1l\u00e1s\u00fa Di\u00e1khitel1 szerz\u0151d\u00e9st k\u00f6tsz, az ig\u00e9nyelt \u00f6sszeget m\u00e1r az \u00e1ltalad kiv\u00e1lasztott bankn\u00e1l vezetett kedvezm\u00e9nyes Di\u00e1khitel Sz\u00e1ml\u00e1ra kapod meg.<\/p>\n<p>Amennyiben Di\u00e1khitel2 vagy K\u00e9pz\u00e9si Hitel term\u00e9k\u00fcnket v\u00e1lasztod illetve, ha m\u00e1r \u00fcgyfel\u00fcnk vagy \u00e9s di\u00e1khiteled m\u00e9g foly\u00f3s\u00edt\u00e1si szakaszban van, sz\u00e1modra is megvan a lehet\u0151s\u00e9g, hogy \u00e1tt\u00e9rj a kedvezm\u00e9nyes sz\u00e1mlacsomagra.<\/p>\n<p>R\u00e9szletes inform\u00e1ci\u00f3\u00e9rt kattints: <a href=\"https:\/\/diakhitel.hu\/diakhitelszamla\/\">Di\u00e1khitel Sz\u00e1mla \u2013 Di\u00e1khitel (diakhitel.hu)<\/a><\/p>\n<p>&nbsp;<\/p>\n<\/div>\n<div class=\"col-xs-12 subpage-description\">\n<p><strong>DI\u00c1KHITEL \u00dcGYINT\u00c9Z\u00c9S \u2013\u00a0Mindig friss\u00edtsd az adataidat!<\/strong><br \/>\nA fels\u0151oktat\u00e1si \u00e9vek alatt ak\u00e1r t\u00f6bbsz\u00f6r is v\u00e1ltozhatnak az el\u00e9rhet\u0151s\u00e9gi adatok, ezeket mindig tartsd karban, \u00edgy minden inform\u00e1ci\u00f3t id\u0151ben megkapsz.<br \/>\nHa m\u00e1r rendelkezel di\u00e1khitellel \u00e9s szeretn\u00e9d k\u00f6vetni a foly\u00f3s\u00edt\u00e1s folyamat\u00e1t, vagy egyenlegedet, esetleg \u00f6sszeget m\u00f3dos\u00edtan\u00e1l, akkor:<\/p>\n<ul>\n<li>Haszn\u00e1ld a\u00a0<strong><a href=\"https:\/\/www.diakhiteldirekt.hu\/\" target=\"_blank\" rel=\"noopener\">Di\u00e1khitel Direkt<\/a><\/strong>\u00a0fel\u00fclet\u00e9t.<\/li>\n<li>T\u00f6ltsd le a\u00a0<a href=\"https:\/\/sek.elte.hu\/diakhitel#app\"><strong>Di\u00e1khitel Direkt mobil alkalmaz\u00e1st<\/strong><\/a>, amely seg\u00edts\u00e9g\u00e9vel b\u00e1rhol, b\u00e1rmikor, egyszer\u0171en hozz\u00e1f\u00e9rhetsz \u00fczeneteidhez, lek\u00e9rdezheted aktu\u00e1lis egyenleged, h\u00e1tral\u00e9kod, megtekintheted utal\u00e1said.<\/li>\n<\/ul>\n<p><strong>DI\u00c1KHITEL T\u00d6RLESZT\u00c9SE<\/strong><\/p>\n<p><strong>Mikort\u00f3l t\u00f6rlesztesz?<\/strong><br \/>\nA hallgat\u00f3i jogviszony megsz\u0171n\u00e9s\u00e9t k\u00f6vet\u0151 negyedik h\u00f3napt\u00f3l kell elkezdened a t\u00f6rleszt\u00e9st. Kiv\u00e9tel, ha hamarabb bet\u00f6lt\u00f6d a 45. \u00e9let\u00e9vedet, mert akkor m\u00e1r a 45. \u00e9let\u00e9ved bet\u00f6lt\u00e9s\u00e9t k\u00f6vet\u0151 negyedik h\u00f3napban, azaz ak\u00e1r a hallgat\u00f3i jogviszony alatt is meg kell kezdened a visszafizet\u00e9st.<\/p>\n<p><strong>Mekkora lesz a t\u00f6rleszt\u0151r\u00e9szleted?<\/strong><br \/>\n<u>Di\u00e1khitel1<\/u>: A t\u00f6rleszt\u00e9si r\u00e9szleted a tanulm\u00e1nyi jogviszony megsz\u0171n\u00e9s\u00e9nek \u00e9v\u00e9ben, majd az azt k\u00f6vet\u0151 \u00e9vben mindig az el\u0151z\u0151 \u00e9v okt\u00f3ber 31. napj\u00e1n \u00e9rv\u00e9nyes minim\u00e1lb\u00e9r, a harmadik \u00e9vt\u0151l pedig mindig a k\u00e9t \u00e9vvel kor\u00e1bbi, \u00e9ves brutt\u00f3 j\u00f6vedelem 6%-\u00e1nak 1\/12 r\u00e9sze.<br \/>\n<u>Di\u00e1khitel2<\/u>: A t\u00f6rleszt\u00e9si ar\u00e1nyt a t\u00f6rleszt\u00e9s megkezd\u00e9sekor fenn\u00e1ll\u00f3 tartoz\u00e1shoz m\u00e9rten s\u00e1vosan hat\u00e1rozzuk meg. Havi t\u00f6rleszt\u0151r\u00e9szleted az els\u0151 k\u00e9t \u00e9vben az el\u0151z\u0151 \u00e9vben alkalmazott minim\u00e1lb\u00e9r \u00f6sszege, ezt k\u00f6vet\u0151en a t\u00e1rgy\u00e9vet megel\u0151z\u0151 m\u00e1sodik \u00e9vben el\u00e9rt \u00e1tlagj\u00f6vedelmednek 1\/12 r\u00e9sz\u00e9nek adott s\u00e1vhoz tartoz\u00f3 h\u00e1nyada:<\/p>\n<ul>\n<li>1.000.000 Ft alatti tartoz\u00e1s \u2013 4%<\/li>\n<li>1.000.001 \u2013 2.000.000 Ft tartoz\u00e1s \u2013 5%<\/li>\n<li>2.000.001 \u2013 3.000.000 Ft tartoz\u00e1s \u2013 7%<\/li>\n<li>3.000.001 \u2013 4.000.000 Ft tartoz\u00e1s \u2013 9%<\/li>\n<li>4.000.001 Ft feletti tartoz\u00e1s \u2013 11%<\/li>\n<\/ul>\n<p><strong>V\u00e1ltozik az \u00f6sszeg?<\/strong><br \/>\nA minim\u00e1lb\u00e9r \u00e9s a j\u00f6vedelem v\u00e1ltoz\u00e1sa miatt a t\u00f6rleszt\u0151r\u00e9szletet \u00e9vente hat\u00e1rozzuk meg. A k\u00f6vetkez\u0151 \u00e9vre vonatkoz\u00f3 t\u00f6rleszt\u0151r\u00e9szletr\u0151l decemberben k\u00fcldj\u00fck az \u00e9rtes\u00edt\u00e9st.<\/p>\n<p><strong>Hogyan t\u00f6rleszthetsz?<\/strong><br \/>\nA havi t\u00f6rleszt\u00e9st, illetve az el\u0151t\u00f6rleszt\u00e9st fizetheted banki utal\u00e1ssal, vagy online bankk\u00e1rty\u00e1s fizet\u00e9ssel.<br \/>\nDi\u00e1khitel1 sz\u00e1mlasz\u00e1m: 10032000-01800126<br \/>\nDi\u00e1khitel2 sz\u00e1mlasz\u00e1m: 10032000-01800157<\/p>\n<p><strong>Mi a t\u00f6rleszt\u00e9si hat\u00e1rid\u0151?<\/strong><br \/>\nA t\u00f6rleszt\u0151r\u00e9szletnek minden h\u00f3nap 12. napj\u00e1ig kell meg\u00e9rkeznie.<\/p>\n<p><strong>Mikor lehet el\u0151t\u00f6rleszteni?<\/strong><br \/>\nEl\u0151t\u00f6rleszt\u00e9sre b\u00e1rmikor d\u00edjmentesen van lehet\u0151s\u00e9ged. Az el\u0151t\u00f6rleszt\u00e9s lehet rendszeres \u00e9s lehet eseti is. Haszn\u00e1ld a megszokott sz\u00e1mlasz\u00e1mot (l\u00e1sd fentebb) \u00e9s ne felejtsd el felt\u00fcntetni a szerz\u0151d\u00e9ssz\u00e1mot a k\u00f6zlem\u00e9ny rovatban.<\/p>\n<p><strong>Csal\u00e1dt\u00e1mogat\u00e1si kedvezm\u00e9ny<\/strong><br \/>\nHa k\u00e9s\u0151bb, a hitelfelv\u00e9telt k\u00f6vet\u0151en gyermeked sz\u00fcletik, vagy \u00f6r\u00f6kbe fogadsz, kedvezm\u00e9nyekkel k\u00f6nny\u00edtj\u00fck meg di\u00e1khiteled visszafizet\u00e9s\u00e9t!.<br \/>\nTov\u00e1bbi r\u00e9szletek\u00e9rt kattints\u00a0<strong><a href=\"https:\/\/diakhitel.hu\/csaladtamogatas\/\" target=\"_blank\" rel=\"noopener\">IDE<\/a>!<\/strong><\/p>\n<p><strong>Tov\u00e1bbi inform\u00e1ci\u00f3k\u00e9rt l\u00e1togass el a v\u00e9gz\u0151s\u00f6knek sz\u00f3l\u00f3\u00a0<a href=\"https:\/\/diakhitel.hu\/vegzosvagyok\/\" target=\"_blank\" rel=\"noopener\">aloldalunkra<\/a>!<\/strong><\/p>\n<p><strong>DI\u00c1KHITEL \u00dcGYF\u00c9LSZOLG\u00c1LAT<\/strong><br \/>\nweb:\u00a0<a href=\"https:\/\/diakhitel.hu\/elerhetoseg\/\" target=\"_blank\" rel=\"noopener\">https:\/\/diakhitel.hu\/elerhetoseg\/<\/a><br \/>\nemail: info[kukac]diakhitel.hu<br \/>\ntelefon: +36 1 999 99 44<br \/>\nAz \u00e9l\u0151 hangos telefonos \u00fcgyf\u00e9lszolg\u00e1lat munkanapokon 8:00 \u2013 16:00 \u00f3ra k\u00f6z\u00f6tt h\u00edvhat\u00f3.<\/p>\n<p style=\"text-align: center\"><strong>DI\u00c1KHITEL DIREKT MOBIL APP<\/strong><br \/>\nT\u00f6ltsd le az alkalmaz\u00e1st iOS vagy Androidos k\u00e9sz\u00fcl\u00e9kedre!<\/p>\n<p><a href=\"https:\/\/play.google.com\/store\/apps\/details?id=hu.ponte.mobile.diakhitel\"><img loading=\"lazy\" decoding=\"async\" class=\"size-full wp-image-13034 aligncenter\" src=\"https:\/\/www.diakhiteldirekt.hu\/images\/app_android.png\" alt=\"\" width=\"202\" height=\"60\" \/><\/a><br \/>\n<a href=\"https:\/\/apps.apple.com\/hu\/app\/di%C3%A1khitel-direkt\/id826362658\"><img loading=\"lazy\" decoding=\"async\" class=\"alignnone size-medium wp-image-13037 aligncenter\" src=\"https:\/\/www.diakhiteldirekt.hu\/images\/app_ios.png\" alt=\"\" width=\"202\" height=\"60\" \/><\/a><\/p>\n<\/div>\n<\/div>\n","protected":false},"excerpt":{"rendered":"<p>DI\u00c1KHITEL \u2013 Biztos p\u00e9nz\u00fcgyi h\u00e1tt\u00e9r tanulm\u00e1nyaidhoz H\u00e9tk\u00f6znapi meg\u00e9lhet\u00e9sedhez szeretn\u00e9l p\u00e9nz\u00fcgyi seg\u00edts\u00e9get? Akkor a szabad felhaszn\u00e1l\u00e1s\u00fa Di\u00e1khitel1-re van sz\u00fcks\u00e9ged. Ha az \u00f6nk\u00f6lts\u00e9gedet finansz\u00edrozn\u00e1d, akkor a Di\u00e1khitel2 ny\u00fajt sz\u00e1modra t\u00f6k\u00e9letes megold\u00e1st. Tanulm\u00e1nyaidhoz v\u00e1laszd a legkedvez\u0151bb p\u00e9nz\u00fcgyi seg\u00edts\u00e9get \u00e9s v\u00e1ltsd val\u00f3ra terveidet a di\u00e1khitellel. Amit a\u00a0Di\u00e1khitel1-r\u0151l tudnod kell: Szabadon, b\u00e1rmire k\u00f6ltheted. 15 000 Ft-t\u00f3l 150 000 Ft-ig terjed\u0151 &hellip;<\/p>\n","protected":false},"author":101673,"featured_media":0,"parent":28,"menu_order":3,"comment_status":"closed","ping_status":"closed","template":"","meta":{"_acf_changed":false,"footnotes":""},"categories":[],"tags":[],"class_list":["post-15428","page","type-page","status-publish","hentry"],"acf":[],"_links":{"self":[{"href":"https:\/\/semmelweis.hu\/hok\/wp-json\/wp\/v2\/pages\/15428","targetHints":{"allow":["GET"]}}],"collection":[{"href":"https:\/\/semmelweis.hu\/hok\/wp-json\/wp\/v2\/pages"}],"about":[{"href":"https:\/\/semmelweis.hu\/hok\/wp-json\/wp\/v2\/types\/page"}],"author":[{"embeddable":true,"href":"https:\/\/semmelweis.hu\/hok\/wp-json\/wp\/v2\/users\/101673"}],"replies":[{"embeddable":true,"href":"https:\/\/semmelweis.hu\/hok\/wp-json\/wp\/v2\/comments?post=15428"}],"version-history":[{"count":8,"href":"https:\/\/semmelweis.hu\/hok\/wp-json\/wp\/v2\/pages\/15428\/revisions"}],"predecessor-version":[{"id":16185,"href":"https:\/\/semmelweis.hu\/hok\/wp-json\/wp\/v2\/pages\/15428\/revisions\/16185"}],"up":[{"embeddable":true,"href":"https:\/\/semmelweis.hu\/hok\/wp-json\/wp\/v2\/pages\/28"}],"wp:attachment":[{"href":"https:\/\/semmelweis.hu\/hok\/wp-json\/wp\/v2\/media?parent=15428"}],"wp:term":[{"taxonomy":"category","embeddable":true,"href":"https:\/\/semmelweis.hu\/hok\/wp-json\/wp\/v2\/categories?post=15428"},{"taxonomy":"post_tag","embeddable":true,"href":"https:\/\/semmelweis.hu\/hok\/wp-json\/wp\/v2\/tags?post=15428"}],"curies":[{"name":"wp","href":"https:\/\/api.w.org\/{rel}","templated":true}]}}