{"id":15098,"date":"2023-04-07T21:55:02","date_gmt":"2023-04-07T19:55:02","guid":{"rendered":"https:\/\/semmelweis.hu\/hok\/?page_id=15098"},"modified":"2026-04-13T19:06:31","modified_gmt":"2026-04-13T17:06:31","slug":"alapszabaly","status":"publish","type":"page","link":"https:\/\/semmelweis.hu\/hok\/atlathatosag\/alapszabaly\/","title":{"rendered":"Alapszab\u00e1ly"},"content":{"rendered":"<div class=\"keretes w-100\">\n<p>A hallgat\u00f3i \u00f6nkorm\u00e1nyzat alapszab\u00e1lya hat\u00e1rozza meg a hallgat\u00f3i \u00f6nkorm\u00e1nyzat m\u0171k\u00f6d\u00e9s\u00e9nek a rendj\u00e9t. Az alapszab\u00e1lyt a hallgat\u00f3i \u00f6nkorm\u00e1nyzat k\u00fcld\u00f6ttgy\u0171l\u00e9se fogadja el, \u00e9s a szen\u00e1tus j\u00f3v\u00e1hagy\u00e1s\u00e1val v\u00e1lik \u00e9rv\u00e9nyess\u00e9. Az alapszab\u00e1ly j\u00f3v\u00e1hagy\u00e1s\u00e1r\u00f3l a szen\u00e1tusnak legk\u00e9s\u0151bb a beterjeszt\u00e9st k\u00f6vet\u0151 harmincadik nap eltelte ut\u00e1ni els\u0151 \u00fcl\u00e9sen nyilatkoznia kell.<\/p>\n<p style=\"text-align: right\"><a href=\"https:\/\/njt.hu\/jogszabaly\/2011-204-00-00\" target=\"_blank\" rel=\"noopener\">2011. \u00e9vi CCIV. t\u00f6rv\u00e9ny<\/a> a nemzeti fels\u0151oktat\u00e1sr\u00f3l\u00a060. \u00a7 (2)<\/p>\n<\/div>\n<p>&nbsp;<\/p>\n<h2 style=\"text-align: center\"><a href=\"https:\/\/semmelweis.hu\/hok\/files\/2026\/04\/Frissitett-HOK-alapszabaly-2025-11-26.pdf\" target=\"_blank\" rel=\"noopener\">Az Alapszab\u00e1ly aktu\u00e1lis v\u00e1ltozata<\/a><\/h2>\n<p>&nbsp;<\/p>\n<p><strong>Tartalma:<\/strong><\/p>\n<ul style=\"list-style-type: disc\">\n<li><a href=\"https:\/\/semmelweis.hu\/hok\/files\/2026\/02\/Frissitett-HOK-alapszabaly-2025-11-26.pdf#page=2\" target=\"_blank\" rel=\"noopener\">I. Fejezet &#8211; Preambulum<\/a><\/li>\n<li><a href=\"https:\/\/semmelweis.hu\/hok\/files\/2026\/02\/Frissitett-HOK-alapszabaly-2025-11-26.pdf#page=3\" target=\"_blank\" rel=\"noopener\">II. Fejezet &#8211; \u00c1ltal\u00e1nos rendelkez\u00e9sek<\/a><\/li>\n<li><a href=\"https:\/\/semmelweis.hu\/hok\/files\/2026\/02\/Frissitett-HOK-alapszabaly-2025-11-26.pdf#page=5\" target=\"_blank\" rel=\"noopener\">III. Fejezet &#8211; Az SE H\u00d6K szervezete \u00e9s fel\u00e9p\u00edt\u00e9se<\/a><\/li>\n<li><a href=\"https:\/\/semmelweis.hu\/hok\/files\/2026\/02\/Frissitett-HOK-alapszabaly-2025-11-26.pdf#page=13\" target=\"_blank\" rel=\"noopener\">IV. Fejezet &#8211; Az SE H\u00d6K gazd\u00e1lkod\u00e1sa \u00e9s iratkezel\u00e9se<\/a><\/li>\n<li><a href=\"https:\/\/semmelweis.hu\/hok\/files\/2026\/02\/Frissitett-HOK-alapszabaly-2025-11-26.pdf#page=17\" target=\"_blank\" rel=\"noopener\">V. Fejezet &#8211; A tiszts\u00e9gvisel\u0151kre, test\u00fcleti tagokra vonatkoz\u00f3 szab\u00e1lyok<\/a><\/li>\n<li><a href=\"https:\/\/semmelweis.hu\/hok\/files\/2026\/02\/Frissitett-HOK-alapszabaly-2025-11-26.pdf#page=21\" target=\"_blank\" rel=\"noopener\">VI. Fejezet &#8211; 1. sz\u00e1m\u00fa mell\u00e9klet, az SE H\u00d6K test\u00fcleteinek \u00fcgyrendje<\/a><\/li>\n<li><a href=\"https:\/\/semmelweis.hu\/hok\/files\/2026\/02\/Frissitett-HOK-alapszabaly-2025-11-26.pdf#page=29\" target=\"_blank\" rel=\"noopener\">VII. Fejezet &#8211; 2. sz\u00e1m\u00fa mell\u00e9klet, SE H\u00d6K Titk\u00e1ra<\/a><\/li>\n<li><a href=\"https:\/\/semmelweis.hu\/hok\/files\/2026\/02\/Frissitett-HOK-alapszabaly-2025-11-26.pdf#page=33\" target=\"_blank\" rel=\"noopener\">VIII. Fejezet &#8211; 3. sz\u00e1m\u00fa mell\u00e9klet, SE H\u00d6K V\u00e1laszt\u00e1si K\u00e9pvisel\u0151je<\/a><\/li>\n<li><a href=\"https:\/\/semmelweis.hu\/hok\/files\/2026\/02\/Frissitett-HOK-alapszabaly-2025-11-26.pdf#page=35\" target=\"_blank\" rel=\"noopener\">IX. Fejezet &#8211; 4. sz\u00e1m\u00fa mell\u00e9klet, V\u00e1laszt\u00e1si szab\u00e1lyzat<\/a><\/li>\n<li>F\u00fcggel\u00e9k\n<ul style=\"list-style-type: circle\">\n<li><a href=\"https:\/\/semmelweis.hu\/hok\/files\/2026\/02\/Frissitett-HOK-alapszabaly-2025-11-26.pdf#page=45\" target=\"_blank\" rel=\"noopener\">1. sz\u00e1m\u00fa F\u00fcggel\u00e9k &#8211; az Egyszeri \u00e1truh\u00e1zhat\u00f3 szavazati rendszerben t\u00f6rt\u00e9n\u0151 mand\u00e1tumkioszt\u00e1sr\u00f3l<\/a><\/li>\n<li><a href=\"https:\/\/semmelweis.hu\/hok\/files\/2026\/02\/Frissitett-HOK-alapszabaly-2025-11-26.pdf#page=46\" target=\"_blank\" rel=\"noopener\">2. sz\u00e1m\u00fa F\u00fcggel\u00e9k &#8211; Hat\u00e1rozatminta az SE H\u00d6K V\u00e1laszt\u00e1si K\u00e9pvisel\u0151 eredm\u00e9nyeket meg\u00e1llap\u00edt\u00f3 d\u00f6nt\u00e9s\u00e9hez<\/a><\/li>\n<li><a href=\"https:\/\/semmelweis.hu\/hok\/files\/2026\/02\/Frissitett-HOK-alapszabaly-2025-11-26.pdf#page=48\" target=\"_blank\" rel=\"noopener\">3. sz\u00e1m\u00fa F\u00fcggel\u00e9k &#8211; \u00c1ltal\u00e1nos hat\u00e1rozatminta<\/a><\/li>\n<\/ul>\n<\/li>\n<\/ul>\n<p>&nbsp;<\/p>\n<p><strong>Elfogad\u00e1s\u00e1r\u00f3l rendelkez\u0151 hat\u00e1rozatok:<\/strong><\/p>\n<ul style=\"list-style-type: disc\">\n<li><a href=\"https:\/\/drive.google.com\/file\/d\/11L_0NvvLnNyHVUgr6yAqe9EEJvfformU\/view\" target=\"_blank\" rel=\"noopener\">1\/2022.(II.28.) SE H\u00d6K Kgy. hat\u00e1rozat<\/a><\/li>\n<li><a href=\"https:\/\/drive.google.com\/file\/d\/14jDj00DmBIDXSFOYtO9qvr01TJ64fqLX\/view\" target=\"_blank\" rel=\"noopener\">4\/2022.(III.25.) SE H\u00d6K Kgy. hat\u00e1rozat<\/a><\/li>\n<\/ul>\n<p><strong>J\u00f3v\u00e1hagy\u00e1s\u00e1r\u00f3l rendelkez\u0151 hat\u00e1rozat:<\/strong><\/p>\n<ul style=\"list-style-type: disc\">\n<li><a href=\"https:\/\/semmelweis.hu\/jogigfoig\/files\/2022\/04\/16_2022_a-Hallgatoi-Onkormanyzat-Alapszabalyanak-modositasarol.pdf\" target=\"_blank\" rel=\"noopener\">16\/2022. (III.28.) sz\u00e1m\u00fa szen\u00e1tusi hat\u00e1rozat<\/a><\/li>\n<\/ul>\n<p><strong>M\u00f3dos\u00edt\u00e1sair\u00f3l rendelkez\u0151 hat\u00e1rozatok:<\/strong><\/p>\n<p style=\"text-align: center\">\n<table id=\"tablepress-39\" class=\"tablepress tablepress-id-39 tbody-has-connected-cells\">\n<thead>\n<tr class=\"row-1\">\n\t<th class=\"column-1\">M\u00f3dos\u00edt\u00f3 hat\u00e1rozatok<\/th><th class=\"column-2\">M\u00f3dos\u00edt\u00e1s elfogad\u00e1s\u00e1r\u00f3l sz\u00f3l\u00f3 hat\u00e1rozatok<\/th>\n<\/tr>\n<\/thead>\n<tbody class=\"row-striping row-hover\">\n<tr class=\"row-2\">\n\t<td class=\"column-1\"><a href=\"https:\/\/drive.google.com\/file\/d\/1Mr-QpZkQNhaippdZZerZpSu-EB5b4mQL\/view\" rel=\"noopener\" target=\"_blank\">6\/2023.(VII.07.) SE H\u00d6K Kgy. hat\u00e1rozat<\/a><\/td><td rowspan=\"2\" class=\"column-2\"><a href=\"https:\/\/semmelweis.hu\/jogigfoig\/files\/2023\/10\/97_2023_HOK-Alapszabaly-modositas.pdf\" rel=\"noopener\" target=\"_blank\">97\/2023. (X.5.) sz\u00e1m\u00fa szen\u00e1tusi hat\u00e1rozat<\/a><\/td>\n<\/tr>\n<tr class=\"row-3\">\n\t<td class=\"column-1\"><a href=\"https:\/\/drive.google.com\/file\/d\/1ojTMBC4NC3Pp_jz3u3wSlr5CpBqn9s6E\/view\" rel=\"noopener\" target=\"_blank\">10\/2023.(VIII.11.) SE H\u00d6K Kgy. hat\u00e1rozat<\/a><\/td>\n<\/tr>\n<\/tbody>\n<\/table>\n<\/p>\n<p>&nbsp;<\/p>\n<p><strong>Kor\u00e1bbi v\u00e1ltozat:<\/strong><\/p>\n<ul style=\"list-style-type: circle\">\n<li><a href=\"https:\/\/semmelweis.hu\/hok\/files\/2020\/07\/%C3%BAj_H%C3%96K_Alapszab%C3%A1ly.pdf\" target=\"_blank\" rel=\"noopener\">2020. aug. 7-t\u0151l 2022. m\u00e1rc. 28-ig<\/a><\/li>\n<\/ul>\n","protected":false},"excerpt":{"rendered":"<p>A hallgat\u00f3i \u00f6nkorm\u00e1nyzat alapszab\u00e1lya hat\u00e1rozza meg a hallgat\u00f3i \u00f6nkorm\u00e1nyzat m\u0171k\u00f6d\u00e9s\u00e9nek a rendj\u00e9t. Az alapszab\u00e1lyt a hallgat\u00f3i \u00f6nkorm\u00e1nyzat k\u00fcld\u00f6ttgy\u0171l\u00e9se fogadja el, \u00e9s a szen\u00e1tus j\u00f3v\u00e1hagy\u00e1s\u00e1val v\u00e1lik \u00e9rv\u00e9nyess\u00e9. Az alapszab\u00e1ly j\u00f3v\u00e1hagy\u00e1s\u00e1r\u00f3l a szen\u00e1tusnak legk\u00e9s\u0151bb a beterjeszt\u00e9st k\u00f6vet\u0151 harmincadik nap eltelte ut\u00e1ni els\u0151 \u00fcl\u00e9sen nyilatkoznia kell. <a href=\"https:\/\/njt.hu\/jogszabaly\/2011-204-00-00\" target=\"_blank\" rel=\"noopener\">2011. \u00e9vi CCIV. t\u00f6rv\u00e9ny<\/a> a nemzeti fels\u0151oktat\u00e1sr\u00f3l\u00a060. \u00a7 (2) &nbsp; <a href=\"https:\/\/semmelweis.hu\/hok\/files\/2026\/04\/Frissitett-HOK-alapszabaly-2025-11-26.pdf\" target=\"_blank\" rel=\"noopener\">Az Alapszab\u00e1ly aktu\u00e1lis v\u00e1ltozata<\/a> &nbsp; Tartalma: <a href=\"https:\/\/semmelweis.hu\/hok\/files\/2026\/02\/Frissitett-HOK-alapszabaly-2025-11-26.pdf#page=2\" target=\"_blank\" rel=\"noopener\">I. Fejezet &#8211; Preambulum<\/a> <a href=\"https:\/\/semmelweis.hu\/hok\/files\/2026\/02\/Frissitett-HOK-alapszabaly-2025-11-26.pdf#page=3\" target=\"_blank\" rel=\"noopener\">II. Fejezet &#8211; \u00c1ltal\u00e1nos rendelkez\u00e9sek<\/a> <a href=\"https:\/\/semmelweis.hu\/hok\/files\/2026\/02\/Frissitett-HOK-alapszabaly-2025-11-26.pdf#page=5\" target=\"_blank\" rel=\"noopener\">III. Fejezet &#8211; Az SE H\u00d6K szervezete \u00e9s fel\u00e9p\u00edt\u00e9se<\/a> <a href=\"https:\/\/semmelweis.hu\/hok\/files\/2026\/02\/Frissitett-HOK-alapszabaly-2025-11-26.pdf#page=13\" target=\"_blank\" rel=\"noopener\">IV. Fejezet &#8211; Az SE H\u00d6K gazd\u00e1lkod\u00e1sa \u00e9s iratkezel\u00e9se<\/a> <a href=\"https:\/\/semmelweis.hu\/hok\/files\/2026\/02\/Frissitett-HOK-alapszabaly-2025-11-26.pdf#page=17\" target=\"_blank\" rel=\"noopener\">V. Fejezet &#8211; A tiszts\u00e9gvisel\u0151kre, test\u00fcleti tagokra vonatkoz\u00f3 szab\u00e1lyok<\/a> <a href=\"https:\/\/semmelweis.hu\/hok\/files\/2026\/02\/Frissitett-HOK-alapszabaly-2025-11-26.pdf#page=21\" target=\"_blank\" rel=\"noopener\">VI. Fejezet &#8211; 1. sz\u00e1m\u00fa mell\u00e9klet, az SE H\u00d6K test\u00fcleteinek \u00fcgyrendje<\/a> <a href=\"https:\/\/semmelweis.hu\/hok\/files\/2026\/02\/Frissitett-HOK-alapszabaly-2025-11-26.pdf#page=29\" target=\"_blank\" rel=\"noopener\">VII. Fejezet &#8211; 2. sz\u00e1m\u00fa mell\u00e9klet, SE H\u00d6K Titk\u00e1ra<\/a> <a href=\"https:\/\/semmelweis.hu\/hok\/files\/2026\/02\/Frissitett-HOK-alapszabaly-2025-11-26.pdf#page=33\" target=\"_blank\" rel=\"noopener\">VIII. Fejezet &#8211; 3. sz\u00e1m\u00fa mell\u00e9klet, SE H\u00d6K V\u00e1laszt\u00e1si K\u00e9pvisel\u0151je<\/a> <a href=\"https:\/\/semmelweis.hu\/hok\/files\/2026\/02\/Frissitett-HOK-alapszabaly-2025-11-26.pdf#page=35\" target=\"_blank\" rel=\"noopener\">IX. Fejezet &#8211; 4. sz\u00e1m\u00fa mell\u00e9klet, V\u00e1laszt\u00e1si szab\u00e1lyzat<\/a> F\u00fcggel\u00e9k <a href=\"https:\/\/semmelweis.hu\/hok\/files\/2026\/02\/Frissitett-HOK-alapszabaly-2025-11-26.pdf#page=45\" target=\"_blank\" rel=\"noopener\">1. sz\u00e1m\u00fa F\u00fcggel\u00e9k &#8211; az Egyszeri \u00e1truh\u00e1zhat\u00f3 szavazati rendszerben t\u00f6rt\u00e9n\u0151 mand\u00e1tumkioszt\u00e1sr\u00f3l<\/a> <a href=\"https:\/\/semmelweis.hu\/hok\/files\/2026\/02\/Frissitett-HOK-alapszabaly-2025-11-26.pdf#page=46\" target=\"_blank\" rel=\"noopener\">2. sz\u00e1m\u00fa F\u00fcggel\u00e9k &#8211; Hat\u00e1rozatminta az SE H\u00d6K V\u00e1laszt\u00e1si K\u00e9pvisel\u0151 eredm\u00e9nyeket meg\u00e1llap\u00edt\u00f3 d\u00f6nt\u00e9s\u00e9hez<\/a> <a href=\"https:\/\/semmelweis.hu\/hok\/files\/2026\/02\/Frissitett-HOK-alapszabaly-2025-11-26.pdf#page=48\" target=\"_blank\" rel=\"noopener\">3. sz\u00e1m\u00fa F\u00fcggel\u00e9k &#8211; \u00c1ltal\u00e1nos hat\u00e1rozatminta<\/a> &nbsp; Elfogad\u00e1s\u00e1r\u00f3l rendelkez\u0151 &hellip;<\/p>\n","protected":false},"author":101673,"featured_media":0,"parent":7121,"menu_order":1,"comment_status":"closed","ping_status":"closed","template":"","meta":{"_acf_changed":false,"footnotes":""},"categories":[],"tags":[],"class_list":["post-15098","page","type-page","status-publish","hentry"],"acf":[],"_links":{"self":[{"href":"https:\/\/semmelweis.hu\/hok\/wp-json\/wp\/v2\/pages\/15098","targetHints":{"allow":["GET"]}}],"collection":[{"href":"https:\/\/semmelweis.hu\/hok\/wp-json\/wp\/v2\/pages"}],"about":[{"href":"https:\/\/semmelweis.hu\/hok\/wp-json\/wp\/v2\/types\/page"}],"author":[{"embeddable":true,"href":"https:\/\/semmelweis.hu\/hok\/wp-json\/wp\/v2\/users\/101673"}],"replies":[{"embeddable":true,"href":"https:\/\/semmelweis.hu\/hok\/wp-json\/wp\/v2\/comments?post=15098"}],"version-history":[{"count":10,"href":"https:\/\/semmelweis.hu\/hok\/wp-json\/wp\/v2\/pages\/15098\/revisions"}],"predecessor-version":[{"id":19430,"href":"https:\/\/semmelweis.hu\/hok\/wp-json\/wp\/v2\/pages\/15098\/revisions\/19430"}],"up":[{"embeddable":true,"href":"https:\/\/semmelweis.hu\/hok\/wp-json\/wp\/v2\/pages\/7121"}],"wp:attachment":[{"href":"https:\/\/semmelweis.hu\/hok\/wp-json\/wp\/v2\/media?parent=15098"}],"wp:term":[{"taxonomy":"category","embeddable":true,"href":"https:\/\/semmelweis.hu\/hok\/wp-json\/wp\/v2\/categories?post=15098"},{"taxonomy":"post_tag","embeddable":true,"href":"https:\/\/semmelweis.hu\/hok\/wp-json\/wp\/v2\/tags?post=15098"}],"curies":[{"name":"wp","href":"https:\/\/api.w.org\/{rel}","templated":true}]}}